{"id":7326,"date":"2020-12-16T08:32:02","date_gmt":"2020-12-16T07:32:02","guid":{"rendered":"https:\/\/sionneau.com\/boutique\/?post_type=product&#038;p=7326"},"modified":"2025-12-10T17:36:17","modified_gmt":"2025-12-10T16:36:17","slug":"causes-externes-des-maladies-de-la-medecine-chinoise","status":"publish","type":"product","link":"https:\/\/sionneau.com\/boutique\/medecine--chinoise\/causes-externes-des-maladies-de-la-medecine-chinoise\/","title":{"rendered":"Causes externes des maladies de la m\u00e9decine chinoise \u2013 Les six exc\u00e8s"},"content":{"rendered":"<p>La m\u00e9decine chinoise reconna\u00eet depuis longtemps 3 \u00e9tiologies majeures des maladies\u00a0: les causes externes (w\u00e0i y\u012bn \u5916\u56e0), les causes internes (n\u00e8i y\u012bn \u5185\u56e0) et les causes ni internes, ni externes (b\u00fa n\u00e8i w\u00e0i y\u012bn \u4e0d\u5185\u5916\u56e0). Les causes externes sont li\u00e9es aux 6 facteurs climatiques de bases que sont\u00a0le vent (f\u0113ng \u98ce), le froid (h\u00e1n \u5bd2), l\u2019humidit\u00e9 (sh\u012b \u6e7f), la chaleur (r\u00e8 \u70ed), la s\u00e9cheresse (z\u00e0o \u71e5) et la canicule (sh\u01d4 \u6691).<\/p>\n<p>Lorsqu\u2019ils sont pathog\u00e8nes, ils correspondent aux 6 exc\u00e8s (li\u00f9 y\u00edn \u516d\u6deb) qui sont potentiellement n\u00e9fastes pour la sant\u00e9 humaine. On parle \u00e9galement de pervers externes (w\u00e0i xi\u00e8 \u5916\u90aa). Ils peuvent \u00eatre \u00e0 l\u2019origine de tr\u00e8s nombreuses pathologies : rhume, syndromes grippaux, maladies pulmonaires, syndromes ORL, troubles cutan\u00e9es, rhumatismes, allergies, d\u00e9sordres digestifs, pathologies neurologiques, etc. Il est donc important de bien conna\u00eetre les causes externes des maladies de la m\u00e9decine chinoise.<\/p>\n<p>Pour bien appr\u00e9hender une maladie, il faut d\u00e9terminer sa cause, ce qui permet de saisir sa nature et ainsi en d\u00e9duire le traitement adapt\u00e9. Ma\u00eetriser l\u2019\u00e9tiologie est indispensable pour comprendre la pathologie et bien la prendre en charge.<\/p>\n<p>C\u2019est pour cette raison que Philippe Sionneau vous pr\u00e9sente les caract\u00e9ristiques pathologiques des 6 exc\u00e8s (li\u00f9 y\u00edn \u516d\u6deb) indispensables pour comprendre les maladies, avec de nombreuses explications, pr\u00e9cisions et illustrations. Il en profite ensuite pour exposer les tendances pathologiques de chaque pervers externes et aussi des pervers internes. Il explique \u00e9galement d\u2019une part la diff\u00e9rence entre une maladie externe et une maladie d\u2019origine externe, et d\u2019autre part la diff\u00e9rence entre les pervers externes et leur \u00e9quivalent int\u00e9rieur\u00a0: les pervers internes.<\/p>\n<p>Cette formation se fonde sur une authentique recherche fond\u00e9e exclusivement sur l\u2019enseignement universitaire re\u00e7u par Philippe Sionneau en Chine, sur des ouvrages sp\u00e9cialis\u00e9s en chinois, sur le travail de sinologues chinois et occidentaux de renom, sur les grands classiques de la m\u00e9decine chinoise et du tao\u00efsme. Il ne s\u2019agit pas d\u2019un mauvais copier-coller, d\u2019un mauvais plagiat des quelques livres en anglais ou en fran\u00e7ais que l\u2019on trouve actuellement sur le sujet. Avec ce cours en ligne, vous serez connect\u00e9 avec plus de 2500 ans de sagesse m\u00e9dicale de l\u2019Empire du Milieu. C\u2019est un v\u00e9ritable joyau de niveau universitaire que nous vous proposons. Pour plus de d\u00e9tails, veuillez vous reporter au plan g\u00e9n\u00e9ral du cours plus bas.<\/p>\n<h3><strong>Objectif de la formation<\/strong> :<\/h3>\n<p>L\u2019objectif de cette formation est de transmettre et de permettre l\u2019assimilation d\u2019une connaissance pr\u00e9cise et tr\u00e8s approfondie des causes externes des maladies, \u00e0 la lumi\u00e8re des grands classiques de la m\u00e9decine chinoise.<\/p>\n<h3><strong>Plan g\u00e9n\u00e9ral du cours<\/strong>\u00a0:<\/h3>\n<p><a href=\"https:\/\/e1.pcloud.link\/publink\/show?code=XZFA2QZkQbbojxj5sYpSCtmT6X9wu2aLT9V\" target=\"_blank\" rel=\"noopener noreferrer\">Cliquez ici pour avoir une id\u00e9e des grandes lignes directrices du cours (non d\u00e9taill\u00e9).<\/a><\/p>\n<h3><strong>Dur\u00e9e<\/strong>\u00a0: <strong>Minimum 11h<\/strong><\/h3>\n<p>Nos premiers tests nous permettent de dire qu\u2019il faut au moins 11 heures pour finaliser la formation, int\u00e9grant le cours, les exercices pratiques, l\u2019\u00e9valuation, l\u2019interaction avec le professeur, l\u2019activit\u00e9 sur le forum, etc.<\/p>\n<h3><strong>Support de cours\u00a0<\/strong>:<\/h3>\n<p>PDF, complet, en couleur, tr\u00e8s belles illustrations, imprimable.<\/p>\n<h3><strong>Comment s&#8217;inscrire au cours ?<br \/>\n<\/strong>D\u00e9roulement de l&#8217;inscription<strong><br \/>\n<\/strong><\/h3>\n<ol>\n<li>Avant l\u2019achat du cours, vous devez remplir et signer le contrat de formation qui apparaitra apr\u00e8s avoir cliqu\u00e9 sur \u201cvalider la commande\u201d.<\/li>\n<li>Le cours se d\u00e9roule sur une plateforme de e-learning d\u00e9di\u00e9e et s\u00e9curis\u00e9e, pour que vous acc\u00e9diez \u00e0 la formation nous devons vous inscrire manuellement.<\/li>\n<li>Nous vous enverrons votre acc\u00e8s \u00e0 votre adresse email d\u00e8s que nous aurons re\u00e7u le contrat de formation sign\u00e9 et confirmation du paiement.<\/li>\n<li>D\u00e8s r\u00e9ception de vos acc\u00e8s vous pouvez commencer votre cours.<\/li>\n<\/ol>\n<h3><strong>P\u00e9dagogie\u00a0<\/strong>:<\/h3>\n<p>Philippe Sionneau est r\u00e9put\u00e9 \u00eatre un excellent p\u00e9dagogue. Le succ\u00e8s de ses formations pr\u00e9sentielles en t\u00e9moigne. A sa tendance naturelle, il ajoute ici de puissants outils didactiques, interactifs, participatifs du e-learning de pointe.<\/p>\n<ul>\n<li>Les cours sont en vid\u00e9o comme si vous \u00e9tiez en classe, avec la possibilit\u00e9 de faire pause, de revenir en arri\u00e8re, d\u2019avancer, de r\u00e9p\u00e9ter autant que vous voulez.<\/li>\n<li>Le cours est dynamique, b\u00e9n\u00e9ficiant en plus de nombreuses animations visuelles.<\/li>\n<li>L\u2019enseignement en lui-m\u00eame est clair, pr\u00e9cis, passionnant.<\/li>\n<li>Le support de cours est riche et facilite la prise de note.<\/li>\n<li>Les outils p\u00e9dagogiques de pointe permettent une aide \u00e0 l\u2019assimilation. L\u2019apprentissage est facilit\u00e9.<\/li>\n<li>Vous b\u00e9n\u00e9ficiez de nombreux exercices d\u2019apprentissage ludique permettant d\u2019assimiler avec plus de facilit\u00e9 le contenu, permettant une auto-\u00e9valuation\u2026<\/li>\n<li>Vous avez acc\u00e8s \u00e0 un forum d\u00e9di\u00e9 et priv\u00e9, anim\u00e9 par Philippe Sionneau.<\/li>\n<li>Vous pouvez \u00e9changer avec un expert reconnu de la m\u00e9decine chinoise qui a <a href=\"http:\/\/acupuncture-andorre.com\/\" target=\"_blank\" rel=\"noopener noreferrer\">25 ans d\u2019exp\u00e9rience dans le soin<\/a> et l\u2019enseignement de la m\u00e9decine chinoise et auteur de plus 30 ouvrages dans le domaine.<\/li>\n<li>Vous pouvez \u00e9changer \u00e0 travers une messagerie instantan\u00e9e vous permettant de discuter en direct avec d\u2019autres \u00e9tudiants et votre professeur.<\/li>\n<li>Wiki collaboratif\u00a0: vous pouvez participer \u00e0 l\u2019\u00e9laboration d\u2019un glossaire, une base de donn\u00e9es en lien avec la formation.<\/li>\n<li>Vous pouvez \u00e9tudier \u00e0 votre rythme, selon vos possibilit\u00e9s, chez vous, sans d\u00e9placement, en toute tranquillit\u00e9. La p\u00e9dagogie en place permet de suivre le cours par petites \u00e9tapes pour ceux qui n\u2019ont pas toujours beaucoup de temps. Les personnes disponibles peuvent faire un marathon d\u2019apprentissage non-stop, sans attendre quoi que ce soit, ni quiconque\u00a0! Vous \u00eates ma\u00eetre du temps. C\u2019est vous qui d\u00e9cidez.<\/li>\n<li>En fin de formation, apr\u00e8s un exercice sommatif, l\u2019apprenant re\u00e7oit un certificat nominatif attestant des comp\u00e9tences acquises.<\/li>\n<li>La formation est accessible par ordinateur, tablette et Smartphone. Des sites sp\u00e9cifiques vous permettent d\u2019avoir une navigation adapt\u00e9e \u00e0 votre support, permettant de b\u00e9n\u00e9ficier de la grande qualit\u00e9 de l\u2019image et du son des cours. Il suffit d&#8217;avoir une connexion internet correcte.<\/li>\n<\/ul>\n<h3><strong>Certificat de formation<\/strong>\u00a0:<\/h3>\n<p>Oui, nominatif, sur support PDF, quand la formation est totalement finalis\u00e9e, <strong>\u00e0 la demande du participant<\/strong>.<\/p>\n<h3><strong>A qui s\u2019adresse cette formation\u00a0?<\/strong><\/h3>\n<ul>\n<li>Aux personnes voulant \u00e9tudier s\u00e9rieusement la m\u00e9decine chinoise.<\/li>\n<li>Aux personnes qui ont la sensation que leur formation initiale est trop superficielle.<\/li>\n<li>Aux personnes ayant d\u00e9j\u00e0 \u00e9tudi\u00e9 la m\u00e9decine chinoise et qui veulent faire une r\u00e9vision approfondie.<\/li>\n<li>Aux personnes qui veulent une compr\u00e9hension profonde de l&#8217;\u00e9tiologie de la m\u00e9decine chinoise et en particulier les causes externes des maladies de la m\u00e9decine chinoise.<\/li>\n<li>Aux n\u00e9ophytes qui veulent commencer \u00e0 \u00e9tudier la m\u00e9decine chinoise avec d\u2019excellentes bases.<\/li>\n<\/ul>\n<h3><strong>Enseignant<\/strong>\u00a0:<\/h3>\n<p>Philippe Sionneau est l\u2019un des experts de m\u00e9decine chinoise les plus appr\u00e9ci\u00e9s en Europe. Il est \u00e0 l\u2019origine de l\u2019introduction de tr\u00e8s nombreuses informations jusqu\u2019alors in\u00e9dites dans nos pays et notamment dans le domaine de la pharmacologie chinoise, de l&#8217;acupuncture et des pathologies. Il a publi\u00e9 plus d\u2019une trentaine de livres. Plusieurs de ses ouvrages sont utilis\u00e9s dans les universit\u00e9s am\u00e9ricaines, canadiennes et australiennes.<\/p>\n<p>Depuis 25 ans, il fait le bonheur de plusieurs g\u00e9n\u00e9rations d&#8217;\u00e9tudiants et de praticiens de m\u00e9decine chinoise. Ses cours remportent un grand succ\u00e8s en France. C&#8217;est l&#8217;un des rares occidentaux \u00e0 avoir suivi un cursus complet en m\u00e9decine chinoise dans une universit\u00e9 en Chine, la Hubei University of Chinese Medicine, dont il est dipl\u00f4m\u00e9. Il s&#8217;agit d&#8217;un dipl\u00f4me d&#8217;\u00e9tat officiel de Chine Populaire. Pour \u00eatre plus exact, il poss\u00e8de un bachelor degree qui donne droit \u00e0 pratiquer la m\u00e9decine chinoise dans n&#8217;importe quel h\u00f4pital en Chine. Il est consid\u00e9r\u00e9 l\u00e0-bas comme m\u00e9decin. <strong>C&#8217;est le premier fran\u00e7ais et un des tr\u00e8s rares \u00e0 avoir obtenu ce titre.<\/strong><\/p>\n<h3><strong>Tarif\u00a0<\/strong>:<\/h3>\n<p><strong>Ultra promo<\/strong> : <strong>145<\/strong> euros au lieu de <s>210<\/s> euros<\/p>\n<h3><strong>Accessibilit\u00e9<\/strong>\u00a0:<\/h3>\n<p>illimit\u00e9 sur 1 an (12 mois)<\/p>\n<h3><strong>Comment s&#8217;inscrire au cours ?<br \/>\nD\u00e9roulement de l&#8217;inscription<br \/>\n<\/strong><\/h3>\n<ol>\n<li>Avant l\u2019achat du cours, vous devez remplir et signer le contrat de formation qui apparaitra apr\u00e8s avoir cliqu\u00e9 sur \u201cvalider la commande\u201d.<\/li>\n<li>Le cours se d\u00e9roule sur une plateforme de e-learning d\u00e9di\u00e9e et s\u00e9curis\u00e9e, pour que vous acc\u00e9diez \u00e0 la formation nous devons vous inscrire manuellement.<\/li>\n<li>Nous vous enverrons votre acc\u00e8s \u00e0 votre adresse email d\u00e8s que nous aurons re\u00e7u le contrat de formation sign\u00e9 et confirmation du paiement.<\/li>\n<li>D\u00e8s r\u00e9ception de vos acc\u00e8s vous pouvez commencer votre cours.<\/li>\n<\/ol>\n<p><strong>Regardez la vid\u00e9o tutorielle qui vous montre le processus du r\u00e8glement :<br \/>\n<\/strong><\/p>\n<p><iframe loading=\"lazy\" src=\"https:\/\/player.vimeo.com\/video\/516833948\" width=\"640\" height=\"333\" frameborder=\"0\" allowfullscreen=\"allowfullscreen\"><\/iframe><\/p>\n<h3><strong>Comment r\u00e9gler cette formation ?<\/strong><\/h3>\n<p>Vous pouvez payer cette formation de trois mani\u00e8res :<\/p>\n<ul>\n<li>soit par carte bancaire<\/li>\n<li>soit par virement bancaire<\/li>\n<li>soit par ch\u00e8que bancaire<\/li>\n<\/ul>\n<h5><span style=\"color: #800000;\"><strong>Merci de penser \u00e0 envoyer votre contrat sign\u00e9 (\u00e0 t\u00e9l\u00e9charger ci-dessus), soit par courrier postal, soit par e-mail, peu importe la m\u00e9thode de paiement choisie.<\/strong><\/span><\/h5>\n<p><strong>Paiement par carte bancaire :<\/strong><br \/>\n1- Ajouter cette formation \u00e0 votre panier (Bouton &#8220;Ajouter au Panier&#8221;).<br \/>\n2- Validez votre commande en cliquant sur le bouton &#8220;Voir le panier&#8221; ou &#8220;Validation de la commande\u00a0\u00bb.<br \/>\n3- S\u00e9lectionner l\u2019option de paiement par carte bancaire apr\u00e8s avoir entr\u00e9 vos informations de contact.<br \/>\n4- Vous serez guid\u00e9 \u00e0 travers un syst\u00e8me de paiement s\u00e9curis\u00e9 et automatique.<br \/>\n5- Vous recevrez un email de confirmation de paiement ainsi que la facture.<\/p>\n<p><script>\ndocument.write('<a class=\"storefront-sticky-add-to-cart__content-button button alt\" href=\"'); document.write((window.location.href).split(\"?\")[0]); document.write('?add-to-cart=7326'); document.write('\"> Ajouter au panier <\/a>');\n<\/script> <a class=\"button checkout wc-forward\" href=\"https:\/\/sionneau.com\/boutique\/commande\/\">Validation de la commande<\/a><\/p>\n<p><strong>Paiement par virement bancaire<\/strong><br \/>\n1- Ajouter cette formation \u00e0 votre panier (Bouton &#8220;Ajouter au Panier&#8221;).<br \/>\n2- Validez votre commande en cliquant sur le bouton &#8220;Voir le panier&#8221; ou &#8220;Validation de la commande\u00a0\u00bb.<br \/>\n3- S\u00e9lectionner l\u2019option de paiement par virement bancaire apr\u00e8s avoir entr\u00e9 vos informations de contact.<br \/>\n4- Les instructions de paiement vous seront communiqu\u00e9es au moment de l\u2019achat et par email.<br \/>\n5- Les frais bancaires sont \u00e0 votre charge.<br \/>\n6- Lorsque votre virement bancaire sera re\u00e7u vous recevrez un email de confirmation de paiement ainsi que la facture.<\/p>\n<p><script>\ndocument.write('<a class=\"storefront-sticky-add-to-cart__content-button button alt\" href=\"'); document.write((window.location.href).split(\"?\")[0]); document.write('?add-to-cart=7326'); document.write('\"> Ajouter au panier <\/a>');\n<\/script> <a class=\"button checkout wc-forward\" href=\"https:\/\/sionneau.com\/boutique\/commande\/\">Validation de la commande<\/a><\/p>\n<p><strong>Paiement par ch\u00e8que bancaire<br \/>\n<\/strong>1- Ajouter cette formation \u00e0 votre panier (Bouton &#8220;Ajouter au Panier&#8221;).<br \/>\n2- Validez votre commande en cliquant sur le bouton &#8220;Voir le panier&#8221; ou &#8220;Validation de la commande\u00a0\u00bb.<br \/>\n3- S\u00e9lectionner l\u2019option de paiement par ch\u00e8que apr\u00e8s avoir entr\u00e9 vos informations de contact.<br \/>\n4- Les instructions de paiement vous seront communiqu\u00e9es au moment de l\u2019achat et par email.<br \/>\n5- Lorsque votre ch\u00e8que sera re\u00e7u vous recevrez un email de confirmation de paiement avec la facture.<\/p>\n<p><script>\ndocument.write('<a class=\"storefront-sticky-add-to-cart__content-button button alt\" href=\"'); document.write((window.location.href).split(\"?\")[0]); document.write('?add-to-cart=7326'); document.write('\"> Ajouter au panier <\/a>');\n<\/script> <a class=\"button checkout wc-forward\" href=\"https:\/\/sionneau.com\/boutique\/commande\/\">Validation de la commande<\/a><\/p>\n<h2>Besoin d\u2019aide\u00a0? Une question\u00a0?<\/h2>\n<h3><strong>Contactez l\u2019administration : <\/strong><\/h3>\n<p><strong>T\u00e9l\u00e9phone :<\/strong> 00376 62 88 82.<br \/>\nVous pouvez Utiliser WhatsApp ou Signal pour appeler.<\/p>\n<p><img decoding=\"async\" loading=\"lazy\" class=\"alignnone wp-image-10872 \" src=\"https:\/\/sionneau.com\/boutique\/wp-content\/uploads\/2018\/12\/whatsapp-signal-philippe-sionneau-300x153.jpg\" alt=\"\" width=\"184\" height=\"94\" srcset=\"https:\/\/sionneau.com\/boutique\/wp-content\/uploads\/2018\/12\/whatsapp-signal-philippe-sionneau-300x153.jpg 300w, https:\/\/sionneau.com\/boutique\/wp-content\/uploads\/2018\/12\/whatsapp-signal-philippe-sionneau-324x165.jpg 324w, https:\/\/sionneau.com\/boutique\/wp-content\/uploads\/2018\/12\/whatsapp-signal-philippe-sionneau-416x212.jpg 416w, https:\/\/sionneau.com\/boutique\/wp-content\/uploads\/2018\/12\/whatsapp-signal-philippe-sionneau.jpg 513w\" sizes=\"(max-width: 184px) 100vw, 184px\" \/><br \/>\n<strong>E-mail : <\/strong><a href=\"mailto:contact@sionneau.com\">contact@sionneau.com<\/a><\/p>\n<h3><strong>Contactez le support technique :<\/strong><\/h3>\n<p><a href=\"mailto:suppor@sionneau.com\">support@sionneau.com<\/a><\/p>\n","protected":false},"excerpt":{"rendered":"<h5><strong><span style=\"color: #bd0b0b;\">Comprendre en profondeur les causes des maladies<br \/>\nMa\u00eetriser les caract\u00e9ristiques des 6 pervers externes<br \/>\nApprendre la dynamique des causes externes des pathologies<br \/>\nConna\u00eetre les maladies induites par les 6 pervers externes<\/span><\/strong><\/h5>\n","protected":false},"featured_media":7327,"template":"","meta":[],"product_cat":[19,50],"product_tag":[],"yoast_head":"<!-- This site is optimized with the Yoast SEO plugin v20.5 - https:\/\/yoast.com\/wordpress\/plugins\/seo\/ -->\n<title>Causes externes des maladies de la m\u00e9decine chinoise \u2013 Les six exc\u00e8s - Boutique de Sionneau.com<\/title>\n<meta name=\"description\" content=\"Etudier les causes externes des maladies selon la m\u00e9decine chinoise. Bien conna\u00eetre les caract\u00e9ristiques pathologiques des six exc\u00e8s.\" \/>\n<meta name=\"robots\" content=\"index, follow, max-snippet:-1, max-image-preview:large, max-video-preview:-1\" \/>\n<link rel=\"canonical\" href=\"https:\/\/sionneau.com\/boutique\/medecine--chinoise\/causes-externes-des-maladies-de-la-medecine-chinoise\/\" \/>\n<meta property=\"og:locale\" content=\"fr_FR\" \/>\n<meta property=\"og:type\" content=\"article\" \/>\n<meta property=\"og:title\" content=\"Causes externes des maladies de la m\u00e9decine chinoise \u2013 Les six exc\u00e8s - Boutique de Sionneau.com\" \/>\n<meta property=\"og:description\" content=\"Etudier les causes externes des maladies selon la m\u00e9decine chinoise. Bien conna\u00eetre les caract\u00e9ristiques pathologiques des six exc\u00e8s.\" \/>\n<meta property=\"og:url\" content=\"https:\/\/sionneau.com\/boutique\/medecine--chinoise\/causes-externes-des-maladies-de-la-medecine-chinoise\/\" \/>\n<meta property=\"og:site_name\" content=\"Boutique de Sionneau.com\" \/>\n<meta property=\"article:modified_time\" content=\"2025-12-10T16:36:17+00:00\" \/>\n<meta property=\"og:image\" content=\"https:\/\/sionneau.com\/boutique\/wp-content\/uploads\/2020\/12\/causes-externes-des-maladies-en-medecine-chinoise-formations-sionneau-online.png\" \/>\n\t<meta property=\"og:image:width\" content=\"821\" \/>\n\t<meta property=\"og:image:height\" content=\"611\" \/>\n\t<meta property=\"og:image:type\" content=\"image\/png\" \/>\n<meta name=\"twitter:card\" content=\"summary_large_image\" \/>\n<meta name=\"twitter:label1\" content=\"Dur\u00e9e de lecture estim\u00e9e\" \/>\n\t<meta name=\"twitter:data1\" content=\"9 minutes\" \/>\n<script type=\"application\/ld+json\" class=\"yoast-schema-graph\">{\"@context\":\"https:\/\/schema.org\",\"@graph\":[{\"@type\":\"WebPage\",\"@id\":\"https:\/\/sionneau.com\/boutique\/medecine--chinoise\/causes-externes-des-maladies-de-la-medecine-chinoise\/\",\"url\":\"https:\/\/sionneau.com\/boutique\/medecine--chinoise\/causes-externes-des-maladies-de-la-medecine-chinoise\/\",\"name\":\"Causes externes des maladies de la m\u00e9decine chinoise \u2013 Les six exc\u00e8s - Boutique de Sionneau.com\",\"isPartOf\":{\"@id\":\"https:\/\/sionneau.com\/boutique\/#website\"},\"datePublished\":\"2020-12-16T07:32:02+00:00\",\"dateModified\":\"2025-12-10T16:36:17+00:00\",\"description\":\"Etudier les causes externes des maladies selon la m\u00e9decine chinoise. Bien conna\u00eetre les caract\u00e9ristiques pathologiques des six exc\u00e8s.\",\"breadcrumb\":{\"@id\":\"https:\/\/sionneau.com\/boutique\/medecine--chinoise\/causes-externes-des-maladies-de-la-medecine-chinoise\/#breadcrumb\"},\"inLanguage\":\"fr-FR\",\"potentialAction\":[{\"@type\":\"ReadAction\",\"target\":[\"https:\/\/sionneau.com\/boutique\/medecine--chinoise\/causes-externes-des-maladies-de-la-medecine-chinoise\/\"]}]},{\"@type\":\"BreadcrumbList\",\"@id\":\"https:\/\/sionneau.com\/boutique\/medecine--chinoise\/causes-externes-des-maladies-de-la-medecine-chinoise\/#breadcrumb\",\"itemListElement\":[{\"@type\":\"ListItem\",\"position\":1,\"name\":\"Accueil\",\"item\":\"https:\/\/sionneau.com\/boutique\/\"},{\"@type\":\"ListItem\",\"position\":2,\"name\":\"Boutique\",\"item\":\"https:\/\/sionneau.com\/boutique\/\"},{\"@type\":\"ListItem\",\"position\":3,\"name\":\"Causes externes des maladies de la m\u00e9decine chinoise \u2013 Les six exc\u00e8s\"}]},{\"@type\":\"WebSite\",\"@id\":\"https:\/\/sionneau.com\/boutique\/#website\",\"url\":\"https:\/\/sionneau.com\/boutique\/\",\"name\":\"Boutique de Sionneau.com\",\"description\":\"Authenticit\u00e9 &amp; professionnalisme\",\"publisher\":{\"@id\":\"https:\/\/sionneau.com\/boutique\/#organization\"},\"potentialAction\":[{\"@type\":\"SearchAction\",\"target\":{\"@type\":\"EntryPoint\",\"urlTemplate\":\"https:\/\/sionneau.com\/boutique\/?s={search_term_string}\"},\"query-input\":\"required name=search_term_string\"}],\"inLanguage\":\"fr-FR\"},{\"@type\":\"Organization\",\"@id\":\"https:\/\/sionneau.com\/boutique\/#organization\",\"name\":\"Philippe Sionneau\",\"url\":\"https:\/\/sionneau.com\/boutique\/\",\"logo\":{\"@type\":\"ImageObject\",\"inLanguage\":\"fr-FR\",\"@id\":\"https:\/\/sionneau.com\/boutique\/#\/schema\/logo\/image\/\",\"url\":\"https:\/\/sionneau.com\/boutique\/wp-content\/uploads\/2019\/03\/Sionneau-logo-1.png\",\"contentUrl\":\"https:\/\/sionneau.com\/boutique\/wp-content\/uploads\/2019\/03\/Sionneau-logo-1.png\",\"width\":600,\"height\":488,\"caption\":\"Philippe Sionneau\"},\"image\":{\"@id\":\"https:\/\/sionneau.com\/boutique\/#\/schema\/logo\/image\/\"}}]}<\/script>\n<!-- \/ Yoast SEO plugin. -->","yoast_head_json":{"title":"Causes externes des maladies de la m\u00e9decine chinoise \u2013 Les six exc\u00e8s - Boutique de Sionneau.com","description":"Etudier les causes externes des maladies selon la m\u00e9decine chinoise. Bien conna\u00eetre les caract\u00e9ristiques pathologiques des six exc\u00e8s.","robots":{"index":"index","follow":"follow","max-snippet":"max-snippet:-1","max-image-preview":"max-image-preview:large","max-video-preview":"max-video-preview:-1"},"canonical":"https:\/\/sionneau.com\/boutique\/medecine--chinoise\/causes-externes-des-maladies-de-la-medecine-chinoise\/","og_locale":"fr_FR","og_type":"article","og_title":"Causes externes des maladies de la m\u00e9decine chinoise \u2013 Les six exc\u00e8s - Boutique de Sionneau.com","og_description":"Etudier les causes externes des maladies selon la m\u00e9decine chinoise. Bien conna\u00eetre les caract\u00e9ristiques pathologiques des six exc\u00e8s.","og_url":"https:\/\/sionneau.com\/boutique\/medecine--chinoise\/causes-externes-des-maladies-de-la-medecine-chinoise\/","og_site_name":"Boutique de Sionneau.com","article_modified_time":"2025-12-10T16:36:17+00:00","og_image":[{"width":821,"height":611,"url":"https:\/\/sionneau.com\/boutique\/wp-content\/uploads\/2020\/12\/causes-externes-des-maladies-en-medecine-chinoise-formations-sionneau-online.png","type":"image\/png"}],"twitter_card":"summary_large_image","twitter_misc":{"Dur\u00e9e de lecture estim\u00e9e":"9 minutes"},"schema":{"@context":"https:\/\/schema.org","@graph":[{"@type":"WebPage","@id":"https:\/\/sionneau.com\/boutique\/medecine--chinoise\/causes-externes-des-maladies-de-la-medecine-chinoise\/","url":"https:\/\/sionneau.com\/boutique\/medecine--chinoise\/causes-externes-des-maladies-de-la-medecine-chinoise\/","name":"Causes externes des maladies de la m\u00e9decine chinoise \u2013 Les six exc\u00e8s - Boutique de Sionneau.com","isPartOf":{"@id":"https:\/\/sionneau.com\/boutique\/#website"},"datePublished":"2020-12-16T07:32:02+00:00","dateModified":"2025-12-10T16:36:17+00:00","description":"Etudier les causes externes des maladies selon la m\u00e9decine chinoise. Bien conna\u00eetre les caract\u00e9ristiques pathologiques des six exc\u00e8s.","breadcrumb":{"@id":"https:\/\/sionneau.com\/boutique\/medecine--chinoise\/causes-externes-des-maladies-de-la-medecine-chinoise\/#breadcrumb"},"inLanguage":"fr-FR","potentialAction":[{"@type":"ReadAction","target":["https:\/\/sionneau.com\/boutique\/medecine--chinoise\/causes-externes-des-maladies-de-la-medecine-chinoise\/"]}]},{"@type":"BreadcrumbList","@id":"https:\/\/sionneau.com\/boutique\/medecine--chinoise\/causes-externes-des-maladies-de-la-medecine-chinoise\/#breadcrumb","itemListElement":[{"@type":"ListItem","position":1,"name":"Accueil","item":"https:\/\/sionneau.com\/boutique\/"},{"@type":"ListItem","position":2,"name":"Boutique","item":"https:\/\/sionneau.com\/boutique\/"},{"@type":"ListItem","position":3,"name":"Causes externes des maladies de la m\u00e9decine chinoise \u2013 Les six exc\u00e8s"}]},{"@type":"WebSite","@id":"https:\/\/sionneau.com\/boutique\/#website","url":"https:\/\/sionneau.com\/boutique\/","name":"Boutique de Sionneau.com","description":"Authenticit\u00e9 &amp; professionnalisme","publisher":{"@id":"https:\/\/sionneau.com\/boutique\/#organization"},"potentialAction":[{"@type":"SearchAction","target":{"@type":"EntryPoint","urlTemplate":"https:\/\/sionneau.com\/boutique\/?s={search_term_string}"},"query-input":"required name=search_term_string"}],"inLanguage":"fr-FR"},{"@type":"Organization","@id":"https:\/\/sionneau.com\/boutique\/#organization","name":"Philippe Sionneau","url":"https:\/\/sionneau.com\/boutique\/","logo":{"@type":"ImageObject","inLanguage":"fr-FR","@id":"https:\/\/sionneau.com\/boutique\/#\/schema\/logo\/image\/","url":"https:\/\/sionneau.com\/boutique\/wp-content\/uploads\/2019\/03\/Sionneau-logo-1.png","contentUrl":"https:\/\/sionneau.com\/boutique\/wp-content\/uploads\/2019\/03\/Sionneau-logo-1.png","width":600,"height":488,"caption":"Philippe Sionneau"},"image":{"@id":"https:\/\/sionneau.com\/boutique\/#\/schema\/logo\/image\/"}}]}},"_links":{"self":[{"href":"https:\/\/sionneau.com\/boutique\/wp-json\/wp\/v3\/product\/7326"}],"collection":[{"href":"https:\/\/sionneau.com\/boutique\/wp-json\/wp\/v3\/product"}],"about":[{"href":"https:\/\/sionneau.com\/boutique\/wp-json\/wp\/v2\/types\/product"}],"wp:featuredmedia":[{"embeddable":true,"href":"https:\/\/sionneau.com\/boutique\/wp-json\/wp\/v2\/media\/7327"}],"wp:attachment":[{"href":"https:\/\/sionneau.com\/boutique\/wp-json\/wp\/v2\/media?parent=7326"}],"wp:term":[{"taxonomy":"product_cat","embeddable":true,"href":"https:\/\/sionneau.com\/boutique\/wp-json\/wp\/v2\/product_cat?post=7326"},{"taxonomy":"product_tag","embeddable":true,"href":"https:\/\/sionneau.com\/boutique\/wp-json\/wp\/v2\/product_tag?post=7326"}],"curies":[{"name":"wp","href":"https:\/\/api.w.org\/{rel}","templated":true}]}}