{"id":6537,"date":"2020-11-02T16:39:25","date_gmt":"2020-11-02T15:39:25","guid":{"rendered":"https:\/\/sionneau.com\/boutique\/?post_type=product&#038;p=6537"},"modified":"2025-12-10T17:32:44","modified_gmt":"2025-12-10T16:32:44","slug":"toute-la-physiologie-des-organes-zang-fu-pack-integral","status":"publish","type":"product","link":"https:\/\/sionneau.com\/boutique\/medecine--chinoise\/toute-la-physiologie-des-organes-zang-fu-pack-integral\/","title":{"rendered":"Toute la physiologie des organes\u2026"},"content":{"rendered":"<p class=\"product_title entry-title\"><strong>Tout sur la physiologie des organes + Les formes corporelles, les offices et les orifices, le corps.<\/strong><\/p>\n<p class=\"product_title entry-title\"><strong><span style=\"background-color: #ffff00;\">inclut 8 formations compl\u00e8tes<br \/>\n<\/span><\/strong><strong><span style=\"background-color: #ffff00;\">+ Tarif r\u00e9duit<br \/>\n+ 1 formation gratuite<br \/>\n+ plus d&#8217;un millier d&#8217;exercices<br \/>\n+ Accessible 2 ans au lieu d&#8217;1 an<br \/>\n<\/span><\/strong><\/p>\n<p><strong><br \/>\nVoir la pr\u00e9sentation des diff\u00e9rents modules ici\u00a0:<\/strong><\/p>\n<p class=\"product_title entry-title\"><a href=\"https:\/\/sionneau.com\/boutique\/medecine--chinoise\/organes-zang-fu-extraordinaires\/\" target=\"_blank\" rel=\"noopener noreferrer\"><strong>1- Organes Z\u00e0ng &amp; Organes F\u01d4 &amp; Organes extraordinaires (GRATUIT)<\/strong> <\/a><\/p>\n<p class=\"product_title entry-title\"><a href=\"https:\/\/sionneau.com\/boutique\/medecine--chinoise\/tout-savoir-sur-la-rate-et-lestomac\/\" target=\"_blank\" rel=\"noopener noreferrer\"><strong>2- Tout savoir sur la rate et l\u2019estomac<\/strong><\/a><\/p>\n<p class=\"product_title entry-title\">3- <a href=\"https:\/\/sionneau.com\/boutique\/medecine--chinoise\/tout-savoir-sur-le-poumon-et-le-gros-intestin\/\" target=\"_blank\" rel=\"noopener noreferrer\"><strong>Tout savoir sur le poumon et le gros intestin<\/strong><\/a><\/p>\n<p class=\"product_title entry-title\"><a href=\"https:\/\/sionneau.com\/boutique\/medecine--chinoise\/tout-savoir-sur-le-coeur-et-intestin-grele\/\" target=\"_blank\" rel=\"noopener noreferrer\"><strong>4- Tout savoir sur le C\u0153ur et l\u2019Intestin Gr\u00eale<\/strong><\/a><\/p>\n<p class=\"product_title entry-title\"><a href=\"https:\/\/sionneau.com\/boutique\/medecine--chinoise\/tout-savoir-sur-le-foie-et-la-vesicule-biliaire\/\" target=\"_blank\" rel=\"noopener noreferrer\"><strong>5- Tout savoir sur le foie et la v\u00e9sicule biliaire<\/strong><\/a><\/p>\n<p class=\"product_title entry-title\"><a href=\"https:\/\/sionneau.com\/boutique\/medecine--chinoise\/tout-savoir-sur-les-reins-et-la-vessie\/\" target=\"_blank\" rel=\"noopener noreferrer\"><strong>6- Tout savoir sur les reins et la vessie<\/strong><\/a><\/p>\n<p class=\"product_title entry-title\"><a href=\"https:\/\/sionneau.com\/boutique\/medecine--chinoise\/tout-savoir-sur-lenveloppe-du-coeur-et-le-trois-foyers\/\" target=\"_blank\" rel=\"noopener noreferrer\"><strong>7- Tout savoir sur l\u2019enveloppe du c\u0153ur et le trois-foyers<\/strong><\/a><\/p>\n<p><a href=\"https:\/\/sionneau.com\/boutique\/medecine--chinoise\/tout-savoir-sur-les-formes-corporelles-les-offices-et-orifices-le-corps\/\" target=\"_blank\" rel=\"noopener noreferrer\"><strong>8- Tout savoir sur les Formes corporelles, les Offices et Orifices, le Corps<\/strong><\/a><\/p>\n<h3><strong>Dur\u00e9e totale des 8 cours<\/strong> : <strong>Minimum 131h<\/strong><\/h3>\n<p>Nos premiers tests nous permettent de dire qu\u2019il faut au moins <strong>131 heures<\/strong> pour finaliser la formation, int\u00e9grant le cours, les exercices pratiques, l\u2019\u00e9valuation, l\u2019interaction avec le professeur, l\u2019activit\u00e9 sur le forum, etc.<\/p>\n<h3><strong>Support de cours\u00a0<\/strong>:<\/h3>\n<p>PDF, complet, en couleur, tr\u00e8s belles illustrations, imprimable. <strong>11 supports de cours<\/strong>.<\/p>\n<h3><strong>Comment s&#8217;inscrire au cours ?<br \/>\n<\/strong>D\u00e9roulement de l&#8217;inscription<strong><br \/>\n<\/strong><\/h3>\n<ol>\n<li>Avant l\u2019achat du cours, vous devez remplir et signer le contrat de formation qui apparaitra apr\u00e8s avoir cliqu\u00e9 sur \u201cvalider la commande\u201d.<\/li>\n<li>Le cours se d\u00e9roule sur une plateforme de e-learning d\u00e9di\u00e9e et s\u00e9curis\u00e9e, pour que vous acc\u00e9diez \u00e0 la formation nous devons vous inscrire manuellement.<\/li>\n<li>Nous vous enverrons votre acc\u00e8s \u00e0 votre adresse email d\u00e8s que nous aurons re\u00e7u le contrat de formation sign\u00e9 et confirmation du paiement.<\/li>\n<li>D\u00e8s r\u00e9ception de vos acc\u00e8s vous pouvez commencer votre cours.<\/li>\n<\/ol>\n<h3><strong>P\u00e9dagogie\u00a0<\/strong>:<\/h3>\n<p>Philippe Sionneau est r\u00e9put\u00e9 \u00eatre un excellent p\u00e9dagogue. Le succ\u00e8s de ses formations pr\u00e9sentielles en t\u00e9moigne. A sa tendance naturelle, il ajoute ici de puissants outils didactiques, interactifs, participatifs du e-learning de pointe.<\/p>\n<ul>\n<li>Les cours sont en vid\u00e9o comme si vous \u00e9tiez en classe, avec la possibilit\u00e9 de faire pause, de revenir en arri\u00e8re, d\u2019avancer, de r\u00e9p\u00e9ter autant que vous voulez.<\/li>\n<li>Le cours est dynamique, b\u00e9n\u00e9ficiant en plus de nombreuses animations visuelles.<\/li>\n<li>L\u2019enseignement en lui-m\u00eame est clair, pr\u00e9cis, passionnant.<\/li>\n<li>Le support de cours est riche et facilite la prise de note.<\/li>\n<li>Les outils p\u00e9dagogiques de pointe permettent une aide \u00e0 l\u2019assimilation. L\u2019apprentissage est facilit\u00e9.<\/li>\n<li>Vous b\u00e9n\u00e9ficiez de nombreux exercices d\u2019apprentissage ludique permettant d\u2019assimiler avec plus de facilit\u00e9 le contenu, permettant une auto-\u00e9valuation\u2026<\/li>\n<li>Vous avez acc\u00e8s \u00e0 un forum d\u00e9di\u00e9 et priv\u00e9, anim\u00e9 par Philippe Sionneau.<\/li>\n<li>Vous pouvez \u00e9changer avec un expert reconnu de la m\u00e9decine chinoise qui a 25 ans d\u2019exp\u00e9rience dans le soin et l\u2019enseignement de la m\u00e9decine chinoise et auteur de plus 30 ouvrages dans le domaine.<\/li>\n<li>Vous pouvez \u00e9changer \u00e0 travers une messagerie instantan\u00e9e vous permettant de discuter en direct avec d\u2019autres \u00e9tudiants et votre professeur.<\/li>\n<li>Wiki collaboratif\u00a0: vous pouvez participer \u00e0 l\u2019\u00e9laboration d\u2019un glossaire, une base de donn\u00e9es en lien avec la formation.<\/li>\n<li>Vous pouvez \u00e9tudier \u00e0 votre rythme, selon vos possibilit\u00e9s, chez vous, sans d\u00e9placement, en toute tranquillit\u00e9. La p\u00e9dagogie en place permet de suivre le cours par petites \u00e9tapes pour ceux qui n\u2019ont pas toujours beaucoup de temps. Les personnes disponibles peuvent faire un marathon d\u2019apprentissage non-stop, sans attendre quoi que ce soit, ni quiconque\u00a0! Vous \u00eates ma\u00eetre du temps. C\u2019est vous qui d\u00e9cidez.<\/li>\n<li>En fin de formation, l\u2019apprenant re\u00e7oit un certificat nominatif attestant des comp\u00e9tences acquises.<\/li>\n<li>La formation est accessible par ordinateur, tablette et Smartphone. Des sites sp\u00e9cifiques vous permettent d\u2019avoir une navigation adapt\u00e9e \u00e0 votre support, permettant de b\u00e9n\u00e9ficier de la grande qualit\u00e9 de l\u2019image et du son des cours. Il suffit d&#8217;avoir une connexion internet correcte.<\/li>\n<\/ul>\n<h3><strong>Certificat de formation<\/strong>\u00a0:<\/h3>\n<p>Oui, nominatif, sur support PDF, quand la formation est finalis\u00e9e.<\/p>\n<h3><strong>A qui s\u2019adresse cette formation\u00a0?<\/strong><\/h3>\n<ul>\n<li>Aux personnes voulant \u00e9tudier s\u00e9rieusement la m\u00e9decine chinoise.<\/li>\n<li>Aux personnes qui ont la sensation que leur formation initiale est trop superficielle.<\/li>\n<li>Aux personnes ayant d\u00e9j\u00e0 \u00e9tudi\u00e9 la m\u00e9decine chinoise et qui veulent faire une r\u00e9vision approfondie.<\/li>\n<li>Aux personnes qui veulent une compr\u00e9hension profonde de la physiologie des organes.<\/li>\n<li>Aux n\u00e9ophytes qui veulent commencer \u00e0 \u00e9tudier la m\u00e9decine chinoise avec d\u2019excellentes bases.<\/li>\n<\/ul>\n<h3><strong>Enseignant<\/strong>\u00a0:<\/h3>\n<p>Philippe Sionneau est l\u2019un des experts de m\u00e9decine chinoise les plus appr\u00e9ci\u00e9s en Europe. Il est \u00e0 l\u2019origine de l\u2019introduction de tr\u00e8s nombreuses informations jusqu\u2019alors in\u00e9dites dans nos pays et notamment dans le domaine de la pharmacologie chinoise, de l&#8217;acupuncture et des pathologies. Il a publi\u00e9 plus d\u2019une trentaine de livres. Plusieurs de ses ouvrages sont utilis\u00e9s dans les universit\u00e9s am\u00e9ricaines, canadiennes et australiennes. Depuis 25 ans, il fait le bonheur de plusieurs g\u00e9n\u00e9rations d&#8217;\u00e9tudiants et de praticiens de m\u00e9decine chinoise. Ses cours remportent un grand succ\u00e8s en France. C&#8217;est l&#8217;un des rares occidentaux \u00e0 avoir suivi un cursus complet en m\u00e9decine chinoise dans une universit\u00e9 en Chine, la Hubei University of Chinese Medicine, dont il est dipl\u00f4m\u00e9. Il s&#8217;agit d&#8217;un dipl\u00f4me d&#8217;\u00e9tat officiel de Chine Populaire. Pour \u00eatre plus exact, il poss\u00e8de un bachelor degree qui donne droit \u00e0 pratiquer la m\u00e9decine chinoise dans n&#8217;importe quel h\u00f4pital en Chine. Il est consid\u00e9r\u00e9 l\u00e0-bas comme m\u00e9decin. <strong>C&#8217;est le premier fran\u00e7ais et un des tr\u00e8s rares \u00e0 avoir obtenu ce titre.<\/strong><\/p>\n<h3><strong>Tarif\u00a0<\/strong>:<\/h3>\n<p>Tarif normal = 2460 euros<br \/>\n<strong>Tarif PROMO \u00ab Pack Zang Fu int\u00e9gral \u00bb = 1400 euros + 1 cours gratuit !!!<br \/>\n(Facilit\u00e9 de paiement possible : contactez <a href=\"mailto:contact@sionneau.com?subject=Facilit%C3%A9%20de%20paiement%20-%20Promo%20Pack%20Savoir%2B\" target=\"_blank\" rel=\"noopener noreferrer\">contact@sionneau.com<\/a>)<\/strong><\/p>\n<h5><strong>Tarif avec possibilit\u00e9 de prise en charge totale ou partielle du financement de votre formation par votre OPCO :\u00a0 nous contacter. Nous nous occupons de l\u2019aspect administratif pour vous. Si vous voulez profiter de cette option, contactez-nous pour tout renseignement AVANT de vous inscrire car le processus d&#8217;inscription est diff\u00e9rent : <a href=\"mailto:contact@sionneau.com\" target=\"_blank\" rel=\"noopener noreferrer\">contact@sionneau.com<\/a><\/strong><\/h5>\n<h3><strong>Accessibilit\u00e9<\/strong>\u00a0:<\/h3>\n<p>illimit\u00e9 sur 2 ans (24 mois)<\/p>\n<h2><strong>Comment acheter le cours et y avoir acc\u00e8s\u00a0?<\/strong><\/h2>\n<p><strong>Regardez la vid\u00e9o tutorielle qui vous montre le processus du r\u00e8glement :<br \/>\n<\/strong><\/p>\n<p><iframe loading=\"lazy\" src=\"https:\/\/player.vimeo.com\/video\/516833948\" width=\"640\" height=\"333\" frameborder=\"0\" allowfullscreen=\"allowfullscreen\"><\/iframe><\/p>\n<h2><strong>D\u00e9roulement de l\u2019inscription\u00a0:<\/strong><\/h2>\n<ol>\n<li>Avant l\u2019achat du cours, vous devez remplir et signer le contrat de formation qui apparaitra apr\u00e8s avoir cliqu\u00e9 sur \u201cvalider la commande\u201d.<\/li>\n<li>Le cours se d\u00e9roule sur une plateforme de e-learning d\u00e9di\u00e9e et s\u00e9curis\u00e9e, pour que vous acc\u00e9diez \u00e0 la formation nous devons vous inscrire manuellement.<\/li>\n<li>Nous vous enverrons votre acc\u00e8s \u00e0 votre adresse email d\u00e8s que nous aurons re\u00e7u le contrat de formation sign\u00e9 et confirmation du paiement.<\/li>\n<li>D\u00e8s r\u00e9ception de vos acc\u00e8s vous pouvez commencer votre cours.<\/li>\n<\/ol>\n<h3 style=\"text-align: center;\">COMMENT PAYER LA FORMATION ?<\/h3>\n<p><strong>Vous pouvez payer cette formation de trois mani\u00e8res :<\/strong><\/p>\n<ul>\n<li>soit par carte bancaire<\/li>\n<li>soit par virement bancaire<\/li>\n<li>soit par ch\u00e8que bancaire<\/li>\n<\/ul>\n<h5>Merci de pensez \u00e0 envoyer votre contrat sign\u00e9 comme pr\u00e9sent\u00e9 ci-dessus, peu importe la m\u00e9thode de paiement choisie.<\/h5>\n<h3>Paiement par carte bancaire :<\/h3>\n<p>1- Ajouter cette formation \u00e0 votre panier (Bouton &#8220;Ajouter au Panier&#8221;).<br \/>\n2- Validez votre commande en cliquant sur le bouton &#8220;Voir le panier&#8221; ou &#8220;Validation de la commande\u00a0\u00bb.<br \/>\n3- S\u00e9lectionner l\u2019option de paiement par carte bancaire apr\u00e8s avoir entr\u00e9 vos informations de contact.<br \/>\n4- Vous serez guid\u00e9 \u00e0 travers un syst\u00e8me de paiement s\u00e9curis\u00e9 et automatique.<br \/>\n5- Vous recevrez un email de confirmation de paiement ainsi que la facture.<\/p>\n<p><script>\ndocument.write('<a class=\"storefront-sticky-add-to-cart__content-button button alt\" href=\"'); document.write((window.location.href).split(\"?\")[0]); document.write('?add-to-cart=6537'); document.write('\"> Ajouter au panier <\/a>');\n<\/script> <a class=\"button checkout wc-forward\" href=\"https:\/\/sionneau.com\/boutique\/commande\/\">Validation de la commande<\/a><\/p>\n<h3>Paiement par virement bancaire<\/h3>\n<p>1- Ajouter cette formation \u00e0 votre panier (Bouton &#8220;Ajouter au Panier&#8221;).<br \/>\n2- Validez votre commande en cliquant sur le bouton &#8220;Voir le panier&#8221; ou &#8220;Validation de la commande\u00a0\u00bb.<br \/>\n3- S\u00e9lectionner l\u2019option de paiement par virement bancaire apr\u00e8s avoir entr\u00e9 vos informations de contact.<br \/>\n4- Les instructions de paiement vous seront communiqu\u00e9es au moment de l\u2019achat et par email.<br \/>\n5- Les frais bancaires sont \u00e0 votre charge.<br \/>\n6- Lorsque votre virement bancaire sera re\u00e7u vous recevrez un email de confirmation de paiement ainsi que la facture.<\/p>\n<p><script>\ndocument.write('<a class=\"storefront-sticky-add-to-cart__content-button button alt\" href=\"'); document.write((window.location.href).split(\"?\")[0]); document.write('?add-to-cart=6537'); document.write('\"> Ajouter au panier <\/a>');\n<\/script> <a class=\"button checkout wc-forward\" href=\"https:\/\/sionneau.com\/boutique\/commande\/\">Validation de la commande<\/a><\/p>\n<h3>Paiement par ch\u00e8que bancaire\u00a0<strong><br \/>\n<\/strong><\/h3>\n<p>1- Ajouter cette formation \u00e0 votre panier (Bouton &#8220;Ajouter au Panier&#8221;).<br \/>\n2- Validez votre commande en cliquant sur le bouton &#8220;Voir le panier&#8221; ou &#8220;Validation de la commande\u00a0\u00bb.<br \/>\n3- S\u00e9lectionner l\u2019option de paiement par ch\u00e8que apr\u00e8s avoir entr\u00e9 vos informations de contact.<br \/>\n4- Les instructions de paiement vous seront communiqu\u00e9es au moment de l\u2019achat et par email.<br \/>\n5- Lorsque votre ch\u00e8que sera re\u00e7u vous recevrez un email de confirmation de paiement avec la facture.<\/p>\n<p><script>\ndocument.write('<a class=\"storefront-sticky-add-to-cart__content-button button alt\" href=\"'); document.write((window.location.href).split(\"?\")[0]); document.write('?add-to-cart=6537'); document.write('\"> Ajouter au panier <\/a>');\n<\/script> <a class=\"button checkout wc-forward\" href=\"https:\/\/sionneau.com\/boutique\/commande\/\">Validation de la commande<\/a><\/p>\n<h2><strong>Besoin d\u2019aide\u00a0? Une question\u00a0?<\/strong><\/h2>\n<h3><strong>Contactez l\u2019administration : <\/strong><\/h3>\n<p><strong>T\u00e9l\u00e9phone :<\/strong> 00376 62 88 82.<br \/>\nVous pouvez Utiliser WhatsApp ou Signal pour appeler.<\/p>\n<p><img decoding=\"async\" loading=\"lazy\" class=\"alignnone wp-image-10872 \" src=\"https:\/\/sionneau.com\/boutique\/wp-content\/uploads\/2018\/12\/whatsapp-signal-philippe-sionneau-300x153.jpg\" alt=\"\" width=\"184\" height=\"94\" srcset=\"https:\/\/sionneau.com\/boutique\/wp-content\/uploads\/2018\/12\/whatsapp-signal-philippe-sionneau-300x153.jpg 300w, https:\/\/sionneau.com\/boutique\/wp-content\/uploads\/2018\/12\/whatsapp-signal-philippe-sionneau-324x165.jpg 324w, https:\/\/sionneau.com\/boutique\/wp-content\/uploads\/2018\/12\/whatsapp-signal-philippe-sionneau-416x212.jpg 416w, https:\/\/sionneau.com\/boutique\/wp-content\/uploads\/2018\/12\/whatsapp-signal-philippe-sionneau.jpg 513w\" sizes=\"(max-width: 184px) 100vw, 184px\" \/><br \/>\n<strong>E-mail : <\/strong><a href=\"mailto:contact@sionneau.com\">contact@sionneau.com<\/a><\/p>\n<h3><strong>Contactez le support technique :<\/strong><\/h3>\n<p><a href=\"mailto:suppor@sionneau.com\">support@sionneau.com<\/a><\/p>\n","protected":false},"excerpt":{"rendered":"<h5><span style=\"color: #993366;\"><strong>* Un enseignement unique sur le fonctionnement du corps humain en m\u00e9decine chinoise selon les sources les plus\u00a0 authentiques<br \/>\n<\/strong><\/span><span style=\"color: #993366;\"><strong>* Une synth\u00e8se remarquable sur tout ce qu&#8217;il faut savoir sur la physiologie en m\u00e9decine chinoise<br \/>\n<\/strong><\/span><span style=\"color: #993366;\"><strong>* Le savoir que tous \u00e9tudiants en m\u00e9decine chinoise, acupuncture et shiatsu devraient conna\u00eetre<\/strong><\/span><br \/>\n<span style=\"color: #993366;\"><strong>* Un enseignement plus profond, qui va plus loin et qui remet les id\u00e9es en place<\/strong><\/span><\/h5>\n","protected":false},"featured_media":19766,"template":"","meta":[],"product_cat":[19,38],"product_tag":[],"yoast_head":"<!-- This site is optimized with the Yoast SEO plugin v20.5 - https:\/\/yoast.com\/wordpress\/plugins\/seo\/ -->\n<title>Toute la physiologie des organes\u2026 - Boutique de Sionneau.com<\/title>\n<meta name=\"description\" content=\"Etudier en profondeur toute la physiologie des organes Zang Fu selon la m\u00e9decine chinoise. Nombreux exercices ludiques ! Eclairant, p\u00e9dagogique, pr\u00e9cis.\" \/>\n<meta name=\"robots\" content=\"index, follow, max-snippet:-1, max-image-preview:large, max-video-preview:-1\" \/>\n<link rel=\"canonical\" href=\"https:\/\/sionneau.com\/boutique\/medecine--chinoise\/toute-la-physiologie-des-organes-zang-fu-pack-integral\/\" \/>\n<meta property=\"og:locale\" content=\"fr_FR\" \/>\n<meta property=\"og:type\" content=\"article\" \/>\n<meta property=\"og:title\" content=\"Toute la physiologie des organes\u2026 - Boutique de Sionneau.com\" \/>\n<meta property=\"og:description\" content=\"Etudier en profondeur toute la physiologie des organes Zang Fu selon la m\u00e9decine chinoise. Nombreux exercices ludiques ! Eclairant, p\u00e9dagogique, pr\u00e9cis.\" \/>\n<meta property=\"og:url\" content=\"https:\/\/sionneau.com\/boutique\/medecine--chinoise\/toute-la-physiologie-des-organes-zang-fu-pack-integral\/\" \/>\n<meta property=\"og:site_name\" content=\"Boutique de Sionneau.com\" \/>\n<meta property=\"article:modified_time\" content=\"2025-12-10T16:32:44+00:00\" \/>\n<meta property=\"og:image\" content=\"https:\/\/sionneau.com\/boutique\/wp-content\/uploads\/2020\/11\/Toute-la-physiologie-des-organes-Zang-Fu-\u2013-Pack-Int\u00e9gral.jpg\" \/>\n\t<meta property=\"og:image:width\" content=\"427\" \/>\n\t<meta property=\"og:image:height\" content=\"470\" \/>\n\t<meta property=\"og:image:type\" content=\"image\/jpeg\" \/>\n<meta name=\"twitter:card\" content=\"summary_large_image\" \/>\n<meta name=\"twitter:label1\" content=\"Dur\u00e9e de lecture estim\u00e9e\" \/>\n\t<meta name=\"twitter:data1\" content=\"8 minutes\" \/>\n<script type=\"application\/ld+json\" class=\"yoast-schema-graph\">{\"@context\":\"https:\/\/schema.org\",\"@graph\":[{\"@type\":\"WebPage\",\"@id\":\"https:\/\/sionneau.com\/boutique\/medecine--chinoise\/toute-la-physiologie-des-organes-zang-fu-pack-integral\/\",\"url\":\"https:\/\/sionneau.com\/boutique\/medecine--chinoise\/toute-la-physiologie-des-organes-zang-fu-pack-integral\/\",\"name\":\"Toute la physiologie des organes\u2026 - Boutique de Sionneau.com\",\"isPartOf\":{\"@id\":\"https:\/\/sionneau.com\/boutique\/#website\"},\"datePublished\":\"2020-11-02T15:39:25+00:00\",\"dateModified\":\"2025-12-10T16:32:44+00:00\",\"description\":\"Etudier en profondeur toute la physiologie des organes Zang Fu selon la m\u00e9decine chinoise. Nombreux exercices ludiques ! Eclairant, p\u00e9dagogique, pr\u00e9cis.\",\"breadcrumb\":{\"@id\":\"https:\/\/sionneau.com\/boutique\/medecine--chinoise\/toute-la-physiologie-des-organes-zang-fu-pack-integral\/#breadcrumb\"},\"inLanguage\":\"fr-FR\",\"potentialAction\":[{\"@type\":\"ReadAction\",\"target\":[\"https:\/\/sionneau.com\/boutique\/medecine--chinoise\/toute-la-physiologie-des-organes-zang-fu-pack-integral\/\"]}]},{\"@type\":\"BreadcrumbList\",\"@id\":\"https:\/\/sionneau.com\/boutique\/medecine--chinoise\/toute-la-physiologie-des-organes-zang-fu-pack-integral\/#breadcrumb\",\"itemListElement\":[{\"@type\":\"ListItem\",\"position\":1,\"name\":\"Accueil\",\"item\":\"https:\/\/sionneau.com\/boutique\/\"},{\"@type\":\"ListItem\",\"position\":2,\"name\":\"Boutique\",\"item\":\"https:\/\/sionneau.com\/boutique\/\"},{\"@type\":\"ListItem\",\"position\":3,\"name\":\"Toute la physiologie des organes\u2026\"}]},{\"@type\":\"WebSite\",\"@id\":\"https:\/\/sionneau.com\/boutique\/#website\",\"url\":\"https:\/\/sionneau.com\/boutique\/\",\"name\":\"Boutique de Sionneau.com\",\"description\":\"Authenticit\u00e9 &amp; professionnalisme\",\"publisher\":{\"@id\":\"https:\/\/sionneau.com\/boutique\/#organization\"},\"potentialAction\":[{\"@type\":\"SearchAction\",\"target\":{\"@type\":\"EntryPoint\",\"urlTemplate\":\"https:\/\/sionneau.com\/boutique\/?s={search_term_string}\"},\"query-input\":\"required name=search_term_string\"}],\"inLanguage\":\"fr-FR\"},{\"@type\":\"Organization\",\"@id\":\"https:\/\/sionneau.com\/boutique\/#organization\",\"name\":\"Philippe Sionneau\",\"url\":\"https:\/\/sionneau.com\/boutique\/\",\"logo\":{\"@type\":\"ImageObject\",\"inLanguage\":\"fr-FR\",\"@id\":\"https:\/\/sionneau.com\/boutique\/#\/schema\/logo\/image\/\",\"url\":\"https:\/\/sionneau.com\/boutique\/wp-content\/uploads\/2019\/03\/Sionneau-logo-1.png\",\"contentUrl\":\"https:\/\/sionneau.com\/boutique\/wp-content\/uploads\/2019\/03\/Sionneau-logo-1.png\",\"width\":600,\"height\":488,\"caption\":\"Philippe Sionneau\"},\"image\":{\"@id\":\"https:\/\/sionneau.com\/boutique\/#\/schema\/logo\/image\/\"}}]}<\/script>\n<!-- \/ Yoast SEO plugin. -->","yoast_head_json":{"title":"Toute la physiologie des organes\u2026 - Boutique de Sionneau.com","description":"Etudier en profondeur toute la physiologie des organes Zang Fu selon la m\u00e9decine chinoise. Nombreux exercices ludiques ! Eclairant, p\u00e9dagogique, pr\u00e9cis.","robots":{"index":"index","follow":"follow","max-snippet":"max-snippet:-1","max-image-preview":"max-image-preview:large","max-video-preview":"max-video-preview:-1"},"canonical":"https:\/\/sionneau.com\/boutique\/medecine--chinoise\/toute-la-physiologie-des-organes-zang-fu-pack-integral\/","og_locale":"fr_FR","og_type":"article","og_title":"Toute la physiologie des organes\u2026 - Boutique de Sionneau.com","og_description":"Etudier en profondeur toute la physiologie des organes Zang Fu selon la m\u00e9decine chinoise. Nombreux exercices ludiques ! Eclairant, p\u00e9dagogique, pr\u00e9cis.","og_url":"https:\/\/sionneau.com\/boutique\/medecine--chinoise\/toute-la-physiologie-des-organes-zang-fu-pack-integral\/","og_site_name":"Boutique de Sionneau.com","article_modified_time":"2025-12-10T16:32:44+00:00","og_image":[{"width":427,"height":470,"url":"https:\/\/sionneau.com\/boutique\/wp-content\/uploads\/2020\/11\/Toute-la-physiologie-des-organes-Zang-Fu-\u2013-Pack-Int\u00e9gral.jpg","type":"image\/jpeg"}],"twitter_card":"summary_large_image","twitter_misc":{"Dur\u00e9e de lecture estim\u00e9e":"8 minutes"},"schema":{"@context":"https:\/\/schema.org","@graph":[{"@type":"WebPage","@id":"https:\/\/sionneau.com\/boutique\/medecine--chinoise\/toute-la-physiologie-des-organes-zang-fu-pack-integral\/","url":"https:\/\/sionneau.com\/boutique\/medecine--chinoise\/toute-la-physiologie-des-organes-zang-fu-pack-integral\/","name":"Toute la physiologie des organes\u2026 - Boutique de Sionneau.com","isPartOf":{"@id":"https:\/\/sionneau.com\/boutique\/#website"},"datePublished":"2020-11-02T15:39:25+00:00","dateModified":"2025-12-10T16:32:44+00:00","description":"Etudier en profondeur toute la physiologie des organes Zang Fu selon la m\u00e9decine chinoise. Nombreux exercices ludiques ! Eclairant, p\u00e9dagogique, pr\u00e9cis.","breadcrumb":{"@id":"https:\/\/sionneau.com\/boutique\/medecine--chinoise\/toute-la-physiologie-des-organes-zang-fu-pack-integral\/#breadcrumb"},"inLanguage":"fr-FR","potentialAction":[{"@type":"ReadAction","target":["https:\/\/sionneau.com\/boutique\/medecine--chinoise\/toute-la-physiologie-des-organes-zang-fu-pack-integral\/"]}]},{"@type":"BreadcrumbList","@id":"https:\/\/sionneau.com\/boutique\/medecine--chinoise\/toute-la-physiologie-des-organes-zang-fu-pack-integral\/#breadcrumb","itemListElement":[{"@type":"ListItem","position":1,"name":"Accueil","item":"https:\/\/sionneau.com\/boutique\/"},{"@type":"ListItem","position":2,"name":"Boutique","item":"https:\/\/sionneau.com\/boutique\/"},{"@type":"ListItem","position":3,"name":"Toute la physiologie des organes\u2026"}]},{"@type":"WebSite","@id":"https:\/\/sionneau.com\/boutique\/#website","url":"https:\/\/sionneau.com\/boutique\/","name":"Boutique de Sionneau.com","description":"Authenticit\u00e9 &amp; professionnalisme","publisher":{"@id":"https:\/\/sionneau.com\/boutique\/#organization"},"potentialAction":[{"@type":"SearchAction","target":{"@type":"EntryPoint","urlTemplate":"https:\/\/sionneau.com\/boutique\/?s={search_term_string}"},"query-input":"required name=search_term_string"}],"inLanguage":"fr-FR"},{"@type":"Organization","@id":"https:\/\/sionneau.com\/boutique\/#organization","name":"Philippe Sionneau","url":"https:\/\/sionneau.com\/boutique\/","logo":{"@type":"ImageObject","inLanguage":"fr-FR","@id":"https:\/\/sionneau.com\/boutique\/#\/schema\/logo\/image\/","url":"https:\/\/sionneau.com\/boutique\/wp-content\/uploads\/2019\/03\/Sionneau-logo-1.png","contentUrl":"https:\/\/sionneau.com\/boutique\/wp-content\/uploads\/2019\/03\/Sionneau-logo-1.png","width":600,"height":488,"caption":"Philippe Sionneau"},"image":{"@id":"https:\/\/sionneau.com\/boutique\/#\/schema\/logo\/image\/"}}]}},"_links":{"self":[{"href":"https:\/\/sionneau.com\/boutique\/wp-json\/wp\/v3\/product\/6537"}],"collection":[{"href":"https:\/\/sionneau.com\/boutique\/wp-json\/wp\/v3\/product"}],"about":[{"href":"https:\/\/sionneau.com\/boutique\/wp-json\/wp\/v2\/types\/product"}],"wp:featuredmedia":[{"embeddable":true,"href":"https:\/\/sionneau.com\/boutique\/wp-json\/wp\/v2\/media\/19766"}],"wp:attachment":[{"href":"https:\/\/sionneau.com\/boutique\/wp-json\/wp\/v2\/media?parent=6537"}],"wp:term":[{"taxonomy":"product_cat","embeddable":true,"href":"https:\/\/sionneau.com\/boutique\/wp-json\/wp\/v2\/product_cat?post=6537"},{"taxonomy":"product_tag","embeddable":true,"href":"https:\/\/sionneau.com\/boutique\/wp-json\/wp\/v2\/product_tag?post=6537"}],"curies":[{"name":"wp","href":"https:\/\/api.w.org\/{rel}","templated":true}]}}