{"id":4962,"date":"2020-07-07T20:33:57","date_gmt":"2020-07-07T18:33:57","guid":{"rendered":"https:\/\/sionneau.com\/boutique\/?post_type=product&#038;p=4962"},"modified":"2020-07-07T20:41:35","modified_gmt":"2020-07-07T18:41:35","slug":"jing-fang-avance-alain-bernard-reglement-etale","status":"publish","type":"product","link":"https:\/\/sionneau.com\/boutique\/medecine--chinoise\/jing-fang-avance-alain-bernard-reglement-etale\/","title":{"rendered":"Jing Fang Avanc\u00e9 &#8211; Alain Bernard &#8211; R\u00e8glement \u00e9tal\u00e9"},"content":{"rendered":"<p>Lien pour 3 paiements : en septembre, octobre, novembre 2020.<\/p>\n","protected":false},"excerpt":{"rendered":"<h4><strong>Paiement par carte de Cr\u00e9dit &#8220;sp\u00e9cial&#8221; Alain Bernard !!!<\/strong><\/h4>\n<h2><span style=\"color: #800000;\">\u00a0<\/span><\/h2>\n","protected":false},"featured_media":3099,"template":"","meta":[],"product_cat":[31],"product_tag":[],"yoast_head":"<!-- This site is optimized with the Yoast SEO plugin v20.5 - https:\/\/yoast.com\/wordpress\/plugins\/seo\/ -->\n<title>Jing Fang Avanc\u00e9 - Alain Bernard - R\u00e8glement \u00e9tal\u00e9 - Boutique de Sionneau.com<\/title>\n<meta name=\"robots\" content=\"index, follow, max-snippet:-1, max-image-preview:large, max-video-preview:-1\" \/>\n<link rel=\"canonical\" href=\"https:\/\/sionneau.com\/boutique\/medecine--chinoise\/jing-fang-avance-alain-bernard-reglement-etale\/\" \/>\n<meta property=\"og:locale\" content=\"fr_FR\" \/>\n<meta property=\"og:type\" content=\"article\" \/>\n<meta property=\"og:title\" content=\"Jing Fang Avanc\u00e9 - Alain Bernard - R\u00e8glement \u00e9tal\u00e9 - Boutique de Sionneau.com\" \/>\n<meta property=\"og:description\" content=\"Paiement par carte de Cr\u00e9dit &quot;sp\u00e9cial&quot; Alain Bernard !!! \u00a0\" \/>\n<meta property=\"og:url\" content=\"https:\/\/sionneau.com\/boutique\/medecine--chinoise\/jing-fang-avance-alain-bernard-reglement-etale\/\" \/>\n<meta property=\"og:site_name\" content=\"Boutique de Sionneau.com\" \/>\n<meta property=\"article:modified_time\" content=\"2020-07-07T18:41:35+00:00\" \/>\n<meta property=\"og:image\" content=\"https:\/\/sionneau.com\/boutique\/wp-content\/uploads\/2020\/01\/pouls.jpg\" \/>\n\t<meta property=\"og:image:width\" content=\"500\" \/>\n\t<meta property=\"og:image:height\" content=\"333\" \/>\n\t<meta property=\"og:image:type\" content=\"image\/jpeg\" \/>\n<meta name=\"twitter:card\" content=\"summary_large_image\" \/>\n<script type=\"application\/ld+json\" class=\"yoast-schema-graph\">{\"@context\":\"https:\/\/schema.org\",\"@graph\":[{\"@type\":\"WebPage\",\"@id\":\"https:\/\/sionneau.com\/boutique\/medecine--chinoise\/jing-fang-avance-alain-bernard-reglement-etale\/\",\"url\":\"https:\/\/sionneau.com\/boutique\/medecine--chinoise\/jing-fang-avance-alain-bernard-reglement-etale\/\",\"name\":\"Jing Fang Avanc\u00e9 - Alain Bernard - R\u00e8glement \u00e9tal\u00e9 - Boutique de Sionneau.com\",\"isPartOf\":{\"@id\":\"https:\/\/sionneau.com\/boutique\/#website\"},\"datePublished\":\"2020-07-07T18:33:57+00:00\",\"dateModified\":\"2020-07-07T18:41:35+00:00\",\"breadcrumb\":{\"@id\":\"https:\/\/sionneau.com\/boutique\/medecine--chinoise\/jing-fang-avance-alain-bernard-reglement-etale\/#breadcrumb\"},\"inLanguage\":\"fr-FR\",\"potentialAction\":[{\"@type\":\"ReadAction\",\"target\":[\"https:\/\/sionneau.com\/boutique\/medecine--chinoise\/jing-fang-avance-alain-bernard-reglement-etale\/\"]}]},{\"@type\":\"BreadcrumbList\",\"@id\":\"https:\/\/sionneau.com\/boutique\/medecine--chinoise\/jing-fang-avance-alain-bernard-reglement-etale\/#breadcrumb\",\"itemListElement\":[{\"@type\":\"ListItem\",\"position\":1,\"name\":\"Accueil\",\"item\":\"https:\/\/sionneau.com\/boutique\/\"},{\"@type\":\"ListItem\",\"position\":2,\"name\":\"Boutique\",\"item\":\"https:\/\/sionneau.com\/boutique\/\"},{\"@type\":\"ListItem\",\"position\":3,\"name\":\"Jing Fang Avanc\u00e9 &#8211; Alain Bernard &#8211; R\u00e8glement \u00e9tal\u00e9\"}]},{\"@type\":\"WebSite\",\"@id\":\"https:\/\/sionneau.com\/boutique\/#website\",\"url\":\"https:\/\/sionneau.com\/boutique\/\",\"name\":\"Boutique de Sionneau.com\",\"description\":\"Authenticit\u00e9 &amp; professionnalisme\",\"publisher\":{\"@id\":\"https:\/\/sionneau.com\/boutique\/#organization\"},\"potentialAction\":[{\"@type\":\"SearchAction\",\"target\":{\"@type\":\"EntryPoint\",\"urlTemplate\":\"https:\/\/sionneau.com\/boutique\/?s={search_term_string}\"},\"query-input\":\"required name=search_term_string\"}],\"inLanguage\":\"fr-FR\"},{\"@type\":\"Organization\",\"@id\":\"https:\/\/sionneau.com\/boutique\/#organization\",\"name\":\"Philippe Sionneau\",\"url\":\"https:\/\/sionneau.com\/boutique\/\",\"logo\":{\"@type\":\"ImageObject\",\"inLanguage\":\"fr-FR\",\"@id\":\"https:\/\/sionneau.com\/boutique\/#\/schema\/logo\/image\/\",\"url\":\"https:\/\/sionneau.com\/boutique\/wp-content\/uploads\/2019\/03\/Sionneau-logo-1.png\",\"contentUrl\":\"https:\/\/sionneau.com\/boutique\/wp-content\/uploads\/2019\/03\/Sionneau-logo-1.png\",\"width\":600,\"height\":488,\"caption\":\"Philippe Sionneau\"},\"image\":{\"@id\":\"https:\/\/sionneau.com\/boutique\/#\/schema\/logo\/image\/\"}}]}<\/script>\n<!-- \/ Yoast SEO plugin. -->","yoast_head_json":{"title":"Jing Fang Avanc\u00e9 - Alain Bernard - R\u00e8glement \u00e9tal\u00e9 - Boutique de Sionneau.com","robots":{"index":"index","follow":"follow","max-snippet":"max-snippet:-1","max-image-preview":"max-image-preview:large","max-video-preview":"max-video-preview:-1"},"canonical":"https:\/\/sionneau.com\/boutique\/medecine--chinoise\/jing-fang-avance-alain-bernard-reglement-etale\/","og_locale":"fr_FR","og_type":"article","og_title":"Jing Fang Avanc\u00e9 - Alain Bernard - R\u00e8glement \u00e9tal\u00e9 - Boutique de Sionneau.com","og_description":"Paiement par carte de Cr\u00e9dit \"sp\u00e9cial\" Alain Bernard !!! \u00a0","og_url":"https:\/\/sionneau.com\/boutique\/medecine--chinoise\/jing-fang-avance-alain-bernard-reglement-etale\/","og_site_name":"Boutique de Sionneau.com","article_modified_time":"2020-07-07T18:41:35+00:00","og_image":[{"width":500,"height":333,"url":"https:\/\/sionneau.com\/boutique\/wp-content\/uploads\/2020\/01\/pouls.jpg","type":"image\/jpeg"}],"twitter_card":"summary_large_image","schema":{"@context":"https:\/\/schema.org","@graph":[{"@type":"WebPage","@id":"https:\/\/sionneau.com\/boutique\/medecine--chinoise\/jing-fang-avance-alain-bernard-reglement-etale\/","url":"https:\/\/sionneau.com\/boutique\/medecine--chinoise\/jing-fang-avance-alain-bernard-reglement-etale\/","name":"Jing Fang Avanc\u00e9 - Alain Bernard - R\u00e8glement \u00e9tal\u00e9 - Boutique de Sionneau.com","isPartOf":{"@id":"https:\/\/sionneau.com\/boutique\/#website"},"datePublished":"2020-07-07T18:33:57+00:00","dateModified":"2020-07-07T18:41:35+00:00","breadcrumb":{"@id":"https:\/\/sionneau.com\/boutique\/medecine--chinoise\/jing-fang-avance-alain-bernard-reglement-etale\/#breadcrumb"},"inLanguage":"fr-FR","potentialAction":[{"@type":"ReadAction","target":["https:\/\/sionneau.com\/boutique\/medecine--chinoise\/jing-fang-avance-alain-bernard-reglement-etale\/"]}]},{"@type":"BreadcrumbList","@id":"https:\/\/sionneau.com\/boutique\/medecine--chinoise\/jing-fang-avance-alain-bernard-reglement-etale\/#breadcrumb","itemListElement":[{"@type":"ListItem","position":1,"name":"Accueil","item":"https:\/\/sionneau.com\/boutique\/"},{"@type":"ListItem","position":2,"name":"Boutique","item":"https:\/\/sionneau.com\/boutique\/"},{"@type":"ListItem","position":3,"name":"Jing Fang Avanc\u00e9 &#8211; Alain Bernard &#8211; R\u00e8glement \u00e9tal\u00e9"}]},{"@type":"WebSite","@id":"https:\/\/sionneau.com\/boutique\/#website","url":"https:\/\/sionneau.com\/boutique\/","name":"Boutique de Sionneau.com","description":"Authenticit\u00e9 &amp; professionnalisme","publisher":{"@id":"https:\/\/sionneau.com\/boutique\/#organization"},"potentialAction":[{"@type":"SearchAction","target":{"@type":"EntryPoint","urlTemplate":"https:\/\/sionneau.com\/boutique\/?s={search_term_string}"},"query-input":"required name=search_term_string"}],"inLanguage":"fr-FR"},{"@type":"Organization","@id":"https:\/\/sionneau.com\/boutique\/#organization","name":"Philippe Sionneau","url":"https:\/\/sionneau.com\/boutique\/","logo":{"@type":"ImageObject","inLanguage":"fr-FR","@id":"https:\/\/sionneau.com\/boutique\/#\/schema\/logo\/image\/","url":"https:\/\/sionneau.com\/boutique\/wp-content\/uploads\/2019\/03\/Sionneau-logo-1.png","contentUrl":"https:\/\/sionneau.com\/boutique\/wp-content\/uploads\/2019\/03\/Sionneau-logo-1.png","width":600,"height":488,"caption":"Philippe Sionneau"},"image":{"@id":"https:\/\/sionneau.com\/boutique\/#\/schema\/logo\/image\/"}}]}},"_links":{"self":[{"href":"https:\/\/sionneau.com\/boutique\/wp-json\/wp\/v3\/product\/4962"}],"collection":[{"href":"https:\/\/sionneau.com\/boutique\/wp-json\/wp\/v3\/product"}],"about":[{"href":"https:\/\/sionneau.com\/boutique\/wp-json\/wp\/v2\/types\/product"}],"wp:featuredmedia":[{"embeddable":true,"href":"https:\/\/sionneau.com\/boutique\/wp-json\/wp\/v2\/media\/3099"}],"wp:attachment":[{"href":"https:\/\/sionneau.com\/boutique\/wp-json\/wp\/v2\/media?parent=4962"}],"wp:term":[{"taxonomy":"product_cat","embeddable":true,"href":"https:\/\/sionneau.com\/boutique\/wp-json\/wp\/v2\/product_cat?post=4962"},{"taxonomy":"product_tag","embeddable":true,"href":"https:\/\/sionneau.com\/boutique\/wp-json\/wp\/v2\/product_tag?post=4962"}],"curies":[{"name":"wp","href":"https:\/\/api.w.org\/{rel}","templated":true}]}}