{"id":48,"date":"2018-12-10T19:03:46","date_gmt":"2018-12-10T18:03:46","guid":{"rendered":"https:\/\/sionneau.com\/boutique\/?post_type=product&#038;p=48"},"modified":"2023-07-31T09:54:56","modified_gmt":"2023-07-31T07:54:56","slug":"traite-de-phytotherapie-chinoise","status":"publish","type":"product","link":"https:\/\/sionneau.com\/boutique\/medecine--chinoise\/traite-de-phytotherapie-chinoise\/","title":{"rendered":"Trait\u00e9 de phytoth\u00e9rapie chinoise"},"content":{"rendered":"<p>Le trait\u00e9 de phytoth\u00e9rapie chinoise est un v\u00e9ritable guide de prescriptions pour les praticiens et un manuel didactique pour une \u00e9tude efficace et pragmatique de la phytoth\u00e9rapie chinoise.<\/p>\n<p>Ce \u00ab libre-outil \u00bb d\u2019orientation pratique, permet de prescrire avec plus d\u2019efficience et de pertinence. Il am\u00e8ne \u00e0 comprendre l\u2019essence de cet art majeur. Un de ses objectifs est de faciliter la s\u00e9lection des substances m\u00e9dicinales pour \u00e9laborer des traitements qui touchent leur cible ainsi que d\u2019apprendre l\u2019art des modifications.<\/p>\n<p>L\u2019auteur aborde dans cet ouvrage 140 maladies, sympt\u00f4mes et syndromes de la m\u00e9decine chinoise qui correspondent \u00e0 plus de 250 pathologies courantes de la m\u00e9decine conventionnelle. Ils sont tir\u00e9s des grandes sp\u00e9cialit\u00e9s de la m\u00e9decine chinoise : m\u00e9decine interne, gyn\u00e9cologie, p\u00e9diatrie, rhumatologie, dermatologie, ophtalmologie, traumatologie, O.R.L.<\/p>\n<p>Ce livre propose aussi des informations totalement introuvables en langue occidentale comme par exemple les incompatibilit\u00e9s entre aliments et plantes m\u00e9dicinales, les rem\u00e8des qui guident l\u2019action des autres substances m\u00e9dicinales dans des canaux pr\u00e9cis, des zones du corps pr\u00e9cises, etc. Cet ouvrage pr\u00e9sente aussi les propri\u00e9t\u00e9s pharmacologiques des plantes selon la m\u00e9decine occidentale. Par exemple, quelles sont les plantes qui font baisser la tension art\u00e9rielle ou au contraire qui la font monter, celles qui luttent contre le cholest\u00e9rol ou le virus de la grippe, etc., etc. Un livre qui vous aidera \u00e0 mieux comprendre, mieux \u00e9tudier, mieux appliquer le joyau de la m\u00e9decine chinoise, la phytoth\u00e9rapie.<\/p>\n<p>Cet \u00e9clairage novateur et p\u00e9dagogique de la phytoth\u00e9rapie chinoise, pr\u00e9sent\u00e9 de mani\u00e8re claire et concise, notamment dans des tableaux \u00e0 consultation rapide, sera d\u2019une aide pr\u00e9cieuse pour le prescripteur, l\u2019\u00e9tudiant ou l\u2019enseignant.<\/p>\n<p>Philippe Sionneau nous offre \u00e0 nouveau une oeuvre majeure sur la pharmacologie chinoise avec de nombreuses informations totalement in\u00e9dites en Occident, prouvant son r\u00f4le de leader dans cette sp\u00e9cialit\u00e9.<\/p>\n<h4>Plus de d\u00e9tails sur le contenu :<\/h4>\n<p>Lire la pr\u00e9face de Philippe Sionneau : <a href=\"https:\/\/e.pcloud.link\/publink\/show?code=XZyHDBZMD3tdeJCTxVmBLvWsMgxwBxrWV9k\" target=\"_blank\" rel=\"noopener noreferrer\">cliquez ici (fichier pdf : n\u00e9cessite Adobe Reader)<\/a><\/p>\n<p>Comment utiliser ce livre : <a href=\"https:\/\/e.pcloud.link\/publink\/show?code=XZSzDBZCEt1xcEEFxfhTfXFdAbXDhTEWW2X\" target=\"_blank\" rel=\"noopener\">cliquez ici (fichier pdf : n\u00e9cessite Adobe Reader)<\/a><\/p>\n<p>Couverture et dos du livre : <a href=\"https:\/\/e.pcloud.link\/publink\/show?code=XZszDBZicFoleIJCbBLxV3x9YgUgY8TXxaV\" target=\"_blank\" rel=\"noopener noreferrer\">cliquez ici (fichier pdf : n\u00e9cessite Adobe Reader)<\/a><\/p>\n<p>La table des mati\u00e8res : <a href=\"https:\/\/e.pcloud.link\/publink\/show?code=XZezDBZRWV1tPKXh0zqiXTbAwXX0XK5YqnX\" target=\"_blank\" rel=\"noopener\">cliquez ici (fichier pdf : n\u00e9cessite Adobe Reader)<\/a><\/p>\n<p>Index des maladies et des sympt\u00f4mes : <a href=\"https:\/\/e.pcloud.link\/publink\/show?code=XZLFDBZCDC69LwdzkBgsMGd3U9GhBEHI2Wy\" target=\"_blank\" rel=\"noopener\">cliquez ici (fichier pdf : n\u00e9cessite Adobe Reader)<\/a><\/p>\n<h4 style=\"text-align: center;\">Un livre outil pour la pratique quotidienne<br \/>\nLe compagnon id\u00e9al des \u00e9tudiants<br \/>\nUne meilleure ma\u00eetrise de la pharmacologie chinoise<\/h4>\n<p style=\"text-align: center;\"><strong>576 pages<\/strong><br \/>\n<strong>Tr\u00e8s grand format (220&#215;285)<\/strong><br \/>\n<strong>Couverture en dur<\/strong><br \/>\n<strong>Pr\u00e9sentation tr\u00e8s pratique<br \/>\nPrix public: 65 Euro<br \/>\nISBN: 84-616-8374-9<\/strong><\/p>\n<h3 style=\"text-align: center;\"><strong>COMMENT COMMANDER CE LIVRE ?<\/strong><\/h3>\n<p><strong>Vous pouvez commander ce livre de trois mani\u00e8res :<\/strong><\/p>\n<ul>\n<li>soit par carte bancaire<\/li>\n<li>soit par virement bancaire<\/li>\n<li>soit par ch\u00e8que bancaire<\/li>\n<\/ul>\n<p>Veuillez suivre les indications pour chaque type de paiement.<\/p>\n<h3>Paiement par carte bancaire :<\/h3>\n<p>1- Ajouter ce livre \u00e0 votre panier (Bouton &#8220;Ajouter au Panier&#8221;).<br \/>\n2- Rendez vous sur la page de validation de commande (Bouton &#8220;Voir le panier&#8221; ou &#8220;Validation de la commande&#8221;).<br \/>\n3- S\u00e9lectionner l\u2019option de paiement par carte bancaire apr\u00e8s avoir entr\u00e9 vos informations de contact.<br \/>\n4- Vous serez guid\u00e9 \u00e0 travers un syst\u00e8me de paiement s\u00e9curis\u00e9 et automatique.<br \/>\n5- Les frais de port sont calcul\u00e9s automatiquement. <a href=\"https:\/\/sionneau.com\/boutique\/ tarifs-livraison\/\">Les tarifs sont expliqu\u00e9s en d\u00e9tail ici <\/a><br \/>\n6- Vous recevrez un email de confirmation de paiement ainsi que la facture. Le livre sera exp\u00e9di\u00e9 tr\u00e8s vite.<\/p>\n<p><script>\ndocument.write('<a class=\"storefront-sticky-add-to-cart__content-button button alt\" href=\"'); document.write((window.location.href).split(\"?\")[0]); document.write('?add-to-cart=48'); document.write('\"> Ajouter au panier <\/a>');\n<\/script> <a class=\"button checkout wc-forward\" href=\"https:\/\/sionneau.com\/boutique\/commande\/\">Validation de la commande<\/a><\/p>\n<h3>Paiement par virement bancaire<\/h3>\n<p>1- Ajouter ce livre \u00e0 votre panier (Bouton &#8220;Ajouter au Panier&#8221;).<br \/>\n2- Rendez vous sur la page de validation de commande (Bouton &#8220;Voir le panier&#8221; ou &#8220;Validation de la commande&#8221;).<br \/>\n3- S\u00e9lectionner l\u2019option de paiement par virement bancaire apr\u00e8s avoir entr\u00e9 vos informations de contact.<br \/>\n4- Les instructions de paiement vous seront communiqu\u00e9es au moment de l\u2019achat et par email.<br \/>\n5- Les frais de port sont calcul\u00e9s automatiquement. <a href=\"https:\/\/sionneau.com\/boutique\/ tarifs-livraison\/\">Les tarifs sont expliqu\u00e9s en d\u00e9tail ici <\/a><br \/>\n6- Les frais bancaires sont \u00e0 votre charge.<br \/>\n7- Lorsque votre virement bancaire sera re\u00e7u vous recevrez un email de confirmation de paiement avec la facture et le livre sera rapidement envoy\u00e9.<\/p>\n<p><script>\ndocument.write('<a class=\"storefront-sticky-add-to-cart__content-button button alt\" href=\"'); document.write((window.location.href).split(\"?\")[0]); document.write('?add-to-cart=48'); document.write('\"> Ajouter au panier <\/a>');\n<\/script> <a class=\"button checkout wc-forward\" href=\"https:\/\/sionneau.com\/boutique\/commande\/\">Validation de la commande<\/a><\/p>\n<h3>Paiement par ch\u00e8que bancaire <strong><br \/>\n<\/strong><\/h3>\n<p>1- Ajouter ce livre \u00e0 votre panier (Bouton &#8220;Ajouter au Panier&#8221;).<br \/>\n2- Rendez vous sur la page de validation de commande (Bouton &#8220;Voir le panier&#8221; ou &#8220;Validation de la commande&#8221;).<br \/>\n3- S\u00e9lectionner l\u2019option de paiement par ch\u00e8que apr\u00e8s avoir entr\u00e9 vos informations de contact.<br \/>\n4- Les instructions de paiement vous seront communiqu\u00e9es au moment de l\u2019achat et par email.<br \/>\n5- Les frais de port sont calcul\u00e9s automatiquement. <a href=\"https:\/\/sionneau.com\/boutique\/ tarifs-livraison\/\">Les tarifs sont expliqu\u00e9s en d\u00e9tail ici <\/a><br \/>\n7- Lorsque votre ch\u00e8que sera re\u00e7u vous recevrez un email de confirmation de paiement avec la facture et le livre sera imm\u00e9diatement envoy\u00e9.<\/p>\n<p><script>\ndocument.write('<a class=\"storefront-sticky-add-to-cart__content-button button alt\" href=\"'); document.write((window.location.href).split(\"?\")[0]); document.write('?add-to-cart=48'); document.write('\"> Ajouter au panier <\/a>');\n<\/script> <a class=\"button checkout wc-forward\" href=\"https:\/\/sionneau.com\/boutique\/commande\/\">Validation de la commande<\/a><\/p>\n<h4><strong>Nos garanties :<\/strong><\/h4>\n<h5>a &#8211; Envoi de votre commande le plus rapidement possible<br \/>\nb &#8211; Colis livr\u00e9 \u00e0 domicile<br \/>\nc &#8211; Colis suivi et s\u00e9curis\u00e9<br \/>\nd &#8211; Bonne humeur et sourire garantis 100% fait maison<\/h5>\n","protected":false},"excerpt":{"rendered":"<h4><span style=\"color: #800000;\"><span style=\"color: #0000ff;\">Philippe Sionneau nous offre \u00e0 nouveau une \u0153uvre extr\u00eamement pratique sur la pharmacologie chinoise avec de nombreuses informations totalement in\u00e9dites en Occident. Un ouvrage pr\u00e9cieux pour l&#8217;\u00e9tudiant et le praticien.<\/span><\/span><\/h4>\n","protected":false},"featured_media":17386,"template":"","meta":[],"product_cat":[20],"product_tag":[],"yoast_head":"<!-- This site is optimized with the Yoast SEO plugin v20.5 - https:\/\/yoast.com\/wordpress\/plugins\/seo\/ -->\n<title>Trait\u00e9 de phytoth\u00e9rapie chinoise - Boutique de Sionneau.com<\/title>\n<meta name=\"robots\" content=\"index, follow, max-snippet:-1, max-image-preview:large, max-video-preview:-1\" \/>\n<link rel=\"canonical\" href=\"https:\/\/sionneau.com\/boutique\/medecine--chinoise\/traite-de-phytotherapie-chinoise\/\" \/>\n<meta property=\"og:locale\" content=\"fr_FR\" \/>\n<meta property=\"og:type\" content=\"article\" \/>\n<meta property=\"og:title\" content=\"Trait\u00e9 de phytoth\u00e9rapie chinoise - Boutique de Sionneau.com\" \/>\n<meta property=\"og:description\" content=\"Philippe Sionneau nous offre \u00e0 nouveau une \u0153uvre extr\u00eamement pratique sur la pharmacologie chinoise avec de nombreuses informations totalement in\u00e9dites en Occident. Un ouvrage pr\u00e9cieux pour l&#039;\u00e9tudiant et le praticien.\" \/>\n<meta property=\"og:url\" content=\"https:\/\/sionneau.com\/boutique\/medecine--chinoise\/traite-de-phytotherapie-chinoise\/\" \/>\n<meta property=\"og:site_name\" content=\"Boutique de Sionneau.com\" \/>\n<meta property=\"article:modified_time\" content=\"2023-07-31T07:54:56+00:00\" \/>\n<meta property=\"og:image\" content=\"https:\/\/sionneau.com\/boutique\/wp-content\/uploads\/2018\/12\/Trait\u00e9-de-phytoth\u00e9rapie-chinoise-Philippe-Sionneau-nouveau.png\" \/>\n\t<meta property=\"og:image:width\" content=\"383\" \/>\n\t<meta property=\"og:image:height\" content=\"488\" \/>\n\t<meta property=\"og:image:type\" content=\"image\/png\" \/>\n<meta name=\"twitter:card\" content=\"summary_large_image\" \/>\n<meta name=\"twitter:label1\" content=\"Dur\u00e9e de lecture estim\u00e9e\" \/>\n\t<meta name=\"twitter:data1\" content=\"5 minutes\" \/>\n<script type=\"application\/ld+json\" class=\"yoast-schema-graph\">{\"@context\":\"https:\/\/schema.org\",\"@graph\":[{\"@type\":\"WebPage\",\"@id\":\"https:\/\/sionneau.com\/boutique\/medecine--chinoise\/traite-de-phytotherapie-chinoise\/\",\"url\":\"https:\/\/sionneau.com\/boutique\/medecine--chinoise\/traite-de-phytotherapie-chinoise\/\",\"name\":\"Trait\u00e9 de phytoth\u00e9rapie chinoise - Boutique de Sionneau.com\",\"isPartOf\":{\"@id\":\"https:\/\/sionneau.com\/boutique\/#website\"},\"datePublished\":\"2018-12-10T18:03:46+00:00\",\"dateModified\":\"2023-07-31T07:54:56+00:00\",\"breadcrumb\":{\"@id\":\"https:\/\/sionneau.com\/boutique\/medecine--chinoise\/traite-de-phytotherapie-chinoise\/#breadcrumb\"},\"inLanguage\":\"fr-FR\",\"potentialAction\":[{\"@type\":\"ReadAction\",\"target\":[\"https:\/\/sionneau.com\/boutique\/medecine--chinoise\/traite-de-phytotherapie-chinoise\/\"]}]},{\"@type\":\"BreadcrumbList\",\"@id\":\"https:\/\/sionneau.com\/boutique\/medecine--chinoise\/traite-de-phytotherapie-chinoise\/#breadcrumb\",\"itemListElement\":[{\"@type\":\"ListItem\",\"position\":1,\"name\":\"Accueil\",\"item\":\"https:\/\/sionneau.com\/boutique\/\"},{\"@type\":\"ListItem\",\"position\":2,\"name\":\"Boutique\",\"item\":\"https:\/\/sionneau.com\/boutique\/\"},{\"@type\":\"ListItem\",\"position\":3,\"name\":\"Trait\u00e9 de phytoth\u00e9rapie chinoise\"}]},{\"@type\":\"WebSite\",\"@id\":\"https:\/\/sionneau.com\/boutique\/#website\",\"url\":\"https:\/\/sionneau.com\/boutique\/\",\"name\":\"Boutique de Sionneau.com\",\"description\":\"Authenticit\u00e9 &amp; professionnalisme\",\"publisher\":{\"@id\":\"https:\/\/sionneau.com\/boutique\/#organization\"},\"potentialAction\":[{\"@type\":\"SearchAction\",\"target\":{\"@type\":\"EntryPoint\",\"urlTemplate\":\"https:\/\/sionneau.com\/boutique\/?s={search_term_string}\"},\"query-input\":\"required name=search_term_string\"}],\"inLanguage\":\"fr-FR\"},{\"@type\":\"Organization\",\"@id\":\"https:\/\/sionneau.com\/boutique\/#organization\",\"name\":\"Philippe Sionneau\",\"url\":\"https:\/\/sionneau.com\/boutique\/\",\"logo\":{\"@type\":\"ImageObject\",\"inLanguage\":\"fr-FR\",\"@id\":\"https:\/\/sionneau.com\/boutique\/#\/schema\/logo\/image\/\",\"url\":\"https:\/\/sionneau.com\/boutique\/wp-content\/uploads\/2019\/03\/Sionneau-logo-1.png\",\"contentUrl\":\"https:\/\/sionneau.com\/boutique\/wp-content\/uploads\/2019\/03\/Sionneau-logo-1.png\",\"width\":600,\"height\":488,\"caption\":\"Philippe Sionneau\"},\"image\":{\"@id\":\"https:\/\/sionneau.com\/boutique\/#\/schema\/logo\/image\/\"}}]}<\/script>\n<!-- \/ Yoast SEO plugin. -->","yoast_head_json":{"title":"Trait\u00e9 de phytoth\u00e9rapie chinoise - Boutique de Sionneau.com","robots":{"index":"index","follow":"follow","max-snippet":"max-snippet:-1","max-image-preview":"max-image-preview:large","max-video-preview":"max-video-preview:-1"},"canonical":"https:\/\/sionneau.com\/boutique\/medecine--chinoise\/traite-de-phytotherapie-chinoise\/","og_locale":"fr_FR","og_type":"article","og_title":"Trait\u00e9 de phytoth\u00e9rapie chinoise - Boutique de Sionneau.com","og_description":"Philippe Sionneau nous offre \u00e0 nouveau une \u0153uvre extr\u00eamement pratique sur la pharmacologie chinoise avec de nombreuses informations totalement in\u00e9dites en Occident. Un ouvrage pr\u00e9cieux pour l'\u00e9tudiant et le praticien.","og_url":"https:\/\/sionneau.com\/boutique\/medecine--chinoise\/traite-de-phytotherapie-chinoise\/","og_site_name":"Boutique de Sionneau.com","article_modified_time":"2023-07-31T07:54:56+00:00","og_image":[{"width":383,"height":488,"url":"https:\/\/sionneau.com\/boutique\/wp-content\/uploads\/2018\/12\/Trait\u00e9-de-phytoth\u00e9rapie-chinoise-Philippe-Sionneau-nouveau.png","type":"image\/png"}],"twitter_card":"summary_large_image","twitter_misc":{"Dur\u00e9e de lecture estim\u00e9e":"5 minutes"},"schema":{"@context":"https:\/\/schema.org","@graph":[{"@type":"WebPage","@id":"https:\/\/sionneau.com\/boutique\/medecine--chinoise\/traite-de-phytotherapie-chinoise\/","url":"https:\/\/sionneau.com\/boutique\/medecine--chinoise\/traite-de-phytotherapie-chinoise\/","name":"Trait\u00e9 de phytoth\u00e9rapie chinoise - Boutique de Sionneau.com","isPartOf":{"@id":"https:\/\/sionneau.com\/boutique\/#website"},"datePublished":"2018-12-10T18:03:46+00:00","dateModified":"2023-07-31T07:54:56+00:00","breadcrumb":{"@id":"https:\/\/sionneau.com\/boutique\/medecine--chinoise\/traite-de-phytotherapie-chinoise\/#breadcrumb"},"inLanguage":"fr-FR","potentialAction":[{"@type":"ReadAction","target":["https:\/\/sionneau.com\/boutique\/medecine--chinoise\/traite-de-phytotherapie-chinoise\/"]}]},{"@type":"BreadcrumbList","@id":"https:\/\/sionneau.com\/boutique\/medecine--chinoise\/traite-de-phytotherapie-chinoise\/#breadcrumb","itemListElement":[{"@type":"ListItem","position":1,"name":"Accueil","item":"https:\/\/sionneau.com\/boutique\/"},{"@type":"ListItem","position":2,"name":"Boutique","item":"https:\/\/sionneau.com\/boutique\/"},{"@type":"ListItem","position":3,"name":"Trait\u00e9 de phytoth\u00e9rapie chinoise"}]},{"@type":"WebSite","@id":"https:\/\/sionneau.com\/boutique\/#website","url":"https:\/\/sionneau.com\/boutique\/","name":"Boutique de Sionneau.com","description":"Authenticit\u00e9 &amp; professionnalisme","publisher":{"@id":"https:\/\/sionneau.com\/boutique\/#organization"},"potentialAction":[{"@type":"SearchAction","target":{"@type":"EntryPoint","urlTemplate":"https:\/\/sionneau.com\/boutique\/?s={search_term_string}"},"query-input":"required name=search_term_string"}],"inLanguage":"fr-FR"},{"@type":"Organization","@id":"https:\/\/sionneau.com\/boutique\/#organization","name":"Philippe Sionneau","url":"https:\/\/sionneau.com\/boutique\/","logo":{"@type":"ImageObject","inLanguage":"fr-FR","@id":"https:\/\/sionneau.com\/boutique\/#\/schema\/logo\/image\/","url":"https:\/\/sionneau.com\/boutique\/wp-content\/uploads\/2019\/03\/Sionneau-logo-1.png","contentUrl":"https:\/\/sionneau.com\/boutique\/wp-content\/uploads\/2019\/03\/Sionneau-logo-1.png","width":600,"height":488,"caption":"Philippe Sionneau"},"image":{"@id":"https:\/\/sionneau.com\/boutique\/#\/schema\/logo\/image\/"}}]}},"_links":{"self":[{"href":"https:\/\/sionneau.com\/boutique\/wp-json\/wp\/v3\/product\/48"}],"collection":[{"href":"https:\/\/sionneau.com\/boutique\/wp-json\/wp\/v3\/product"}],"about":[{"href":"https:\/\/sionneau.com\/boutique\/wp-json\/wp\/v2\/types\/product"}],"wp:featuredmedia":[{"embeddable":true,"href":"https:\/\/sionneau.com\/boutique\/wp-json\/wp\/v2\/media\/17386"}],"wp:attachment":[{"href":"https:\/\/sionneau.com\/boutique\/wp-json\/wp\/v2\/media?parent=48"}],"wp:term":[{"taxonomy":"product_cat","embeddable":true,"href":"https:\/\/sionneau.com\/boutique\/wp-json\/wp\/v2\/product_cat?post=48"},{"taxonomy":"product_tag","embeddable":true,"href":"https:\/\/sionneau.com\/boutique\/wp-json\/wp\/v2\/product_tag?post=48"}],"curies":[{"name":"wp","href":"https:\/\/api.w.org\/{rel}","templated":true}]}}