{"id":42863,"date":"2024-07-11T17:19:14","date_gmt":"2024-07-11T15:19:14","guid":{"rendered":"https:\/\/sionneau.com\/boutique\/?post_type=product&#038;p=42863"},"modified":"2024-07-31T16:49:34","modified_gmt":"2024-07-31T14:49:34","slug":"les-emotions-en-medecine-chinoise","status":"publish","type":"product","link":"https:\/\/sionneau.com\/boutique\/medecine--chinoise\/les-emotions-en-medecine-chinoise\/","title":{"rendered":"Les \u00e9motions en m\u00e9decine chinoise"},"content":{"rendered":"<p>Cette formation en ligne propose une pr\u00e9sentation approfondie du concept d\u2019\u00e9motion en m\u00e9decine chinoise. A travers les classiques de la m\u00e9decine chinoise, les textes philosophiques et les trait\u00e9s de l\u2019alchimie tao\u00efste, nous aborderons de mani\u00e8re passionnante ce ph\u00e9nom\u00e8ne consid\u00e9r\u00e9 comme la cause interne des maladies. Apr\u00e8s avoir fait la diff\u00e9rence entre l\u2019approche de la m\u00e9decine chinoise et de la psychoth\u00e9rapie occidentale, nous d\u00e9velopperons tous les \u00e9l\u00e9ments essentiels \u00e0 une bonne compr\u00e9hension et une bonne utilisation de cette notion dans la pratique clinique. Nous ferons le clair sur la terminologie, sur les caract\u00e9ristiques profondes de ces ph\u00e9nom\u00e8nes et surtout nous d\u00e9velopperons des th\u00e9ories absentes des enseignements contemporains (comme par exemple le r\u00f4le de la v\u00e9sicule biliaire dans l\u2019att\u00e9nuation des stress \u00e9motionnels). L\u2019objectif de cet enseignement est de pr\u00e9senter les 7 \u00e9motions telles qu\u2019elles sont per\u00e7ues r\u00e9ellement en m\u00e9decine chinoise et dans la civilisation chinoise pour une pratique clinique plus juste, plus pertinente, plus directe.<\/p>\n<p><span style=\"color: #ff0000;\"><strong>Cette formation en ligne est accompagn\u00e9e d\u2019un support de cours de 184 slides en couleur (92 pages).<\/strong><\/span><\/p>\n<p><strong><span style=\"color: #ff0000;\">Cette formation en ligne b\u00e9n\u00e9ficie d\u2019un forum d\u00e9di\u00e9 o\u00f9 vous pouvez poser vos questions \u00e0 Philippe Sionneau.<\/span><\/strong><\/p>\n<p>La formation est accessible pendant 12 mois<\/p>\n<p><strong>Programme<\/strong><\/p>\n<h4><strong>Vid\u00e9o 1\u00a0:<\/strong><\/h4>\n<ul>\n<li>La psychologie n\u2019existe pas en m\u00e9decine chinoise<\/li>\n<li>Comprendre la terminologie : zh\u00ec (\u5fd7) et q\u00edng (\u60c5)<\/li>\n<li>Les \u00e9motions exprim\u00e9es, ext\u00e9rioris\u00e9es\u00a0: \u00ab\u00a0w\u00e0i q\u00edng \u5916\u60c5\u00a0\u00bb<\/li>\n<li>Les \u00e9motions latentes, non ext\u00e9rioris\u00e9es\u00a0: \u00ab\u00a0n\u00e8i zh\u00ec \u5185\u5fd7\u00a0\u00bb<\/li>\n<\/ul>\n<h4><strong>Vid\u00e9o 2\u00a0:<\/strong><\/h4>\n<ul>\n<li>Aspect physiologique des \u00e9motions<\/li>\n<li>Les \u00e9motions sont une transformation du q\u00ec des cinq organes z\u00e0ng<\/li>\n<li>Les cinq \u00e9motions fondamentales<\/li>\n<li>Facette physiologique des 7 \u00e9motions<\/li>\n<li>Le c\u0153ur : la \u00ab centrale \u00e9motionnelle \u00bb<\/li>\n<\/ul>\n<h4><strong>Vid\u00e9o 3\u00a0:<\/strong><\/h4>\n<ul>\n<li>Le r\u00f4le du cerveau<\/li>\n<li>Cerveau\u00a0: le palais de l\u2019esprit originel<\/li>\n<li>Cerveau et \u00e9motions\u00a0?<\/li>\n<\/ul>\n<h4><strong>Vid\u00e9o 4<\/strong><\/h4>\n<ul>\n<li>Le r\u00f4le de la v\u00e9sicule biliaire<\/li>\n<li>V\u00e9sicule biliaire et agressions psychologiques<\/li>\n<li>La v\u00e9sicule biliaire appartient \u00e0 l\u2019Eau qui contr\u00f4le le feu du c\u0153ur<\/li>\n<li>La v\u00e9sicule biliaire, le sixi\u00e8me organe z\u00e0ng.<\/li>\n<\/ul>\n<h4><strong>Vid\u00e9o 5<\/strong><\/h4>\n<ul>\n<li>Les \u00e9motions : cause interne des maladies<\/li>\n<li>L\u00e9sions internes des sept \u00e9motions<\/li>\n<li>Importance des \u00e9motions dans les pathologies<\/li>\n<li>Les \u00e9motions causes plus fr\u00e9quentes des maladies aujourd\u2019hui\u00a0?<\/li>\n<\/ul>\n<h4><strong>Vid\u00e9o 6<\/strong><\/h4>\n<ul>\n<li>D\u00e9sirs et \u00e9motions : causes de d\u00e9sordres spirituels selon le tao\u00efsme<\/li>\n<li>X\u00ecng (\u6027), la \u00ab\u00a0nature inn\u00e9e\u00a0\u00bb<\/li>\n<li>M\u00ecng (\u547d) la \u00ab\u00a0force vitale\u00a0\u00bb<\/li>\n<li>Les enseignements du grand-p\u00e8re du bord du fleuve (<strong>H\u00e9 Sh\u00e0ng G\u014dng<\/strong>)<\/li>\n<\/ul>\n<h4><strong>Vid\u00e9o 7 et 8<\/strong><\/h4>\n<ul>\n<li>Les 6 cons\u00e9quences pathologiques majeures des troubles \u00e9motionnels<\/li>\n<\/ul>\n<h4><strong>Vid\u00e9o 9 et 10<\/strong><\/h4>\n<ul>\n<li>Effets des \u00e9motions perturbatrices sur le q\u00ec\u00a0: significations et cons\u00e9quences<\/li>\n<li>La col\u00e8re fait monter le q\u00ec (n\u00f9 z\u00e9 q\u00ec sh\u00e0ng)<\/li>\n<li>La joie d\u00e9tend le q\u00ec (x\u01d0 z\u00e9 q\u00ec hu\u01cen)<\/li>\n<li>La tristesse dissipe le q\u00ec (b\u0113i z\u00e9 q\u00ec xi\u0101o)<\/li>\n<li>La peur abaisse le q\u00ec (k\u01d2ng z\u00e9 q\u00ec xi\u00e0)<\/li>\n<li>La frayeur provoque un d\u00e9sordre du q\u00ec (j\u012bng z\u00e9 q\u00ec lu\u00e0n)<\/li>\n<li>Les soucis nouent le q\u00ec (s\u012b z\u00e9 q\u00ec ji\u00e9)<\/li>\n<\/ul>\n<h4><strong>Vid\u00e9o 11<\/strong><\/h4>\n<ul>\n<li>Effets des \u00e9motions perturbatrices sur le q\u00ec\u00a0: les variantes du chapitre 39 du S\u00f9 W\u00e8n<\/li>\n<li>Formulaire des maladies selon les trois causes (S\u0101n Y\u012bn J\u00ed Y\u012b B\u00ecng Zh\u00e8ng F\u0101ng L\u00f9n)<\/li>\n<li>Recueil pour nourrir la nature inn\u00e9e afin de prolonger la vie (Y\u01ceng X\u00ecng Y\u00e1n M\u00ecng L\u00f9)<\/li>\n<li>Formules excellentes aux r\u00e9sultats extraordinaires (Q\u00ed Xi\u00e0o Li\u00e1ng F\u0101ng)<\/li>\n<li>Paroles diverses de l\u2019\u00e9tang sup\u00e9rieur (Sh\u00e0ng Ch\u00ed Z\u00e1 Shu\u014d<\/li>\n<\/ul>\n<h3><strong>Enseignant<\/strong>\u00a0:<\/h3>\n<p>Philippe Sionneau est l\u2019un des experts de m\u00e9decine chinoise les plus appr\u00e9ci\u00e9s en Europe. Il est \u00e0 l\u2019origine de l\u2019introduction de tr\u00e8s nombreuses informations jusqu\u2019alors in\u00e9dites dans nos pays et notamment dans le domaine de la pharmacologie chinoise, de l\u2019acupuncture et des pathologies. Il a publi\u00e9 plus d\u2019une trentaine de livres. Plusieurs de ses ouvrages sont utilis\u00e9s dans les universit\u00e9s am\u00e9ricaines, canadiennes et australiennes. Depuis 25 ans, il fait le bonheur de plusieurs g\u00e9n\u00e9rations d\u2019\u00e9tudiants et de praticiens de m\u00e9decine chinoise. Ses cours remportent un grand succ\u00e8s en France. C\u2019est l\u2019un des rares occidentaux \u00e0 avoir suivi un cursus complet en m\u00e9decine chinoise dans une universit\u00e9 en Chine, la Hubei University of Chinese Medicine, dont il est dipl\u00f4m\u00e9. Il s\u2019agit d\u2019un dipl\u00f4me d\u2019\u00e9tat officiel de Chine Populaire. Pour \u00eatre plus exact, il poss\u00e8de un bachelor degree qui donne droit \u00e0 pratiquer la m\u00e9decine chinoise dans n\u2019importe quel h\u00f4pital en Chine. Il est consid\u00e9r\u00e9 l\u00e0-bas comme m\u00e9decin.\u00a0<strong>C\u2019est le premier fran\u00e7ais et un des tr\u00e8s rares \u00e0 avoir obtenu ce titre.<\/strong><\/p>\n<h3><strong>Tarif\u00a0<\/strong>:<\/h3>\n<p>Promo : <strong>52<\/strong> euros au lieu de <del>68<\/del> euros<\/p>\n<h3><strong>Dur\u00e9e totale des vid\u00e9os :<\/strong><\/h3>\n<p>2 heures<\/p>\n<h3><strong>Accessibilit\u00e9<\/strong>\u00a0:<\/h3>\n<p>illimit\u00e9 sur 1 an (12 mois)<\/p>\n<h3><strong>Comment acheter le cours et y avoir acc\u00e8s\u00a0?<\/strong><\/h3>\n<h3><strong>D\u00e9roulement de l\u2019inscription\u00a0:<\/strong><\/h3>\n<ol>\n<li>Vous devez r\u00e9gler votre formation par carte bancaire, ch\u00e8que ou virement bancaire.<\/li>\n<li>Nous vous enverrons votre acc\u00e8s \u00e0 votre adresse e-mail d\u00e8s que nous aurons re\u00e7u la confirmation du paiement.<\/li>\n<li>D\u00e8s r\u00e9ception de vos acc\u00e8s vous pouvez commencer votre cours.<\/li>\n<li>Le cours se d\u00e9roule sur une plateforme de e-learning d\u00e9di\u00e9e et s\u00e9curis\u00e9e.<\/li>\n<\/ol>\n<h3><strong>Comment r\u00e9gler la formation<\/strong><\/h3>\n<p><strong>Vous pouvez payer cette formation de trois mani\u00e8res :<\/strong><\/p>\n<ul>\n<li>soit par carte bancaire<\/li>\n<li>soit par virement bancaire<\/li>\n<li>soit par ch\u00e8que bancaire<\/li>\n<\/ul>\n<h3>Paiement par carte bancaire :<\/h3>\n<p>1- Ajouter cette formation \u00e0 votre panier (Bouton \u201cAjouter au Panier\u201d).<br \/>\n2- Validez votre commande en cliquant sur le bouton \u201cVoir le panier\u201d ou \u201cValidation de la commande\u00a0\u00bb.<br \/>\n3- S\u00e9lectionner l\u2019option de paiement par carte bancaire apr\u00e8s avoir entr\u00e9 vos informations de contact.<br \/>\n4- Vous serez guid\u00e9 \u00e0 travers un syst\u00e8me de paiement s\u00e9curis\u00e9 et automatique.<br \/>\n5- Vous recevrez un email de confirmation de paiement ainsi que la facture.<br \/>\n6- Vous recevrez \u00e9galement un email o\u00f9 seront notifi\u00e9s vos identifiants et acc\u00e8s \u00e0 la formation.<\/p>\n<p><a class=\"storefront-sticky-add-to-cart__content-button button alt\" href=\"https:\/\/sionneau.com\/boutique\/medecine--chinoise\/les-emotions-en-medecine-chinoise\/?add-to-cart=42863\">Ajouter au panier<\/a><\/p>\n<h3>Paiement par virement bancaire<\/h3>\n<p>1- Ajouter cette formation \u00e0 votre panier (Bouton \u201cAjouter au Panier\u201d).<br \/>\n2- Validez votre commande en cliquant sur le bouton \u201cVoir le panier\u201d ou \u201cValidation de la commande\u00a0\u00bb.<br \/>\n3- S\u00e9lectionner l\u2019option de paiement par virement bancaire apr\u00e8s avoir entr\u00e9 vos informations de contact.<br \/>\n4- Les instructions de paiement vous seront communiqu\u00e9es au moment de l\u2019achat et par email.<br \/>\n<strong>5- Les frais bancaires sont \u00e0 votre charge.<\/strong><br \/>\n6- Lorsque votre virement bancaire sera re\u00e7u vous recevrez un email de confirmation de paiement ainsi que la facture.<br \/>\n7- D\u00e8s r\u00e9ception du virement, nous vous enverrons vos identifiants et acc\u00e8s \u00e0 la formation par email.<\/p>\n<p><a class=\"storefront-sticky-add-to-cart__content-button button alt\" href=\"https:\/\/sionneau.com\/boutique\/medecine--chinoise\/les-emotions-en-medecine-chinoise\/?add-to-cart=42863\">Ajouter au panier<\/a><\/p>\n<h3>Paiement par ch\u00e8que bancaire\u00a0<strong><br \/>\n<\/strong><\/h3>\n<p>1- Ajouter cette formation \u00e0 votre panier (Bouton \u201cAjouter au Panier\u201d).<br \/>\n2- Validez votre commande en cliquant sur le bouton \u201cVoir le panier\u201d ou \u201cValidation de la commande\u00a0\u00bb.<br \/>\n3- S\u00e9lectionner l\u2019option de paiement par ch\u00e8que apr\u00e8s avoir entr\u00e9 vos informations de contact.<br \/>\n4- Les instructions de paiement vous seront communiqu\u00e9es au moment de l\u2019achat et par email.<br \/>\n5- Lorsque votre ch\u00e8que sera re\u00e7u vous recevrez un email de confirmation de paiement avec la facture.<br \/>\n6- D\u00e8s encaissement du ch\u00e8que, nous vous enverrons vos identifiants et acc\u00e8s \u00e0 la formation par email.<\/p>\n<p><a class=\"storefront-sticky-add-to-cart__content-button button alt\" href=\"https:\/\/sionneau.com\/boutique\/medecine--chinoise\/les-emotions-en-medecine-chinoise\/?add-to-cart=42863\">Ajouter au panier<\/a><\/p>\n<h3><strong>Voir aussi les cours en ligne \u00ab Les Majeurs \u00bb : <\/strong><a href=\"https:\/\/sionneau.com\/e-learning\/-en-ligne\" target=\"_blank\" rel=\"noopener\">veuillez cliquer ici : <\/a><a href=\"https:\/\/sionneau.com\/boutique\/medecine-chinoise\/cours-en-ligne\/\">https:\/\/sionneau.com\/boutique\/medecine-chinoise\/cours-en-ligne\/<\/a><\/h3>\n<p><strong>Un probl\u00e8me technique ? Contactez<\/strong>\u00a0<strong><a href=\"mailto:support@sionneau.com\">support@sionneau.com<\/a><\/strong><\/p>\n","protected":false},"excerpt":{"rendered":"<p>Cette formation en ligne propose une pr\u00e9sentation approfondie du concept d\u2019\u00e9motion en m\u00e9decine chinoise. A travers les classiques de la m\u00e9decine chinoise, les textes philosophiques et les trait\u00e9s de l\u2019alchimie tao\u00efste, nous aborderons de mani\u00e8re passionnante ce ph\u00e9nom\u00e8ne consid\u00e9r\u00e9 comme la cause interne des maladies. Apr\u00e8s avoir fait la diff\u00e9rence entre l\u2019approche de la m\u00e9decine [&hellip;]<\/p>\n","protected":false},"featured_media":43233,"template":"","meta":[],"product_cat":[54],"product_tag":[],"yoast_head":"<!-- This site is optimized with the Yoast SEO plugin v20.5 - https:\/\/yoast.com\/wordpress\/plugins\/seo\/ -->\n<title>Les \u00e9motions en m\u00e9decine chinoise - Boutique de Sionneau.com<\/title>\n<meta name=\"robots\" content=\"index, follow, max-snippet:-1, max-image-preview:large, max-video-preview:-1\" \/>\n<link rel=\"canonical\" href=\"https:\/\/sionneau.com\/boutique\/medecine--chinoise\/les-emotions-en-medecine-chinoise\/\" \/>\n<meta property=\"og:locale\" content=\"fr_FR\" \/>\n<meta property=\"og:type\" content=\"article\" \/>\n<meta property=\"og:title\" content=\"Les \u00e9motions en m\u00e9decine chinoise - Boutique de Sionneau.com\" \/>\n<meta property=\"og:description\" content=\"Cette formation en ligne propose une pr\u00e9sentation approfondie du concept d\u2019\u00e9motion en m\u00e9decine chinoise. A travers les classiques de la m\u00e9decine chinoise, les textes philosophiques et les trait\u00e9s de l\u2019alchimie tao\u00efste, nous aborderons de mani\u00e8re passionnante ce ph\u00e9nom\u00e8ne consid\u00e9r\u00e9 comme la cause interne des maladies. Apr\u00e8s avoir fait la diff\u00e9rence entre l\u2019approche de la m\u00e9decine [&hellip;]\" \/>\n<meta property=\"og:url\" content=\"https:\/\/sionneau.com\/boutique\/medecine--chinoise\/les-emotions-en-medecine-chinoise\/\" \/>\n<meta property=\"og:site_name\" content=\"Boutique de Sionneau.com\" \/>\n<meta property=\"article:modified_time\" content=\"2024-07-31T14:49:34+00:00\" \/>\n<meta property=\"og:image\" content=\"https:\/\/sionneau.com\/boutique\/wp-content\/uploads\/2024\/07\/emotions-en-medecine-chinoise-Sionneau.png\" \/>\n\t<meta property=\"og:image:width\" content=\"503\" \/>\n\t<meta property=\"og:image:height\" content=\"452\" \/>\n\t<meta property=\"og:image:type\" content=\"image\/png\" \/>\n<meta name=\"twitter:card\" content=\"summary_large_image\" \/>\n<meta name=\"twitter:label1\" content=\"Dur\u00e9e de lecture estim\u00e9e\" \/>\n\t<meta name=\"twitter:data1\" content=\"6 minutes\" \/>\n<script type=\"application\/ld+json\" class=\"yoast-schema-graph\">{\"@context\":\"https:\/\/schema.org\",\"@graph\":[{\"@type\":\"WebPage\",\"@id\":\"https:\/\/sionneau.com\/boutique\/medecine--chinoise\/les-emotions-en-medecine-chinoise\/\",\"url\":\"https:\/\/sionneau.com\/boutique\/medecine--chinoise\/les-emotions-en-medecine-chinoise\/\",\"name\":\"Les \u00e9motions en m\u00e9decine chinoise - Boutique de Sionneau.com\",\"isPartOf\":{\"@id\":\"https:\/\/sionneau.com\/boutique\/#website\"},\"datePublished\":\"2024-07-11T15:19:14+00:00\",\"dateModified\":\"2024-07-31T14:49:34+00:00\",\"breadcrumb\":{\"@id\":\"https:\/\/sionneau.com\/boutique\/medecine--chinoise\/les-emotions-en-medecine-chinoise\/#breadcrumb\"},\"inLanguage\":\"fr-FR\",\"potentialAction\":[{\"@type\":\"ReadAction\",\"target\":[\"https:\/\/sionneau.com\/boutique\/medecine--chinoise\/les-emotions-en-medecine-chinoise\/\"]}]},{\"@type\":\"BreadcrumbList\",\"@id\":\"https:\/\/sionneau.com\/boutique\/medecine--chinoise\/les-emotions-en-medecine-chinoise\/#breadcrumb\",\"itemListElement\":[{\"@type\":\"ListItem\",\"position\":1,\"name\":\"Accueil\",\"item\":\"https:\/\/sionneau.com\/boutique\/\"},{\"@type\":\"ListItem\",\"position\":2,\"name\":\"Boutique\",\"item\":\"https:\/\/sionneau.com\/boutique\/\"},{\"@type\":\"ListItem\",\"position\":3,\"name\":\"Les \u00e9motions en m\u00e9decine chinoise\"}]},{\"@type\":\"WebSite\",\"@id\":\"https:\/\/sionneau.com\/boutique\/#website\",\"url\":\"https:\/\/sionneau.com\/boutique\/\",\"name\":\"Boutique de Sionneau.com\",\"description\":\"Authenticit\u00e9 &amp; professionnalisme\",\"publisher\":{\"@id\":\"https:\/\/sionneau.com\/boutique\/#organization\"},\"potentialAction\":[{\"@type\":\"SearchAction\",\"target\":{\"@type\":\"EntryPoint\",\"urlTemplate\":\"https:\/\/sionneau.com\/boutique\/?s={search_term_string}\"},\"query-input\":\"required name=search_term_string\"}],\"inLanguage\":\"fr-FR\"},{\"@type\":\"Organization\",\"@id\":\"https:\/\/sionneau.com\/boutique\/#organization\",\"name\":\"Philippe Sionneau\",\"url\":\"https:\/\/sionneau.com\/boutique\/\",\"logo\":{\"@type\":\"ImageObject\",\"inLanguage\":\"fr-FR\",\"@id\":\"https:\/\/sionneau.com\/boutique\/#\/schema\/logo\/image\/\",\"url\":\"https:\/\/sionneau.com\/boutique\/wp-content\/uploads\/2019\/03\/Sionneau-logo-1.png\",\"contentUrl\":\"https:\/\/sionneau.com\/boutique\/wp-content\/uploads\/2019\/03\/Sionneau-logo-1.png\",\"width\":600,\"height\":488,\"caption\":\"Philippe Sionneau\"},\"image\":{\"@id\":\"https:\/\/sionneau.com\/boutique\/#\/schema\/logo\/image\/\"}}]}<\/script>\n<!-- \/ Yoast SEO plugin. -->","yoast_head_json":{"title":"Les \u00e9motions en m\u00e9decine chinoise - Boutique de Sionneau.com","robots":{"index":"index","follow":"follow","max-snippet":"max-snippet:-1","max-image-preview":"max-image-preview:large","max-video-preview":"max-video-preview:-1"},"canonical":"https:\/\/sionneau.com\/boutique\/medecine--chinoise\/les-emotions-en-medecine-chinoise\/","og_locale":"fr_FR","og_type":"article","og_title":"Les \u00e9motions en m\u00e9decine chinoise - Boutique de Sionneau.com","og_description":"Cette formation en ligne propose une pr\u00e9sentation approfondie du concept d\u2019\u00e9motion en m\u00e9decine chinoise. A travers les classiques de la m\u00e9decine chinoise, les textes philosophiques et les trait\u00e9s de l\u2019alchimie tao\u00efste, nous aborderons de mani\u00e8re passionnante ce ph\u00e9nom\u00e8ne consid\u00e9r\u00e9 comme la cause interne des maladies. Apr\u00e8s avoir fait la diff\u00e9rence entre l\u2019approche de la m\u00e9decine [&hellip;]","og_url":"https:\/\/sionneau.com\/boutique\/medecine--chinoise\/les-emotions-en-medecine-chinoise\/","og_site_name":"Boutique de Sionneau.com","article_modified_time":"2024-07-31T14:49:34+00:00","og_image":[{"width":503,"height":452,"url":"https:\/\/sionneau.com\/boutique\/wp-content\/uploads\/2024\/07\/emotions-en-medecine-chinoise-Sionneau.png","type":"image\/png"}],"twitter_card":"summary_large_image","twitter_misc":{"Dur\u00e9e de lecture estim\u00e9e":"6 minutes"},"schema":{"@context":"https:\/\/schema.org","@graph":[{"@type":"WebPage","@id":"https:\/\/sionneau.com\/boutique\/medecine--chinoise\/les-emotions-en-medecine-chinoise\/","url":"https:\/\/sionneau.com\/boutique\/medecine--chinoise\/les-emotions-en-medecine-chinoise\/","name":"Les \u00e9motions en m\u00e9decine chinoise - Boutique de Sionneau.com","isPartOf":{"@id":"https:\/\/sionneau.com\/boutique\/#website"},"datePublished":"2024-07-11T15:19:14+00:00","dateModified":"2024-07-31T14:49:34+00:00","breadcrumb":{"@id":"https:\/\/sionneau.com\/boutique\/medecine--chinoise\/les-emotions-en-medecine-chinoise\/#breadcrumb"},"inLanguage":"fr-FR","potentialAction":[{"@type":"ReadAction","target":["https:\/\/sionneau.com\/boutique\/medecine--chinoise\/les-emotions-en-medecine-chinoise\/"]}]},{"@type":"BreadcrumbList","@id":"https:\/\/sionneau.com\/boutique\/medecine--chinoise\/les-emotions-en-medecine-chinoise\/#breadcrumb","itemListElement":[{"@type":"ListItem","position":1,"name":"Accueil","item":"https:\/\/sionneau.com\/boutique\/"},{"@type":"ListItem","position":2,"name":"Boutique","item":"https:\/\/sionneau.com\/boutique\/"},{"@type":"ListItem","position":3,"name":"Les \u00e9motions en m\u00e9decine chinoise"}]},{"@type":"WebSite","@id":"https:\/\/sionneau.com\/boutique\/#website","url":"https:\/\/sionneau.com\/boutique\/","name":"Boutique de Sionneau.com","description":"Authenticit\u00e9 &amp; professionnalisme","publisher":{"@id":"https:\/\/sionneau.com\/boutique\/#organization"},"potentialAction":[{"@type":"SearchAction","target":{"@type":"EntryPoint","urlTemplate":"https:\/\/sionneau.com\/boutique\/?s={search_term_string}"},"query-input":"required name=search_term_string"}],"inLanguage":"fr-FR"},{"@type":"Organization","@id":"https:\/\/sionneau.com\/boutique\/#organization","name":"Philippe Sionneau","url":"https:\/\/sionneau.com\/boutique\/","logo":{"@type":"ImageObject","inLanguage":"fr-FR","@id":"https:\/\/sionneau.com\/boutique\/#\/schema\/logo\/image\/","url":"https:\/\/sionneau.com\/boutique\/wp-content\/uploads\/2019\/03\/Sionneau-logo-1.png","contentUrl":"https:\/\/sionneau.com\/boutique\/wp-content\/uploads\/2019\/03\/Sionneau-logo-1.png","width":600,"height":488,"caption":"Philippe Sionneau"},"image":{"@id":"https:\/\/sionneau.com\/boutique\/#\/schema\/logo\/image\/"}}]}},"_links":{"self":[{"href":"https:\/\/sionneau.com\/boutique\/wp-json\/wp\/v3\/product\/42863"}],"collection":[{"href":"https:\/\/sionneau.com\/boutique\/wp-json\/wp\/v3\/product"}],"about":[{"href":"https:\/\/sionneau.com\/boutique\/wp-json\/wp\/v2\/types\/product"}],"wp:featuredmedia":[{"embeddable":true,"href":"https:\/\/sionneau.com\/boutique\/wp-json\/wp\/v2\/media\/43233"}],"wp:attachment":[{"href":"https:\/\/sionneau.com\/boutique\/wp-json\/wp\/v2\/media?parent=42863"}],"wp:term":[{"taxonomy":"product_cat","embeddable":true,"href":"https:\/\/sionneau.com\/boutique\/wp-json\/wp\/v2\/product_cat?post=42863"},{"taxonomy":"product_tag","embeddable":true,"href":"https:\/\/sionneau.com\/boutique\/wp-json\/wp\/v2\/product_tag?post=42863"}],"curies":[{"name":"wp","href":"https:\/\/api.w.org\/{rel}","templated":true}]}}