{"id":42854,"date":"2024-07-11T17:14:54","date_gmt":"2024-07-11T15:14:54","guid":{"rendered":"https:\/\/sionneau.com\/boutique\/?post_type=product&#038;p=42854"},"modified":"2025-05-09T19:37:41","modified_gmt":"2025-05-09T17:37:41","slug":"accompagner-la-migraine-avec-la-medecine-traditionnelle-chinoise","status":"publish","type":"product","link":"https:\/\/sionneau.com\/boutique\/medecine--chinoise\/accompagner-la-migraine-avec-la-medecine-traditionnelle-chinoise\/","title":{"rendered":"Accompagner la migraine avec la&#8230;"},"content":{"rendered":"<p>Saviez-vous que d\u2019apr\u00e8s Framig 3, la plus vaste enqu\u00eate \u00e9pid\u00e9miologique r\u00e9alis\u00e9e en France sur la migraine, presque 10 millions de Fran\u00e7ais souffriraient de ce syndrome douloureux\u00a0? On estime que 12\u00a0% de la population active est touch\u00e9e, pire, plus d\u20191\/4 des femmes de 30 \u00e0 39 ans en souffre\u00a0! C\u2019est environ 18 millions de jours d\u2019arr\u00eat de travail par an\u2026 Et les solutions en m\u00e9decine conventionnelle ne sont pas toujours efficaces ou beaucoup de patients se m\u00e9fient de plus en plus de leur toxicit\u00e9. C\u2019est pour cela que les praticiens de m\u00e9decine chinoise, les acupuncteurs sont souvent sollicit\u00e9s pour cette maladie et qu\u2019ils ont besoins de conna\u00eetre les vrais traitements efficaces.<\/p>\n<p>Cette formation en ligne propose l\u2019\u00e9tude du bilan \u00e9nerg\u00e9tique et de la prise en charge en m\u00e9decine traditionnelle chinoise de la migraine. La\u00a0m\u00e9decine traditionnelle chinoise est remarquable pour cette plainte, il faut donc en faire profiter ceux qui en souffrent. Durant ce cours, seront abord\u00e9s les strat\u00e9gies majeures pour apaiser et accompagner ces personnes. Cette formation est tr\u00e8s pratique et pragmatique, de nombreuses solutions seront d\u00e9velopp\u00e9es avec beaucoup d\u2019informations in\u00e9dites sur le sujet. Il est \u00e0 noter que cet enseignement est complet et se suffit \u00e0 lui-m\u00eame pour apporter bien-\u00eatre \u00e0 ceux qui ont en besoin.<\/p>\n<p><span style=\"color: #ff0000;\"><strong>Cette formation en ligne est accompagn\u00e9e d\u2019un support de cours de 132 slides en couleur (66 pages).<\/strong><\/span><\/p>\n<p><strong><span style=\"color: #ff0000;\">Cette formation en ligne b\u00e9n\u00e9ficie d\u2019un forum d\u00e9di\u00e9 o\u00f9 vous pouvez poser vos questions \u00e0 Philippe Sionneau.<\/span><br \/>\n<\/strong><\/p>\n<p>&nbsp;<\/p>\n<p><strong>Vid\u00e9o 1<\/strong><\/p>\n<ul>\n<li>Qu\u2019est-ce que la migraine ?<\/li>\n<li>La terminologie de la migraine en m\u00e9decine traditionnelle chinoise<\/li>\n<li>Causes et m\u00e9canismes de la migraine (b\u00ecng y\u012bn \u75c5\u56e0 &#8211; b\u00ecng j\u012b \u75c5\u673a)<\/li>\n<\/ul>\n<p><strong>Vid\u00e9o 2<\/strong><\/p>\n<ul>\n<li>Migraine par suppression du foie et vide de sang<\/li>\n<li>Bilan \u00e9nerg\u00e9tique \u2013 Manifestations cl\u00e9s<\/li>\n<li>Strat\u00e9gies de la m\u00e9decine traditionnelle chinoise<\/li>\n<li>Soins et bien-\u00eatre de la m\u00e9decine traditionnelle chinoise<\/li>\n<\/ul>\n<p><strong>Vid\u00e9o 3<\/strong><\/p>\n<ul>\n<li>Migraine par mont\u00e9e et hyperactivit\u00e9 du y\u00e1ng du foie<\/li>\n<li>Bilan \u00e9nerg\u00e9tique \u2013 Manifestations cl\u00e9s<\/li>\n<li>Strat\u00e9gies de la m\u00e9decine traditionnelle chinoise<\/li>\n<li>Soins et bien-\u00eatre de la m\u00e9decine traditionnelle chinoise<\/li>\n<\/ul>\n<p><strong>Vid\u00e9o 4<\/strong><\/p>\n<ul>\n<li>Migraine par renversement de froid (h\u00e1n ju\u00e9 \u5bd2\u53a5)<\/li>\n<li>Bilan \u00e9nerg\u00e9tique \u2013 Manifestations cl\u00e9s<\/li>\n<li>Strat\u00e9gies de la m\u00e9decine traditionnelle chinoise<\/li>\n<li>Soins et bien-\u00eatre de la m\u00e9decine traditionnelle chinoise<\/li>\n<\/ul>\n<p><strong>Vid\u00e9o 5<\/strong><\/p>\n<ul>\n<li>Migraine par renversement de mucosit\u00e9s (t\u00e1n ju\u00e9 \u75f0\u53a5)<\/li>\n<li>Bilan \u00e9nerg\u00e9tique \u2013 Manifestations cl\u00e9s<\/li>\n<li>Strat\u00e9gies de la m\u00e9decine traditionnelle chinoise<\/li>\n<li>Soins et bien-\u00eatre de la m\u00e9decine traditionnelle chinoise<\/li>\n<\/ul>\n<p><strong>Vid\u00e9o 6<\/strong><\/p>\n<ul>\n<li>Migraine par stase de sang dans les liaisons (lu\u00f2\u7edc)<\/li>\n<li>Bilan \u00e9nerg\u00e9tique \u2013 Manifestations cl\u00e9s<\/li>\n<li>Strat\u00e9gies de la m\u00e9decine traditionnelle chinoise<\/li>\n<li>Soins et bien-\u00eatre de la m\u00e9decine traditionnelle chinoise<\/li>\n<\/ul>\n<p><strong>Vid\u00e9o 7<\/strong><\/p>\n<ul>\n<li>Gestion de la migraine selon les r\u00e9seaux<\/li>\n<li>Qu\u2019est-ce que les r\u00e9seaux\u00a0?<\/li>\n<li>Principes cl\u00e9s et strat\u00e9gies pour accompagner la souffrance<\/li>\n<li>Prendre en charge la constitution de type bois<\/li>\n<li>Les synergies transformatrices.<\/li>\n<li>Explications de la strat\u00e9gie.<\/li>\n<\/ul>\n<p><strong>Vid\u00e9o 8<\/strong><\/p>\n<ul>\n<li>Gestion de la migraine selon une lign\u00e9e familiale ancestrale.<\/li>\n<li>Les sp\u00e9cificit\u00e9s et les points forts de cette lign\u00e9e familiale ancestrale.<\/li>\n<li>Les principes cl\u00e9s du bien-\u00eatre des migraineux.<\/li>\n<li>Les 4 combinaisons cl\u00e9s pour accompagner la migraine.<\/li>\n<\/ul>\n<h3><strong>Enseignant<\/strong>\u00a0:<\/h3>\n<p>Philippe Sionneau est l\u2019un des experts de m\u00e9decine chinoise les plus appr\u00e9ci\u00e9s en Europe. Il est \u00e0 l\u2019origine de l\u2019introduction de tr\u00e8s nombreuses informations jusqu\u2019alors in\u00e9dites dans nos pays et notamment dans le domaine de la pharmacologie chinoise, de l\u2019acupuncture et des pathologies. Il a publi\u00e9 plus d\u2019une trentaine de livres. Plusieurs de ses ouvrages sont utilis\u00e9s dans les universit\u00e9s am\u00e9ricaines, canadiennes et australiennes. Depuis 25 ans, il fait le bonheur de plusieurs g\u00e9n\u00e9rations d\u2019\u00e9tudiants et de praticiens de m\u00e9decine chinoise. Ses cours remportent un grand succ\u00e8s en France. C\u2019est l\u2019un des rares occidentaux \u00e0 avoir suivi un cursus complet en m\u00e9decine chinoise dans une universit\u00e9 en Chine, la Hubei University of Chinese Medicine, dont il est dipl\u00f4m\u00e9. Il s\u2019agit d\u2019un dipl\u00f4me d\u2019\u00e9tat officiel de Chine Populaire. Pour \u00eatre plus exact, il poss\u00e8de un bachelor degree qui donne droit \u00e0 pratiquer la m\u00e9decine chinoise dans n\u2019importe quel h\u00f4pital en Chine. Il est consid\u00e9r\u00e9 l\u00e0-bas comme m\u00e9decin.\u00a0<strong>C\u2019est le premier fran\u00e7ais et un des tr\u00e8s rares \u00e0 avoir obtenu ce titre.<\/strong><\/p>\n<h3><strong>Tarif\u00a0<\/strong>:<\/h3>\n<p>Promo :\u00a0<strong>65<\/strong> euros au lieu de\u00a0<s>85<\/s>\u00a0euros<\/p>\n<h3><strong>Dur\u00e9e totale des vid\u00e9os :<\/strong><\/h3>\n<p>2 heures et 44 minutes<\/p>\n<h3><strong>Accessibilit\u00e9<\/strong>\u00a0:<\/h3>\n<p>illimit\u00e9 sur 1 an (12 mois)<\/p>\n<h3><strong>Comment acheter le cours et y avoir acc\u00e8s\u00a0?<\/strong><\/h3>\n<h3><strong>D\u00e9roulement de l\u2019inscription\u00a0:<\/strong><\/h3>\n<ol>\n<li>Vous devez r\u00e9gler votre formation par carte bancaire, ch\u00e8que ou virement bancaire.<\/li>\n<li>Nous vous enverrons votre acc\u00e8s \u00e0 votre adresse e-mail d\u00e8s que nous aurons re\u00e7u la confirmation du paiement.<\/li>\n<li>D\u00e8s r\u00e9ception de vos acc\u00e8s vous pouvez commencer votre cours.<\/li>\n<li>Le cours se d\u00e9roule sur une plateforme de e-learning d\u00e9di\u00e9e et s\u00e9curis\u00e9e.<\/li>\n<\/ol>\n<h3><strong>Comment r\u00e9gler la formation<\/strong><\/h3>\n<p><strong>Vous pouvez payer cette formation de trois mani\u00e8res :<\/strong><\/p>\n<ul>\n<li>soit par carte bancaire<\/li>\n<li>soit par virement bancaire<\/li>\n<li>soit par ch\u00e8que bancaire<\/li>\n<\/ul>\n<h3>Paiement par carte bancaire :<\/h3>\n<p>1- Ajouter cette formation \u00e0 votre panier (Bouton \u201cAjouter au Panier\u201d).<br \/>\n2- Validez votre commande en cliquant sur le bouton \u201cVoir le panier\u201d ou \u201cValidation de la commande\u00a0\u00bb.<br \/>\n3- S\u00e9lectionner l\u2019option de paiement par carte bancaire apr\u00e8s avoir entr\u00e9 vos informations de contact.<br \/>\n4- Vous serez guid\u00e9 \u00e0 travers un syst\u00e8me de paiement s\u00e9curis\u00e9 et automatique.<br \/>\n5- Vous recevrez un email de confirmation de paiement ainsi que la facture.<br \/>\n6- Vous recevrez \u00e9galement un email o\u00f9 seront notifi\u00e9s vos identifiants et acc\u00e8s \u00e0 la formation.<\/p>\n<p><a class=\"storefront-sticky-add-to-cart__content-button button alt\" href=\"https:\/\/sionneau.com\/boutique\/medecine--chinoise\/accompagner-la-migraine-avec-la-medecine-traditionnelle-chinoise\/?add-to-cart=42854\">Ajouter au panier<\/a><\/p>\n<h3>Paiement par virement bancaire<\/h3>\n<p>1- Ajouter cette formation \u00e0 votre panier (Bouton \u201cAjouter au Panier\u201d).<br \/>\n2- Validez votre commande en cliquant sur le bouton \u201cVoir le panier\u201d ou \u201cValidation de la commande\u00a0\u00bb.<br \/>\n3- S\u00e9lectionner l\u2019option de paiement par virement bancaire apr\u00e8s avoir entr\u00e9 vos informations de contact.<br \/>\n4- Les instructions de paiement vous seront communiqu\u00e9es au moment de l\u2019achat et par email.<br \/>\n<strong>5- Les frais bancaires sont \u00e0 votre charge.<\/strong><br \/>\n6- Lorsque votre virement bancaire sera re\u00e7u vous recevrez un email de confirmation de paiement ainsi que la facture.<br \/>\n7- D\u00e8s r\u00e9ception du virement, nous vous enverrons vos identifiants et acc\u00e8s \u00e0 la formation par email.<\/p>\n<p><a class=\"storefront-sticky-add-to-cart__content-button button alt\" href=\"https:\/\/sionneau.com\/boutique\/medecine--chinoise\/accompagner-la-migraine-avec-la-medecine-traditionnelle-chinoise\/?add-to-cart=42854\">Ajouter au panier<\/a><\/p>\n<h3>Paiement par ch\u00e8que bancaire\u00a0<strong><br \/>\n<\/strong><\/h3>\n<p>1- Ajouter cette formation \u00e0 votre panier (Bouton \u201cAjouter au Panier\u201d).<br \/>\n2- Validez votre commande en cliquant sur le bouton \u201cVoir le panier\u201d ou \u201cValidation de la commande\u00a0\u00bb.<br \/>\n3- S\u00e9lectionner l\u2019option de paiement par ch\u00e8que apr\u00e8s avoir entr\u00e9 vos informations de contact.<br \/>\n4- Les instructions de paiement vous seront communiqu\u00e9es au moment de l\u2019achat et par email.<br \/>\n5- Lorsque votre ch\u00e8que sera re\u00e7u vous recevrez un email de confirmation de paiement avec la facture.<br \/>\n6- D\u00e8s encaissement du ch\u00e8que, nous vous enverrons vos identifiants et acc\u00e8s \u00e0 la formation par email.<\/p>\n<p><a class=\"storefront-sticky-add-to-cart__content-button button alt\" href=\"https:\/\/sionneau.com\/boutique\/medecine--chinoise\/accompagner-la-migraine-avec-la-medecine-traditionnelle-chinoise\/?add-to-cart=42854\">Ajouter au panier<\/a><\/p>\n<h4><strong>Voir aussi les cours en ligne \u00ab Les Majeurs \u00bb :<\/strong><a href=\"https:\/\/sionneau.com\/e-learning\/-en-ligne\" target=\"_blank\" rel=\"noopener\">\u00a0<\/a><a href=\"https:\/\/sionneau.com\/boutique\/medecine-chinoise\/cours-en-ligne\/\">https:\/\/sionneau.com\/boutique\/medecine-chinoise\/cours-en-ligne\/<\/a><\/h4>\n<h4><strong>Un probl\u00e8me technique ? Contactez<\/strong>\u00a0<strong><a href=\"mailto:support@sionneau.com\">support@sionneau.com<\/a><\/strong><\/h4>\n<h4><\/h4>\n","protected":false},"excerpt":{"rendered":"<p>Saviez-vous que d\u2019apr\u00e8s Framig 3, la plus vaste enqu\u00eate \u00e9pid\u00e9miologique r\u00e9alis\u00e9e en France sur la migraine, presque 10 millions de Fran\u00e7ais souffriraient de ce syndrome douloureux\u00a0? On estime que 12\u00a0% de la population active est touch\u00e9e, pire, plus d\u20191\/4 des femmes de 30 \u00e0 39 ans en souffre\u00a0! C\u2019est environ 18 millions de jours d\u2019arr\u00eat [&hellip;]<\/p>\n","protected":false},"featured_media":42855,"template":"","meta":[],"product_cat":[54],"product_tag":[],"yoast_head":"<!-- This site is optimized with the Yoast SEO plugin v20.5 - https:\/\/yoast.com\/wordpress\/plugins\/seo\/ -->\n<title>Accompagner la migraine avec la&#8230; - Boutique de Sionneau.com<\/title>\n<meta name=\"description\" content=\"Les solutions de la m\u00e9decine chinoise (acupuncture, pharmacop\u00e9e chinoise) pour vaincre la migraine. Formation p\u00e9dagogique et pratique.\" \/>\n<meta name=\"robots\" content=\"index, follow, max-snippet:-1, max-image-preview:large, max-video-preview:-1\" \/>\n<link rel=\"canonical\" href=\"https:\/\/sionneau.com\/boutique\/medecine--chinoise\/accompagner-la-migraine-avec-la-medecine-traditionnelle-chinoise\/\" \/>\n<meta property=\"og:locale\" content=\"fr_FR\" \/>\n<meta property=\"og:type\" content=\"article\" \/>\n<meta property=\"og:title\" content=\"Accompagner la migraine avec la&#8230; - Boutique de Sionneau.com\" \/>\n<meta property=\"og:description\" content=\"Les solutions de la m\u00e9decine chinoise (acupuncture, pharmacop\u00e9e chinoise) pour vaincre la migraine. Formation p\u00e9dagogique et pratique.\" \/>\n<meta property=\"og:url\" content=\"https:\/\/sionneau.com\/boutique\/medecine--chinoise\/accompagner-la-migraine-avec-la-medecine-traditionnelle-chinoise\/\" \/>\n<meta property=\"og:site_name\" content=\"Boutique de Sionneau.com\" \/>\n<meta property=\"article:modified_time\" content=\"2025-05-09T17:37:41+00:00\" \/>\n<meta property=\"og:image\" content=\"https:\/\/sionneau.com\/boutique\/wp-content\/uploads\/2024\/07\/migraine_medecine_chinoise_philippe_sionneau__medium.jpg\" \/>\n\t<meta property=\"og:image:width\" content=\"300\" \/>\n\t<meta property=\"og:image:height\" content=\"253\" \/>\n\t<meta property=\"og:image:type\" content=\"image\/jpeg\" \/>\n<meta name=\"twitter:card\" content=\"summary_large_image\" \/>\n<meta name=\"twitter:label1\" content=\"Dur\u00e9e de lecture estim\u00e9e\" \/>\n\t<meta name=\"twitter:data1\" content=\"6 minutes\" \/>\n<script type=\"application\/ld+json\" class=\"yoast-schema-graph\">{\"@context\":\"https:\/\/schema.org\",\"@graph\":[{\"@type\":\"WebPage\",\"@id\":\"https:\/\/sionneau.com\/boutique\/medecine--chinoise\/accompagner-la-migraine-avec-la-medecine-traditionnelle-chinoise\/\",\"url\":\"https:\/\/sionneau.com\/boutique\/medecine--chinoise\/accompagner-la-migraine-avec-la-medecine-traditionnelle-chinoise\/\",\"name\":\"Accompagner la migraine avec la&#8230; - Boutique de Sionneau.com\",\"isPartOf\":{\"@id\":\"https:\/\/sionneau.com\/boutique\/#website\"},\"datePublished\":\"2024-07-11T15:14:54+00:00\",\"dateModified\":\"2025-05-09T17:37:41+00:00\",\"description\":\"Les solutions de la m\u00e9decine chinoise (acupuncture, pharmacop\u00e9e chinoise) pour vaincre la migraine. Formation p\u00e9dagogique et pratique.\",\"breadcrumb\":{\"@id\":\"https:\/\/sionneau.com\/boutique\/medecine--chinoise\/accompagner-la-migraine-avec-la-medecine-traditionnelle-chinoise\/#breadcrumb\"},\"inLanguage\":\"fr-FR\",\"potentialAction\":[{\"@type\":\"ReadAction\",\"target\":[\"https:\/\/sionneau.com\/boutique\/medecine--chinoise\/accompagner-la-migraine-avec-la-medecine-traditionnelle-chinoise\/\"]}]},{\"@type\":\"BreadcrumbList\",\"@id\":\"https:\/\/sionneau.com\/boutique\/medecine--chinoise\/accompagner-la-migraine-avec-la-medecine-traditionnelle-chinoise\/#breadcrumb\",\"itemListElement\":[{\"@type\":\"ListItem\",\"position\":1,\"name\":\"Accueil\",\"item\":\"https:\/\/sionneau.com\/boutique\/\"},{\"@type\":\"ListItem\",\"position\":2,\"name\":\"Boutique\",\"item\":\"https:\/\/sionneau.com\/boutique\/\"},{\"@type\":\"ListItem\",\"position\":3,\"name\":\"Accompagner la migraine avec la m\u00e9decine chinoise\"}]},{\"@type\":\"WebSite\",\"@id\":\"https:\/\/sionneau.com\/boutique\/#website\",\"url\":\"https:\/\/sionneau.com\/boutique\/\",\"name\":\"Boutique de Sionneau.com\",\"description\":\"Authenticit\u00e9 &amp; professionnalisme\",\"publisher\":{\"@id\":\"https:\/\/sionneau.com\/boutique\/#organization\"},\"potentialAction\":[{\"@type\":\"SearchAction\",\"target\":{\"@type\":\"EntryPoint\",\"urlTemplate\":\"https:\/\/sionneau.com\/boutique\/?s={search_term_string}\"},\"query-input\":\"required name=search_term_string\"}],\"inLanguage\":\"fr-FR\"},{\"@type\":\"Organization\",\"@id\":\"https:\/\/sionneau.com\/boutique\/#organization\",\"name\":\"Philippe Sionneau\",\"url\":\"https:\/\/sionneau.com\/boutique\/\",\"logo\":{\"@type\":\"ImageObject\",\"inLanguage\":\"fr-FR\",\"@id\":\"https:\/\/sionneau.com\/boutique\/#\/schema\/logo\/image\/\",\"url\":\"https:\/\/sionneau.com\/boutique\/wp-content\/uploads\/2019\/03\/Sionneau-logo-1.png\",\"contentUrl\":\"https:\/\/sionneau.com\/boutique\/wp-content\/uploads\/2019\/03\/Sionneau-logo-1.png\",\"width\":600,\"height\":488,\"caption\":\"Philippe Sionneau\"},\"image\":{\"@id\":\"https:\/\/sionneau.com\/boutique\/#\/schema\/logo\/image\/\"}}]}<\/script>\n<!-- \/ Yoast SEO plugin. -->","yoast_head_json":{"title":"Accompagner la migraine avec la&#8230; - Boutique de Sionneau.com","description":"Les solutions de la m\u00e9decine chinoise (acupuncture, pharmacop\u00e9e chinoise) pour vaincre la migraine. Formation p\u00e9dagogique et pratique.","robots":{"index":"index","follow":"follow","max-snippet":"max-snippet:-1","max-image-preview":"max-image-preview:large","max-video-preview":"max-video-preview:-1"},"canonical":"https:\/\/sionneau.com\/boutique\/medecine--chinoise\/accompagner-la-migraine-avec-la-medecine-traditionnelle-chinoise\/","og_locale":"fr_FR","og_type":"article","og_title":"Accompagner la migraine avec la&#8230; - Boutique de Sionneau.com","og_description":"Les solutions de la m\u00e9decine chinoise (acupuncture, pharmacop\u00e9e chinoise) pour vaincre la migraine. Formation p\u00e9dagogique et pratique.","og_url":"https:\/\/sionneau.com\/boutique\/medecine--chinoise\/accompagner-la-migraine-avec-la-medecine-traditionnelle-chinoise\/","og_site_name":"Boutique de Sionneau.com","article_modified_time":"2025-05-09T17:37:41+00:00","og_image":[{"width":300,"height":253,"url":"https:\/\/sionneau.com\/boutique\/wp-content\/uploads\/2024\/07\/migraine_medecine_chinoise_philippe_sionneau__medium.jpg","type":"image\/jpeg"}],"twitter_card":"summary_large_image","twitter_misc":{"Dur\u00e9e de lecture estim\u00e9e":"6 minutes"},"schema":{"@context":"https:\/\/schema.org","@graph":[{"@type":"WebPage","@id":"https:\/\/sionneau.com\/boutique\/medecine--chinoise\/accompagner-la-migraine-avec-la-medecine-traditionnelle-chinoise\/","url":"https:\/\/sionneau.com\/boutique\/medecine--chinoise\/accompagner-la-migraine-avec-la-medecine-traditionnelle-chinoise\/","name":"Accompagner la migraine avec la&#8230; - Boutique de Sionneau.com","isPartOf":{"@id":"https:\/\/sionneau.com\/boutique\/#website"},"datePublished":"2024-07-11T15:14:54+00:00","dateModified":"2025-05-09T17:37:41+00:00","description":"Les solutions de la m\u00e9decine chinoise (acupuncture, pharmacop\u00e9e chinoise) pour vaincre la migraine. Formation p\u00e9dagogique et pratique.","breadcrumb":{"@id":"https:\/\/sionneau.com\/boutique\/medecine--chinoise\/accompagner-la-migraine-avec-la-medecine-traditionnelle-chinoise\/#breadcrumb"},"inLanguage":"fr-FR","potentialAction":[{"@type":"ReadAction","target":["https:\/\/sionneau.com\/boutique\/medecine--chinoise\/accompagner-la-migraine-avec-la-medecine-traditionnelle-chinoise\/"]}]},{"@type":"BreadcrumbList","@id":"https:\/\/sionneau.com\/boutique\/medecine--chinoise\/accompagner-la-migraine-avec-la-medecine-traditionnelle-chinoise\/#breadcrumb","itemListElement":[{"@type":"ListItem","position":1,"name":"Accueil","item":"https:\/\/sionneau.com\/boutique\/"},{"@type":"ListItem","position":2,"name":"Boutique","item":"https:\/\/sionneau.com\/boutique\/"},{"@type":"ListItem","position":3,"name":"Accompagner la migraine avec la m\u00e9decine chinoise"}]},{"@type":"WebSite","@id":"https:\/\/sionneau.com\/boutique\/#website","url":"https:\/\/sionneau.com\/boutique\/","name":"Boutique de Sionneau.com","description":"Authenticit\u00e9 &amp; professionnalisme","publisher":{"@id":"https:\/\/sionneau.com\/boutique\/#organization"},"potentialAction":[{"@type":"SearchAction","target":{"@type":"EntryPoint","urlTemplate":"https:\/\/sionneau.com\/boutique\/?s={search_term_string}"},"query-input":"required name=search_term_string"}],"inLanguage":"fr-FR"},{"@type":"Organization","@id":"https:\/\/sionneau.com\/boutique\/#organization","name":"Philippe Sionneau","url":"https:\/\/sionneau.com\/boutique\/","logo":{"@type":"ImageObject","inLanguage":"fr-FR","@id":"https:\/\/sionneau.com\/boutique\/#\/schema\/logo\/image\/","url":"https:\/\/sionneau.com\/boutique\/wp-content\/uploads\/2019\/03\/Sionneau-logo-1.png","contentUrl":"https:\/\/sionneau.com\/boutique\/wp-content\/uploads\/2019\/03\/Sionneau-logo-1.png","width":600,"height":488,"caption":"Philippe Sionneau"},"image":{"@id":"https:\/\/sionneau.com\/boutique\/#\/schema\/logo\/image\/"}}]}},"_links":{"self":[{"href":"https:\/\/sionneau.com\/boutique\/wp-json\/wp\/v3\/product\/42854"}],"collection":[{"href":"https:\/\/sionneau.com\/boutique\/wp-json\/wp\/v3\/product"}],"about":[{"href":"https:\/\/sionneau.com\/boutique\/wp-json\/wp\/v2\/types\/product"}],"wp:featuredmedia":[{"embeddable":true,"href":"https:\/\/sionneau.com\/boutique\/wp-json\/wp\/v2\/media\/42855"}],"wp:attachment":[{"href":"https:\/\/sionneau.com\/boutique\/wp-json\/wp\/v2\/media?parent=42854"}],"wp:term":[{"taxonomy":"product_cat","embeddable":true,"href":"https:\/\/sionneau.com\/boutique\/wp-json\/wp\/v2\/product_cat?post=42854"},{"taxonomy":"product_tag","embeddable":true,"href":"https:\/\/sionneau.com\/boutique\/wp-json\/wp\/v2\/product_tag?post=42854"}],"curies":[{"name":"wp","href":"https:\/\/api.w.org\/{rel}","templated":true}]}}