{"id":42853,"date":"2024-07-11T17:13:01","date_gmt":"2024-07-11T15:13:01","guid":{"rendered":"https:\/\/sionneau.com\/boutique\/?post_type=product&#038;p=42853"},"modified":"2024-07-31T16:52:59","modified_gmt":"2024-07-31T14:52:59","slug":"la-colere-en-medecine-chinoise","status":"publish","type":"product","link":"https:\/\/sionneau.com\/boutique\/medecine--chinoise\/la-colere-en-medecine-chinoise\/","title":{"rendered":"La col\u00e8re en m\u00e9decine chinoise"},"content":{"rendered":"<p>Cette formation en ligne propose une pr\u00e9sentation tr\u00e8s approfondie du concept de la col\u00e8re en m\u00e9decine chinoise. A travers les classiques de la m\u00e9decine chinoise, les textes philosophiques et les trait\u00e9s de l\u2019alchimie tao\u00efste, nous aborderons de mani\u00e8re passionnante ce ph\u00e9nom\u00e8ne consid\u00e9r\u00e9 comme l\u2019\u00e9motion la plus destructrice. Il est \u00e0 souligner qu\u2019il n\u2019existe rien de comparable actuellement en langue occidentale sur ce sujet car l\u2019ensemble des informations de cette formation en ligne est fond\u00e9 sur les textes traditionnels de la m\u00e9decine chinoise et non pas l\u2019interpr\u00e9tation personnelle de l\u2019auteur. Apr\u00e8s avoir d\u00e9velopp\u00e9 la facette physiologique puis pathologique de la col\u00e8re, apr\u00e8s avoir d\u00e9finis les facteurs qui favorisaient la col\u00e8re, apr\u00e8s avoir fait le clair entre les notions de sympt\u00f4mes, de syndrome et de maladie en m\u00e9decine chinoise, ce cours pr\u00e9sente la symptomatologie, le m\u00e9canisme pathologique, et le traitement en phytoth\u00e9rapie chinoise et en acupuncture des 9 principaux syndromes induits par la col\u00e8re. Clair, direct, pr\u00e9cis et p\u00e9dagogique, ce cours permet de conna\u00eetre l\u2019essentiel sur la col\u00e8re pour une meilleure gestion en pratique clinique.<\/p>\n<p><span style=\"color: #ff0000;\"><strong>Cette formation en ligne est accompagn\u00e9e d\u2019un support de cours de 188 slides en couleur (94 pages).<\/strong><\/span><\/p>\n<p><strong><span style=\"color: #ff0000;\">Cette formation en ligne b\u00e9n\u00e9ficie d\u2019un forum d\u00e9di\u00e9 o\u00f9 vous pouvez poser vos questions \u00e0 Philippe Sionneau.<\/span><\/strong><\/p>\n<p><strong>Vid\u00e9o 1<\/strong><\/p>\n<ul>\n<li>Facette physiologique de la col\u00e8re<\/li>\n<li>La col\u00e8re est physiologiquement n\u00e9cessaire \u00e0 l\u2019\u00e9quilibre de l\u2019individu<\/li>\n<li>Facette pathologique de la col\u00e8re<\/li>\n<\/ul>\n<p><strong>Vid\u00e9o 2<\/strong><\/p>\n<ul>\n<li>La col\u00e8re excessive est l\u2019\u00e9motion la plus destructrice et d\u00e9stabilisante<\/li>\n<li>Les cons\u00e9quences pathologiques de la col\u00e8re<\/li>\n<li>Les grandes tendances pathologiques<\/li>\n<\/ul>\n<p><strong>Vid\u00e9o 3<\/strong><\/p>\n<ul>\n<li>Les facteurs favorisant la col\u00e8re<\/li>\n<li>Certains d\u00e9s\u00e9quilibres facilitent l\u2019expression de la col\u00e8re<\/li>\n<\/ul>\n<p><strong>Vid\u00e9o 4<\/strong><\/p>\n<ul>\n<li>Quelles sont les maladies provoqu\u00e9es par la col\u00e8re ?<\/li>\n<li>Diff\u00e9rences entre maladie (bing \u75c5), syndrome (zheng \u8bc1) et sympt\u00f4me (zheng \u75c7)<\/li>\n<li>Exemple de maladie chinoise\u00a0: zang zao (\u810f\u8e81)<\/li>\n<li>Exemple, les maladies occidentales qui correspondent au syndrome \u00ab\u00a0vide du q\u00ec de la rate\u00a0\u00bb<\/li>\n<li>Exemple, les maladies occidentales qui correspondent \u00e0 la maladie chinoise \u00ab\u00a0jaunisse\u00a0\u00bb(huang d\u01cen \u9ec4\u75b8)<\/li>\n<li>Maladies occidentales provoqu\u00e9es par chacun des 9 syndromes de la col\u00e8re<\/li>\n<\/ul>\n<p><strong>Vid\u00e9o 5<\/strong><\/p>\n<ul>\n<li>La col\u00e8re provoque une surpression et nouure du q\u00ec du foie<\/li>\n<li>C\u2019est quoi une surpression du foie\u00a0?<\/li>\n<li>Principaux sympt\u00f4mes<\/li>\n<li>Citations \u00e9voquant ce syndrome de la col\u00e8re dans les textes anciens<\/li>\n<li>M\u00e9canisme pathologique<\/li>\n<li>Traitement fondamental en pharmacologie<\/li>\n<\/ul>\n<p><strong>Vid\u00e9o 6<\/strong><\/p>\n<ul>\n<li>Suite de la col\u00e8re qui provoque une surpression et nouure du q\u00ec du foie<\/li>\n<li>Traitement fondamental en acupuncture<\/li>\n<\/ul>\n<p><strong>Vid\u00e9o 7<\/strong><\/p>\n<ul>\n<li>La col\u00e8re provoque une surpression du foie qui se transforme en feu<\/li>\n<li>Principaux sympt\u00f4mes<\/li>\n<li>Citations \u00e9voquant ce syndrome de la col\u00e8re dans les textes anciens<\/li>\n<li>M\u00e9canisme pathologique<\/li>\n<li>Traitement fondamental en pharmacologie<\/li>\n<li>Traitement fondamental en acupuncture<\/li>\n<\/ul>\n<p><strong>Vid\u00e9o 8<\/strong><\/p>\n<ul>\n<li>La col\u00e8re provoque une insuffisance du y\u012bn du foie<\/li>\n<li>Principaux sympt\u00f4mes<\/li>\n<li>Citations \u00e9voquant ce syndrome de la col\u00e8re dans les textes anciens<\/li>\n<li>M\u00e9canisme pathologique<\/li>\n<li>Traitement fondamental en pharmacologie<\/li>\n<li>Traitement fondamental en acupuncture<\/li>\n<\/ul>\n<p><strong>Vid\u00e9o 9<\/strong><\/p>\n<ul>\n<li>La col\u00e8re provoque un vide du y\u012bn des reins<\/li>\n<li>Principaux sympt\u00f4mes<\/li>\n<li>Citations \u00e9voquant ce syndrome de la col\u00e8re dans les textes anciens<\/li>\n<li>M\u00e9canisme pathologique<\/li>\n<li>Traitement fondamental en pharmacologie<\/li>\n<li>Traitement fondamental en acupuncture<\/li>\n<\/ul>\n<p><strong>Vid\u00e9o 10<\/strong><\/p>\n<ul>\n<li>La col\u00e8re provoque un feu du foie qui attaque le poumon<\/li>\n<li>Principaux sympt\u00f4mes<\/li>\n<li>Citations \u00e9voquant ce syndrome de la col\u00e8re dans les textes anciens<\/li>\n<li>M\u00e9canisme pathologique<\/li>\n<li>Traitement fondamental en pharmacologie<\/li>\n<li>Traitement fondamental en acupuncture<\/li>\n<\/ul>\n<p><strong>Vid\u00e9o 11<\/strong><\/p>\n<ul>\n<li>La col\u00e8re provoque une dysharmonie foie\/rate<\/li>\n<li>Principaux sympt\u00f4mes<\/li>\n<li>Citations \u00e9voquant ce syndrome de la col\u00e8re dans les textes anciens<\/li>\n<li>M\u00e9canisme pathologique<\/li>\n<li>Traitement fondamental en pharmacologie\u00a0<strong>(partie 1)<\/strong><\/li>\n<\/ul>\n<p><strong>Vid\u00e9o 12<\/strong><\/p>\n<ul>\n<li>Suite de la col\u00e8re provoque une dysharmonie foie\/rate<\/li>\n<li>Traitement fondamental en pharmacologie\u00a0<strong>(partie 2)<\/strong><\/li>\n<li>Traitement fondamental en acupuncture<\/li>\n<\/ul>\n<p><strong>Vid\u00e9o 13<\/strong><\/p>\n<ul>\n<li>La col\u00e8re provoque une dysharmonie foie\/estomac<\/li>\n<li>Principaux sympt\u00f4mes<\/li>\n<li>Citations \u00e9voquant ce syndrome de la col\u00e8re dans les textes anciens<\/li>\n<li>M\u00e9canisme pathologique<\/li>\n<li>Traitement fondamental en pharmacologie<\/li>\n<li>Traitement fondamental en acupuncture<\/li>\n<\/ul>\n<p><strong>Vid\u00e9o 14<\/strong><\/p>\n<ul>\n<li>La col\u00e8re provoque un feu du foie et du c\u0153ur<\/li>\n<li>Principaux sympt\u00f4mes<\/li>\n<li>Citations \u00e9voquant ce syndrome de la col\u00e8re dans les textes anciens<\/li>\n<li>M\u00e9canisme pathologique<\/li>\n<li>Traitement fondamental en pharmacologie<\/li>\n<li>Traitement fondamental en acupuncture<\/li>\n<\/ul>\n<p><strong>Vid\u00e9o 15<\/strong><\/p>\n<ul>\n<li>La col\u00e8re provoque une stase de sang<\/li>\n<li>Principaux sympt\u00f4mes<\/li>\n<li>Citations \u00e9voquant ce syndrome de la col\u00e8re dans les textes anciens<\/li>\n<li>M\u00e9canisme pathologique<\/li>\n<li>Traitement fondamental en pharmacologie<\/li>\n<li>Traitement fondamental en acupuncture<\/li>\n<\/ul>\n<h3><strong>Enseignant<\/strong>\u00a0:<\/h3>\n<p>Philippe Sionneau est l\u2019un des experts de m\u00e9decine chinoise les plus appr\u00e9ci\u00e9s en Europe. Il est \u00e0 l\u2019origine de l\u2019introduction de tr\u00e8s nombreuses informations jusqu\u2019alors in\u00e9dites dans nos pays et notamment dans le domaine de la pharmacologie chinoise, de l\u2019acupuncture et des pathologies. Il a publi\u00e9 plus d\u2019une trentaine de livres. Plusieurs de ses ouvrages sont utilis\u00e9s dans les universit\u00e9s am\u00e9ricaines, canadiennes et australiennes. Depuis 25 ans, il fait le bonheur de plusieurs g\u00e9n\u00e9rations d\u2019\u00e9tudiants et de praticiens de m\u00e9decine chinoise. Ses cours remportent un grand succ\u00e8s en France. C\u2019est l\u2019un des rares occidentaux \u00e0 avoir suivi un cursus complet en m\u00e9decine chinoise dans une universit\u00e9 en Chine, la Hubei University of Chinese Medicine, dont il est dipl\u00f4m\u00e9. Il s\u2019agit d\u2019un dipl\u00f4me d\u2019\u00e9tat officiel de Chine Populaire. Pour \u00eatre plus exact, il poss\u00e8de un bachelor degree qui donne droit \u00e0 pratiquer la m\u00e9decine chinoise dans n\u2019importe quel h\u00f4pital en Chine. Il est consid\u00e9r\u00e9 l\u00e0-bas comme m\u00e9decin.\u00a0<strong>C\u2019est le premier fran\u00e7ais et un des tr\u00e8s rares \u00e0 avoir obtenu ce titre.<\/strong><\/p>\n<h3><strong>Tarif\u00a0<\/strong>:<\/h3>\n<p>Promo :\u00a0<strong>59<\/strong> euros au lieu de\u00a0<s>77<\/s>\u00a0euros<\/p>\n<h3><strong>Dur\u00e9e totale des vid\u00e9os :<\/strong><\/h3>\n<p>3 heures<\/p>\n<h3><strong>Accessibilit\u00e9<\/strong>\u00a0:<\/h3>\n<p>illimit\u00e9 sur 1 an (12 mois)<\/p>\n<h3><strong>Comment acheter le cours et y avoir acc\u00e8s\u00a0?<\/strong><\/h3>\n<h3><strong>D\u00e9roulement de l\u2019inscription\u00a0:<\/strong><\/h3>\n<ol>\n<li>Vous devez r\u00e9gler votre formation par carte bancaire, ch\u00e8que ou virement bancaire.<\/li>\n<li>Nous vous enverrons votre acc\u00e8s \u00e0 votre adresse e-mail d\u00e8s que nous aurons re\u00e7u la confirmation du paiement.<\/li>\n<li>D\u00e8s r\u00e9ception de vos acc\u00e8s vous pouvez commencer votre cours.<\/li>\n<li>Le cours se d\u00e9roule sur une plateforme de e-learning d\u00e9di\u00e9e et s\u00e9curis\u00e9e.<\/li>\n<\/ol>\n<h3><strong>Comment r\u00e9gler la formation<\/strong><\/h3>\n<p><strong>Vous pouvez payer cette formation de trois mani\u00e8res :<\/strong><\/p>\n<ul>\n<li>soit par carte bancaire<\/li>\n<li>soit par virement bancaire<\/li>\n<li>soit par ch\u00e8que bancaire<\/li>\n<\/ul>\n<h3>Paiement par carte bancaire :<\/h3>\n<p>1- Ajouter cette formation \u00e0 votre panier (Bouton \u201cAjouter au Panier\u201d).<br \/>\n2- Validez votre commande en cliquant sur le bouton \u201cVoir le panier\u201d ou \u201cValidation de la commande\u00a0\u00bb.<br \/>\n3- S\u00e9lectionner l\u2019option de paiement par carte bancaire apr\u00e8s avoir entr\u00e9 vos informations de contact.<br \/>\n4- Vous serez guid\u00e9 \u00e0 travers un syst\u00e8me de paiement s\u00e9curis\u00e9 et automatique.<br \/>\n5- Vous recevrez un email de confirmation de paiement ainsi que la facture.<br \/>\n6- Vous recevrez \u00e9galement un email o\u00f9 seront notifi\u00e9s vos identifiants et acc\u00e8s \u00e0 la formation.<\/p>\n<p><a class=\"storefront-sticky-add-to-cart__content-button button alt\" href=\"https:\/\/sionneau.com\/boutique\/medecine--chinoise\/la-colere-en-medecine-chinoise\/?add-to-cart=42853\">Ajouter au panier<\/a><\/p>\n<h3>Paiement par virement bancaire<\/h3>\n<p>1- Ajouter cette formation \u00e0 votre panier (Bouton \u201cAjouter au Panier\u201d).<br \/>\n2- Validez votre commande en cliquant sur le bouton \u201cVoir le panier\u201d ou \u201cValidation de la commande\u00a0\u00bb.<br \/>\n3- S\u00e9lectionner l\u2019option de paiement par virement bancaire apr\u00e8s avoir entr\u00e9 vos informations de contact.<br \/>\n4- Les instructions de paiement vous seront communiqu\u00e9es au moment de l\u2019achat et par email.<br \/>\n<strong>5- Les frais bancaires sont \u00e0 votre charge.<\/strong><br \/>\n6- Lorsque votre virement bancaire sera re\u00e7u vous recevrez un email de confirmation de paiement ainsi que la facture.<br \/>\n7- D\u00e8s r\u00e9ception du virement, nous vous enverrons vos identifiants et acc\u00e8s \u00e0 la formation par email.<\/p>\n<p><a class=\"storefront-sticky-add-to-cart__content-button button alt\" href=\"https:\/\/sionneau.com\/boutique\/medecine--chinoise\/la-colere-en-medecine-chinoise\/?add-to-cart=42853\">Ajouter au panier<\/a><\/p>\n<h3>Paiement par ch\u00e8que bancaire\u00a0<strong><br \/>\n<\/strong><\/h3>\n<p>1- Ajouter cette formation \u00e0 votre panier (Bouton \u201cAjouter au Panier\u201d).<br \/>\n2- Validez votre commande en cliquant sur le bouton \u201cVoir le panier\u201d ou \u201cValidation de la commande\u00a0\u00bb.<br \/>\n3- S\u00e9lectionner l\u2019option de paiement par ch\u00e8que apr\u00e8s avoir entr\u00e9 vos informations de contact.<br \/>\n4- Les instructions de paiement vous seront communiqu\u00e9es au moment de l\u2019achat et par email.<br \/>\n5- Lorsque votre ch\u00e8que sera re\u00e7u vous recevrez un email de confirmation de paiement avec la facture.<br \/>\n6- D\u00e8s encaissement du ch\u00e8que, nous vous enverrons vos identifiants et acc\u00e8s \u00e0 la formation par email.<\/p>\n<p><a class=\"storefront-sticky-add-to-cart__content-button button alt\" href=\"https:\/\/sionneau.com\/boutique\/medecine--chinoise\/la-colere-en-medecine-chinoise\/?add-to-cart=42853\">Ajouter au panier<\/a><\/p>\n<h4><strong>Voir aussi les cours en ligne \u00ab Les Majeurs \u00bb :<\/strong><a href=\"https:\/\/sionneau.com\/e-learning\/-en-ligne\" target=\"_blank\" rel=\"noopener\">\u00a0<\/a><a href=\"https:\/\/sionneau.com\/boutique\/medecine-chinoise\/cours-en-ligne\/\">https:\/\/sionneau.com\/boutique\/medecine-chinoise\/cours-en-ligne\/<\/a><\/h4>\n<h4><strong>Un probl\u00e8me technique ? Contactez<\/strong>\u00a0<strong><a href=\"mailto:support@sionneau.com\">support@sionneau.com<\/a><\/strong><\/h4>\n<p>&nbsp;<\/p>\n","protected":false},"excerpt":{"rendered":"<p>Cette formation en ligne propose une pr\u00e9sentation tr\u00e8s approfondie du concept de la col\u00e8re en m\u00e9decine chinoise. A travers les classiques de la m\u00e9decine chinoise, les textes philosophiques et les trait\u00e9s de l\u2019alchimie tao\u00efste, nous aborderons de mani\u00e8re passionnante ce ph\u00e9nom\u00e8ne consid\u00e9r\u00e9 comme l\u2019\u00e9motion la plus destructrice. Il est \u00e0 souligner qu\u2019il n\u2019existe rien de [&hellip;]<\/p>\n","protected":false},"featured_media":43231,"template":"","meta":[],"product_cat":[54],"product_tag":[],"yoast_head":"<!-- This site is optimized with the Yoast SEO plugin v20.5 - https:\/\/yoast.com\/wordpress\/plugins\/seo\/ -->\n<title>La col\u00e8re en m\u00e9decine chinoise - Boutique de Sionneau.com<\/title>\n<meta name=\"robots\" content=\"index, follow, max-snippet:-1, max-image-preview:large, max-video-preview:-1\" \/>\n<link rel=\"canonical\" href=\"https:\/\/sionneau.com\/boutique\/medecine--chinoise\/la-colere-en-medecine-chinoise\/\" \/>\n<meta property=\"og:locale\" content=\"fr_FR\" \/>\n<meta property=\"og:type\" content=\"article\" \/>\n<meta property=\"og:title\" content=\"La col\u00e8re en m\u00e9decine chinoise - Boutique de Sionneau.com\" \/>\n<meta property=\"og:description\" content=\"Cette formation en ligne propose une pr\u00e9sentation tr\u00e8s approfondie du concept de la col\u00e8re en m\u00e9decine chinoise. A travers les classiques de la m\u00e9decine chinoise, les textes philosophiques et les trait\u00e9s de l\u2019alchimie tao\u00efste, nous aborderons de mani\u00e8re passionnante ce ph\u00e9nom\u00e8ne consid\u00e9r\u00e9 comme l\u2019\u00e9motion la plus destructrice. Il est \u00e0 souligner qu\u2019il n\u2019existe rien de [&hellip;]\" \/>\n<meta property=\"og:url\" content=\"https:\/\/sionneau.com\/boutique\/medecine--chinoise\/la-colere-en-medecine-chinoise\/\" \/>\n<meta property=\"og:site_name\" content=\"Boutique de Sionneau.com\" \/>\n<meta property=\"article:modified_time\" content=\"2024-07-31T14:52:59+00:00\" \/>\n<meta property=\"og:image\" content=\"https:\/\/sionneau.com\/boutique\/wp-content\/uploads\/2024\/07\/colere-en-medecine-chinoise.jpg\" \/>\n\t<meta property=\"og:image:width\" content=\"639\" \/>\n\t<meta property=\"og:image:height\" content=\"598\" \/>\n\t<meta property=\"og:image:type\" content=\"image\/jpeg\" \/>\n<meta name=\"twitter:card\" content=\"summary_large_image\" \/>\n<meta name=\"twitter:label1\" content=\"Dur\u00e9e de lecture estim\u00e9e\" \/>\n\t<meta name=\"twitter:data1\" content=\"7 minutes\" \/>\n<script type=\"application\/ld+json\" class=\"yoast-schema-graph\">{\"@context\":\"https:\/\/schema.org\",\"@graph\":[{\"@type\":\"WebPage\",\"@id\":\"https:\/\/sionneau.com\/boutique\/medecine--chinoise\/la-colere-en-medecine-chinoise\/\",\"url\":\"https:\/\/sionneau.com\/boutique\/medecine--chinoise\/la-colere-en-medecine-chinoise\/\",\"name\":\"La col\u00e8re en m\u00e9decine chinoise - Boutique de Sionneau.com\",\"isPartOf\":{\"@id\":\"https:\/\/sionneau.com\/boutique\/#website\"},\"datePublished\":\"2024-07-11T15:13:01+00:00\",\"dateModified\":\"2024-07-31T14:52:59+00:00\",\"breadcrumb\":{\"@id\":\"https:\/\/sionneau.com\/boutique\/medecine--chinoise\/la-colere-en-medecine-chinoise\/#breadcrumb\"},\"inLanguage\":\"fr-FR\",\"potentialAction\":[{\"@type\":\"ReadAction\",\"target\":[\"https:\/\/sionneau.com\/boutique\/medecine--chinoise\/la-colere-en-medecine-chinoise\/\"]}]},{\"@type\":\"BreadcrumbList\",\"@id\":\"https:\/\/sionneau.com\/boutique\/medecine--chinoise\/la-colere-en-medecine-chinoise\/#breadcrumb\",\"itemListElement\":[{\"@type\":\"ListItem\",\"position\":1,\"name\":\"Accueil\",\"item\":\"https:\/\/sionneau.com\/boutique\/\"},{\"@type\":\"ListItem\",\"position\":2,\"name\":\"Boutique\",\"item\":\"https:\/\/sionneau.com\/boutique\/\"},{\"@type\":\"ListItem\",\"position\":3,\"name\":\"La col\u00e8re en m\u00e9decine chinoise\"}]},{\"@type\":\"WebSite\",\"@id\":\"https:\/\/sionneau.com\/boutique\/#website\",\"url\":\"https:\/\/sionneau.com\/boutique\/\",\"name\":\"Boutique de Sionneau.com\",\"description\":\"Authenticit\u00e9 &amp; professionnalisme\",\"publisher\":{\"@id\":\"https:\/\/sionneau.com\/boutique\/#organization\"},\"potentialAction\":[{\"@type\":\"SearchAction\",\"target\":{\"@type\":\"EntryPoint\",\"urlTemplate\":\"https:\/\/sionneau.com\/boutique\/?s={search_term_string}\"},\"query-input\":\"required name=search_term_string\"}],\"inLanguage\":\"fr-FR\"},{\"@type\":\"Organization\",\"@id\":\"https:\/\/sionneau.com\/boutique\/#organization\",\"name\":\"Philippe Sionneau\",\"url\":\"https:\/\/sionneau.com\/boutique\/\",\"logo\":{\"@type\":\"ImageObject\",\"inLanguage\":\"fr-FR\",\"@id\":\"https:\/\/sionneau.com\/boutique\/#\/schema\/logo\/image\/\",\"url\":\"https:\/\/sionneau.com\/boutique\/wp-content\/uploads\/2019\/03\/Sionneau-logo-1.png\",\"contentUrl\":\"https:\/\/sionneau.com\/boutique\/wp-content\/uploads\/2019\/03\/Sionneau-logo-1.png\",\"width\":600,\"height\":488,\"caption\":\"Philippe Sionneau\"},\"image\":{\"@id\":\"https:\/\/sionneau.com\/boutique\/#\/schema\/logo\/image\/\"}}]}<\/script>\n<!-- \/ Yoast SEO plugin. -->","yoast_head_json":{"title":"La col\u00e8re en m\u00e9decine chinoise - Boutique de Sionneau.com","robots":{"index":"index","follow":"follow","max-snippet":"max-snippet:-1","max-image-preview":"max-image-preview:large","max-video-preview":"max-video-preview:-1"},"canonical":"https:\/\/sionneau.com\/boutique\/medecine--chinoise\/la-colere-en-medecine-chinoise\/","og_locale":"fr_FR","og_type":"article","og_title":"La col\u00e8re en m\u00e9decine chinoise - Boutique de Sionneau.com","og_description":"Cette formation en ligne propose une pr\u00e9sentation tr\u00e8s approfondie du concept de la col\u00e8re en m\u00e9decine chinoise. A travers les classiques de la m\u00e9decine chinoise, les textes philosophiques et les trait\u00e9s de l\u2019alchimie tao\u00efste, nous aborderons de mani\u00e8re passionnante ce ph\u00e9nom\u00e8ne consid\u00e9r\u00e9 comme l\u2019\u00e9motion la plus destructrice. Il est \u00e0 souligner qu\u2019il n\u2019existe rien de [&hellip;]","og_url":"https:\/\/sionneau.com\/boutique\/medecine--chinoise\/la-colere-en-medecine-chinoise\/","og_site_name":"Boutique de Sionneau.com","article_modified_time":"2024-07-31T14:52:59+00:00","og_image":[{"width":639,"height":598,"url":"https:\/\/sionneau.com\/boutique\/wp-content\/uploads\/2024\/07\/colere-en-medecine-chinoise.jpg","type":"image\/jpeg"}],"twitter_card":"summary_large_image","twitter_misc":{"Dur\u00e9e de lecture estim\u00e9e":"7 minutes"},"schema":{"@context":"https:\/\/schema.org","@graph":[{"@type":"WebPage","@id":"https:\/\/sionneau.com\/boutique\/medecine--chinoise\/la-colere-en-medecine-chinoise\/","url":"https:\/\/sionneau.com\/boutique\/medecine--chinoise\/la-colere-en-medecine-chinoise\/","name":"La col\u00e8re en m\u00e9decine chinoise - Boutique de Sionneau.com","isPartOf":{"@id":"https:\/\/sionneau.com\/boutique\/#website"},"datePublished":"2024-07-11T15:13:01+00:00","dateModified":"2024-07-31T14:52:59+00:00","breadcrumb":{"@id":"https:\/\/sionneau.com\/boutique\/medecine--chinoise\/la-colere-en-medecine-chinoise\/#breadcrumb"},"inLanguage":"fr-FR","potentialAction":[{"@type":"ReadAction","target":["https:\/\/sionneau.com\/boutique\/medecine--chinoise\/la-colere-en-medecine-chinoise\/"]}]},{"@type":"BreadcrumbList","@id":"https:\/\/sionneau.com\/boutique\/medecine--chinoise\/la-colere-en-medecine-chinoise\/#breadcrumb","itemListElement":[{"@type":"ListItem","position":1,"name":"Accueil","item":"https:\/\/sionneau.com\/boutique\/"},{"@type":"ListItem","position":2,"name":"Boutique","item":"https:\/\/sionneau.com\/boutique\/"},{"@type":"ListItem","position":3,"name":"La col\u00e8re en m\u00e9decine chinoise"}]},{"@type":"WebSite","@id":"https:\/\/sionneau.com\/boutique\/#website","url":"https:\/\/sionneau.com\/boutique\/","name":"Boutique de Sionneau.com","description":"Authenticit\u00e9 &amp; professionnalisme","publisher":{"@id":"https:\/\/sionneau.com\/boutique\/#organization"},"potentialAction":[{"@type":"SearchAction","target":{"@type":"EntryPoint","urlTemplate":"https:\/\/sionneau.com\/boutique\/?s={search_term_string}"},"query-input":"required name=search_term_string"}],"inLanguage":"fr-FR"},{"@type":"Organization","@id":"https:\/\/sionneau.com\/boutique\/#organization","name":"Philippe Sionneau","url":"https:\/\/sionneau.com\/boutique\/","logo":{"@type":"ImageObject","inLanguage":"fr-FR","@id":"https:\/\/sionneau.com\/boutique\/#\/schema\/logo\/image\/","url":"https:\/\/sionneau.com\/boutique\/wp-content\/uploads\/2019\/03\/Sionneau-logo-1.png","contentUrl":"https:\/\/sionneau.com\/boutique\/wp-content\/uploads\/2019\/03\/Sionneau-logo-1.png","width":600,"height":488,"caption":"Philippe Sionneau"},"image":{"@id":"https:\/\/sionneau.com\/boutique\/#\/schema\/logo\/image\/"}}]}},"_links":{"self":[{"href":"https:\/\/sionneau.com\/boutique\/wp-json\/wp\/v3\/product\/42853"}],"collection":[{"href":"https:\/\/sionneau.com\/boutique\/wp-json\/wp\/v3\/product"}],"about":[{"href":"https:\/\/sionneau.com\/boutique\/wp-json\/wp\/v2\/types\/product"}],"wp:featuredmedia":[{"embeddable":true,"href":"https:\/\/sionneau.com\/boutique\/wp-json\/wp\/v2\/media\/43231"}],"wp:attachment":[{"href":"https:\/\/sionneau.com\/boutique\/wp-json\/wp\/v2\/media?parent=42853"}],"wp:term":[{"taxonomy":"product_cat","embeddable":true,"href":"https:\/\/sionneau.com\/boutique\/wp-json\/wp\/v2\/product_cat?post=42853"},{"taxonomy":"product_tag","embeddable":true,"href":"https:\/\/sionneau.com\/boutique\/wp-json\/wp\/v2\/product_tag?post=42853"}],"curies":[{"name":"wp","href":"https:\/\/api.w.org\/{rel}","templated":true}]}}