{"id":42852,"date":"2024-07-11T17:11:27","date_gmt":"2024-07-11T15:11:27","guid":{"rendered":"https:\/\/sionneau.com\/boutique\/?post_type=product&#038;p=42852"},"modified":"2025-07-24T19:07:08","modified_gmt":"2025-07-24T17:07:08","slug":"gynecologie-physiologie-des-regles-et-therapeutique","status":"publish","type":"product","link":"https:\/\/sionneau.com\/boutique\/medecine--chinoise\/gynecologie-physiologie-des-regles-et-therapeutique\/","title":{"rendered":"Gyn\u00e9cologie traditionnelle chinoise : physiologie des r\u00e8gles et th\u00e9rapeutique"},"content":{"rendered":"<div class=\"article\">\n<p>L\u2019objectif de cette formation en ligne est de pr\u00e9senter clairement la physiologie des menstruations et une m\u00e9thode th\u00e9rapeutique sp\u00e9ciale pour r\u00e9gulariser le cycle ainsi que le syst\u00e8me hormonal de la femme. Tout d\u2019abord, sera d\u00e9velopp\u00e9 tout ce qu\u2019il faut savoir sur l\u2019ut\u00e9rus et le sein, leur rapport avec les organes, les m\u00e9ridiens extraordinaires (q\u00ed j\u012bng b\u0101 m\u00e0i \u5947\u7ecf\u516b\u8109), leurs fonctions, etc. Ensuite, le m\u00e9canisme des menstruations sera d\u00e9taill\u00e9, avec les liens avec le q\u00ec, le sang, les organes z\u00e0ng f\u01d4, les m\u00e9ridiens, pour d\u00e9boucher sur une \u00e9tude physiologique unique des 4 phases du cycle menstruel. Ceci permettra de d\u00e9velopper une m\u00e9thode de r\u00e9gularisation des r\u00e8gles et du syst\u00e8me hormonal bas\u00e9e sur les 4 phases du cycle, \u00e0 l\u2019aide de l\u2019acupuncture et de la pharmacologie chinoise. Enfin, nous terminerons par une explication des grandes causes et des m\u00e9canismes pathologiques qui sont \u00e0 l\u2019origine de la surpression du foie, la source majeure des troubles des r\u00e8gles. Un cours limpide, structurant et pratique.<\/p>\n<\/div>\n<p><span style=\"color: #ff0000;\"><strong>Cette formation en ligne est accompagn\u00e9e d\u2019un support de cours de 87 slides en couleur (44 pages).<\/strong><\/span><\/p>\n<p><strong><span style=\"color: #ff0000;\">Cette formation en ligne b\u00e9n\u00e9ficie d\u2019un forum d\u00e9di\u00e9 o\u00f9 vous pouvez poser vos questions \u00e0 Philippe Sionneau.<\/span><\/strong><\/p>\n<div class=\"article\">\n<p><strong>Vid\u00e9o 1<\/strong><\/p>\n<ul>\n<li>L\u2019ut\u00e9rus &#8211; N\u01da Z\u012b B\u0101o \u5973\u5b50\u80de\u2013 partie 1<\/li>\n<li>Terminologie et caract\u00e9ristiques<\/li>\n<li>Fonction de l\u2019ut\u00e9rus<\/li>\n<li>L\u2019ut\u00e9rus et les reins<\/li>\n<\/ul>\n<p><strong>Vid\u00e9o 2<\/strong><\/p>\n<ul>\n<li>L\u2019ut\u00e9rus &#8211; N\u01da Z\u012b B\u0101o \u5973\u5b50\u80de\u2013 partie 2<\/li>\n<li>L\u2019ut\u00e9rus, le ch\u014dng m\u00e0i (\u51b2\u8109) et le r\u00e8n m\u00e0i (\u4efb\u8109)<\/li>\n<li>L\u2019ut\u00e9rus et les quatre autres organes z\u00e0ng<\/li>\n<\/ul>\n<p><strong>Vid\u00e9o 3<\/strong><\/p>\n<ul>\n<li>Le sein &#8211; R\u01d4 \u4e73<\/li>\n<li>Les reins<\/li>\n<li>La rate et l\u2019estomac<\/li>\n<li>Le foie<\/li>\n<li>Ch\u014dng mai (\u51b2\u8109) et ren mai (\u4efb\u8109)<\/li>\n<\/ul>\n<p><strong>Vid\u00e9o 4<\/strong><\/p>\n<ul>\n<li>Les menstruations &#8211; Yue J\u012bng &#8211; \u6708\u7ecf\u2013 partie 1<\/li>\n<li>Le ti\u0101n gu\u01d0 (\u5929\u7678) \u2013 chapitre 1 du S\u00f9 W\u00e8n<\/li>\n<li>Les reins<\/li>\n<li>Le foie<\/li>\n<li>La rate &amp; l\u2019estomac<\/li>\n<li>Le c\u0153ur &amp; le poumon<\/li>\n<li>Le Qi &amp; le sang<\/li>\n<\/ul>\n<p><strong>Vid\u00e9o 5<\/strong><\/p>\n<ul>\n<li>Les menstruations &#8211; Yue J\u012bng &#8211; \u6708\u7ecf\u2013 partie 2<\/li>\n<li>Les m\u00e9ridiens<\/li>\n<li>Le d\u016b m\u00e0i (\u7763\u8109)<\/li>\n<li>Le r\u00e8n m\u00e0i (\u4efb\u8109)<\/li>\n<li>Le ch\u014dng m\u00e0i (\u51b2\u8109)<\/li>\n<li>B\u0101o m\u00e0i (\u80de\u8109)<\/li>\n<li>B\u0101o lu\u00f2 (\u80de\u7edc)<\/li>\n<\/ul>\n<p><strong>Vid\u00e9o 6<\/strong><\/p>\n<ul>\n<li>Les menstruations &#8211; Yue J\u012bng &#8211; \u6708\u7ecf\u2013 partie 3<\/li>\n<li>L\u2019enveloppe procr\u00e9atrice<\/li>\n<li>Sch\u00e9ma de la physiologie des menstruations<\/li>\n<\/ul>\n<p><strong>Vid\u00e9o 7<\/strong><\/p>\n<ul>\n<li>Les quatre phases du cycle menstruel<\/li>\n<li>La phase du sang<\/li>\n<li>La phase du y\u012bn<\/li>\n<li>La phase du y\u00e1ng<\/li>\n<li>La phase du q\u00ec<\/li>\n<\/ul>\n<p><strong>Vid\u00e9o 8<\/strong><\/p>\n<ul>\n<li>Principes th\u00e9rapeutiques selon les 4 phases du cycle menstruel &#8211; Partie 1<\/li>\n<li>R\u00e9gulation de la phase Y\u012bn<\/li>\n<li>R\u00e9gulation par la pharmacop\u00e9e<\/li>\n<li>Traitement et modifications<\/li>\n<\/ul>\n<p><strong>Vid\u00e9o 9<\/strong><\/p>\n<ul>\n<li>Principes th\u00e9rapeutiques selon les 4 phases du cycle menstruel &#8211; Partie 2<\/li>\n<li>R\u00e9gulation de la phase Y\u012bn<\/li>\n<li>R\u00e9gulation par l\u2019acupuncture<\/li>\n<li>Traitement et modifications<\/li>\n<\/ul>\n<p><strong>Vid\u00e9o 10<\/strong><\/p>\n<ul>\n<li>Principes th\u00e9rapeutiques selon les 4 phases du cycle menstruel &#8211; Partie 3<\/li>\n<li>R\u00e9gulation de la phase Y\u00e1ng<\/li>\n<li>R\u00e9gulation par la pharmacop\u00e9e<\/li>\n<li>Traitement et modifications<\/li>\n<li>R\u00e9gulation par l\u2019acupuncture<\/li>\n<li>Traitement et modifications<\/li>\n<\/ul>\n<p><strong>Vid\u00e9o 11<\/strong><\/p>\n<ul>\n<li>Principes th\u00e9rapeutiques selon les 4 phases du cycle menstruel &#8211; Partie 4<\/li>\n<li>R\u00e9gulation de la phase Q\u00ec<\/li>\n<li>R\u00e9gulation par la pharmacop\u00e9e<\/li>\n<li>Traitement et modifications<\/li>\n<\/ul>\n<p><strong>Vid\u00e9o 12<\/strong><\/p>\n<ul>\n<li>Principes th\u00e9rapeutiques selon les 4 phases du cycle menstruel &#8211; Partie 5<\/li>\n<li>R\u00e9gulation de la phase Q\u00ec<\/li>\n<li>R\u00e9gulation par l\u2019acupuncture<\/li>\n<li>Traitement et modifications<\/li>\n<li>R\u00e9gulation de la phase Sang<\/li>\n<\/ul>\n<p><strong>Vid\u00e9o 13<\/strong><\/p>\n<ul>\n<li>La surpression du foie : cause majeure des troubles gyn\u00e9cologiques<\/li>\n<li>Les 8 causes principales de la surpression du foie<\/li>\n<\/ul>\n<h3><strong>Enseignant<\/strong>\u00a0:<\/h3>\n<p>Philippe Sionneau est l\u2019un des experts de m\u00e9decine chinoise les plus appr\u00e9ci\u00e9s en Europe. Il est \u00e0 l\u2019origine de l\u2019introduction de tr\u00e8s nombreuses informations jusqu\u2019alors in\u00e9dites dans nos pays et notamment dans le domaine de la pharmacologie chinoise, de l\u2019acupuncture et des pathologies. Il a publi\u00e9 plus d\u2019une trentaine de livres. Plusieurs de ses ouvrages sont utilis\u00e9s dans les universit\u00e9s am\u00e9ricaines, canadiennes et australiennes. Depuis 25 ans, il fait le bonheur de plusieurs g\u00e9n\u00e9rations d\u2019\u00e9tudiants et de praticiens de m\u00e9decine chinoise. Ses cours remportent un grand succ\u00e8s en France. C\u2019est l\u2019un des rares occidentaux \u00e0 avoir suivi un cursus complet en m\u00e9decine chinoise dans une universit\u00e9 en Chine, la Hubei University of Chinese Medicine, dont il est dipl\u00f4m\u00e9. Il s\u2019agit d\u2019un dipl\u00f4me d\u2019\u00e9tat officiel de Chine Populaire. Pour \u00eatre plus exact, il poss\u00e8de un bachelor degree qui donne droit \u00e0 pratiquer la m\u00e9decine chinoise dans n\u2019importe quel h\u00f4pital en Chine. Il est consid\u00e9r\u00e9 l\u00e0-bas comme m\u00e9decin.\u00a0<strong>C\u2019est le premier fran\u00e7ais et un des tr\u00e8s rares \u00e0 avoir obtenu ce titre.<\/strong><\/p>\n<h3><strong>Tarif\u00a0<\/strong>:<\/h3>\n<p>Promo :\u00a0<strong>69<\/strong> euros au lieu de\u00a0<s>90<\/s>\u00a0euros<\/p>\n<h3><strong>Dur\u00e9e totale des vid\u00e9os :<\/strong><\/h3>\n<p>2 heures et 35 minutes<\/p>\n<h3><strong>Accessibilit\u00e9<\/strong>\u00a0:<\/h3>\n<p>illimit\u00e9 sur 1 an (12 mois)<\/p>\n<h3><strong>Comment acheter le cours et y avoir acc\u00e8s\u00a0?<\/strong><\/h3>\n<h3><strong>D\u00e9roulement de l\u2019inscription\u00a0:<\/strong><\/h3>\n<ol>\n<li>Vous devez r\u00e9gler votre formation par carte bancaire, ch\u00e8que ou virement bancaire.<\/li>\n<li>Nous vous enverrons votre acc\u00e8s \u00e0 votre adresse e-mail d\u00e8s que nous aurons re\u00e7u la confirmation du paiement.<\/li>\n<li>D\u00e8s r\u00e9ception de vos acc\u00e8s vous pouvez commencer votre cours.<\/li>\n<li>Le cours se d\u00e9roule sur une plateforme de e-learning d\u00e9di\u00e9e et s\u00e9curis\u00e9e.<\/li>\n<\/ol>\n<h3><strong>Comment r\u00e9gler la formation<\/strong><\/h3>\n<p><strong>Vous pouvez payer cette formation de trois mani\u00e8res :<\/strong><\/p>\n<ul>\n<li>soit par carte bancaire<\/li>\n<li>soit par virement bancaire<\/li>\n<li>soit par ch\u00e8que bancaire<\/li>\n<\/ul>\n<h3>Paiement par carte bancaire :<\/h3>\n<p>1- Ajouter cette formation \u00e0 votre panier (Bouton \u201cAjouter au Panier\u201d).<br \/>\n2- Validez votre commande en cliquant sur le bouton \u201cVoir le panier\u201d ou \u201cValidation de la commande\u00a0\u00bb.<br \/>\n3- S\u00e9lectionner l\u2019option de paiement par carte bancaire apr\u00e8s avoir entr\u00e9 vos informations de contact.<br \/>\n4- Vous serez guid\u00e9 \u00e0 travers un syst\u00e8me de paiement s\u00e9curis\u00e9 et automatique.<br \/>\n5- Vous recevrez un email de confirmation de paiement ainsi que la facture.<br \/>\n6- Vous recevrez \u00e9galement un email o\u00f9 seront notifi\u00e9s vos identifiants et acc\u00e8s \u00e0 la formation.<\/p>\n<p><a class=\"storefront-sticky-add-to-cart__content-button button alt\" href=\"https:\/\/sionneau.com\/boutique\/medecine--chinoise\/gynecologie-physiologie-des-regles-et-therapeutique\/?add-to-cart=42852\">Ajouter au panier<\/a><\/p>\n<h3>Paiement par virement bancaire<\/h3>\n<p>1- Ajouter cette formation \u00e0 votre panier (Bouton \u201cAjouter au Panier\u201d).<br \/>\n2- Validez votre commande en cliquant sur le bouton \u201cVoir le panier\u201d ou \u201cValidation de la commande\u00a0\u00bb.<br \/>\n3- S\u00e9lectionner l\u2019option de paiement par virement bancaire apr\u00e8s avoir entr\u00e9 vos informations de contact.<br \/>\n4- Les instructions de paiement vous seront communiqu\u00e9es au moment de l\u2019achat et par email.<br \/>\n<strong>5- Les frais bancaires sont \u00e0 votre charge.<\/strong><br \/>\n6- Lorsque votre virement bancaire sera re\u00e7u vous recevrez un email de confirmation de paiement ainsi que la facture.<br \/>\n7- D\u00e8s r\u00e9ception du virement, nous vous enverrons vos identifiants et acc\u00e8s \u00e0 la formation par email.<\/p>\n<p><a class=\"storefront-sticky-add-to-cart__content-button button alt\" href=\"https:\/\/sionneau.com\/boutique\/medecine--chinoise\/gynecologie-physiologie-des-regles-et-therapeutique\/?add-to-cart=42852\">Ajouter au panier<\/a><\/p>\n<h3>Paiement par ch\u00e8que bancaire\u00a0<strong><br \/>\n<\/strong><\/h3>\n<p>1- Ajouter cette formation \u00e0 votre panier (Bouton \u201cAjouter au Panier\u201d).<br \/>\n2- Validez votre commande en cliquant sur le bouton \u201cVoir le panier\u201d ou \u201cValidation de la commande\u00a0\u00bb.<br \/>\n3- S\u00e9lectionner l\u2019option de paiement par ch\u00e8que apr\u00e8s avoir entr\u00e9 vos informations de contact.<br \/>\n4- Les instructions de paiement vous seront communiqu\u00e9es au moment de l\u2019achat et par email.<br \/>\n5- Lorsque votre ch\u00e8que sera re\u00e7u vous recevrez un email de confirmation de paiement avec la facture.<br \/>\n6- D\u00e8s encaissement du ch\u00e8que, nous vous enverrons vos identifiants et acc\u00e8s \u00e0 la formation par email.<\/p>\n<p><a class=\"storefront-sticky-add-to-cart__content-button button alt\" href=\"https:\/\/sionneau.com\/boutique\/medecine--chinoise\/gynecologie-physiologie-des-regles-et-therapeutique\/?add-to-cart=42852\">Ajouter au panier<\/a><\/p>\n<h4><strong>Voir aussi les cours en ligne \u00ab Les Majeurs \u00bb :<\/strong><a href=\"https:\/\/sionneau.com\/e-learning\/-en-ligne\" target=\"_blank\" rel=\"noopener\">\u00a0<\/a><a href=\"https:\/\/sionneau.com\/boutique\/medecine-chinoise\/cours-en-ligne\/\">https:\/\/sionneau.com\/boutique\/medecine-chinoise\/cours-en-ligne\/<\/a><\/h4>\n<h4><strong>Un probl\u00e8me technique ? Contactez<\/strong>\u00a0<strong><a href=\"mailto:support@sionneau.com\">support@sionneau.com<\/a><\/strong><\/h4>\n<p>&nbsp;<\/p>\n<\/div>\n","protected":false},"excerpt":{"rendered":"<p>L\u2019objectif de cette formation en ligne est de pr\u00e9senter clairement la physiologie des menstruations et une m\u00e9thode th\u00e9rapeutique sp\u00e9ciale pour r\u00e9gulariser le cycle ainsi que le syst\u00e8me hormonal de la femme. Tout d\u2019abord, sera d\u00e9velopp\u00e9 tout ce qu\u2019il faut savoir sur l\u2019ut\u00e9rus et le sein, leur rapport avec les organes, les m\u00e9ridiens extraordinaires (q\u00ed j\u012bng [&hellip;]<\/p>\n","protected":false},"featured_media":43253,"template":"","meta":[],"product_cat":[54,57],"product_tag":[],"yoast_head":"<!-- This site is optimized with the Yoast SEO plugin v20.5 - https:\/\/yoast.com\/wordpress\/plugins\/seo\/ -->\n<title>Gyn\u00e9cologie traditionnelle chinoise : physiologie des r\u00e8gles et th\u00e9rapeutique - Boutique de Sionneau.com<\/title>\n<meta name=\"robots\" content=\"index, follow, max-snippet:-1, max-image-preview:large, max-video-preview:-1\" \/>\n<link rel=\"canonical\" href=\"https:\/\/sionneau.com\/boutique\/medecine--chinoise\/gynecologie-physiologie-des-regles-et-therapeutique\/\" \/>\n<meta property=\"og:locale\" content=\"fr_FR\" \/>\n<meta property=\"og:type\" content=\"article\" \/>\n<meta property=\"og:title\" content=\"Gyn\u00e9cologie traditionnelle chinoise : physiologie des r\u00e8gles et th\u00e9rapeutique - Boutique de Sionneau.com\" \/>\n<meta property=\"og:description\" content=\"L\u2019objectif de cette formation en ligne est de pr\u00e9senter clairement la physiologie des menstruations et une m\u00e9thode th\u00e9rapeutique sp\u00e9ciale pour r\u00e9gulariser le cycle ainsi que le syst\u00e8me hormonal de la femme. Tout d\u2019abord, sera d\u00e9velopp\u00e9 tout ce qu\u2019il faut savoir sur l\u2019ut\u00e9rus et le sein, leur rapport avec les organes, les m\u00e9ridiens extraordinaires (q\u00ed j\u012bng [&hellip;]\" \/>\n<meta property=\"og:url\" content=\"https:\/\/sionneau.com\/boutique\/medecine--chinoise\/gynecologie-physiologie-des-regles-et-therapeutique\/\" \/>\n<meta property=\"og:site_name\" content=\"Boutique de Sionneau.com\" \/>\n<meta property=\"article:modified_time\" content=\"2025-07-24T17:07:08+00:00\" \/>\n<meta property=\"og:image\" content=\"https:\/\/sionneau.com\/boutique\/wp-content\/uploads\/2024\/07\/Uterus-cours-en-ligne-gynecologie-traditionnelle-chinoise-philippe-sionneau.jpeg\" \/>\n\t<meta property=\"og:image:width\" content=\"600\" \/>\n\t<meta property=\"og:image:height\" content=\"423\" \/>\n\t<meta property=\"og:image:type\" content=\"image\/jpeg\" \/>\n<meta name=\"twitter:card\" content=\"summary_large_image\" \/>\n<meta name=\"twitter:label1\" content=\"Dur\u00e9e de lecture estim\u00e9e\" \/>\n\t<meta name=\"twitter:data1\" content=\"6 minutes\" \/>\n<script type=\"application\/ld+json\" class=\"yoast-schema-graph\">{\"@context\":\"https:\/\/schema.org\",\"@graph\":[{\"@type\":\"WebPage\",\"@id\":\"https:\/\/sionneau.com\/boutique\/medecine--chinoise\/gynecologie-physiologie-des-regles-et-therapeutique\/\",\"url\":\"https:\/\/sionneau.com\/boutique\/medecine--chinoise\/gynecologie-physiologie-des-regles-et-therapeutique\/\",\"name\":\"Gyn\u00e9cologie traditionnelle chinoise : physiologie des r\u00e8gles et th\u00e9rapeutique - Boutique de Sionneau.com\",\"isPartOf\":{\"@id\":\"https:\/\/sionneau.com\/boutique\/#website\"},\"datePublished\":\"2024-07-11T15:11:27+00:00\",\"dateModified\":\"2025-07-24T17:07:08+00:00\",\"breadcrumb\":{\"@id\":\"https:\/\/sionneau.com\/boutique\/medecine--chinoise\/gynecologie-physiologie-des-regles-et-therapeutique\/#breadcrumb\"},\"inLanguage\":\"fr-FR\",\"potentialAction\":[{\"@type\":\"ReadAction\",\"target\":[\"https:\/\/sionneau.com\/boutique\/medecine--chinoise\/gynecologie-physiologie-des-regles-et-therapeutique\/\"]}]},{\"@type\":\"BreadcrumbList\",\"@id\":\"https:\/\/sionneau.com\/boutique\/medecine--chinoise\/gynecologie-physiologie-des-regles-et-therapeutique\/#breadcrumb\",\"itemListElement\":[{\"@type\":\"ListItem\",\"position\":1,\"name\":\"Accueil\",\"item\":\"https:\/\/sionneau.com\/boutique\/\"},{\"@type\":\"ListItem\",\"position\":2,\"name\":\"Boutique\",\"item\":\"https:\/\/sionneau.com\/boutique\/\"},{\"@type\":\"ListItem\",\"position\":3,\"name\":\"Gyn\u00e9cologie traditionnelle chinoise : physiologie des r\u00e8gles et th\u00e9rapeutique\"}]},{\"@type\":\"WebSite\",\"@id\":\"https:\/\/sionneau.com\/boutique\/#website\",\"url\":\"https:\/\/sionneau.com\/boutique\/\",\"name\":\"Boutique de Sionneau.com\",\"description\":\"Authenticit\u00e9 &amp; professionnalisme\",\"publisher\":{\"@id\":\"https:\/\/sionneau.com\/boutique\/#organization\"},\"potentialAction\":[{\"@type\":\"SearchAction\",\"target\":{\"@type\":\"EntryPoint\",\"urlTemplate\":\"https:\/\/sionneau.com\/boutique\/?s={search_term_string}\"},\"query-input\":\"required name=search_term_string\"}],\"inLanguage\":\"fr-FR\"},{\"@type\":\"Organization\",\"@id\":\"https:\/\/sionneau.com\/boutique\/#organization\",\"name\":\"Philippe Sionneau\",\"url\":\"https:\/\/sionneau.com\/boutique\/\",\"logo\":{\"@type\":\"ImageObject\",\"inLanguage\":\"fr-FR\",\"@id\":\"https:\/\/sionneau.com\/boutique\/#\/schema\/logo\/image\/\",\"url\":\"https:\/\/sionneau.com\/boutique\/wp-content\/uploads\/2019\/03\/Sionneau-logo-1.png\",\"contentUrl\":\"https:\/\/sionneau.com\/boutique\/wp-content\/uploads\/2019\/03\/Sionneau-logo-1.png\",\"width\":600,\"height\":488,\"caption\":\"Philippe Sionneau\"},\"image\":{\"@id\":\"https:\/\/sionneau.com\/boutique\/#\/schema\/logo\/image\/\"}}]}<\/script>\n<!-- \/ Yoast SEO plugin. -->","yoast_head_json":{"title":"Gyn\u00e9cologie traditionnelle chinoise : physiologie des r\u00e8gles et th\u00e9rapeutique - Boutique de Sionneau.com","robots":{"index":"index","follow":"follow","max-snippet":"max-snippet:-1","max-image-preview":"max-image-preview:large","max-video-preview":"max-video-preview:-1"},"canonical":"https:\/\/sionneau.com\/boutique\/medecine--chinoise\/gynecologie-physiologie-des-regles-et-therapeutique\/","og_locale":"fr_FR","og_type":"article","og_title":"Gyn\u00e9cologie traditionnelle chinoise : physiologie des r\u00e8gles et th\u00e9rapeutique - Boutique de Sionneau.com","og_description":"L\u2019objectif de cette formation en ligne est de pr\u00e9senter clairement la physiologie des menstruations et une m\u00e9thode th\u00e9rapeutique sp\u00e9ciale pour r\u00e9gulariser le cycle ainsi que le syst\u00e8me hormonal de la femme. Tout d\u2019abord, sera d\u00e9velopp\u00e9 tout ce qu\u2019il faut savoir sur l\u2019ut\u00e9rus et le sein, leur rapport avec les organes, les m\u00e9ridiens extraordinaires (q\u00ed j\u012bng [&hellip;]","og_url":"https:\/\/sionneau.com\/boutique\/medecine--chinoise\/gynecologie-physiologie-des-regles-et-therapeutique\/","og_site_name":"Boutique de Sionneau.com","article_modified_time":"2025-07-24T17:07:08+00:00","og_image":[{"width":600,"height":423,"url":"https:\/\/sionneau.com\/boutique\/wp-content\/uploads\/2024\/07\/Uterus-cours-en-ligne-gynecologie-traditionnelle-chinoise-philippe-sionneau.jpeg","type":"image\/jpeg"}],"twitter_card":"summary_large_image","twitter_misc":{"Dur\u00e9e de lecture estim\u00e9e":"6 minutes"},"schema":{"@context":"https:\/\/schema.org","@graph":[{"@type":"WebPage","@id":"https:\/\/sionneau.com\/boutique\/medecine--chinoise\/gynecologie-physiologie-des-regles-et-therapeutique\/","url":"https:\/\/sionneau.com\/boutique\/medecine--chinoise\/gynecologie-physiologie-des-regles-et-therapeutique\/","name":"Gyn\u00e9cologie traditionnelle chinoise : physiologie des r\u00e8gles et th\u00e9rapeutique - Boutique de Sionneau.com","isPartOf":{"@id":"https:\/\/sionneau.com\/boutique\/#website"},"datePublished":"2024-07-11T15:11:27+00:00","dateModified":"2025-07-24T17:07:08+00:00","breadcrumb":{"@id":"https:\/\/sionneau.com\/boutique\/medecine--chinoise\/gynecologie-physiologie-des-regles-et-therapeutique\/#breadcrumb"},"inLanguage":"fr-FR","potentialAction":[{"@type":"ReadAction","target":["https:\/\/sionneau.com\/boutique\/medecine--chinoise\/gynecologie-physiologie-des-regles-et-therapeutique\/"]}]},{"@type":"BreadcrumbList","@id":"https:\/\/sionneau.com\/boutique\/medecine--chinoise\/gynecologie-physiologie-des-regles-et-therapeutique\/#breadcrumb","itemListElement":[{"@type":"ListItem","position":1,"name":"Accueil","item":"https:\/\/sionneau.com\/boutique\/"},{"@type":"ListItem","position":2,"name":"Boutique","item":"https:\/\/sionneau.com\/boutique\/"},{"@type":"ListItem","position":3,"name":"Gyn\u00e9cologie traditionnelle chinoise : physiologie des r\u00e8gles et th\u00e9rapeutique"}]},{"@type":"WebSite","@id":"https:\/\/sionneau.com\/boutique\/#website","url":"https:\/\/sionneau.com\/boutique\/","name":"Boutique de Sionneau.com","description":"Authenticit\u00e9 &amp; professionnalisme","publisher":{"@id":"https:\/\/sionneau.com\/boutique\/#organization"},"potentialAction":[{"@type":"SearchAction","target":{"@type":"EntryPoint","urlTemplate":"https:\/\/sionneau.com\/boutique\/?s={search_term_string}"},"query-input":"required name=search_term_string"}],"inLanguage":"fr-FR"},{"@type":"Organization","@id":"https:\/\/sionneau.com\/boutique\/#organization","name":"Philippe Sionneau","url":"https:\/\/sionneau.com\/boutique\/","logo":{"@type":"ImageObject","inLanguage":"fr-FR","@id":"https:\/\/sionneau.com\/boutique\/#\/schema\/logo\/image\/","url":"https:\/\/sionneau.com\/boutique\/wp-content\/uploads\/2019\/03\/Sionneau-logo-1.png","contentUrl":"https:\/\/sionneau.com\/boutique\/wp-content\/uploads\/2019\/03\/Sionneau-logo-1.png","width":600,"height":488,"caption":"Philippe Sionneau"},"image":{"@id":"https:\/\/sionneau.com\/boutique\/#\/schema\/logo\/image\/"}}]}},"_links":{"self":[{"href":"https:\/\/sionneau.com\/boutique\/wp-json\/wp\/v3\/product\/42852"}],"collection":[{"href":"https:\/\/sionneau.com\/boutique\/wp-json\/wp\/v3\/product"}],"about":[{"href":"https:\/\/sionneau.com\/boutique\/wp-json\/wp\/v2\/types\/product"}],"wp:featuredmedia":[{"embeddable":true,"href":"https:\/\/sionneau.com\/boutique\/wp-json\/wp\/v2\/media\/43253"}],"wp:attachment":[{"href":"https:\/\/sionneau.com\/boutique\/wp-json\/wp\/v2\/media?parent=42852"}],"wp:term":[{"taxonomy":"product_cat","embeddable":true,"href":"https:\/\/sionneau.com\/boutique\/wp-json\/wp\/v2\/product_cat?post=42852"},{"taxonomy":"product_tag","embeddable":true,"href":"https:\/\/sionneau.com\/boutique\/wp-json\/wp\/v2\/product_tag?post=42852"}],"curies":[{"name":"wp","href":"https:\/\/api.w.org\/{rel}","templated":true}]}}