{"id":42849,"date":"2024-07-11T17:08:27","date_gmt":"2024-07-11T15:08:27","guid":{"rendered":"https:\/\/sionneau.com\/boutique\/?post_type=product&#038;p=42849"},"modified":"2024-07-31T16:54:31","modified_gmt":"2024-07-31T14:54:31","slug":"bilan-energetique-par-le-pouls-chinois","status":"publish","type":"product","link":"https:\/\/sionneau.com\/boutique\/medecine--chinoise\/bilan-energetique-par-le-pouls-chinois\/","title":{"rendered":"Bilan \u00e9nerg\u00e9tique par le pouls chinois"},"content":{"rendered":"<h3><strong>La prise du pouls d\u00e9mystifi\u00e9e &#8211; Venez bouleverser votre compr\u00e9hension du pouls !<\/strong><\/h3>\n<p>Le bilan \u00e9nerg\u00e9tique par le pouls radial est probablement la technique la plus mal ma\u00eetris\u00e9e dans le domaine de la m\u00e9decine traditionnelle chinoise. La prise de pouls est souvent chaotique, incertaine, souvent perturb\u00e9e par des descriptions de pouls erron\u00e9es, mal comprises par les enseignants eux-m\u00eames. Une grande partie des \u00e9tudiants et des praticiens se trompent sur le pouls rugueux (s\u00e8 \u6da9), sur le pouls mou (r\u00fa \u6fe1), sur le pouls vide (x\u016b \u865a), ils voient des pouls en corde (xi\u00e1n \u5f26) l\u00e0 o\u00f9 il n\u2019y qu\u2019un pouls o\u00f9 le q\u00ec de l\u2019estomac est absent, ils ne savent pas discerner un pouls faible (ru\u00f2 \u5f31) d\u2019un pouls sans force (w\u00fa l\u00ec \u65e0\u529b), n\u2019ont pas de certitudes sur ce qu\u2019est un pouls glissant (hu\u00e1 \u6ed1) ou serr\u00e9 (j\u01d0n \u7d27), etc.<\/p>\n<p>Or, tout \u00e9tudiant en m\u00e9decine chinoise, tout praticien souhaitent comprendre et utiliser ce remarquable outil qui est indispensable dans la pratique. Mon exp\u00e9rience permet de dire que tout le monde peut y arriver lorsque la m\u00e9thode p\u00e9dagogique est bonne, lorsque le contenu de l\u2019information transmise est juste. C\u2019est ce que propose cette formation en ligne. L\u2019objectif de cet enseignement est multiple :<\/p>\n<p><strong>1- D\u00e9voiler le secret de la prise du pouls (il existe vraiment)<\/strong><\/p>\n<p><strong>2- D\u00e9finir ce qu\u2019est un pouls normal<\/strong><\/p>\n<p><strong>3- Donner correctement la localisation des pouls<\/strong><\/p>\n<p><strong>4- D\u00e9velopper la technique du pouls (position des mains, des doigts, du patient, du praticien\u2026)<\/strong><\/p>\n<p><strong>5- D\u00e9velopper les \u00e9l\u00e9ments de rep\u00e9rage de la prise du pouls<\/strong><\/p>\n<p><strong>6- D\u00e9crire correctement et clairement les pouls principaux (21 pouls)<\/strong><\/p>\n<p><strong>7- D\u00e9velopper la signification des pouls principaux<\/strong><\/p>\n<p>Il est possible que cette formation ne soit pas suffisante pour ma\u00eetriser totalement la prise du pouls. Cependant, elle pr\u00e9sente l\u2019\u00e9tape la plus importante et celle qui constitue le secret de la prise du pouls. Ce cours vous permet d\u2019avoir une r\u00e9f\u00e9rence juste, claire, pragmatique sur les pouls tant sur leur forme (sensation qui doit \u00eatre ressentie) que sur leur significations pathologiques (syndromes, maladies\u2026). Il est aussi l\u2019occasion de tordre le cou \u00e0 de nombreuses erreurs communes comme par exemple : le pouls rugueux n\u2019est pas ressenti comme une sensation de rugosit\u00e9, le pouls glissant (hu\u00e1 \u6ed1) n\u2019est pas signe d\u2019humidit\u00e9, le pouls mou (r\u00fa \u6fe1) n\u2019est pas mou, le pouls vide (x\u016b \u865a) n\u2019est pas ressenti comme une sensation de vide, de nombreux pouls consid\u00e9r\u00e9s comme tendu ne sont pas le pouls en corde (xi\u00e1n \u5f26) (le pouls du foie), etc. Bref, une formation en ligne unique \u00e0 ne pas manquer ! <strong>Vous h\u00e9sitez \u00e0 faire cette formation tranquillement chez vous ??? Alors, lisez les t\u00e9moignages de ceux qui l&#8217;on d\u00e9j\u00e0 v\u00e9cu<\/strong>\u00a0:\u00a0<a href=\"https:\/\/sionneau.com\/formations\/temoignages\/diagnostic-par-le-pouls-fevrier-2012\" target=\"_blank\" rel=\"noopener\">cliquez ici pour acc\u00e8der aux t\u00e9moignages.<\/a><\/p>\n<p><span style=\"color: #ff0000;\"><strong>Cette formation en ligne est accompagn\u00e9e d\u2019un support de cours de 60 slides en couleur (30 pages).<\/strong><\/span><\/p>\n<p><strong><span style=\"color: #ff0000;\">Cette formation en ligne b\u00e9n\u00e9ficie d\u2019un forum d\u00e9di\u00e9 o\u00f9 vous pouvez poser vos questions \u00e0 Philippe Sionneau.<\/span><\/strong><\/p>\n<p><strong>Vid\u00e9o 1<\/strong><\/p>\n<ul>\n<li>Les principaux obstacles de la prise du pouls<\/li>\n<li>Le secret de la prise du pouls<\/li>\n<li>Conseils d\u2019\u00e9tude<\/li>\n<\/ul>\n<p><strong>Vid\u00e9o 2<\/strong><\/p>\n<ul>\n<li>Qu\u2019est-ce que le pouls radial\u00a0? D\u00e9finition<\/li>\n<li>Int\u00e9r\u00eats du bilan par le pouls<\/li>\n<li>Inconv\u00e9nients du bilan par le pouls<\/li>\n<li>Les 3 positions de base du pouls radial<\/li>\n<\/ul>\n<p><strong>Vid\u00e9o 3<\/strong><\/p>\n<p>Caract\u00e9ristiques du pouls normal<\/p>\n<ul>\n<li>A-\u00a0\u00a0 Qi estomac<\/li>\n<li>B-\u00a0\u00a0 Vitalit\u00e9 ou Shen<\/li>\n<li>C-\u00a0\u00a0 Racine<\/li>\n<li>D-\u00a0\u00a0 Vitesse<\/li>\n<li>E-\u00a0\u00a0\u00a0 Rythme<\/li>\n<li>F-\u00a0\u00a0\u00a0 Niveau<\/li>\n<li>G-\u00a0\u00a0 Variations physiologiques<\/li>\n<\/ul>\n<p><strong>Vid\u00e9o 4<\/strong><\/p>\n<ul>\n<li>Localisations des pouls radiaux<\/li>\n<li>Attribution des 6 loges<\/li>\n<li>El\u00e9ments de rep\u00e9rages<\/li>\n<li>Pouce, barri\u00e8re, pied<\/li>\n<li>Largeur d\u2019un pouls<\/li>\n<li>Profondeur d\u2019un pouls<\/li>\n<li>Longueur d\u2019un pouls<\/li>\n<li>La force d\u2019un pouls<\/li>\n<li>Position des doigts du praticien (y compris le pouce)<\/li>\n<li>Position du poignet du patient<\/li>\n<li>Quelle main prend le pouls\u00a0?<\/li>\n<li>Quelle partie du doigt prend le pouls ?<\/li>\n<li>Astuce<\/li>\n<\/ul>\n<p><strong>Vid\u00e9o 5<\/strong><\/p>\n<p>Les trois param\u00e8tres pour apprendre correctement la prise du pouls et son interpr\u00e9tation<\/p>\n<p>Description correcte des pouls\u00a0:<\/p>\n<ul>\n<li>flottant (f\u00fa \u6d6e),<\/li>\n<li>profond (ch\u00e9n \u6c89),<\/li>\n<li>rapide (shu\u014d \u6570),<\/li>\n<li>lent (ch\u00ed \u8fdf),<\/li>\n<li>vide (x\u016b \u865a),<\/li>\n<li>plein (sh\u00ed \u5b9e)<\/li>\n<\/ul>\n<p>Significations des pouls\u00a0:<\/p>\n<ul>\n<li>flottant (f\u00fa \u6d6e)<\/li>\n<li>profond (ch\u00e9n \u6c89)<\/li>\n<li>rapide (shu\u014d \u6570)<\/li>\n<li>lent (ch\u00ed \u8fdf)<\/li>\n<li>vide (x\u016b \u865a)<\/li>\n<li>plein (sh\u00ed \u5b9e)<\/li>\n<\/ul>\n<p><strong>Vid\u00e9o 6<\/strong><\/p>\n<p>Description correcte des pouls\u00a0:<\/p>\n<ul>\n<li>mod\u00e9r\u00e9 (hu\u01cen \u7f13)<\/li>\n<li>vaste (h\u00f3ng \u6d2a)<\/li>\n<li>fin (x\u00ec \u7ec6)<\/li>\n<li>faible (ru\u00f2 \u5f31)<\/li>\n<li>glissant (hu\u00e1 \u6ed1)<\/li>\n<\/ul>\n<p>Significations des pouls\u00a0:<\/p>\n<ul>\n<li>mod\u00e9r\u00e9 (hu\u01cen \u7f13)<\/li>\n<li>vaste (h\u00f3ng \u6d2a)<\/li>\n<li>fin (x\u00ec \u7ec6)<\/li>\n<li>faible (ru\u00f2 \u5f31)<\/li>\n<li>glissant (hu\u00e1 \u6ed1)<\/li>\n<\/ul>\n<p><strong>Vid\u00e9o 7<\/strong><\/p>\n<p>Description correcte des pouls\u00a0:<\/p>\n<ul>\n<li>rugueux (s\u00e8 \u6da9)<\/li>\n<li>en corde (xi\u00e1n \u5f26)<\/li>\n<li>nou\u00e9 (ji\u00e9 \u7ed3)<\/li>\n<li>interrompu avec pauses r\u00e9guli\u00e8res (d\u00e0i \u4ee3)<\/li>\n<\/ul>\n<p>Significations des pouls\u00a0:<\/p>\n<ul>\n<li>rugueux (s\u00e8 \u6da9)<\/li>\n<li>en corde (xi\u00e1n \u5f26)<\/li>\n<li>nou\u00e9 (ji\u00e9 \u7ed3)<\/li>\n<li>interrompu avec pauses r\u00e9guli\u00e8res (d\u00e0i \u4ee3)<\/li>\n<\/ul>\n<p><strong>Vid\u00e9o 8<\/strong><\/p>\n<p>Description correcte des pouls\u00a0:<\/p>\n<ul>\n<li>mou (r\u00fa \u6fe1)<\/li>\n<li>t\u00e9nu (w\u0113i \u5fae)<\/li>\n<li>court (du\u01cen \u77ed)<\/li>\n<li>long (ch\u00e1ng \u957f)<\/li>\n<li>grand (d\u00e0 \u5927)<\/li>\n<\/ul>\n<p>Significations des pouls\u00a0:<\/p>\n<ul>\n<li>mou (r\u00fa \u6fe1)<\/li>\n<li>t\u00e9nu (w\u0113i \u5fae)<\/li>\n<li>court (du\u01cen \u77ed)<\/li>\n<li>long (ch\u00e1ng \u957f)<\/li>\n<li>grand (d\u00e0 \u5927)<\/li>\n<\/ul>\n<h3><strong>Enseignant<\/strong>\u00a0:<\/h3>\n<p>Philippe Sionneau est l\u2019un des experts de m\u00e9decine chinoise les plus appr\u00e9ci\u00e9s en Europe. Il est \u00e0 l\u2019origine de l\u2019introduction de tr\u00e8s nombreuses informations jusqu\u2019alors in\u00e9dites dans nos pays et notamment dans le domaine de la pharmacologie chinoise, de l\u2019acupuncture et des pathologies. Il a publi\u00e9 plus d\u2019une trentaine de livres. Plusieurs de ses ouvrages sont utilis\u00e9s dans les universit\u00e9s am\u00e9ricaines, canadiennes et australiennes. Depuis 25 ans, il fait le bonheur de plusieurs g\u00e9n\u00e9rations d\u2019\u00e9tudiants et de praticiens de m\u00e9decine chinoise. Ses cours remportent un grand succ\u00e8s en France. C\u2019est l\u2019un des rares occidentaux \u00e0 avoir suivi un cursus complet en m\u00e9decine chinoise dans une universit\u00e9 en Chine, la Hubei University of Chinese Medicine, dont il est dipl\u00f4m\u00e9. Il s\u2019agit d\u2019un dipl\u00f4me d\u2019\u00e9tat officiel de Chine Populaire. Pour \u00eatre plus exact, il poss\u00e8de un bachelor degree qui donne droit \u00e0 pratiquer la m\u00e9decine chinoise dans n\u2019importe quel h\u00f4pital en Chine. Il est consid\u00e9r\u00e9 l\u00e0-bas comme m\u00e9decin.\u00a0<strong>C\u2019est le premier fran\u00e7ais et un des tr\u00e8s rares \u00e0 avoir obtenu ce titre.<\/strong><\/p>\n<h3><strong>Tarif\u00a0<\/strong>:<\/h3>\n<p>Promo :\u00a0<strong>255<\/strong> euros au lieu de\u00a0<s>330<\/s>\u00a0euros<\/p>\n<h3><strong>Dur\u00e9e totale des vid\u00e9os :<\/strong><\/h3>\n<p>2 heures et 35 minutes<\/p>\n<h3><strong>Accessibilit\u00e9<\/strong>\u00a0:<\/h3>\n<p>illimit\u00e9 sur 1 an (12 mois)<\/p>\n<h3><strong>Comment acheter le cours et y avoir acc\u00e8s\u00a0?<\/strong><\/h3>\n<h3><strong>D\u00e9roulement de l\u2019inscription\u00a0:<\/strong><\/h3>\n<ol>\n<li>Vous devez r\u00e9gler votre formation par carte bancaire, ch\u00e8que ou virement bancaire.<\/li>\n<li>Nous vous enverrons votre acc\u00e8s \u00e0 votre adresse e-mail d\u00e8s que nous aurons re\u00e7u la confirmation du paiement.<\/li>\n<li>D\u00e8s r\u00e9ception de vos acc\u00e8s vous pouvez commencer votre cours.<\/li>\n<li>Le cours se d\u00e9roule sur une plateforme de e-learning d\u00e9di\u00e9e et s\u00e9curis\u00e9e.<\/li>\n<\/ol>\n<h3><strong>Comment r\u00e9gler la formation<\/strong><\/h3>\n<p><strong>Vous pouvez payer cette formation de trois mani\u00e8res :<\/strong><\/p>\n<ul>\n<li>soit par carte bancaire<\/li>\n<li>soit par virement bancaire<\/li>\n<li>soit par ch\u00e8que bancaire<\/li>\n<\/ul>\n<h3>Paiement par carte bancaire :<\/h3>\n<p>1- Ajouter cette formation \u00e0 votre panier (Bouton \u201cAjouter au Panier\u201d).<br \/>\n2- Validez votre commande en cliquant sur le bouton \u201cVoir le panier\u201d ou \u201cValidation de la commande\u00a0\u00bb.<br \/>\n3- S\u00e9lectionner l\u2019option de paiement par carte bancaire apr\u00e8s avoir entr\u00e9 vos informations de contact.<br \/>\n4- Vous serez guid\u00e9 \u00e0 travers un syst\u00e8me de paiement s\u00e9curis\u00e9 et automatique.<br \/>\n5- Vous recevrez un email de confirmation de paiement ainsi que la facture.<br \/>\n6- Vous recevrez \u00e9galement un email o\u00f9 seront notifi\u00e9s vos identifiants et acc\u00e8s \u00e0 la formation.<\/p>\n<p><a class=\"storefront-sticky-add-to-cart__content-button button alt\" href=\"https:\/\/sionneau.com\/boutique\/medecine--chinoise\/bilan-energetique-par-le-pouls-chinois\/?add-to-cart=42849\">Ajouter au panier<\/a><\/p>\n<h3>Paiement par virement bancaire<\/h3>\n<p>1- Ajouter cette formation \u00e0 votre panier (Bouton \u201cAjouter au Panier\u201d).<br \/>\n2- Validez votre commande en cliquant sur le bouton \u201cVoir le panier\u201d ou \u201cValidation de la commande\u00a0\u00bb.<br \/>\n3- S\u00e9lectionner l\u2019option de paiement par virement bancaire apr\u00e8s avoir entr\u00e9 vos informations de contact.<br \/>\n4- Les instructions de paiement vous seront communiqu\u00e9es au moment de l\u2019achat et par email.<br \/>\n<strong>5- Les frais bancaires sont \u00e0 votre charge.<\/strong><br \/>\n6- Lorsque votre virement bancaire sera re\u00e7u vous recevrez un email de confirmation de paiement ainsi que la facture.<br \/>\n7- D\u00e8s r\u00e9ception du virement, nous vous enverrons vos identifiants et acc\u00e8s \u00e0 la formation par email.<\/p>\n<p><a class=\"storefront-sticky-add-to-cart__content-button button alt\" href=\"https:\/\/sionneau.com\/boutique\/medecine--chinoise\/bilan-energetique-par-le-pouls-chinois\/?add-to-cart=42849\">Ajouter au panier<\/a><\/p>\n<h3>Paiement par ch\u00e8que bancaire\u00a0<strong><br \/>\n<\/strong><\/h3>\n<p>1- Ajouter cette formation \u00e0 votre panier (Bouton \u201cAjouter au Panier\u201d).<br \/>\n2- Validez votre commande en cliquant sur le bouton \u201cVoir le panier\u201d ou \u201cValidation de la commande\u00a0\u00bb.<br \/>\n3- S\u00e9lectionner l\u2019option de paiement par ch\u00e8que apr\u00e8s avoir entr\u00e9 vos informations de contact.<br \/>\n4- Les instructions de paiement vous seront communiqu\u00e9es au moment de l\u2019achat et par email.<br \/>\n5- Lorsque votre ch\u00e8que sera re\u00e7u vous recevrez un email de confirmation de paiement avec la facture.<br \/>\n6- D\u00e8s encaissement du ch\u00e8que, nous vous enverrons vos identifiants et acc\u00e8s \u00e0 la formation par email.<\/p>\n<p><a class=\"storefront-sticky-add-to-cart__content-button button alt\" href=\"https:\/\/sionneau.com\/boutique\/medecine--chinoise\/bilan-energetique-par-le-pouls-chinois\/?add-to-cart=42849\">Ajouter au panier<\/a><\/p>\n<h4><strong>Voir aussi les cours en ligne \u00ab Les Majeurs \u00bb :<\/strong><a href=\"https:\/\/sionneau.com\/e-learning\/-en-ligne\" target=\"_blank\" rel=\"noopener\">\u00a0<\/a><a href=\"https:\/\/sionneau.com\/boutique\/medecine-chinoise\/cours-en-ligne\/\">https:\/\/sionneau.com\/boutique\/medecine-chinoise\/cours-en-ligne\/<\/a><\/h4>\n<h4><strong>Un probl\u00e8me technique ? Contactez<\/strong>\u00a0<strong><a href=\"mailto:support@sionneau.com\">support@sionneau.com<\/a><\/strong><\/h4>\n<p>&nbsp;<\/p>\n","protected":false},"excerpt":{"rendered":"<p>La prise du pouls d\u00e9mystifi\u00e9e &#8211; Venez bouleverser votre compr\u00e9hension du pouls ! Le bilan \u00e9nerg\u00e9tique par le pouls radial est probablement la technique la plus mal ma\u00eetris\u00e9e dans le domaine de la m\u00e9decine traditionnelle chinoise. La prise de pouls est souvent chaotique, incertaine, souvent perturb\u00e9e par des descriptions de pouls erron\u00e9es, mal comprises par [&hellip;]<\/p>\n","protected":false},"featured_media":42850,"template":"","meta":[],"product_cat":[54],"product_tag":[],"yoast_head":"<!-- This site is optimized with the Yoast SEO plugin v20.5 - https:\/\/yoast.com\/wordpress\/plugins\/seo\/ -->\n<title>Bilan \u00e9nerg\u00e9tique par le pouls chinois - Boutique de Sionneau.com<\/title>\n<meta name=\"robots\" content=\"index, follow, max-snippet:-1, max-image-preview:large, max-video-preview:-1\" \/>\n<link rel=\"canonical\" href=\"https:\/\/sionneau.com\/boutique\/medecine--chinoise\/bilan-energetique-par-le-pouls-chinois\/\" \/>\n<meta property=\"og:locale\" content=\"fr_FR\" \/>\n<meta property=\"og:type\" content=\"article\" \/>\n<meta property=\"og:title\" content=\"Bilan \u00e9nerg\u00e9tique par le pouls chinois - Boutique de Sionneau.com\" \/>\n<meta property=\"og:description\" content=\"La prise du pouls d\u00e9mystifi\u00e9e &#8211; Venez bouleverser votre compr\u00e9hension du pouls ! Le bilan \u00e9nerg\u00e9tique par le pouls radial est probablement la technique la plus mal ma\u00eetris\u00e9e dans le domaine de la m\u00e9decine traditionnelle chinoise. La prise de pouls est souvent chaotique, incertaine, souvent perturb\u00e9e par des descriptions de pouls erron\u00e9es, mal comprises par [&hellip;]\" \/>\n<meta property=\"og:url\" content=\"https:\/\/sionneau.com\/boutique\/medecine--chinoise\/bilan-energetique-par-le-pouls-chinois\/\" \/>\n<meta property=\"og:site_name\" content=\"Boutique de Sionneau.com\" \/>\n<meta property=\"article:modified_time\" content=\"2024-07-31T14:54:31+00:00\" \/>\n<meta property=\"og:image\" content=\"https:\/\/sionneau.com\/boutique\/wp-content\/uploads\/2024\/07\/pouls_chinois_sionneau__medium.jpg\" \/>\n\t<meta property=\"og:image:width\" content=\"450\" \/>\n\t<meta property=\"og:image:height\" content=\"300\" \/>\n\t<meta property=\"og:image:type\" content=\"image\/jpeg\" \/>\n<meta name=\"twitter:card\" content=\"summary_large_image\" \/>\n<meta name=\"twitter:label1\" content=\"Dur\u00e9e de lecture estim\u00e9e\" \/>\n\t<meta name=\"twitter:data1\" content=\"8 minutes\" \/>\n<script type=\"application\/ld+json\" class=\"yoast-schema-graph\">{\"@context\":\"https:\/\/schema.org\",\"@graph\":[{\"@type\":\"WebPage\",\"@id\":\"https:\/\/sionneau.com\/boutique\/medecine--chinoise\/bilan-energetique-par-le-pouls-chinois\/\",\"url\":\"https:\/\/sionneau.com\/boutique\/medecine--chinoise\/bilan-energetique-par-le-pouls-chinois\/\",\"name\":\"Bilan \u00e9nerg\u00e9tique par le pouls chinois - Boutique de Sionneau.com\",\"isPartOf\":{\"@id\":\"https:\/\/sionneau.com\/boutique\/#website\"},\"datePublished\":\"2024-07-11T15:08:27+00:00\",\"dateModified\":\"2024-07-31T14:54:31+00:00\",\"breadcrumb\":{\"@id\":\"https:\/\/sionneau.com\/boutique\/medecine--chinoise\/bilan-energetique-par-le-pouls-chinois\/#breadcrumb\"},\"inLanguage\":\"fr-FR\",\"potentialAction\":[{\"@type\":\"ReadAction\",\"target\":[\"https:\/\/sionneau.com\/boutique\/medecine--chinoise\/bilan-energetique-par-le-pouls-chinois\/\"]}]},{\"@type\":\"BreadcrumbList\",\"@id\":\"https:\/\/sionneau.com\/boutique\/medecine--chinoise\/bilan-energetique-par-le-pouls-chinois\/#breadcrumb\",\"itemListElement\":[{\"@type\":\"ListItem\",\"position\":1,\"name\":\"Accueil\",\"item\":\"https:\/\/sionneau.com\/boutique\/\"},{\"@type\":\"ListItem\",\"position\":2,\"name\":\"Boutique\",\"item\":\"https:\/\/sionneau.com\/boutique\/\"},{\"@type\":\"ListItem\",\"position\":3,\"name\":\"Bilan \u00e9nerg\u00e9tique par le pouls chinois\"}]},{\"@type\":\"WebSite\",\"@id\":\"https:\/\/sionneau.com\/boutique\/#website\",\"url\":\"https:\/\/sionneau.com\/boutique\/\",\"name\":\"Boutique de Sionneau.com\",\"description\":\"Authenticit\u00e9 &amp; professionnalisme\",\"publisher\":{\"@id\":\"https:\/\/sionneau.com\/boutique\/#organization\"},\"potentialAction\":[{\"@type\":\"SearchAction\",\"target\":{\"@type\":\"EntryPoint\",\"urlTemplate\":\"https:\/\/sionneau.com\/boutique\/?s={search_term_string}\"},\"query-input\":\"required name=search_term_string\"}],\"inLanguage\":\"fr-FR\"},{\"@type\":\"Organization\",\"@id\":\"https:\/\/sionneau.com\/boutique\/#organization\",\"name\":\"Philippe Sionneau\",\"url\":\"https:\/\/sionneau.com\/boutique\/\",\"logo\":{\"@type\":\"ImageObject\",\"inLanguage\":\"fr-FR\",\"@id\":\"https:\/\/sionneau.com\/boutique\/#\/schema\/logo\/image\/\",\"url\":\"https:\/\/sionneau.com\/boutique\/wp-content\/uploads\/2019\/03\/Sionneau-logo-1.png\",\"contentUrl\":\"https:\/\/sionneau.com\/boutique\/wp-content\/uploads\/2019\/03\/Sionneau-logo-1.png\",\"width\":600,\"height\":488,\"caption\":\"Philippe Sionneau\"},\"image\":{\"@id\":\"https:\/\/sionneau.com\/boutique\/#\/schema\/logo\/image\/\"}}]}<\/script>\n<!-- \/ Yoast SEO plugin. -->","yoast_head_json":{"title":"Bilan \u00e9nerg\u00e9tique par le pouls chinois - Boutique de Sionneau.com","robots":{"index":"index","follow":"follow","max-snippet":"max-snippet:-1","max-image-preview":"max-image-preview:large","max-video-preview":"max-video-preview:-1"},"canonical":"https:\/\/sionneau.com\/boutique\/medecine--chinoise\/bilan-energetique-par-le-pouls-chinois\/","og_locale":"fr_FR","og_type":"article","og_title":"Bilan \u00e9nerg\u00e9tique par le pouls chinois - Boutique de Sionneau.com","og_description":"La prise du pouls d\u00e9mystifi\u00e9e &#8211; Venez bouleverser votre compr\u00e9hension du pouls ! Le bilan \u00e9nerg\u00e9tique par le pouls radial est probablement la technique la plus mal ma\u00eetris\u00e9e dans le domaine de la m\u00e9decine traditionnelle chinoise. La prise de pouls est souvent chaotique, incertaine, souvent perturb\u00e9e par des descriptions de pouls erron\u00e9es, mal comprises par [&hellip;]","og_url":"https:\/\/sionneau.com\/boutique\/medecine--chinoise\/bilan-energetique-par-le-pouls-chinois\/","og_site_name":"Boutique de Sionneau.com","article_modified_time":"2024-07-31T14:54:31+00:00","og_image":[{"width":450,"height":300,"url":"https:\/\/sionneau.com\/boutique\/wp-content\/uploads\/2024\/07\/pouls_chinois_sionneau__medium.jpg","type":"image\/jpeg"}],"twitter_card":"summary_large_image","twitter_misc":{"Dur\u00e9e de lecture estim\u00e9e":"8 minutes"},"schema":{"@context":"https:\/\/schema.org","@graph":[{"@type":"WebPage","@id":"https:\/\/sionneau.com\/boutique\/medecine--chinoise\/bilan-energetique-par-le-pouls-chinois\/","url":"https:\/\/sionneau.com\/boutique\/medecine--chinoise\/bilan-energetique-par-le-pouls-chinois\/","name":"Bilan \u00e9nerg\u00e9tique par le pouls chinois - Boutique de Sionneau.com","isPartOf":{"@id":"https:\/\/sionneau.com\/boutique\/#website"},"datePublished":"2024-07-11T15:08:27+00:00","dateModified":"2024-07-31T14:54:31+00:00","breadcrumb":{"@id":"https:\/\/sionneau.com\/boutique\/medecine--chinoise\/bilan-energetique-par-le-pouls-chinois\/#breadcrumb"},"inLanguage":"fr-FR","potentialAction":[{"@type":"ReadAction","target":["https:\/\/sionneau.com\/boutique\/medecine--chinoise\/bilan-energetique-par-le-pouls-chinois\/"]}]},{"@type":"BreadcrumbList","@id":"https:\/\/sionneau.com\/boutique\/medecine--chinoise\/bilan-energetique-par-le-pouls-chinois\/#breadcrumb","itemListElement":[{"@type":"ListItem","position":1,"name":"Accueil","item":"https:\/\/sionneau.com\/boutique\/"},{"@type":"ListItem","position":2,"name":"Boutique","item":"https:\/\/sionneau.com\/boutique\/"},{"@type":"ListItem","position":3,"name":"Bilan \u00e9nerg\u00e9tique par le pouls chinois"}]},{"@type":"WebSite","@id":"https:\/\/sionneau.com\/boutique\/#website","url":"https:\/\/sionneau.com\/boutique\/","name":"Boutique de Sionneau.com","description":"Authenticit\u00e9 &amp; professionnalisme","publisher":{"@id":"https:\/\/sionneau.com\/boutique\/#organization"},"potentialAction":[{"@type":"SearchAction","target":{"@type":"EntryPoint","urlTemplate":"https:\/\/sionneau.com\/boutique\/?s={search_term_string}"},"query-input":"required name=search_term_string"}],"inLanguage":"fr-FR"},{"@type":"Organization","@id":"https:\/\/sionneau.com\/boutique\/#organization","name":"Philippe Sionneau","url":"https:\/\/sionneau.com\/boutique\/","logo":{"@type":"ImageObject","inLanguage":"fr-FR","@id":"https:\/\/sionneau.com\/boutique\/#\/schema\/logo\/image\/","url":"https:\/\/sionneau.com\/boutique\/wp-content\/uploads\/2019\/03\/Sionneau-logo-1.png","contentUrl":"https:\/\/sionneau.com\/boutique\/wp-content\/uploads\/2019\/03\/Sionneau-logo-1.png","width":600,"height":488,"caption":"Philippe Sionneau"},"image":{"@id":"https:\/\/sionneau.com\/boutique\/#\/schema\/logo\/image\/"}}]}},"_links":{"self":[{"href":"https:\/\/sionneau.com\/boutique\/wp-json\/wp\/v3\/product\/42849"}],"collection":[{"href":"https:\/\/sionneau.com\/boutique\/wp-json\/wp\/v3\/product"}],"about":[{"href":"https:\/\/sionneau.com\/boutique\/wp-json\/wp\/v2\/types\/product"}],"wp:featuredmedia":[{"embeddable":true,"href":"https:\/\/sionneau.com\/boutique\/wp-json\/wp\/v2\/media\/42850"}],"wp:attachment":[{"href":"https:\/\/sionneau.com\/boutique\/wp-json\/wp\/v2\/media?parent=42849"}],"wp:term":[{"taxonomy":"product_cat","embeddable":true,"href":"https:\/\/sionneau.com\/boutique\/wp-json\/wp\/v2\/product_cat?post=42849"},{"taxonomy":"product_tag","embeddable":true,"href":"https:\/\/sionneau.com\/boutique\/wp-json\/wp\/v2\/product_tag?post=42849"}],"curies":[{"name":"wp","href":"https:\/\/api.w.org\/{rel}","templated":true}]}}