{"id":42799,"date":"2024-07-08T16:39:04","date_gmt":"2024-07-08T14:39:04","guid":{"rendered":"https:\/\/sionneau.com\/boutique\/?post_type=product&#038;p=42799"},"modified":"2024-07-31T16:56:58","modified_gmt":"2024-07-31T14:56:58","slug":"colopathie-fonctionnelle-en-medecine-chinoise","status":"publish","type":"product","link":"https:\/\/sionneau.com\/boutique\/medecine--chinoise\/colopathie-fonctionnelle-en-medecine-chinoise\/","title":{"rendered":"Colopathie fonctionnelle en m\u00e9decine chinoise"},"content":{"rendered":"<p>Saviez-vous que la colopathie fonctionnelle poss\u00e8de de nombreux synonymes\u00a0: syndrome du c\u00f4lon irritable, syndrome de l\u2019intestin irritable, colite spasmodique, colite muqueuse\u2026 Saviez-vous qu\u2019en France, il est estim\u00e9 que le syndrome du c\u00f4lon irritable repr\u00e9sente 50% des consultations priv\u00e9es ou hospitali\u00e8res en gastro-ent\u00e9rologie ? Savez-vous que dans le monde occidental, 10 \u00e0 20 % des adultes souffrent de colopathie fonctionnelle ?<\/p>\n<p>Cette formation en ligne propose l\u2019\u00e9tude du diagnostic et du traitement en m\u00e9decine chinoise de la colopathie fonctionnelle (c\u00f4lon irritable), l\u2019une des pathologies digestives les plus fr\u00e9quentes. La m\u00e9decine chinoise est efficace pour cette maladie, il faut donc en faire profiter les patients qui en souffrent. Durant ce cours, seront abord\u00e9s les traitements en acupuncture conventionnelle ainsi que deux alternatives remarquables : l\u2019acupuncture Tung et l\u2019acupuncture des r\u00e9seaux. Ce cours est tr\u00e8s pratique et pragmatique, de nombreuses solutions th\u00e9rapeutiques en acupuncture, moxibustion, di\u00e9t\u00e9tique, phytoth\u00e9rapie chinoises seront d\u00e9velopp\u00e9es. Il est \u00e0 noter que ce cours est complet et se suffit \u00e0 lui-m\u00eame pour prendre en charge cette pathologie.<\/p>\n<p><span style=\"color: #ff0000;\"><strong>Cette formation en ligne est accompagn\u00e9e d\u2019un support de cours de 192 slides en couleur (96 pages).<\/strong><\/span><\/p>\n<p><strong><span style=\"color: #ff0000;\">Cette formation en ligne b\u00e9n\u00e9ficie d\u2019un forum d\u00e9di\u00e9 o\u00f9 vous pouvez poser vos questions \u00e0 Philippe Sionneau.<\/span><\/strong><\/p>\n<h4><strong>Vid\u00e9o 1<\/strong><\/h4>\n<ul>\n<li>Qu\u2019est-ce que le syndrome du c\u00f4lon irritable selon la m\u00e9decine conventionnelle ?<\/li>\n<li>Sympt\u00f4mes cl\u00e9s du diagnostic<\/li>\n<li>Les sympt\u00f4mes non digestifs<\/li>\n<li>3 types de colopathie fonctionnelle<\/li>\n<li>Pr\u00e9valence de la maladie<\/li>\n<li>\u00c9tiologie, th\u00e9rapeutique<\/li>\n<\/ul>\n<h4><strong>Vid\u00e9o 2<\/strong><\/h4>\n<ul>\n<li>Classification de la maladie en m\u00e9decine chinoise<\/li>\n<li>Causes de la maladie en m\u00e9decine chinoise<\/li>\n<li>Nosologie occidentale\u00a0 \u2260\u00a0\u00a0 Nosologie chinoise<\/li>\n<\/ul>\n<h4><strong>Vid\u00e9o 3<\/strong><\/h4>\n<ul>\n<li>M\u00e9canismes de la maladie<\/li>\n<li>Syndrome de base<\/li>\n<li>D\u00e9veloppements pathologiques<\/li>\n<\/ul>\n<h4><strong>Vid\u00e9o 4<\/strong><\/h4>\n<ul>\n<li>Diff\u00e9renciation des syndromes<\/li>\n<li>Traitement conventionnel en acupuncture &amp; moxibustion<\/li>\n<\/ul>\n<h4><strong>Vid\u00e9o 5<\/strong><\/h4>\n<ul>\n<li>Modifications du traitement conventionnel en acupuncture &amp; moxibustion<\/li>\n<\/ul>\n<h4><strong>Vid\u00e9o 6<\/strong><\/h4>\n<ul>\n<li>Traitement en acupuncture &amp; moxibustion<\/li>\n<li>Traitement de la colopathie par l\u2019acupuncture Tung<\/li>\n<li>Pr\u00e9sentation des points Tung avec localisation et indications<\/li>\n<\/ul>\n<h4><strong>Vid\u00e9o 7<\/strong><\/h4>\n<ul>\n<li>Traitement en acupuncture selon Robert Chu (style Tung)<\/li>\n<li>Pr\u00e9sentation d\u2019un autre point Tung<\/li>\n<li>Traitement par l\u2019acupuncture en r\u00e9seau<\/li>\n<li>Principe de l\u2019acupuncture en r\u00e9seau<\/li>\n<li>L\u2019association des points sh\u016b\/h\u00e9<\/li>\n<\/ul>\n<h4><strong>Vid\u00e9o 8<\/strong><\/h4>\n<ul>\n<li>Traitement en phytoth\u00e9rapie chinoise<\/li>\n<li>La prescription de base<\/li>\n<li>Etude d\u00e9taill\u00e9e de la prescription de base<\/li>\n<\/ul>\n<h4><strong>Vid\u00e9o 9<\/strong><\/h4>\n<ul>\n<li>Les modifications du traitement en phytoth\u00e9rapie chinoise<\/li>\n<li>Chaque modification est expliqu\u00e9e, comment\u00e9e pour une meilleure application clinique<\/li>\n<\/ul>\n<h4><strong>Vid\u00e9o 10<\/strong><\/h4>\n<ul>\n<li>Suite des modifications du traitement en phytoth\u00e9rapie chinoise<\/li>\n<\/ul>\n<h4><strong>Vid\u00e9o 11<\/strong><\/h4>\n<ul>\n<li>Remarques et conseils pour une meilleure gestion de la pathologie<\/li>\n<li>Les alternatives valables en phytoth\u00e9rapie chinoise<\/li>\n<li>G\u00e9rer les syndromes complexes (vide\/pl\u00e9nitude\/froid\/chaleur combin\u00e9s) en phytoth\u00e9rapie chinoise<\/li>\n<li>Acupuncture : l\u2019ajout qui faut la diff\u00e9rence<\/li>\n<li>Conseils alimentaires : ce qu\u2019il faut supprimer<\/li>\n<li>Gestion des \u00e9motions<\/li>\n<\/ul>\n<h3><strong>Enseignant<\/strong>\u00a0:<\/h3>\n<p>Philippe Sionneau est l\u2019un des experts de m\u00e9decine chinoise les plus appr\u00e9ci\u00e9s en Europe. Il est \u00e0 l\u2019origine de l\u2019introduction de tr\u00e8s nombreuses informations jusqu\u2019alors in\u00e9dites dans nos pays et notamment dans le domaine de la pharmacologie chinoise, de l\u2019acupuncture et des pathologies. Il a publi\u00e9 plus d\u2019une trentaine de livres. Plusieurs de ses ouvrages sont utilis\u00e9s dans les universit\u00e9s am\u00e9ricaines, canadiennes et australiennes. Depuis 25 ans, il fait le bonheur de plusieurs g\u00e9n\u00e9rations d\u2019\u00e9tudiants et de praticiens de m\u00e9decine chinoise. Ses cours remportent un grand succ\u00e8s en France. C\u2019est l\u2019un des rares occidentaux \u00e0 avoir suivi un cursus complet en m\u00e9decine chinoise dans une universit\u00e9 en Chine, la Hubei University of Chinese Medicine, dont il est dipl\u00f4m\u00e9. Il s\u2019agit d\u2019un dipl\u00f4me d\u2019\u00e9tat officiel de Chine Populaire. Pour \u00eatre plus exact, il poss\u00e8de un bachelor degree qui donne droit \u00e0 pratiquer la m\u00e9decine chinoise dans n\u2019importe quel h\u00f4pital en Chine. Il est consid\u00e9r\u00e9 l\u00e0-bas comme m\u00e9decin.\u00a0<strong>C\u2019est le premier fran\u00e7ais et un des tr\u00e8s rares \u00e0 avoir obtenu ce titre.<\/strong><\/p>\n<h3><strong>Tarif\u00a0<\/strong>:<\/h3>\n<p>Promo :\u00a0<strong>49<\/strong> euros au lieu de\u00a0<s>65<\/s> euros<\/p>\n<h3><strong>Dur\u00e9e totale des vid\u00e9os :<\/strong><\/h3>\n<p>2 heures et 5 minutes<\/p>\n<h3><strong>Accessibilit\u00e9<\/strong>\u00a0:<\/h3>\n<p>illimit\u00e9 sur 1 an (12 mois)<\/p>\n<h3><strong>Comment acheter le cours et y avoir acc\u00e8s\u00a0?<\/strong><\/h3>\n<h3><strong>D\u00e9roulement de l\u2019inscription\u00a0:<\/strong><\/h3>\n<ol>\n<li>Vous devez r\u00e9gler votre formation par carte bancaire, ch\u00e8que ou virement bancaire.<\/li>\n<li>Nous vous enverrons votre acc\u00e8s \u00e0 votre adresse e-mail d\u00e8s que nous aurons re\u00e7u la confirmation du paiement.<\/li>\n<li>D\u00e8s r\u00e9ception de vos acc\u00e8s vous pouvez commencer votre cours.<\/li>\n<li>Le cours se d\u00e9roule sur une plateforme de e-learning d\u00e9di\u00e9e et s\u00e9curis\u00e9e.<\/li>\n<\/ol>\n<h3><strong>Comment r\u00e9gler la formation<\/strong><\/h3>\n<p><strong>Vous pouvez payer cette formation de trois mani\u00e8res :<\/strong><\/p>\n<ul>\n<li>soit par carte bancaire<\/li>\n<li>soit par virement bancaire<\/li>\n<li>soit par ch\u00e8que bancaire<\/li>\n<\/ul>\n<h3>Paiement par carte bancaire :<\/h3>\n<p>1- Ajouter cette formation \u00e0 votre panier (Bouton \u201cAjouter au Panier\u201d).<br \/>\n2- Validez votre commande en cliquant sur le bouton \u201cVoir le panier\u201d ou \u201cValidation de la commande\u00a0\u00bb.<br \/>\n3- S\u00e9lectionner l\u2019option de paiement par carte bancaire apr\u00e8s avoir entr\u00e9 vos informations de contact.<br \/>\n4- Vous serez guid\u00e9 \u00e0 travers un syst\u00e8me de paiement s\u00e9curis\u00e9 et automatique.<br \/>\n5- Vous recevrez un email de confirmation de paiement ainsi que la facture.<br \/>\n6- Vous recevrez \u00e9galement un email o\u00f9 seront notifi\u00e9s vos identifiants et acc\u00e8s \u00e0 la formation.<\/p>\n<p><a class=\"storefront-sticky-add-to-cart__content-button button alt\" href=\"https:\/\/sionneau.com\/boutique\/medecine--chinoise\/colopathie-fonctionnelle-en-medecine-chinoise\/?add-to-cart=42799\">Ajouter au panier<\/a><\/p>\n<h3>Paiement par virement bancaire<\/h3>\n<p>1- Ajouter cette formation \u00e0 votre panier (Bouton \u201cAjouter au Panier\u201d).<br \/>\n2- Validez votre commande en cliquant sur le bouton \u201cVoir le panier\u201d ou \u201cValidation de la commande\u00a0\u00bb.<br \/>\n3- S\u00e9lectionner l\u2019option de paiement par virement bancaire apr\u00e8s avoir entr\u00e9 vos informations de contact.<br \/>\n4- Les instructions de paiement vous seront communiqu\u00e9es au moment de l\u2019achat et par email.<br \/>\n<strong>5- Les frais bancaires sont \u00e0 votre charge.<\/strong><br \/>\n6- Lorsque votre virement bancaire sera re\u00e7u vous recevrez un email de confirmation de paiement ainsi que la facture.<br \/>\n7- D\u00e8s r\u00e9ception du virement, nous vous enverrons vos identifiants et acc\u00e8s \u00e0 la formation par email.<\/p>\n<p><a class=\"storefront-sticky-add-to-cart__content-button button alt\" href=\"https:\/\/sionneau.com\/boutique\/medecine--chinoise\/colopathie-fonctionnelle-en-medecine-chinoise\/?add-to-cart=42799\">Ajouter au panier<\/a><\/p>\n<h3>Paiement par ch\u00e8que bancaire\u00a0<strong><br \/>\n<\/strong><\/h3>\n<p>1- Ajouter cette formation \u00e0 votre panier (Bouton \u201cAjouter au Panier\u201d).<br \/>\n2- Validez votre commande en cliquant sur le bouton \u201cVoir le panier\u201d ou \u201cValidation de la commande\u00a0\u00bb.<br \/>\n3- S\u00e9lectionner l\u2019option de paiement par ch\u00e8que apr\u00e8s avoir entr\u00e9 vos informations de contact.<br \/>\n4- Les instructions de paiement vous seront communiqu\u00e9es au moment de l\u2019achat et par email.<br \/>\n5- Lorsque votre ch\u00e8que sera re\u00e7u vous recevrez un email de confirmation de paiement avec la facture.<br \/>\n6- D\u00e8s encaissement du ch\u00e8que, nous vous enverrons vos identifiants et acc\u00e8s \u00e0 la formation par email.<\/p>\n<p><a class=\"storefront-sticky-add-to-cart__content-button button alt\" href=\"https:\/\/sionneau.com\/boutique\/medecine--chinoise\/colopathie-fonctionnelle-en-medecine-chinoise\/?add-to-cart=42799\">Ajouter au panier<\/a><\/p>\n<h4><strong>Voir aussi les cours en ligne \u00ab Les Majeurs \u00bb :<\/strong><a href=\"https:\/\/sionneau.com\/e-learning\/-en-ligne\" target=\"_blank\" rel=\"noopener\">\u00a0<\/a><a href=\"https:\/\/sionneau.com\/boutique\/medecine-chinoise\/cours-en-ligne\/\">https:\/\/sionneau.com\/boutique\/medecine-chinoise\/cours-en-ligne\/<\/a><\/h4>\n<h4><strong>Un probl\u00e8me technique ? Contactez<\/strong>\u00a0<strong><a href=\"mailto:support@sionneau.com\">support@sionneau.com<\/a><\/strong><\/h4>\n<p>&nbsp;<\/p>\n","protected":false},"excerpt":{"rendered":"<p>Saviez-vous que la colopathie fonctionnelle poss\u00e8de de nombreux synonymes\u00a0: syndrome du c\u00f4lon irritable, syndrome de l\u2019intestin irritable, colite spasmodique, colite muqueuse\u2026 Saviez-vous qu\u2019en France, il est estim\u00e9 que le syndrome du c\u00f4lon irritable repr\u00e9sente 50% des consultations priv\u00e9es ou hospitali\u00e8res en gastro-ent\u00e9rologie ? Savez-vous que dans le monde occidental, 10 \u00e0 20 % des adultes [&hellip;]<\/p>\n","protected":false},"featured_media":42800,"template":"","meta":[],"product_cat":[54],"product_tag":[],"yoast_head":"<!-- This site is optimized with the Yoast SEO plugin v20.5 - https:\/\/yoast.com\/wordpress\/plugins\/seo\/ -->\n<title>Colopathie fonctionnelle en m\u00e9decine chinoise - Boutique de Sionneau.com<\/title>\n<meta name=\"robots\" content=\"index, follow, max-snippet:-1, max-image-preview:large, max-video-preview:-1\" \/>\n<link rel=\"canonical\" href=\"https:\/\/sionneau.com\/boutique\/medecine--chinoise\/colopathie-fonctionnelle-en-medecine-chinoise\/\" \/>\n<meta property=\"og:locale\" content=\"fr_FR\" \/>\n<meta property=\"og:type\" content=\"article\" \/>\n<meta property=\"og:title\" content=\"Colopathie fonctionnelle en m\u00e9decine chinoise - Boutique de Sionneau.com\" \/>\n<meta property=\"og:description\" content=\"Saviez-vous que la colopathie fonctionnelle poss\u00e8de de nombreux synonymes\u00a0: syndrome du c\u00f4lon irritable, syndrome de l\u2019intestin irritable, colite spasmodique, colite muqueuse\u2026 Saviez-vous qu\u2019en France, il est estim\u00e9 que le syndrome du c\u00f4lon irritable repr\u00e9sente 50% des consultations priv\u00e9es ou hospitali\u00e8res en gastro-ent\u00e9rologie ? Savez-vous que dans le monde occidental, 10 \u00e0 20 % des adultes [&hellip;]\" \/>\n<meta property=\"og:url\" content=\"https:\/\/sionneau.com\/boutique\/medecine--chinoise\/colopathie-fonctionnelle-en-medecine-chinoise\/\" \/>\n<meta property=\"og:site_name\" content=\"Boutique de Sionneau.com\" \/>\n<meta property=\"article:modified_time\" content=\"2024-07-31T14:56:58+00:00\" \/>\n<meta property=\"og:image\" content=\"https:\/\/sionneau.com\/boutique\/wp-content\/uploads\/2024\/07\/colopathie_cours_en_ligne_sionneau__medium.jpg\" \/>\n\t<meta property=\"og:image:width\" content=\"450\" \/>\n\t<meta property=\"og:image:height\" content=\"300\" \/>\n\t<meta property=\"og:image:type\" content=\"image\/jpeg\" \/>\n<meta name=\"twitter:card\" content=\"summary_large_image\" \/>\n<meta name=\"twitter:label1\" content=\"Dur\u00e9e de lecture estim\u00e9e\" \/>\n\t<meta name=\"twitter:data1\" content=\"6 minutes\" \/>\n<script type=\"application\/ld+json\" class=\"yoast-schema-graph\">{\"@context\":\"https:\/\/schema.org\",\"@graph\":[{\"@type\":\"WebPage\",\"@id\":\"https:\/\/sionneau.com\/boutique\/medecine--chinoise\/colopathie-fonctionnelle-en-medecine-chinoise\/\",\"url\":\"https:\/\/sionneau.com\/boutique\/medecine--chinoise\/colopathie-fonctionnelle-en-medecine-chinoise\/\",\"name\":\"Colopathie fonctionnelle en m\u00e9decine chinoise - Boutique de Sionneau.com\",\"isPartOf\":{\"@id\":\"https:\/\/sionneau.com\/boutique\/#website\"},\"datePublished\":\"2024-07-08T14:39:04+00:00\",\"dateModified\":\"2024-07-31T14:56:58+00:00\",\"breadcrumb\":{\"@id\":\"https:\/\/sionneau.com\/boutique\/medecine--chinoise\/colopathie-fonctionnelle-en-medecine-chinoise\/#breadcrumb\"},\"inLanguage\":\"fr-FR\",\"potentialAction\":[{\"@type\":\"ReadAction\",\"target\":[\"https:\/\/sionneau.com\/boutique\/medecine--chinoise\/colopathie-fonctionnelle-en-medecine-chinoise\/\"]}]},{\"@type\":\"BreadcrumbList\",\"@id\":\"https:\/\/sionneau.com\/boutique\/medecine--chinoise\/colopathie-fonctionnelle-en-medecine-chinoise\/#breadcrumb\",\"itemListElement\":[{\"@type\":\"ListItem\",\"position\":1,\"name\":\"Accueil\",\"item\":\"https:\/\/sionneau.com\/boutique\/\"},{\"@type\":\"ListItem\",\"position\":2,\"name\":\"Boutique\",\"item\":\"https:\/\/sionneau.com\/boutique\/\"},{\"@type\":\"ListItem\",\"position\":3,\"name\":\"Colopathie fonctionnelle en m\u00e9decine chinoise\"}]},{\"@type\":\"WebSite\",\"@id\":\"https:\/\/sionneau.com\/boutique\/#website\",\"url\":\"https:\/\/sionneau.com\/boutique\/\",\"name\":\"Boutique de Sionneau.com\",\"description\":\"Authenticit\u00e9 &amp; professionnalisme\",\"publisher\":{\"@id\":\"https:\/\/sionneau.com\/boutique\/#organization\"},\"potentialAction\":[{\"@type\":\"SearchAction\",\"target\":{\"@type\":\"EntryPoint\",\"urlTemplate\":\"https:\/\/sionneau.com\/boutique\/?s={search_term_string}\"},\"query-input\":\"required name=search_term_string\"}],\"inLanguage\":\"fr-FR\"},{\"@type\":\"Organization\",\"@id\":\"https:\/\/sionneau.com\/boutique\/#organization\",\"name\":\"Philippe Sionneau\",\"url\":\"https:\/\/sionneau.com\/boutique\/\",\"logo\":{\"@type\":\"ImageObject\",\"inLanguage\":\"fr-FR\",\"@id\":\"https:\/\/sionneau.com\/boutique\/#\/schema\/logo\/image\/\",\"url\":\"https:\/\/sionneau.com\/boutique\/wp-content\/uploads\/2019\/03\/Sionneau-logo-1.png\",\"contentUrl\":\"https:\/\/sionneau.com\/boutique\/wp-content\/uploads\/2019\/03\/Sionneau-logo-1.png\",\"width\":600,\"height\":488,\"caption\":\"Philippe Sionneau\"},\"image\":{\"@id\":\"https:\/\/sionneau.com\/boutique\/#\/schema\/logo\/image\/\"}}]}<\/script>\n<!-- \/ Yoast SEO plugin. -->","yoast_head_json":{"title":"Colopathie fonctionnelle en m\u00e9decine chinoise - Boutique de Sionneau.com","robots":{"index":"index","follow":"follow","max-snippet":"max-snippet:-1","max-image-preview":"max-image-preview:large","max-video-preview":"max-video-preview:-1"},"canonical":"https:\/\/sionneau.com\/boutique\/medecine--chinoise\/colopathie-fonctionnelle-en-medecine-chinoise\/","og_locale":"fr_FR","og_type":"article","og_title":"Colopathie fonctionnelle en m\u00e9decine chinoise - Boutique de Sionneau.com","og_description":"Saviez-vous que la colopathie fonctionnelle poss\u00e8de de nombreux synonymes\u00a0: syndrome du c\u00f4lon irritable, syndrome de l\u2019intestin irritable, colite spasmodique, colite muqueuse\u2026 Saviez-vous qu\u2019en France, il est estim\u00e9 que le syndrome du c\u00f4lon irritable repr\u00e9sente 50% des consultations priv\u00e9es ou hospitali\u00e8res en gastro-ent\u00e9rologie ? Savez-vous que dans le monde occidental, 10 \u00e0 20 % des adultes [&hellip;]","og_url":"https:\/\/sionneau.com\/boutique\/medecine--chinoise\/colopathie-fonctionnelle-en-medecine-chinoise\/","og_site_name":"Boutique de Sionneau.com","article_modified_time":"2024-07-31T14:56:58+00:00","og_image":[{"width":450,"height":300,"url":"https:\/\/sionneau.com\/boutique\/wp-content\/uploads\/2024\/07\/colopathie_cours_en_ligne_sionneau__medium.jpg","type":"image\/jpeg"}],"twitter_card":"summary_large_image","twitter_misc":{"Dur\u00e9e de lecture estim\u00e9e":"6 minutes"},"schema":{"@context":"https:\/\/schema.org","@graph":[{"@type":"WebPage","@id":"https:\/\/sionneau.com\/boutique\/medecine--chinoise\/colopathie-fonctionnelle-en-medecine-chinoise\/","url":"https:\/\/sionneau.com\/boutique\/medecine--chinoise\/colopathie-fonctionnelle-en-medecine-chinoise\/","name":"Colopathie fonctionnelle en m\u00e9decine chinoise - Boutique de Sionneau.com","isPartOf":{"@id":"https:\/\/sionneau.com\/boutique\/#website"},"datePublished":"2024-07-08T14:39:04+00:00","dateModified":"2024-07-31T14:56:58+00:00","breadcrumb":{"@id":"https:\/\/sionneau.com\/boutique\/medecine--chinoise\/colopathie-fonctionnelle-en-medecine-chinoise\/#breadcrumb"},"inLanguage":"fr-FR","potentialAction":[{"@type":"ReadAction","target":["https:\/\/sionneau.com\/boutique\/medecine--chinoise\/colopathie-fonctionnelle-en-medecine-chinoise\/"]}]},{"@type":"BreadcrumbList","@id":"https:\/\/sionneau.com\/boutique\/medecine--chinoise\/colopathie-fonctionnelle-en-medecine-chinoise\/#breadcrumb","itemListElement":[{"@type":"ListItem","position":1,"name":"Accueil","item":"https:\/\/sionneau.com\/boutique\/"},{"@type":"ListItem","position":2,"name":"Boutique","item":"https:\/\/sionneau.com\/boutique\/"},{"@type":"ListItem","position":3,"name":"Colopathie fonctionnelle en m\u00e9decine chinoise"}]},{"@type":"WebSite","@id":"https:\/\/sionneau.com\/boutique\/#website","url":"https:\/\/sionneau.com\/boutique\/","name":"Boutique de Sionneau.com","description":"Authenticit\u00e9 &amp; professionnalisme","publisher":{"@id":"https:\/\/sionneau.com\/boutique\/#organization"},"potentialAction":[{"@type":"SearchAction","target":{"@type":"EntryPoint","urlTemplate":"https:\/\/sionneau.com\/boutique\/?s={search_term_string}"},"query-input":"required name=search_term_string"}],"inLanguage":"fr-FR"},{"@type":"Organization","@id":"https:\/\/sionneau.com\/boutique\/#organization","name":"Philippe Sionneau","url":"https:\/\/sionneau.com\/boutique\/","logo":{"@type":"ImageObject","inLanguage":"fr-FR","@id":"https:\/\/sionneau.com\/boutique\/#\/schema\/logo\/image\/","url":"https:\/\/sionneau.com\/boutique\/wp-content\/uploads\/2019\/03\/Sionneau-logo-1.png","contentUrl":"https:\/\/sionneau.com\/boutique\/wp-content\/uploads\/2019\/03\/Sionneau-logo-1.png","width":600,"height":488,"caption":"Philippe Sionneau"},"image":{"@id":"https:\/\/sionneau.com\/boutique\/#\/schema\/logo\/image\/"}}]}},"_links":{"self":[{"href":"https:\/\/sionneau.com\/boutique\/wp-json\/wp\/v3\/product\/42799"}],"collection":[{"href":"https:\/\/sionneau.com\/boutique\/wp-json\/wp\/v3\/product"}],"about":[{"href":"https:\/\/sionneau.com\/boutique\/wp-json\/wp\/v2\/types\/product"}],"wp:featuredmedia":[{"embeddable":true,"href":"https:\/\/sionneau.com\/boutique\/wp-json\/wp\/v2\/media\/42800"}],"wp:attachment":[{"href":"https:\/\/sionneau.com\/boutique\/wp-json\/wp\/v2\/media?parent=42799"}],"wp:term":[{"taxonomy":"product_cat","embeddable":true,"href":"https:\/\/sionneau.com\/boutique\/wp-json\/wp\/v2\/product_cat?post=42799"},{"taxonomy":"product_tag","embeddable":true,"href":"https:\/\/sionneau.com\/boutique\/wp-json\/wp\/v2\/product_tag?post=42799"}],"curies":[{"name":"wp","href":"https:\/\/api.w.org\/{rel}","templated":true}]}}