{"id":42523,"date":"2024-07-02T09:38:21","date_gmt":"2024-07-02T07:38:21","guid":{"rendered":"https:\/\/sionneau.com\/boutique\/?post_type=product&#038;p=42523"},"modified":"2024-07-31T18:24:59","modified_gmt":"2024-07-31T16:24:59","slug":"traiter-les-rhumatismes-par-la-phytotherapie-chinoise","status":"publish","type":"product","link":"https:\/\/sionneau.com\/boutique\/medecine--chinoise\/traiter-les-rhumatismes-par-la-phytotherapie-chinoise\/","title":{"rendered":"Traiter les rhumatismes par la phytoth\u00e9rapie chinoise"},"content":{"rendered":"<p><strong>Exceptionnel : Une formation approfondie chez vous sur un sujet captivant pour 24 euros !!! Laissez-vous tenter par l&#8217;exp\u00e9rience !<\/strong><\/p>\n<p>Cette formation en ligne pr\u00e9sente le traitement des rhumatismes en tout genre\u00a0: arthrite, arthrose, polyarthrite, tendinite, etc. par la phytoth\u00e9rapie chinoise. Pour \u00eatre plus pr\u00e9cis, il s\u2019agit d\u2019une \u00e9tude d\u00e9taill\u00e9e de toutes les substances m\u00e9dicinales majeures qui traitent ces pathologies. Il existe un tr\u00e8s grand nombre de rem\u00e8des qui peuvent \u00eatre efficaces. Mais lequel choisir\u00a0? Quelle est la particularit\u00e9 de chacune de ces plantes\u00a0? Quelle est la diff\u00e9rence entre celles qui semblent traiter la m\u00eame situation\u00a0? L\u2019accent est donc mis sur la connaissance des avantages et des sp\u00e9cificit\u00e9s des substances m\u00e9dicinales sp\u00e9cialis\u00e9es dans les rhumatismes. Ce cours permet une meilleure s\u00e9lection du traitement en fonction des besoins individuels du patient. On y apprend l\u2019art des modifications des prescriptions. Bien \u00e9videmment, on explique les grands types de rhumatismes, leurs causes, leurs m\u00e9canismes pathologiques, leurs sympt\u00f4mes, les formules magistrales cl\u00e9s pour chaque cat\u00e9gorie, etc. Finalement, Philippe donne aussi des conseils g\u00e9n\u00e9raux pour l\u2019\u00e9tude de la pharmacologie chinoise, explique comment un m\u00e9decin chinois prescrit une formule de plantes.\u00a0<strong>Cette formation en ligne est accompagn\u00e9e d\u2019un support de cours avec de tr\u00e8s nombreuses photographies de plantes m\u00e9dicinales. Attention ! Vu la taille du fichier PDF, le t\u00e9l\u00e9chargement peut \u00eatre un peu long, soyez patient !<\/strong><\/p>\n<p><span style=\"color: #ff0000;\"><strong>Cette formation en ligne est accompagn\u00e9e d\u2019un support de cours de 211 slides en couleur (106 pages).<\/strong><\/span><\/p>\n<p><strong><span style=\"color: #ff0000;\">Cette formation en ligne b\u00e9n\u00e9ficie d\u2019un forum d\u00e9di\u00e9 o\u00f9 vous pouvez poser vos questions \u00e0 Philippe Sionneau.<\/span><\/strong><\/p>\n<p><strong>Vid\u00e9o 1<\/strong><\/p>\n<ul>\n<li>Concept de rhumatisme en m\u00e9decine chinoise =&gt; les obstructions (b\u00ec\u75f9)<\/li>\n<li>Causes et m\u00e9canismes des rhumatismes de type pl\u00e9nitude<\/li>\n<li>Les obstructions (b\u00ec\u75f9) de type vent<\/li>\n<li>Les obstructions (b\u00ec\u75f9) de type froid<\/li>\n<li>Les obstructions (b\u00ec\u75f9) de type humidit\u00e9<\/li>\n<li>Les obstructions (b\u00ec\u75f9) de type chaleur<\/li>\n<li>Causes et m\u00e9canismes des rhumatismes de type vide<\/li>\n<li>Les obstructions (b\u00ec\u75f9) de type vide de Qi et de sang<\/li>\n<li>Les obstructions (b\u00ec\u75f9) de type vide de Yin<\/li>\n<li>Les obstructions (b\u00ec\u75f9) de type vide de Yang<\/li>\n<li>La terminologie de la m\u00e9decine chinoise<\/li>\n<\/ul>\n<p><strong>Vid\u00e9o 2<\/strong><\/p>\n<ul>\n<li>Diagnostic, sympt\u00f4mes, traitement de l\u2019obstruction du vent (Feng Bi &#8211; \u98ce\u75f9) &#8211;\u00a0<strong>Partie 1<\/strong><\/li>\n<li>Symptomatologie de l\u2019obstruction du vent<\/li>\n<li>Principes th\u00e9rapeutiques<\/li>\n<li>Traitement \u2013 Formule cl\u00e9<\/li>\n<li>Traitement \u2013 Tableau des substances m\u00e9dicinales majeures<\/li>\n<\/ul>\n<p><strong>Vid\u00e9o 3<\/strong><\/p>\n<ul>\n<li>Diagnostic, sympt\u00f4mes, traitement de l\u2019obstruction du vent (Feng Bi &#8211; \u98ce\u75f9) &#8211;\u00a0<strong>Partie 2<\/strong><\/li>\n<li>Caract\u00e9ristiques g\u00e9n\u00e9rales des substances m\u00e9dicinales qui traitent l\u2019obstruction du vent<\/li>\n<li>Sp\u00e9cificit\u00e9s individuelles des substances m\u00e9dicinales qui traitent l\u2019obstruction du vent<\/li>\n<li>Modifications<\/li>\n<li>Int\u00e9r\u00eats des pr\u00e9parations des substances m\u00e9dicinales (Pao Zhi)<\/li>\n<\/ul>\n<p><strong>Vid\u00e9o 4<\/strong><\/p>\n<ul>\n<li>Diagnostic, sympt\u00f4mes, traitement de l\u2019obstruction du froid (Han Bi &#8211; \u5bd2\u75f9) &#8211;<strong>Partie 1<\/strong><\/li>\n<li>Symptomatologie de l\u2019obstruction du froid<\/li>\n<li>Principes th\u00e9rapeutiques<\/li>\n<li>Traitement \u2013 Formule cl\u00e9<\/li>\n<li>Traitement \u2013 Tableau des substances m\u00e9dicinales majeures<\/li>\n<\/ul>\n<p><strong>Vid\u00e9o 5<\/strong><\/p>\n<ul>\n<li>Diagnostic, sympt\u00f4mes, traitement de l\u2019obstruction du froid (Han Bi &#8211; \u5bd2\u75f9) &#8211;\u00a0<strong>Partie 2<\/strong><\/li>\n<li>Caract\u00e9ristiques g\u00e9n\u00e9rales des substances m\u00e9dicinales qui traitent l\u2019obstruction du froid<\/li>\n<li>Sp\u00e9cificit\u00e9s individuelles des substances m\u00e9dicinales qui traitent l\u2019obstruction du froid<\/li>\n<li>Modifications<\/li>\n<li>Pr\u00e9sentation du Trait\u00e9 de phytoth\u00e9rapie chinoise<\/li>\n<\/ul>\n<p><strong>Vid\u00e9o 6<\/strong><\/p>\n<ul>\n<li>Diagnostic, sympt\u00f4mes, traitement de l\u2019obstruction de l\u2019humidit\u00e9 (Shi Bi &#8211; \u6e7f\u75f9) &#8211;<strong>Partie 1<\/strong><\/li>\n<li>Symptomatologie de l\u2019obstruction de l\u2019humidit\u00e9<\/li>\n<li>Principes th\u00e9rapeutiques<\/li>\n<li>Traitement \u2013 Formule cl\u00e9<\/li>\n<li>Traitement \u2013 Tableau des substances m\u00e9dicinales majeures<\/li>\n<\/ul>\n<p><strong>Vid\u00e9o 7<\/strong><\/p>\n<ul>\n<li>Diagnostic, sympt\u00f4mes, traitement de l\u2019obstruction de l\u2019humidit\u00e9 (Shi Bi &#8211; \u6e7f\u75f9) &#8211;\u00a0<strong>Partie 2<\/strong><\/li>\n<li>Caract\u00e9ristiques g\u00e9n\u00e9rales des substances m\u00e9dicinales qui traitent l\u2019obstruction de l\u2019humidit\u00e9<\/li>\n<li>Sp\u00e9cificit\u00e9s individuelles des substances m\u00e9dicinales qui traitent l\u2019obstruction de l\u2019humidit\u00e9<\/li>\n<li>Modifications<\/li>\n<\/ul>\n<p><strong>Vid\u00e9o 8<\/strong><\/p>\n<ul>\n<li>Diagnostic, sympt\u00f4mes, traitement de l\u2019obstruction de la chaleur (Re Bi &#8211; \u70ed\u75f9) &#8211;<strong>Partie 1<\/strong><\/li>\n<li>Symptomatologie de l\u2019obstruction de la chaleur<\/li>\n<li>Principes th\u00e9rapeutiques<\/li>\n<li>Traitement \u2013 Formule cl\u00e9<\/li>\n<li>Traitement \u2013 Tableau des substances m\u00e9dicinales majeures<\/li>\n<\/ul>\n<p><strong>Vid\u00e9o 9<\/strong><\/p>\n<ul>\n<li>Diagnostic, sympt\u00f4mes, traitement de l\u2019obstruction de la chaleur (Re Bi &#8211; \u70ed\u75f9) &#8211;\u00a0<strong>Partie 2<\/strong><\/li>\n<li>Caract\u00e9ristiques g\u00e9n\u00e9rales des substances m\u00e9dicinales qui traitent l\u2019obstruction de la chaleur<\/li>\n<li>Sp\u00e9cificit\u00e9s individuelles des substances m\u00e9dicinales qui traitent l\u2019obstruction de la chaleur<\/li>\n<li>Modifications<\/li>\n<\/ul>\n<p><strong>Vid\u00e9o 10<\/strong><\/p>\n<ul>\n<li>Diagnostic, sympt\u00f4mes, traitement de l\u2019obstruction de type vide (Xu Bi \u2013 \u865a\u75f9) &#8211;<strong>\u00a0Partie 1<\/strong><\/li>\n<li>Symptomatologie de l\u2019obstruction par vide de Q\u00ec et de sang<\/li>\n<li>Principes th\u00e9rapeutiques de l\u2019obstruction par vide de Q\u00ec et de sang<\/li>\n<li>Traitement \u2013 Formule cl\u00e9 de l\u2019obstruction par vide de Q\u00ec et de sang<\/li>\n<li>Symptomatologie de l\u2019obstruction par vide de Yin<\/li>\n<li>Principes th\u00e9rapeutiques de l\u2019obstruction par vide de Yin<\/li>\n<li>Traitement \u2013 Formule cl\u00e9 de l\u2019obstruction par vide de Yin<\/li>\n<li>Symptomatologie de l\u2019obstruction par vide de Yang<\/li>\n<li>Principes th\u00e9rapeutiques de l\u2019obstruction par vide de Yang<\/li>\n<li>Traitement \u2013 Formule cl\u00e9 de l\u2019obstruction par vide de Yang<\/li>\n<\/ul>\n<p><strong>Vid\u00e9o 11<\/strong><\/p>\n<ul>\n<li>Diagnostic, sympt\u00f4mes, traitement de l\u2019obstruction de type vide (Xu Bi \u2013 \u865a\u75f9) &#8211;<strong>\u00a0Partie 2<\/strong><\/li>\n<li>Traitement \u2013 Tableau des substances m\u00e9dicinales majeures<\/li>\n<li>Caract\u00e9ristiques g\u00e9n\u00e9rales des substances m\u00e9dicinales qui traitent l\u2019obstruction de type vide<\/li>\n<li>Sp\u00e9cificit\u00e9s individuelles des substances m\u00e9dicinales qui traitent l\u2019obstruction de type vide<\/li>\n<\/ul>\n<p><strong>Vid\u00e9o 12<\/strong><\/p>\n<ul>\n<li>Substances m\u00e9dicinales qui traitent les obstructions par stase de sang<\/li>\n<li>Substances m\u00e9dicinales qui traitent les obstructions des tendons<\/li>\n<li>Substances m\u00e9dicinales \u00ab\u00a0guides\u00a0\u00bb pour le traitement des obstructions<\/li>\n<li>Substances m\u00e9dicinales sp\u00e9cifiques selon les articulations et zones du\u00a0 corps touch\u00e9es<\/li>\n<li>Comment prescrire une formule ?<\/li>\n<li>Comment \u00e9tudier la phytoth\u00e9rapie chinoise ?<\/li>\n<\/ul>\n<h3><strong>Enseignant<\/strong>\u00a0:<\/h3>\n<p>Philippe Sionneau est l\u2019un des experts de m\u00e9decine chinoise les plus appr\u00e9ci\u00e9s en Europe. Il est \u00e0 l\u2019origine de l\u2019introduction de tr\u00e8s nombreuses informations jusqu\u2019alors in\u00e9dites dans nos pays et notamment dans le domaine de la pharmacologie chinoise, de l\u2019acupuncture et des pathologies. Il a publi\u00e9 plus d\u2019une trentaine de livres. Plusieurs de ses ouvrages sont utilis\u00e9s dans les universit\u00e9s am\u00e9ricaines, canadiennes et australiennes. Depuis 25 ans, il fait le bonheur de plusieurs g\u00e9n\u00e9rations d\u2019\u00e9tudiants et de praticiens de m\u00e9decine chinoise. Ses cours remportent un grand succ\u00e8s en France. C\u2019est l\u2019un des rares occidentaux \u00e0 avoir suivi un cursus complet en m\u00e9decine chinoise dans une universit\u00e9 en Chine, la Hubei University of Chinese Medicine, dont il est dipl\u00f4m\u00e9. Il s\u2019agit d\u2019un dipl\u00f4me d\u2019\u00e9tat officiel de Chine Populaire. Pour \u00eatre plus exact, il poss\u00e8de un bachelor degree qui donne droit \u00e0 pratiquer la m\u00e9decine chinoise dans n\u2019importe quel h\u00f4pital en Chine. Il est consid\u00e9r\u00e9 l\u00e0-bas comme m\u00e9decin.\u00a0<strong>C\u2019est le premier fran\u00e7ais et un des tr\u00e8s rares \u00e0 avoir obtenu ce titre.<\/strong><\/p>\n<h3><strong>Tarif\u00a0<\/strong>:<\/h3>\n<p>Promo : <b>28 <\/b>euros au lieu de\u00a0<s>35<\/s> euros<\/p>\n<h3><strong>Dur\u00e9e totale des vid\u00e9os :<\/strong><\/h3>\n<p>1 heure et 43 minutes<\/p>\n<h3><strong>Accessibilit\u00e9<\/strong>\u00a0:<\/h3>\n<p>illimit\u00e9 sur 1 an (12 mois)<\/p>\n<h3><strong>Comment acheter le cours et y avoir acc\u00e8s\u00a0?<\/strong><\/h3>\n<h3><strong>D\u00e9roulement de l\u2019inscription\u00a0:<\/strong><\/h3>\n<ol>\n<li>Vous devez r\u00e9gler votre formation par carte bancaire, ch\u00e8que ou virement bancaire.<\/li>\n<li>Nous vous enverrons votre acc\u00e8s \u00e0 votre adresse e-mail d\u00e8s que nous aurons re\u00e7u la confirmation du paiement.<\/li>\n<li>D\u00e8s r\u00e9ception de vos acc\u00e8s vous pouvez commencer votre cours.<\/li>\n<li>Le cours se d\u00e9roule sur une plateforme de e-learning d\u00e9di\u00e9e et s\u00e9curis\u00e9e.<\/li>\n<\/ol>\n<h3><strong>Comment r\u00e9gler la formation<\/strong><\/h3>\n<p><strong>Vous pouvez payer cette formation de trois mani\u00e8res :<\/strong><\/p>\n<ul>\n<li>soit par carte bancaire<\/li>\n<li>soit par virement bancaire<\/li>\n<li>soit par ch\u00e8que bancaire<\/li>\n<\/ul>\n<h3>Paiement par carte bancaire :<\/h3>\n<p>1- Ajouter cette formation \u00e0 votre panier (Bouton \u201cAjouter au Panier\u201d).<br \/>\n2- Validez votre commande en cliquant sur le bouton \u201cVoir le panier\u201d ou \u201cValidation de la commande\u00a0\u00bb.<br \/>\n3- S\u00e9lectionner l\u2019option de paiement par carte bancaire apr\u00e8s avoir entr\u00e9 vos informations de contact.<br \/>\n4- Vous serez guid\u00e9 \u00e0 travers un syst\u00e8me de paiement s\u00e9curis\u00e9 et automatique.<br \/>\n5- Vous recevrez un email de confirmation de paiement ainsi que la facture.<br \/>\n6- Vous recevrez \u00e9galement un email o\u00f9 seront notifi\u00e9s vos identifiants et acc\u00e8s \u00e0 la formation.<\/p>\n<p><a class=\"storefront-sticky-add-to-cart__content-button button alt\" href=\"https:\/\/sionneau.com\/boutique\/medecine--chinoise\/traiter-les-rhumatismes-par-la-phytotherapie-chinoise\/?add-to-cart=42523\">Ajouter au panier<\/a><\/p>\n<h3>Paiement par virement bancaire<\/h3>\n<p>1- Ajouter cette formation \u00e0 votre panier (Bouton \u201cAjouter au Panier\u201d).<br \/>\n2- Validez votre commande en cliquant sur le bouton \u201cVoir le panier\u201d ou \u201cValidation de la commande\u00a0\u00bb.<br \/>\n3- S\u00e9lectionner l\u2019option de paiement par virement bancaire apr\u00e8s avoir entr\u00e9 vos informations de contact.<br \/>\n4- Les instructions de paiement vous seront communiqu\u00e9es au moment de l\u2019achat et par email.<br \/>\n<strong>5- Les frais bancaires sont \u00e0 votre charge.<\/strong><br \/>\n6- Lorsque votre virement bancaire sera re\u00e7u vous recevrez un email de confirmation de paiement ainsi que la facture.<br \/>\n7- D\u00e8s r\u00e9ception du virement, nous vous enverrons vos identifiants et acc\u00e8s \u00e0 la formation par email.<\/p>\n<p><a class=\"storefront-sticky-add-to-cart__content-button button alt\" href=\"https:\/\/sionneau.com\/boutique\/medecine--chinoise\/traiter-les-rhumatismes-par-la-phytotherapie-chinoise\/?add-to-cart=42523\">Ajouter au panier<\/a><\/p>\n<h3>Paiement par ch\u00e8que bancaire\u00a0<strong><br \/>\n<\/strong><\/h3>\n<p>1- Ajouter cette formation \u00e0 votre panier (Bouton \u201cAjouter au Panier\u201d).<br \/>\n2- Validez votre commande en cliquant sur le bouton \u201cVoir le panier\u201d ou \u201cValidation de la commande\u00a0\u00bb.<br \/>\n3- S\u00e9lectionner l\u2019option de paiement par ch\u00e8que apr\u00e8s avoir entr\u00e9 vos informations de contact.<br \/>\n4- Les instructions de paiement vous seront communiqu\u00e9es au moment de l\u2019achat et par email.<br \/>\n5- Lorsque votre ch\u00e8que sera re\u00e7u vous recevrez un email de confirmation de paiement avec la facture.<br \/>\n6- D\u00e8s encaissement du ch\u00e8que, nous vous enverrons vos identifiants et acc\u00e8s \u00e0 la formation par email.<\/p>\n<p><a class=\"storefront-sticky-add-to-cart__content-button button alt\" href=\"https:\/\/sionneau.com\/boutique\/medecine--chinoise\/traiter-les-rhumatismes-par-la-phytotherapie-chinoise\/?add-to-cart=42523\">Ajouter au panier<\/a><\/p>\n<h4><strong>Voir aussi les cours en ligne \u00ab Les Majeurs \u00bb :<\/strong><a href=\"https:\/\/sionneau.com\/e-learning\/-en-ligne\" target=\"_blank\" rel=\"noopener\">\u00a0<\/a><a href=\"https:\/\/sionneau.com\/boutique\/medecine-chinoise\/cours-en-ligne\/\">https:\/\/sionneau.com\/boutique\/medecine-chinoise\/cours-en-ligne\/<\/a><\/h4>\n<h4><strong>Un probl\u00e8me technique ? Contactez<\/strong>\u00a0<strong><a href=\"mailto:support@sionneau.com\">support@sionneau.com<\/a><\/strong><\/h4>\n<p>&nbsp;<\/p>\n","protected":false},"excerpt":{"rendered":"<p>Exceptionnel : Une formation approfondie chez vous sur un sujet captivant pour 24 euros !!! Laissez-vous tenter par l&#8217;exp\u00e9rience ! Cette formation en ligne pr\u00e9sente le traitement des rhumatismes en tout genre\u00a0: arthrite, arthrose, polyarthrite, tendinite, etc. par la phytoth\u00e9rapie chinoise. Pour \u00eatre plus pr\u00e9cis, il s\u2019agit d\u2019une \u00e9tude d\u00e9taill\u00e9e de toutes les substances m\u00e9dicinales [&hellip;]<\/p>\n","protected":false},"featured_media":42524,"template":"","meta":[],"product_cat":[54],"product_tag":[],"yoast_head":"<!-- This site is optimized with the Yoast SEO plugin v20.5 - https:\/\/yoast.com\/wordpress\/plugins\/seo\/ -->\n<title>Traiter les rhumatismes par la phytoth\u00e9rapie chinoise - Boutique de Sionneau.com<\/title>\n<meta name=\"robots\" content=\"index, follow, max-snippet:-1, max-image-preview:large, max-video-preview:-1\" \/>\n<link rel=\"canonical\" href=\"https:\/\/sionneau.com\/boutique\/medecine--chinoise\/traiter-les-rhumatismes-par-la-phytotherapie-chinoise\/\" \/>\n<meta property=\"og:locale\" content=\"fr_FR\" \/>\n<meta property=\"og:type\" content=\"article\" \/>\n<meta property=\"og:title\" content=\"Traiter les rhumatismes par la phytoth\u00e9rapie chinoise - Boutique de Sionneau.com\" \/>\n<meta property=\"og:description\" content=\"Exceptionnel : Une formation approfondie chez vous sur un sujet captivant pour 24 euros !!! Laissez-vous tenter par l&#8217;exp\u00e9rience ! Cette formation en ligne pr\u00e9sente le traitement des rhumatismes en tout genre\u00a0: arthrite, arthrose, polyarthrite, tendinite, etc. par la phytoth\u00e9rapie chinoise. Pour \u00eatre plus pr\u00e9cis, il s\u2019agit d\u2019une \u00e9tude d\u00e9taill\u00e9e de toutes les substances m\u00e9dicinales [&hellip;]\" \/>\n<meta property=\"og:url\" content=\"https:\/\/sionneau.com\/boutique\/medecine--chinoise\/traiter-les-rhumatismes-par-la-phytotherapie-chinoise\/\" \/>\n<meta property=\"og:site_name\" content=\"Boutique de Sionneau.com\" \/>\n<meta property=\"article:modified_time\" content=\"2024-07-31T16:24:59+00:00\" \/>\n<meta property=\"og:image\" content=\"https:\/\/sionneau.com\/boutique\/wp-content\/uploads\/2024\/07\/bi_phyto_chinoise_sionneau__medium.jpg\" \/>\n\t<meta property=\"og:image:width\" content=\"450\" \/>\n\t<meta property=\"og:image:height\" content=\"300\" \/>\n\t<meta property=\"og:image:type\" content=\"image\/jpeg\" \/>\n<meta name=\"twitter:card\" content=\"summary_large_image\" \/>\n<meta name=\"twitter:label1\" content=\"Dur\u00e9e de lecture estim\u00e9e\" \/>\n\t<meta name=\"twitter:data1\" content=\"8 minutes\" \/>\n<script type=\"application\/ld+json\" class=\"yoast-schema-graph\">{\"@context\":\"https:\/\/schema.org\",\"@graph\":[{\"@type\":\"WebPage\",\"@id\":\"https:\/\/sionneau.com\/boutique\/medecine--chinoise\/traiter-les-rhumatismes-par-la-phytotherapie-chinoise\/\",\"url\":\"https:\/\/sionneau.com\/boutique\/medecine--chinoise\/traiter-les-rhumatismes-par-la-phytotherapie-chinoise\/\",\"name\":\"Traiter les rhumatismes par la phytoth\u00e9rapie chinoise - Boutique de Sionneau.com\",\"isPartOf\":{\"@id\":\"https:\/\/sionneau.com\/boutique\/#website\"},\"datePublished\":\"2024-07-02T07:38:21+00:00\",\"dateModified\":\"2024-07-31T16:24:59+00:00\",\"breadcrumb\":{\"@id\":\"https:\/\/sionneau.com\/boutique\/medecine--chinoise\/traiter-les-rhumatismes-par-la-phytotherapie-chinoise\/#breadcrumb\"},\"inLanguage\":\"fr-FR\",\"potentialAction\":[{\"@type\":\"ReadAction\",\"target\":[\"https:\/\/sionneau.com\/boutique\/medecine--chinoise\/traiter-les-rhumatismes-par-la-phytotherapie-chinoise\/\"]}]},{\"@type\":\"BreadcrumbList\",\"@id\":\"https:\/\/sionneau.com\/boutique\/medecine--chinoise\/traiter-les-rhumatismes-par-la-phytotherapie-chinoise\/#breadcrumb\",\"itemListElement\":[{\"@type\":\"ListItem\",\"position\":1,\"name\":\"Accueil\",\"item\":\"https:\/\/sionneau.com\/boutique\/\"},{\"@type\":\"ListItem\",\"position\":2,\"name\":\"Boutique\",\"item\":\"https:\/\/sionneau.com\/boutique\/\"},{\"@type\":\"ListItem\",\"position\":3,\"name\":\"Traiter les rhumatismes par la phytoth\u00e9rapie chinoise\"}]},{\"@type\":\"WebSite\",\"@id\":\"https:\/\/sionneau.com\/boutique\/#website\",\"url\":\"https:\/\/sionneau.com\/boutique\/\",\"name\":\"Boutique de Sionneau.com\",\"description\":\"Authenticit\u00e9 &amp; professionnalisme\",\"publisher\":{\"@id\":\"https:\/\/sionneau.com\/boutique\/#organization\"},\"potentialAction\":[{\"@type\":\"SearchAction\",\"target\":{\"@type\":\"EntryPoint\",\"urlTemplate\":\"https:\/\/sionneau.com\/boutique\/?s={search_term_string}\"},\"query-input\":\"required name=search_term_string\"}],\"inLanguage\":\"fr-FR\"},{\"@type\":\"Organization\",\"@id\":\"https:\/\/sionneau.com\/boutique\/#organization\",\"name\":\"Philippe Sionneau\",\"url\":\"https:\/\/sionneau.com\/boutique\/\",\"logo\":{\"@type\":\"ImageObject\",\"inLanguage\":\"fr-FR\",\"@id\":\"https:\/\/sionneau.com\/boutique\/#\/schema\/logo\/image\/\",\"url\":\"https:\/\/sionneau.com\/boutique\/wp-content\/uploads\/2019\/03\/Sionneau-logo-1.png\",\"contentUrl\":\"https:\/\/sionneau.com\/boutique\/wp-content\/uploads\/2019\/03\/Sionneau-logo-1.png\",\"width\":600,\"height\":488,\"caption\":\"Philippe Sionneau\"},\"image\":{\"@id\":\"https:\/\/sionneau.com\/boutique\/#\/schema\/logo\/image\/\"}}]}<\/script>\n<!-- \/ Yoast SEO plugin. -->","yoast_head_json":{"title":"Traiter les rhumatismes par la phytoth\u00e9rapie chinoise - Boutique de Sionneau.com","robots":{"index":"index","follow":"follow","max-snippet":"max-snippet:-1","max-image-preview":"max-image-preview:large","max-video-preview":"max-video-preview:-1"},"canonical":"https:\/\/sionneau.com\/boutique\/medecine--chinoise\/traiter-les-rhumatismes-par-la-phytotherapie-chinoise\/","og_locale":"fr_FR","og_type":"article","og_title":"Traiter les rhumatismes par la phytoth\u00e9rapie chinoise - Boutique de Sionneau.com","og_description":"Exceptionnel : Une formation approfondie chez vous sur un sujet captivant pour 24 euros !!! Laissez-vous tenter par l&#8217;exp\u00e9rience ! Cette formation en ligne pr\u00e9sente le traitement des rhumatismes en tout genre\u00a0: arthrite, arthrose, polyarthrite, tendinite, etc. par la phytoth\u00e9rapie chinoise. Pour \u00eatre plus pr\u00e9cis, il s\u2019agit d\u2019une \u00e9tude d\u00e9taill\u00e9e de toutes les substances m\u00e9dicinales [&hellip;]","og_url":"https:\/\/sionneau.com\/boutique\/medecine--chinoise\/traiter-les-rhumatismes-par-la-phytotherapie-chinoise\/","og_site_name":"Boutique de Sionneau.com","article_modified_time":"2024-07-31T16:24:59+00:00","og_image":[{"width":450,"height":300,"url":"https:\/\/sionneau.com\/boutique\/wp-content\/uploads\/2024\/07\/bi_phyto_chinoise_sionneau__medium.jpg","type":"image\/jpeg"}],"twitter_card":"summary_large_image","twitter_misc":{"Dur\u00e9e de lecture estim\u00e9e":"8 minutes"},"schema":{"@context":"https:\/\/schema.org","@graph":[{"@type":"WebPage","@id":"https:\/\/sionneau.com\/boutique\/medecine--chinoise\/traiter-les-rhumatismes-par-la-phytotherapie-chinoise\/","url":"https:\/\/sionneau.com\/boutique\/medecine--chinoise\/traiter-les-rhumatismes-par-la-phytotherapie-chinoise\/","name":"Traiter les rhumatismes par la phytoth\u00e9rapie chinoise - Boutique de Sionneau.com","isPartOf":{"@id":"https:\/\/sionneau.com\/boutique\/#website"},"datePublished":"2024-07-02T07:38:21+00:00","dateModified":"2024-07-31T16:24:59+00:00","breadcrumb":{"@id":"https:\/\/sionneau.com\/boutique\/medecine--chinoise\/traiter-les-rhumatismes-par-la-phytotherapie-chinoise\/#breadcrumb"},"inLanguage":"fr-FR","potentialAction":[{"@type":"ReadAction","target":["https:\/\/sionneau.com\/boutique\/medecine--chinoise\/traiter-les-rhumatismes-par-la-phytotherapie-chinoise\/"]}]},{"@type":"BreadcrumbList","@id":"https:\/\/sionneau.com\/boutique\/medecine--chinoise\/traiter-les-rhumatismes-par-la-phytotherapie-chinoise\/#breadcrumb","itemListElement":[{"@type":"ListItem","position":1,"name":"Accueil","item":"https:\/\/sionneau.com\/boutique\/"},{"@type":"ListItem","position":2,"name":"Boutique","item":"https:\/\/sionneau.com\/boutique\/"},{"@type":"ListItem","position":3,"name":"Traiter les rhumatismes par la phytoth\u00e9rapie chinoise"}]},{"@type":"WebSite","@id":"https:\/\/sionneau.com\/boutique\/#website","url":"https:\/\/sionneau.com\/boutique\/","name":"Boutique de Sionneau.com","description":"Authenticit\u00e9 &amp; professionnalisme","publisher":{"@id":"https:\/\/sionneau.com\/boutique\/#organization"},"potentialAction":[{"@type":"SearchAction","target":{"@type":"EntryPoint","urlTemplate":"https:\/\/sionneau.com\/boutique\/?s={search_term_string}"},"query-input":"required name=search_term_string"}],"inLanguage":"fr-FR"},{"@type":"Organization","@id":"https:\/\/sionneau.com\/boutique\/#organization","name":"Philippe Sionneau","url":"https:\/\/sionneau.com\/boutique\/","logo":{"@type":"ImageObject","inLanguage":"fr-FR","@id":"https:\/\/sionneau.com\/boutique\/#\/schema\/logo\/image\/","url":"https:\/\/sionneau.com\/boutique\/wp-content\/uploads\/2019\/03\/Sionneau-logo-1.png","contentUrl":"https:\/\/sionneau.com\/boutique\/wp-content\/uploads\/2019\/03\/Sionneau-logo-1.png","width":600,"height":488,"caption":"Philippe Sionneau"},"image":{"@id":"https:\/\/sionneau.com\/boutique\/#\/schema\/logo\/image\/"}}]}},"_links":{"self":[{"href":"https:\/\/sionneau.com\/boutique\/wp-json\/wp\/v3\/product\/42523"}],"collection":[{"href":"https:\/\/sionneau.com\/boutique\/wp-json\/wp\/v3\/product"}],"about":[{"href":"https:\/\/sionneau.com\/boutique\/wp-json\/wp\/v2\/types\/product"}],"wp:featuredmedia":[{"embeddable":true,"href":"https:\/\/sionneau.com\/boutique\/wp-json\/wp\/v2\/media\/42524"}],"wp:attachment":[{"href":"https:\/\/sionneau.com\/boutique\/wp-json\/wp\/v2\/media?parent=42523"}],"wp:term":[{"taxonomy":"product_cat","embeddable":true,"href":"https:\/\/sionneau.com\/boutique\/wp-json\/wp\/v2\/product_cat?post=42523"},{"taxonomy":"product_tag","embeddable":true,"href":"https:\/\/sionneau.com\/boutique\/wp-json\/wp\/v2\/product_tag?post=42523"}],"curies":[{"name":"wp","href":"https:\/\/api.w.org\/{rel}","templated":true}]}}