{"id":4032,"date":"2020-05-09T16:13:22","date_gmt":"2020-05-09T14:13:22","guid":{"rendered":"https:\/\/sionneau.com\/boutique\/?post_type=product&#038;p=4032"},"modified":"2024-01-22T13:34:20","modified_gmt":"2024-01-22T12:34:20","slug":"consultation-feedback-videoconference-avec-philippe-sionneau","status":"publish","type":"product","link":"https:\/\/sionneau.com\/boutique\/medecine--chinoise\/consultation-feedback-videoconference-avec-philippe-sionneau\/","title":{"rendered":"Consultation Feedback en vid\u00e9oconf\u00e9rence avec Philippe Sionneau (FORMATION)"},"content":{"rendered":"","protected":false},"excerpt":{"rendered":"<h4>Paiement pour une r\u00e9vision en vid\u00e9oconf\u00e9rence \u2013 Feedback (FORMATION).<br \/>\n<span class=\"tlid-translation translation\"><span class=\"\" title=\"\">Pago por una revisi\u00f3n en <span class=\"tlid-translation translation\" lang=\"es\">videoconferencia<\/span> &#8211; Feedback <span class=\"tlid-translation translation\" lang=\"es\">(FORMACI\u00d3N)<\/span>.<br \/>\n<\/span><\/span><span class=\"tlid-translation translation\"><span class=\"\" title=\"\">Payment for a review with <span class=\"tlid-translation translation\" lang=\"en\">videoconference<\/span> &#8211; Feedback (FORMATION).<\/span><\/span><\/h4>\n","protected":false},"featured_media":4035,"template":"","meta":[],"product_cat":[33],"product_tag":[],"yoast_head":"<!-- This site is optimized with the Yoast SEO plugin v20.5 - https:\/\/yoast.com\/wordpress\/plugins\/seo\/ -->\n<title>Consultation Feedback en vid\u00e9oconf\u00e9rence avec Philippe Sionneau (FORMATION) - Boutique de Sionneau.com<\/title>\n<meta name=\"robots\" content=\"index, follow, max-snippet:-1, max-image-preview:large, max-video-preview:-1\" \/>\n<link rel=\"canonical\" href=\"https:\/\/sionneau.com\/boutique\/medecine--chinoise\/consultation-feedback-videoconference-avec-philippe-sionneau\/\" \/>\n<meta property=\"og:locale\" content=\"fr_FR\" \/>\n<meta property=\"og:type\" content=\"article\" \/>\n<meta property=\"og:title\" content=\"Consultation Feedback en vid\u00e9oconf\u00e9rence avec Philippe Sionneau (FORMATION) - Boutique de Sionneau.com\" \/>\n<meta property=\"og:description\" content=\"Paiement pour une r\u00e9vision en vid\u00e9oconf\u00e9rence \u2013 Feedback (FORMATION). Pago por una revisi\u00f3n en videoconferencia - Feedback (FORMACI\u00d3N). Payment for a review with videoconference - Feedback (FORMATION).\" \/>\n<meta property=\"og:url\" content=\"https:\/\/sionneau.com\/boutique\/medecine--chinoise\/consultation-feedback-videoconference-avec-philippe-sionneau\/\" \/>\n<meta property=\"og:site_name\" content=\"Boutique de Sionneau.com\" \/>\n<meta property=\"article:modified_time\" content=\"2024-01-22T12:34:20+00:00\" \/>\n<meta property=\"og:image\" content=\"https:\/\/sionneau.com\/boutique\/wp-content\/uploads\/2020\/05\/andorra_acupuntura_autentica_philippe_sionneau.png\" \/>\n\t<meta property=\"og:image:width\" content=\"640\" \/>\n\t<meta property=\"og:image:height\" content=\"480\" \/>\n\t<meta property=\"og:image:type\" content=\"image\/png\" \/>\n<meta name=\"twitter:card\" content=\"summary_large_image\" \/>\n<script type=\"application\/ld+json\" class=\"yoast-schema-graph\">{\"@context\":\"https:\/\/schema.org\",\"@graph\":[{\"@type\":\"WebPage\",\"@id\":\"https:\/\/sionneau.com\/boutique\/medecine--chinoise\/consultation-feedback-videoconference-avec-philippe-sionneau\/\",\"url\":\"https:\/\/sionneau.com\/boutique\/medecine--chinoise\/consultation-feedback-videoconference-avec-philippe-sionneau\/\",\"name\":\"Consultation Feedback en vid\u00e9oconf\u00e9rence avec Philippe Sionneau (FORMATION) - Boutique de Sionneau.com\",\"isPartOf\":{\"@id\":\"https:\/\/sionneau.com\/boutique\/#website\"},\"datePublished\":\"2020-05-09T14:13:22+00:00\",\"dateModified\":\"2024-01-22T12:34:20+00:00\",\"breadcrumb\":{\"@id\":\"https:\/\/sionneau.com\/boutique\/medecine--chinoise\/consultation-feedback-videoconference-avec-philippe-sionneau\/#breadcrumb\"},\"inLanguage\":\"fr-FR\",\"potentialAction\":[{\"@type\":\"ReadAction\",\"target\":[\"https:\/\/sionneau.com\/boutique\/medecine--chinoise\/consultation-feedback-videoconference-avec-philippe-sionneau\/\"]}]},{\"@type\":\"BreadcrumbList\",\"@id\":\"https:\/\/sionneau.com\/boutique\/medecine--chinoise\/consultation-feedback-videoconference-avec-philippe-sionneau\/#breadcrumb\",\"itemListElement\":[{\"@type\":\"ListItem\",\"position\":1,\"name\":\"Accueil\",\"item\":\"https:\/\/sionneau.com\/boutique\/\"},{\"@type\":\"ListItem\",\"position\":2,\"name\":\"Boutique\",\"item\":\"https:\/\/sionneau.com\/boutique\/\"},{\"@type\":\"ListItem\",\"position\":3,\"name\":\"Consultation Feedback en vid\u00e9oconf\u00e9rence avec Philippe Sionneau (FORMATION)\"}]},{\"@type\":\"WebSite\",\"@id\":\"https:\/\/sionneau.com\/boutique\/#website\",\"url\":\"https:\/\/sionneau.com\/boutique\/\",\"name\":\"Boutique de Sionneau.com\",\"description\":\"Authenticit\u00e9 &amp; professionnalisme\",\"publisher\":{\"@id\":\"https:\/\/sionneau.com\/boutique\/#organization\"},\"potentialAction\":[{\"@type\":\"SearchAction\",\"target\":{\"@type\":\"EntryPoint\",\"urlTemplate\":\"https:\/\/sionneau.com\/boutique\/?s={search_term_string}\"},\"query-input\":\"required name=search_term_string\"}],\"inLanguage\":\"fr-FR\"},{\"@type\":\"Organization\",\"@id\":\"https:\/\/sionneau.com\/boutique\/#organization\",\"name\":\"Philippe Sionneau\",\"url\":\"https:\/\/sionneau.com\/boutique\/\",\"logo\":{\"@type\":\"ImageObject\",\"inLanguage\":\"fr-FR\",\"@id\":\"https:\/\/sionneau.com\/boutique\/#\/schema\/logo\/image\/\",\"url\":\"https:\/\/sionneau.com\/boutique\/wp-content\/uploads\/2019\/03\/Sionneau-logo-1.png\",\"contentUrl\":\"https:\/\/sionneau.com\/boutique\/wp-content\/uploads\/2019\/03\/Sionneau-logo-1.png\",\"width\":600,\"height\":488,\"caption\":\"Philippe Sionneau\"},\"image\":{\"@id\":\"https:\/\/sionneau.com\/boutique\/#\/schema\/logo\/image\/\"}}]}<\/script>\n<!-- \/ Yoast SEO plugin. -->","yoast_head_json":{"title":"Consultation Feedback en vid\u00e9oconf\u00e9rence avec Philippe Sionneau (FORMATION) - Boutique de Sionneau.com","robots":{"index":"index","follow":"follow","max-snippet":"max-snippet:-1","max-image-preview":"max-image-preview:large","max-video-preview":"max-video-preview:-1"},"canonical":"https:\/\/sionneau.com\/boutique\/medecine--chinoise\/consultation-feedback-videoconference-avec-philippe-sionneau\/","og_locale":"fr_FR","og_type":"article","og_title":"Consultation Feedback en vid\u00e9oconf\u00e9rence avec Philippe Sionneau (FORMATION) - Boutique de Sionneau.com","og_description":"Paiement pour une r\u00e9vision en vid\u00e9oconf\u00e9rence \u2013 Feedback (FORMATION). Pago por una revisi\u00f3n en videoconferencia - Feedback (FORMACI\u00d3N). Payment for a review with videoconference - Feedback (FORMATION).","og_url":"https:\/\/sionneau.com\/boutique\/medecine--chinoise\/consultation-feedback-videoconference-avec-philippe-sionneau\/","og_site_name":"Boutique de Sionneau.com","article_modified_time":"2024-01-22T12:34:20+00:00","og_image":[{"width":640,"height":480,"url":"https:\/\/sionneau.com\/boutique\/wp-content\/uploads\/2020\/05\/andorra_acupuntura_autentica_philippe_sionneau.png","type":"image\/png"}],"twitter_card":"summary_large_image","schema":{"@context":"https:\/\/schema.org","@graph":[{"@type":"WebPage","@id":"https:\/\/sionneau.com\/boutique\/medecine--chinoise\/consultation-feedback-videoconference-avec-philippe-sionneau\/","url":"https:\/\/sionneau.com\/boutique\/medecine--chinoise\/consultation-feedback-videoconference-avec-philippe-sionneau\/","name":"Consultation Feedback en vid\u00e9oconf\u00e9rence avec Philippe Sionneau (FORMATION) - Boutique de Sionneau.com","isPartOf":{"@id":"https:\/\/sionneau.com\/boutique\/#website"},"datePublished":"2020-05-09T14:13:22+00:00","dateModified":"2024-01-22T12:34:20+00:00","breadcrumb":{"@id":"https:\/\/sionneau.com\/boutique\/medecine--chinoise\/consultation-feedback-videoconference-avec-philippe-sionneau\/#breadcrumb"},"inLanguage":"fr-FR","potentialAction":[{"@type":"ReadAction","target":["https:\/\/sionneau.com\/boutique\/medecine--chinoise\/consultation-feedback-videoconference-avec-philippe-sionneau\/"]}]},{"@type":"BreadcrumbList","@id":"https:\/\/sionneau.com\/boutique\/medecine--chinoise\/consultation-feedback-videoconference-avec-philippe-sionneau\/#breadcrumb","itemListElement":[{"@type":"ListItem","position":1,"name":"Accueil","item":"https:\/\/sionneau.com\/boutique\/"},{"@type":"ListItem","position":2,"name":"Boutique","item":"https:\/\/sionneau.com\/boutique\/"},{"@type":"ListItem","position":3,"name":"Consultation Feedback en vid\u00e9oconf\u00e9rence avec Philippe Sionneau (FORMATION)"}]},{"@type":"WebSite","@id":"https:\/\/sionneau.com\/boutique\/#website","url":"https:\/\/sionneau.com\/boutique\/","name":"Boutique de Sionneau.com","description":"Authenticit\u00e9 &amp; professionnalisme","publisher":{"@id":"https:\/\/sionneau.com\/boutique\/#organization"},"potentialAction":[{"@type":"SearchAction","target":{"@type":"EntryPoint","urlTemplate":"https:\/\/sionneau.com\/boutique\/?s={search_term_string}"},"query-input":"required name=search_term_string"}],"inLanguage":"fr-FR"},{"@type":"Organization","@id":"https:\/\/sionneau.com\/boutique\/#organization","name":"Philippe Sionneau","url":"https:\/\/sionneau.com\/boutique\/","logo":{"@type":"ImageObject","inLanguage":"fr-FR","@id":"https:\/\/sionneau.com\/boutique\/#\/schema\/logo\/image\/","url":"https:\/\/sionneau.com\/boutique\/wp-content\/uploads\/2019\/03\/Sionneau-logo-1.png","contentUrl":"https:\/\/sionneau.com\/boutique\/wp-content\/uploads\/2019\/03\/Sionneau-logo-1.png","width":600,"height":488,"caption":"Philippe Sionneau"},"image":{"@id":"https:\/\/sionneau.com\/boutique\/#\/schema\/logo\/image\/"}}]}},"_links":{"self":[{"href":"https:\/\/sionneau.com\/boutique\/wp-json\/wp\/v3\/product\/4032"}],"collection":[{"href":"https:\/\/sionneau.com\/boutique\/wp-json\/wp\/v3\/product"}],"about":[{"href":"https:\/\/sionneau.com\/boutique\/wp-json\/wp\/v2\/types\/product"}],"wp:featuredmedia":[{"embeddable":true,"href":"https:\/\/sionneau.com\/boutique\/wp-json\/wp\/v2\/media\/4035"}],"wp:attachment":[{"href":"https:\/\/sionneau.com\/boutique\/wp-json\/wp\/v2\/media?parent=4032"}],"wp:term":[{"taxonomy":"product_cat","embeddable":true,"href":"https:\/\/sionneau.com\/boutique\/wp-json\/wp\/v2\/product_cat?post=4032"},{"taxonomy":"product_tag","embeddable":true,"href":"https:\/\/sionneau.com\/boutique\/wp-json\/wp\/v2\/product_tag?post=4032"}],"curies":[{"name":"wp","href":"https:\/\/api.w.org\/{rel}","templated":true}]}}