{"id":151,"date":"2019-03-05T12:06:24","date_gmt":"2019-03-05T11:06:24","guid":{"rendered":"https:\/\/sionneau.com\/boutique\/?post_type=product&#038;p=151"},"modified":"2023-08-04T12:10:24","modified_gmt":"2023-08-04T10:10:24","slug":"maladies-symptomes-en-medecine-chinoise-volume-1-tete-et-face","status":"publish","type":"product","link":"https:\/\/sionneau.com\/boutique\/medecine--chinoise\/maladies-symptomes-en-medecine-chinoise-volume-1-tete-et-face\/","title":{"rendered":"Maladies &#038; sympt\u00f4mes en m\u00e9decine chinoise \u2013 Volume 1 T\u00eate et face"},"content":{"rendered":"<p>Ce livre est le premier volet de la collection &#8221; Maladies et Sympt\u00f4mes en M\u00e9decine Chinoise &#8220;. C\u2019est une traduction revue et augment\u00e9e de la s\u00e9rie anglaise &#8221; The treatment of disease in TCM &#8221; qui remporte un grand succ\u00e8s aux USA et dans le monde anglophone. Il introduit non seulement l\u2019\u00e9tude des grandes maladies classiques mais aussi celle de tr\u00e8s nombreux d\u00e9sordres et sympt\u00f4mes jamais d\u00e9velopp\u00e9s en langue occidentale. Il propose pour chaque d\u00e9s\u00e9quilibre l\u2019\u00e9tiopathog\u00e9nie d\u00e9taill\u00e9e, le diagnostic diff\u00e9rentiel actuellement le plus complet et expose des solutions th\u00e9rapeutiques efficaces \u00e0 la fois en acupuncture et en pharmacop\u00e9e chinoise. La collection la plus compl\u00e8te en Occident sur le traitement des maladies selon la m\u00e9decine chinoise. Incontournable.<\/p>\n<h4><strong>Listes des maladies et des sympt\u00f4mes \u00e9tudi\u00e9s dans ce volume :<\/strong><\/h4>\n<ul>\n<li>distension de la t\u00eate<\/li>\n<li>tremblement de la t\u00eate<\/li>\n<li>t\u00eate courb\u00e9e<\/li>\n<li>c\u00e9phal\u00e9e<\/li>\n<li>sensation de t\u00eate froide<\/li>\n<li>sensation de chaleur dans la t\u00eate<\/li>\n<li>bruits dans la t\u00eate<\/li>\n<li>migraine<\/li>\n<li>\u00e9tourdissement<\/li>\n<li>vertiges<\/li>\n<li>sensation de t\u00eate lourde<\/li>\n<li>transpiration de la t\u00eate<\/li>\n<li>engourdissement du cuir chevelu<\/li>\n<li>chute des cheveux<\/li>\n<li>blanchissement pr\u00e9matur\u00e9 des cheveux<\/li>\n<li>jaunissement des cheveux<\/li>\n<li>bouff\u00e9es de chaleur \u00e0 la t\u00eate et au visage<\/li>\n<li>teint rouge (sanguin)<\/li>\n<li>rougeur des pommettes<\/li>\n<li>teint jaun\u00e2tre<\/li>\n<li>teint p\u00e2le<\/li>\n<li>teint noir\u00e2tre<\/li>\n<li>gonflement du visage<\/li>\n<li>bouche et yeux d\u00e9vi\u00e9s<\/li>\n<li>tic facial<\/li>\n<li>engourdissement du visage<\/li>\n<li>douleur de la face<\/li>\n<li>douleur de l\u2019arcade sourcili\u00e8re.<\/li>\n<\/ul>\n<p>Pour voir des extraits de la s\u00e9rie Maladies &amp; Sympt\u00f4mes, voir les articles qui y correspondent : <a href=\"https:\/\/sionneau.com\/medecine-chinoise\/articles\">Cliquez ici pour en savoir plus<\/a><\/p>\n<p>Table des mati\u00e8res des 8 volumes : <a href=\"https:\/\/sionneau.com\/files\/Maladies et symptomes en medecine chinoise - Acupuncture - Pharmacop\u00e9e chinoise.pdf\" target=\"_blank\" rel=\"noopener noreferrer\">cliquez ici (fichier pdf : n\u00e9cessite Adobe Reader)<\/a><\/p>\n<h5 style=\"text-align: center;\"><strong>Des informations concr\u00e8tes, pratiques et pour la plupart in\u00e9dites en Occident.<br \/>\nClarifie le diagnostic et le m\u00e9canisme des maladies<br \/>\nUn livre incontournable tant pour le praticien que pour l\u2019\u00e9tudiant.<\/strong><\/h5>\n<p style=\"text-align: center;\"><strong>Volume 1<br \/>\n190 pages<br \/>\nformat 160 x 240<br \/>\nprix public : 18,30 \u20ac<br \/>\nISBN : 2-85707-943-5<\/strong><\/p>\n<h3 style=\"text-align: center;\">COMMENT COMMANDER CE LIVRE ?<\/h3>\n<p><strong>Vous pouvez commander ce livre de trois mani\u00e8res :<\/strong><\/p>\n<ul>\n<li>soit par carte bancaire<\/li>\n<li>soit par virement bancaire<\/li>\n<li>soit par ch\u00e8que bancaire<\/li>\n<\/ul>\n<p>Veuillez suivre les indications pour chaque type de paiement.<\/p>\n<h3>Paiement par carte bancaire :<\/h3>\n<p>1- Ajouter ce livre \u00e0 votre panier (Bouton &#8220;Ajouter au Panier&#8221;).<br \/>\n2- Rendez vous sur la page de validation de commande (Bouton &#8220;Voir le panier&#8221; ou &#8220;Validation de la commande&#8221;).<br \/>\n3- S\u00e9lectionner l\u2019option de paiement par carte bancaire apr\u00e8s avoir entr\u00e9 vos informations de contact.<br \/>\n4- Vous serez guid\u00e9 \u00e0 travers un syst\u00e8me de paiement s\u00e9curis\u00e9 et automatique.<br \/>\n5- Les frais de port sont calcul\u00e9s automatiquement. <a href=\"https:\/\/sionneau.com\/boutique\/ tarifs-livraison\/\">Les tarifs sont expliqu\u00e9s en d\u00e9tail ici <\/a><br \/>\n6- Vous recevrez un email de confirmation de paiement ainsi que la facture. Le livre sera exp\u00e9di\u00e9 tr\u00e8s vite.<\/p>\n<p><script>\ndocument.write('<a class=\"storefront-sticky-add-to-cart__content-button button alt\" href=\"');\ndocument.write((window.location.href).split(\"?\")[0]);\ndocument.write('?add-to-cart=151');\ndocument.write('\"> Ajouter au panier <\/a>');\n<\/script> <a class=\"button checkout wc-forward\" href=\"https:\/\/sionneau.com\/boutique\/commande\/\">Validation de la commande<\/a><\/p>\n<h3>Paiement par virement bancaire<\/h3>\n<p>1- Ajouter ce livre \u00e0 votre panier (Bouton &#8220;Ajouter au Panier&#8221;).<br \/>\n2- Rendez vous sur la page de validation de commande (Bouton &#8220;Voir le panier&#8221; ou &#8220;Validation de la commande&#8221;).<br \/>\n3- S\u00e9lectionner l\u2019option de paiement par virement bancaire apr\u00e8s avoir entr\u00e9 vos informations de contact.<br \/>\n4- Les instructions de paiement vous seront communiqu\u00e9es au moment de l\u2019achat et par email.<br \/>\n5- Les frais de port sont calcul\u00e9s automatiquement. <a href=\"https:\/\/sionneau.com\/boutique\/ tarifs-livraison\/\">Les tarifs sont expliqu\u00e9s en d\u00e9tail ici <\/a><br \/>\n6- Les frais bancaires sont \u00e0 votre charge.<br \/>\n7- Lorsque votre virement bancaire sera re\u00e7u vous recevrez un email de confirmation de paiement avec la facture et le livre sera rapidement envoy\u00e9.<\/p>\n<p><script>\ndocument.write('<a class=\"storefront-sticky-add-to-cart__content-button button alt\" href=\"');\ndocument.write((window.location.href).split(\"?\")[0]);\ndocument.write('?add-to-cart=151');\ndocument.write('\"> Ajouter au panier <\/a>');\n<\/script> <a class=\"button checkout wc-forward\" href=\"https:\/\/sionneau.com\/boutique\/commande\/\">Validation de la commande<\/a><\/p>\n<h3>Paiement par ch\u00e8que bancaire\u00a0<strong><br \/>\n<\/strong><\/h3>\n<p>1- Ajouter ce livre \u00e0 votre panier (Bouton &#8220;Ajouter au Panier&#8221;).<br \/>\n2- Rendez vous sur la page de validation de commande (Bouton &#8220;Voir le panier&#8221; ou &#8220;Validation de la commande&#8221;).<br \/>\n3- S\u00e9lectionner l\u2019option de paiement par ch\u00e8que apr\u00e8s avoir entr\u00e9 vos informations de contact.<br \/>\n4- Les instructions de paiement vous seront communiqu\u00e9es au moment de l\u2019achat et par email.<br \/>\n5- Les frais de port sont calcul\u00e9s automatiquement. <a href=\"https:\/\/sionneau.com\/boutique\/ tarifs-livraison\/\">Les tarifs sont expliqu\u00e9s en d\u00e9tail ici <\/a><br \/>\n7- Lorsque votre ch\u00e8que sera re\u00e7u vous recevrez un email de confirmation de paiement avec la facture et le livre sera imm\u00e9diatement envoy\u00e9.<\/p>\n<p><script>\ndocument.write('<a class=\"storefront-sticky-add-to-cart__content-button button alt\" href=\"');\ndocument.write((window.location.href).split(\"?\")[0]);\ndocument.write('?add-to-cart=151');\ndocument.write('\"> Ajouter au panier <\/a>');\n<\/script> <a class=\"button checkout wc-forward\" href=\"https:\/\/sionneau.com\/boutique\/commande\/\">Validation de la commande<\/a><\/p>\n<h4><strong>Nos garanties :<\/strong><\/h4>\n<h5>a &#8211; Envoi de votre commande le plus rapidement possible<br \/>\nb &#8211; Colis livr\u00e9 \u00e0 domicile<br \/>\nc &#8211; Colis suivi et s\u00e9curis\u00e9<br \/>\nd &#8211; Bonne humeur et sourire garantis 100% fait maison<\/h5>\n<p>&nbsp;<\/p>\n","protected":false},"excerpt":{"rendered":"<h5><span style=\"color: #800000;\">Des informations concr\u00e8tes, pratiques et pour la plupart in\u00e9dites en Occident.<br \/>\nClarifie le diagnostic et le m\u00e9canisme des maladies<br \/>\nUn livre incontournable tant pour le praticien que pour l\u2019\u00e9tudiant.<\/span><\/h5>\n","protected":false},"featured_media":95,"template":"","meta":[],"product_cat":[20],"product_tag":[],"yoast_head":"<!-- This site is optimized with the Yoast SEO plugin v20.5 - https:\/\/yoast.com\/wordpress\/plugins\/seo\/ -->\n<title>Maladies &#038; sympt\u00f4mes en m\u00e9decine chinoise \u2013 Volume 1 T\u00eate et face - Boutique de Sionneau.com<\/title>\n<meta name=\"robots\" content=\"index, follow, max-snippet:-1, max-image-preview:large, max-video-preview:-1\" \/>\n<link rel=\"canonical\" href=\"https:\/\/sionneau.com\/boutique\/medecine--chinoise\/maladies-symptomes-en-medecine-chinoise-volume-1-tete-et-face\/\" \/>\n<meta property=\"og:locale\" content=\"fr_FR\" \/>\n<meta property=\"og:type\" content=\"article\" \/>\n<meta property=\"og:title\" content=\"Maladies &#038; sympt\u00f4mes en m\u00e9decine chinoise \u2013 Volume 1 T\u00eate et face - Boutique de Sionneau.com\" \/>\n<meta property=\"og:description\" content=\"Des informations concr\u00e8tes, pratiques et pour la plupart in\u00e9dites en Occident. Clarifie le diagnostic et le m\u00e9canisme des maladies Un livre incontournable tant pour le praticien que pour l\u2019\u00e9tudiant.\" \/>\n<meta property=\"og:url\" content=\"https:\/\/sionneau.com\/boutique\/medecine--chinoise\/maladies-symptomes-en-medecine-chinoise-volume-1-tete-et-face\/\" \/>\n<meta property=\"og:site_name\" content=\"Boutique de Sionneau.com\" \/>\n<meta property=\"article:modified_time\" content=\"2023-08-04T10:10:24+00:00\" \/>\n<meta property=\"og:image\" content=\"https:\/\/sionneau.com\/boutique\/wp-content\/uploads\/2018\/12\/vol1-s.jpg\" \/>\n\t<meta property=\"og:image:width\" content=\"204\" \/>\n\t<meta property=\"og:image:height\" content=\"312\" \/>\n\t<meta property=\"og:image:type\" content=\"image\/jpeg\" \/>\n<meta name=\"twitter:card\" content=\"summary_large_image\" \/>\n<meta name=\"twitter:label1\" content=\"Dur\u00e9e de lecture estim\u00e9e\" \/>\n\t<meta name=\"twitter:data1\" content=\"4 minutes\" \/>\n<script type=\"application\/ld+json\" class=\"yoast-schema-graph\">{\"@context\":\"https:\/\/schema.org\",\"@graph\":[{\"@type\":\"WebPage\",\"@id\":\"https:\/\/sionneau.com\/boutique\/medecine--chinoise\/maladies-symptomes-en-medecine-chinoise-volume-1-tete-et-face\/\",\"url\":\"https:\/\/sionneau.com\/boutique\/medecine--chinoise\/maladies-symptomes-en-medecine-chinoise-volume-1-tete-et-face\/\",\"name\":\"Maladies &#038; sympt\u00f4mes en m\u00e9decine chinoise \u2013 Volume 1 T\u00eate et face - Boutique de Sionneau.com\",\"isPartOf\":{\"@id\":\"https:\/\/sionneau.com\/boutique\/#website\"},\"datePublished\":\"2019-03-05T11:06:24+00:00\",\"dateModified\":\"2023-08-04T10:10:24+00:00\",\"breadcrumb\":{\"@id\":\"https:\/\/sionneau.com\/boutique\/medecine--chinoise\/maladies-symptomes-en-medecine-chinoise-volume-1-tete-et-face\/#breadcrumb\"},\"inLanguage\":\"fr-FR\",\"potentialAction\":[{\"@type\":\"ReadAction\",\"target\":[\"https:\/\/sionneau.com\/boutique\/medecine--chinoise\/maladies-symptomes-en-medecine-chinoise-volume-1-tete-et-face\/\"]}]},{\"@type\":\"BreadcrumbList\",\"@id\":\"https:\/\/sionneau.com\/boutique\/medecine--chinoise\/maladies-symptomes-en-medecine-chinoise-volume-1-tete-et-face\/#breadcrumb\",\"itemListElement\":[{\"@type\":\"ListItem\",\"position\":1,\"name\":\"Accueil\",\"item\":\"https:\/\/sionneau.com\/boutique\/\"},{\"@type\":\"ListItem\",\"position\":2,\"name\":\"Boutique\",\"item\":\"https:\/\/sionneau.com\/boutique\/\"},{\"@type\":\"ListItem\",\"position\":3,\"name\":\"Maladies &#038; sympt\u00f4mes en m\u00e9decine chinoise \u2013 Volume 1 T\u00eate et face\"}]},{\"@type\":\"WebSite\",\"@id\":\"https:\/\/sionneau.com\/boutique\/#website\",\"url\":\"https:\/\/sionneau.com\/boutique\/\",\"name\":\"Boutique de Sionneau.com\",\"description\":\"Authenticit\u00e9 &amp; professionnalisme\",\"publisher\":{\"@id\":\"https:\/\/sionneau.com\/boutique\/#organization\"},\"potentialAction\":[{\"@type\":\"SearchAction\",\"target\":{\"@type\":\"EntryPoint\",\"urlTemplate\":\"https:\/\/sionneau.com\/boutique\/?s={search_term_string}\"},\"query-input\":\"required name=search_term_string\"}],\"inLanguage\":\"fr-FR\"},{\"@type\":\"Organization\",\"@id\":\"https:\/\/sionneau.com\/boutique\/#organization\",\"name\":\"Philippe Sionneau\",\"url\":\"https:\/\/sionneau.com\/boutique\/\",\"logo\":{\"@type\":\"ImageObject\",\"inLanguage\":\"fr-FR\",\"@id\":\"https:\/\/sionneau.com\/boutique\/#\/schema\/logo\/image\/\",\"url\":\"https:\/\/sionneau.com\/boutique\/wp-content\/uploads\/2019\/03\/Sionneau-logo-1.png\",\"contentUrl\":\"https:\/\/sionneau.com\/boutique\/wp-content\/uploads\/2019\/03\/Sionneau-logo-1.png\",\"width\":600,\"height\":488,\"caption\":\"Philippe Sionneau\"},\"image\":{\"@id\":\"https:\/\/sionneau.com\/boutique\/#\/schema\/logo\/image\/\"}}]}<\/script>\n<!-- \/ Yoast SEO plugin. -->","yoast_head_json":{"title":"Maladies &#038; sympt\u00f4mes en m\u00e9decine chinoise \u2013 Volume 1 T\u00eate et face - Boutique de Sionneau.com","robots":{"index":"index","follow":"follow","max-snippet":"max-snippet:-1","max-image-preview":"max-image-preview:large","max-video-preview":"max-video-preview:-1"},"canonical":"https:\/\/sionneau.com\/boutique\/medecine--chinoise\/maladies-symptomes-en-medecine-chinoise-volume-1-tete-et-face\/","og_locale":"fr_FR","og_type":"article","og_title":"Maladies &#038; sympt\u00f4mes en m\u00e9decine chinoise \u2013 Volume 1 T\u00eate et face - Boutique de Sionneau.com","og_description":"Des informations concr\u00e8tes, pratiques et pour la plupart in\u00e9dites en Occident. Clarifie le diagnostic et le m\u00e9canisme des maladies Un livre incontournable tant pour le praticien que pour l\u2019\u00e9tudiant.","og_url":"https:\/\/sionneau.com\/boutique\/medecine--chinoise\/maladies-symptomes-en-medecine-chinoise-volume-1-tete-et-face\/","og_site_name":"Boutique de Sionneau.com","article_modified_time":"2023-08-04T10:10:24+00:00","og_image":[{"width":204,"height":312,"url":"https:\/\/sionneau.com\/boutique\/wp-content\/uploads\/2018\/12\/vol1-s.jpg","type":"image\/jpeg"}],"twitter_card":"summary_large_image","twitter_misc":{"Dur\u00e9e de lecture estim\u00e9e":"4 minutes"},"schema":{"@context":"https:\/\/schema.org","@graph":[{"@type":"WebPage","@id":"https:\/\/sionneau.com\/boutique\/medecine--chinoise\/maladies-symptomes-en-medecine-chinoise-volume-1-tete-et-face\/","url":"https:\/\/sionneau.com\/boutique\/medecine--chinoise\/maladies-symptomes-en-medecine-chinoise-volume-1-tete-et-face\/","name":"Maladies &#038; sympt\u00f4mes en m\u00e9decine chinoise \u2013 Volume 1 T\u00eate et face - Boutique de Sionneau.com","isPartOf":{"@id":"https:\/\/sionneau.com\/boutique\/#website"},"datePublished":"2019-03-05T11:06:24+00:00","dateModified":"2023-08-04T10:10:24+00:00","breadcrumb":{"@id":"https:\/\/sionneau.com\/boutique\/medecine--chinoise\/maladies-symptomes-en-medecine-chinoise-volume-1-tete-et-face\/#breadcrumb"},"inLanguage":"fr-FR","potentialAction":[{"@type":"ReadAction","target":["https:\/\/sionneau.com\/boutique\/medecine--chinoise\/maladies-symptomes-en-medecine-chinoise-volume-1-tete-et-face\/"]}]},{"@type":"BreadcrumbList","@id":"https:\/\/sionneau.com\/boutique\/medecine--chinoise\/maladies-symptomes-en-medecine-chinoise-volume-1-tete-et-face\/#breadcrumb","itemListElement":[{"@type":"ListItem","position":1,"name":"Accueil","item":"https:\/\/sionneau.com\/boutique\/"},{"@type":"ListItem","position":2,"name":"Boutique","item":"https:\/\/sionneau.com\/boutique\/"},{"@type":"ListItem","position":3,"name":"Maladies &#038; sympt\u00f4mes en m\u00e9decine chinoise \u2013 Volume 1 T\u00eate et face"}]},{"@type":"WebSite","@id":"https:\/\/sionneau.com\/boutique\/#website","url":"https:\/\/sionneau.com\/boutique\/","name":"Boutique de Sionneau.com","description":"Authenticit\u00e9 &amp; professionnalisme","publisher":{"@id":"https:\/\/sionneau.com\/boutique\/#organization"},"potentialAction":[{"@type":"SearchAction","target":{"@type":"EntryPoint","urlTemplate":"https:\/\/sionneau.com\/boutique\/?s={search_term_string}"},"query-input":"required name=search_term_string"}],"inLanguage":"fr-FR"},{"@type":"Organization","@id":"https:\/\/sionneau.com\/boutique\/#organization","name":"Philippe Sionneau","url":"https:\/\/sionneau.com\/boutique\/","logo":{"@type":"ImageObject","inLanguage":"fr-FR","@id":"https:\/\/sionneau.com\/boutique\/#\/schema\/logo\/image\/","url":"https:\/\/sionneau.com\/boutique\/wp-content\/uploads\/2019\/03\/Sionneau-logo-1.png","contentUrl":"https:\/\/sionneau.com\/boutique\/wp-content\/uploads\/2019\/03\/Sionneau-logo-1.png","width":600,"height":488,"caption":"Philippe Sionneau"},"image":{"@id":"https:\/\/sionneau.com\/boutique\/#\/schema\/logo\/image\/"}}]}},"_links":{"self":[{"href":"https:\/\/sionneau.com\/boutique\/wp-json\/wp\/v3\/product\/151"}],"collection":[{"href":"https:\/\/sionneau.com\/boutique\/wp-json\/wp\/v3\/product"}],"about":[{"href":"https:\/\/sionneau.com\/boutique\/wp-json\/wp\/v2\/types\/product"}],"wp:featuredmedia":[{"embeddable":true,"href":"https:\/\/sionneau.com\/boutique\/wp-json\/wp\/v2\/media\/95"}],"wp:attachment":[{"href":"https:\/\/sionneau.com\/boutique\/wp-json\/wp\/v2\/media?parent=151"}],"wp:term":[{"taxonomy":"product_cat","embeddable":true,"href":"https:\/\/sionneau.com\/boutique\/wp-json\/wp\/v2\/product_cat?post=151"},{"taxonomy":"product_tag","embeddable":true,"href":"https:\/\/sionneau.com\/boutique\/wp-json\/wp\/v2\/product_tag?post=151"}],"curies":[{"name":"wp","href":"https:\/\/api.w.org\/{rel}","templated":true}]}}