{"id":143,"date":"2019-03-05T11:52:36","date_gmt":"2019-03-05T10:52:36","guid":{"rendered":"https:\/\/sionneau.com\/boutique\/?post_type=product&#038;p=143"},"modified":"2025-12-22T16:29:06","modified_gmt":"2025-12-22T15:29:06","slug":"comprendre-et-traiter-la-depression-mentale-en-medecine-chinoise-acupuncture-des-troubles-psychiques","status":"publish","type":"product","link":"https:\/\/sionneau.com\/boutique\/medecine--chinoise\/comprendre-et-traiter-la-depression-mentale-en-medecine-chinoise-acupuncture-des-troubles-psychiques\/","title":{"rendered":"Comprendre et traiter la d\u00e9pression mentale en m\u00e9decine chinoise &#038; Acupuncture des troubles psychiques"},"content":{"rendered":"<p>Le premier ouvrage, toutes langues occidentales confondues, \u00e0 \u00eatre consacr\u00e9 exclusivement \u00e0 la d\u00e9pression mentale selon la m\u00e9thodologie traditionnelle chinoise. Une livre essentiel sur le sujet. Il pr\u00e9sente \u00e9galement tous les points d&#8217;acupuncture efficaces dans le traitement des troubles psychiques.<\/p>\n<p>Apr\u00e8s le succ\u00e8s de &#8220;Troubles Psychiques en M\u00e9decine Chinoise&#8221;, voici le deuxi\u00e8me ouvrage de Philippe Sionneau sur les d\u00e9sordres psychologiques. Il comprend deux parties distinctes et compl\u00e9mentaires :<\/p>\n<p>La premi\u00e8re est une remarquable \u00e9tude sur un des grands maux de notre \u00e9poque : la d\u00e9pression mentale. A l\u2019aide des mat\u00e9riaux traditionnels de la m\u00e9decine chinoise, l\u2019auteur d\u00e9veloppe l\u2019art de comprendre, diagnostiquer et traiter cette maladie selon une m\u00e9thodologie originale, claire et rigoureuse.<\/p>\n<p>La seconde est une pr\u00e9sentation de l\u2019exp\u00e9rience clinique et des strat\u00e9gies de c\u00e9l\u00e8bres acupuncteurs chinois dans le traitement des troubles psycho-\u00e9motionnels (schizophr\u00e9nie, d\u00e9mence \u2013 diminution des capacit\u00e9s mentales et de la m\u00e9moire \u2013 troubles \u00e9motionnels durant la m\u00e9nopause, psychose, trouble de la m\u00e9moire, insomnie, dysphorie-agitation, col\u00e8re, tristesse, exc\u00e8s de joie, syndrome du noyau de prune, hyst\u00e9rie, etc.).<\/p>\n<p>Il en r\u00e9sulte un outil de travail et de compr\u00e9hension concret, pr\u00e9cis et pratique. Jamais un livre aussi d\u00e9taill\u00e9 dans ces deux domaines n\u2019avait \u00e9t\u00e9 publi\u00e9.<\/p>\n<h4>Plus de d\u00e9tails sur le contenu : <a href=\"https:\/\/sionneau.com\/files\/indexdepr.pdf\" target=\"_blank\" rel=\"noopener noreferrer\">cliquez ici (fichier pdf : n\u00e9cessite Adobe Reader)<\/a><\/h4>\n<h4>Nouvelle \u00e9dition &#8211; augment\u00e9e et am\u00e9lior\u00e9e. Mise en page plus claire.<\/h4>\n<ul>\n<li>Les treize points Gui-D\u00e9mons de Sun Si Miao (dynastie Tang)<\/li>\n<li>Un type de d\u00e9pression mentale ajout\u00e9e (Fan Zao \u2013 La d\u00e9pression anxieuse\/agit\u00e9e)<\/li>\n<li>Les traitements de la d\u00e9pression par l\u2019acupuncture compl\u00e8tement r\u00e9nov\u00e9s, \u00e0 partir de l\u2019exp\u00e9rience de l\u2019auteur et des grands classiques de l\u2019acupuncture.<\/li>\n<li>Traitements des troubles psycho-\u00e9motionnels par l&#8217;acupuncture selon l\u2019exp\u00e9rience cliniques des plus grands acupuncteurs chinois contemporains (Gao Li Shan, Jin Shu Bai, Xiao Shao Qing, Zhang Xi Chun, Cheng Dan An, etc.)<\/li>\n<\/ul>\n<h5 style=\"text-align: center;\"><strong>Le premier ouvrage, toutes langues occidentales confondues, <\/strong><br \/>\n<strong>\u00e0 \u00eatre consacr\u00e9 exclusivement \u00e0 la d\u00e9pression mentale <\/strong><br \/>\n<strong>selon la m\u00e9thodologie traditionnelle chinoise.<\/strong><\/h5>\n<h5 style=\"text-align: center;\"><strong>Une livre irrempla\u00e7able sur le sujet<span style=\"background-color: #ffffe0;\">. <\/span><\/strong><\/h5>\n<p style=\"text-align: center;\"><strong>186 pages<br \/>\nformat 160 x 240<br \/>\nprix public : 24 \u20ac<br \/>\nISBN : 2-84445-006-7<\/strong><\/p>\n<h3 style=\"text-align: center;\">COMMENT COMMANDER CE LIVRE ?<\/h3>\n<p><strong>Vous pouvez commander ce livre de trois mani\u00e8res :<\/strong><\/p>\n<ul>\n<li>soit par carte bancaire<\/li>\n<li>soit par virement bancaire<\/li>\n<li>soit par ch\u00e8que bancaire<\/li>\n<\/ul>\n<p>Veuillez suivre les indications pour chaque type de paiement.<\/p>\n<h3>Paiement par carte bancaire :<\/h3>\n<p>1- Ajouter ce livre \u00e0 votre panier (Bouton &#8220;Ajouter au Panier&#8221;).<br \/>\n2- Rendez vous sur la page de validation de commande (Bouton &#8220;Voir le panier&#8221; ou &#8220;Validation de la commande&#8221;).<br \/>\n3- S\u00e9lectionner l\u2019option de paiement par carte bancaire apr\u00e8s avoir entr\u00e9 vos informations de contact.<br \/>\n4- Vous serez guid\u00e9 \u00e0 travers un syst\u00e8me de paiement s\u00e9curis\u00e9 et automatique.<br \/>\n5- Les frais de port sont calcul\u00e9s automatiquement. <a href=\"https:\/\/sionneau.com\/boutique\/ tarifs-livraison\/\">Les tarifs sont expliqu\u00e9s en d\u00e9tail ici <\/a><br \/>\n6- Vous recevrez un email de confirmation de paiement ainsi que la facture. Le livre sera exp\u00e9di\u00e9 tr\u00e8s vite.<\/p>\n<p><script>\ndocument.write('<a class=\"storefront-sticky-add-to-cart__content-button button alt\" href=\"'); document.write((window.location.href).split(\"?\")[0]); document.write('?add-to-cart=143'); document.write('\"> Ajouter au panier <\/a>');\n<\/script> <a class=\"button checkout wc-forward\" href=\"https:\/\/sionneau.com\/boutique\/commande\/\">Validation de la commande<\/a><\/p>\n<h3>Paiement par virement bancaire<\/h3>\n<p>1- Ajouter ce livre \u00e0 votre panier (Bouton &#8220;Ajouter au Panier&#8221;).<br \/>\n2- Rendez vous sur la page de validation de commande (Bouton &#8220;Voir le panier&#8221; ou &#8220;Validation de la commande&#8221;).<br \/>\n3- S\u00e9lectionner l\u2019option de paiement par virement bancaire apr\u00e8s avoir entr\u00e9 vos informations de contact.<br \/>\n4- Les instructions de paiement vous seront communiqu\u00e9es au moment de l\u2019achat et par email.<br \/>\n5- Les frais de port sont calcul\u00e9s automatiquement. <a href=\"https:\/\/sionneau.com\/boutique\/ tarifs-livraison\/\">Les tarifs sont expliqu\u00e9s en d\u00e9tail ici <\/a><br \/>\n6- Les frais bancaires sont \u00e0 votre charge.<br \/>\n7- Lorsque votre virement bancaire sera re\u00e7u vous recevrez un email de confirmation de paiement avec la facture et le livre sera rapidement envoy\u00e9.<\/p>\n<p><script>\ndocument.write('<a class=\"storefront-sticky-add-to-cart__content-button button alt\" href=\"'); document.write((window.location.href).split(\"?\")[0]); document.write('?add-to-cart=143'); document.write('\"> Ajouter au panier <\/a>');\n<\/script> <a class=\"button checkout wc-forward\" href=\"https:\/\/sionneau.com\/boutique\/commande\/\">Validation de la commande<\/a><\/p>\n<h3>Paiement par ch\u00e8que bancaire\u00a0<strong><br \/>\n<\/strong><\/h3>\n<p>1- Ajouter ce livre \u00e0 votre panier (Bouton &#8220;Ajouter au Panier&#8221;).<br \/>\n2- Rendez vous sur la page de validation de commande (Bouton &#8220;Voir le panier&#8221; ou &#8220;Validation de la commande&#8221;).<br \/>\n3- S\u00e9lectionner l\u2019option de paiement par ch\u00e8que apr\u00e8s avoir entr\u00e9 vos informations de contact.<br \/>\n4- Les instructions de paiement vous seront communiqu\u00e9es au moment de l\u2019achat et par email.<br \/>\n5- Les frais de port sont calcul\u00e9s automatiquement. <a href=\"https:\/\/sionneau.com\/boutique\/ tarifs-livraison\/\">Les tarifs sont expliqu\u00e9s en d\u00e9tail ici <\/a><br \/>\n7- Lorsque votre ch\u00e8que sera re\u00e7u vous recevrez un email de confirmation de paiement avec la facture et le livre sera imm\u00e9diatement envoy\u00e9.<\/p>\n<p><script>\ndocument.write('<a class=\"storefront-sticky-add-to-cart__content-button button alt\" href=\"'); document.write((window.location.href).split(\"?\")[0]); document.write('?add-to-cart=143'); document.write('\"> Ajouter au panier <\/a>');\n<\/script> <a class=\"button checkout wc-forward\" href=\"https:\/\/sionneau.com\/boutique\/commande\/\">Validation de la commande<\/a><\/p>\n<h4><strong>Nos garanties :<\/strong><\/h4>\n<h5>a &#8211; Envoi de votre commande le plus rapidement possible<br \/>\nb &#8211; Colis livr\u00e9 \u00e0 domicile<br \/>\nc &#8211; Colis suivi et s\u00e9curis\u00e9<br \/>\nd &#8211; Bonne humeur et sourire garantis 100% fait maison<\/h5>\n<p>&nbsp;<\/p>\n","protected":false},"excerpt":{"rendered":"<h5><span style=\"color: #800000;\"> Le premier ouvrage, toutes langues occidentales confondues,<br \/>\n\u00e0 \u00eatre consacr\u00e9 exclusivement \u00e0 la d\u00e9pression mentale<br \/>\nselon la m\u00e9thodologie traditionnelle chinoise.<br \/>\nUne livre irrempla\u00e7able sur le sujet. <\/span><\/h5>\n","protected":false},"featured_media":103,"template":"","meta":[],"product_cat":[20],"product_tag":[],"yoast_head":"<!-- This site is optimized with the Yoast SEO plugin v20.5 - https:\/\/yoast.com\/wordpress\/plugins\/seo\/ -->\n<title>Comprendre et traiter la d\u00e9pression mentale en m\u00e9decine chinoise &#038; Acupuncture des troubles psychiques - Boutique de Sionneau.com<\/title>\n<meta name=\"robots\" content=\"index, follow, max-snippet:-1, max-image-preview:large, max-video-preview:-1\" \/>\n<link rel=\"canonical\" href=\"https:\/\/sionneau.com\/boutique\/medecine--chinoise\/comprendre-et-traiter-la-depression-mentale-en-medecine-chinoise-acupuncture-des-troubles-psychiques\/\" \/>\n<meta property=\"og:locale\" content=\"fr_FR\" \/>\n<meta property=\"og:type\" content=\"article\" \/>\n<meta property=\"og:title\" content=\"Comprendre et traiter la d\u00e9pression mentale en m\u00e9decine chinoise &#038; Acupuncture des troubles psychiques - Boutique de Sionneau.com\" \/>\n<meta property=\"og:description\" content=\"Le premier ouvrage, toutes langues occidentales confondues, \u00e0 \u00eatre consacr\u00e9 exclusivement \u00e0 la d\u00e9pression mentale selon la m\u00e9thodologie traditionnelle chinoise. Une livre irrempla\u00e7able sur le sujet.\" \/>\n<meta property=\"og:url\" content=\"https:\/\/sionneau.com\/boutique\/medecine--chinoise\/comprendre-et-traiter-la-depression-mentale-en-medecine-chinoise-acupuncture-des-troubles-psychiques\/\" \/>\n<meta property=\"og:site_name\" content=\"Boutique de Sionneau.com\" \/>\n<meta property=\"article:modified_time\" content=\"2025-12-22T15:29:06+00:00\" \/>\n<meta property=\"og:image\" content=\"https:\/\/sionneau.com\/boutique\/wp-content\/uploads\/2018\/12\/depnew1.jpg\" \/>\n\t<meta property=\"og:image:width\" content=\"355\" \/>\n\t<meta property=\"og:image:height\" content=\"531\" \/>\n\t<meta property=\"og:image:type\" content=\"image\/jpeg\" \/>\n<meta name=\"twitter:card\" content=\"summary_large_image\" \/>\n<meta name=\"twitter:label1\" content=\"Dur\u00e9e de lecture estim\u00e9e\" \/>\n\t<meta name=\"twitter:data1\" content=\"4 minutes\" \/>\n<script type=\"application\/ld+json\" class=\"yoast-schema-graph\">{\"@context\":\"https:\/\/schema.org\",\"@graph\":[{\"@type\":\"WebPage\",\"@id\":\"https:\/\/sionneau.com\/boutique\/medecine--chinoise\/comprendre-et-traiter-la-depression-mentale-en-medecine-chinoise-acupuncture-des-troubles-psychiques\/\",\"url\":\"https:\/\/sionneau.com\/boutique\/medecine--chinoise\/comprendre-et-traiter-la-depression-mentale-en-medecine-chinoise-acupuncture-des-troubles-psychiques\/\",\"name\":\"Comprendre et traiter la d\u00e9pression mentale en m\u00e9decine chinoise &#038; Acupuncture des troubles psychiques - Boutique de Sionneau.com\",\"isPartOf\":{\"@id\":\"https:\/\/sionneau.com\/boutique\/#website\"},\"datePublished\":\"2019-03-05T10:52:36+00:00\",\"dateModified\":\"2025-12-22T15:29:06+00:00\",\"breadcrumb\":{\"@id\":\"https:\/\/sionneau.com\/boutique\/medecine--chinoise\/comprendre-et-traiter-la-depression-mentale-en-medecine-chinoise-acupuncture-des-troubles-psychiques\/#breadcrumb\"},\"inLanguage\":\"fr-FR\",\"potentialAction\":[{\"@type\":\"ReadAction\",\"target\":[\"https:\/\/sionneau.com\/boutique\/medecine--chinoise\/comprendre-et-traiter-la-depression-mentale-en-medecine-chinoise-acupuncture-des-troubles-psychiques\/\"]}]},{\"@type\":\"BreadcrumbList\",\"@id\":\"https:\/\/sionneau.com\/boutique\/medecine--chinoise\/comprendre-et-traiter-la-depression-mentale-en-medecine-chinoise-acupuncture-des-troubles-psychiques\/#breadcrumb\",\"itemListElement\":[{\"@type\":\"ListItem\",\"position\":1,\"name\":\"Accueil\",\"item\":\"https:\/\/sionneau.com\/boutique\/\"},{\"@type\":\"ListItem\",\"position\":2,\"name\":\"Boutique\",\"item\":\"https:\/\/sionneau.com\/boutique\/\"},{\"@type\":\"ListItem\",\"position\":3,\"name\":\"Comprendre et traiter la d\u00e9pression mentale en m\u00e9decine chinoise &#038; Acupuncture des troubles psychiques\"}]},{\"@type\":\"WebSite\",\"@id\":\"https:\/\/sionneau.com\/boutique\/#website\",\"url\":\"https:\/\/sionneau.com\/boutique\/\",\"name\":\"Boutique de Sionneau.com\",\"description\":\"Authenticit\u00e9 &amp; professionnalisme\",\"publisher\":{\"@id\":\"https:\/\/sionneau.com\/boutique\/#organization\"},\"potentialAction\":[{\"@type\":\"SearchAction\",\"target\":{\"@type\":\"EntryPoint\",\"urlTemplate\":\"https:\/\/sionneau.com\/boutique\/?s={search_term_string}\"},\"query-input\":\"required name=search_term_string\"}],\"inLanguage\":\"fr-FR\"},{\"@type\":\"Organization\",\"@id\":\"https:\/\/sionneau.com\/boutique\/#organization\",\"name\":\"Philippe Sionneau\",\"url\":\"https:\/\/sionneau.com\/boutique\/\",\"logo\":{\"@type\":\"ImageObject\",\"inLanguage\":\"fr-FR\",\"@id\":\"https:\/\/sionneau.com\/boutique\/#\/schema\/logo\/image\/\",\"url\":\"https:\/\/sionneau.com\/boutique\/wp-content\/uploads\/2019\/03\/Sionneau-logo-1.png\",\"contentUrl\":\"https:\/\/sionneau.com\/boutique\/wp-content\/uploads\/2019\/03\/Sionneau-logo-1.png\",\"width\":600,\"height\":488,\"caption\":\"Philippe Sionneau\"},\"image\":{\"@id\":\"https:\/\/sionneau.com\/boutique\/#\/schema\/logo\/image\/\"}}]}<\/script>\n<!-- \/ Yoast SEO plugin. -->","yoast_head_json":{"title":"Comprendre et traiter la d\u00e9pression mentale en m\u00e9decine chinoise &#038; Acupuncture des troubles psychiques - Boutique de Sionneau.com","robots":{"index":"index","follow":"follow","max-snippet":"max-snippet:-1","max-image-preview":"max-image-preview:large","max-video-preview":"max-video-preview:-1"},"canonical":"https:\/\/sionneau.com\/boutique\/medecine--chinoise\/comprendre-et-traiter-la-depression-mentale-en-medecine-chinoise-acupuncture-des-troubles-psychiques\/","og_locale":"fr_FR","og_type":"article","og_title":"Comprendre et traiter la d\u00e9pression mentale en m\u00e9decine chinoise &#038; Acupuncture des troubles psychiques - Boutique de Sionneau.com","og_description":"Le premier ouvrage, toutes langues occidentales confondues, \u00e0 \u00eatre consacr\u00e9 exclusivement \u00e0 la d\u00e9pression mentale selon la m\u00e9thodologie traditionnelle chinoise. Une livre irrempla\u00e7able sur le sujet.","og_url":"https:\/\/sionneau.com\/boutique\/medecine--chinoise\/comprendre-et-traiter-la-depression-mentale-en-medecine-chinoise-acupuncture-des-troubles-psychiques\/","og_site_name":"Boutique de Sionneau.com","article_modified_time":"2025-12-22T15:29:06+00:00","og_image":[{"width":355,"height":531,"url":"https:\/\/sionneau.com\/boutique\/wp-content\/uploads\/2018\/12\/depnew1.jpg","type":"image\/jpeg"}],"twitter_card":"summary_large_image","twitter_misc":{"Dur\u00e9e de lecture estim\u00e9e":"4 minutes"},"schema":{"@context":"https:\/\/schema.org","@graph":[{"@type":"WebPage","@id":"https:\/\/sionneau.com\/boutique\/medecine--chinoise\/comprendre-et-traiter-la-depression-mentale-en-medecine-chinoise-acupuncture-des-troubles-psychiques\/","url":"https:\/\/sionneau.com\/boutique\/medecine--chinoise\/comprendre-et-traiter-la-depression-mentale-en-medecine-chinoise-acupuncture-des-troubles-psychiques\/","name":"Comprendre et traiter la d\u00e9pression mentale en m\u00e9decine chinoise &#038; Acupuncture des troubles psychiques - Boutique de Sionneau.com","isPartOf":{"@id":"https:\/\/sionneau.com\/boutique\/#website"},"datePublished":"2019-03-05T10:52:36+00:00","dateModified":"2025-12-22T15:29:06+00:00","breadcrumb":{"@id":"https:\/\/sionneau.com\/boutique\/medecine--chinoise\/comprendre-et-traiter-la-depression-mentale-en-medecine-chinoise-acupuncture-des-troubles-psychiques\/#breadcrumb"},"inLanguage":"fr-FR","potentialAction":[{"@type":"ReadAction","target":["https:\/\/sionneau.com\/boutique\/medecine--chinoise\/comprendre-et-traiter-la-depression-mentale-en-medecine-chinoise-acupuncture-des-troubles-psychiques\/"]}]},{"@type":"BreadcrumbList","@id":"https:\/\/sionneau.com\/boutique\/medecine--chinoise\/comprendre-et-traiter-la-depression-mentale-en-medecine-chinoise-acupuncture-des-troubles-psychiques\/#breadcrumb","itemListElement":[{"@type":"ListItem","position":1,"name":"Accueil","item":"https:\/\/sionneau.com\/boutique\/"},{"@type":"ListItem","position":2,"name":"Boutique","item":"https:\/\/sionneau.com\/boutique\/"},{"@type":"ListItem","position":3,"name":"Comprendre et traiter la d\u00e9pression mentale en m\u00e9decine chinoise &#038; Acupuncture des troubles psychiques"}]},{"@type":"WebSite","@id":"https:\/\/sionneau.com\/boutique\/#website","url":"https:\/\/sionneau.com\/boutique\/","name":"Boutique de Sionneau.com","description":"Authenticit\u00e9 &amp; professionnalisme","publisher":{"@id":"https:\/\/sionneau.com\/boutique\/#organization"},"potentialAction":[{"@type":"SearchAction","target":{"@type":"EntryPoint","urlTemplate":"https:\/\/sionneau.com\/boutique\/?s={search_term_string}"},"query-input":"required name=search_term_string"}],"inLanguage":"fr-FR"},{"@type":"Organization","@id":"https:\/\/sionneau.com\/boutique\/#organization","name":"Philippe Sionneau","url":"https:\/\/sionneau.com\/boutique\/","logo":{"@type":"ImageObject","inLanguage":"fr-FR","@id":"https:\/\/sionneau.com\/boutique\/#\/schema\/logo\/image\/","url":"https:\/\/sionneau.com\/boutique\/wp-content\/uploads\/2019\/03\/Sionneau-logo-1.png","contentUrl":"https:\/\/sionneau.com\/boutique\/wp-content\/uploads\/2019\/03\/Sionneau-logo-1.png","width":600,"height":488,"caption":"Philippe Sionneau"},"image":{"@id":"https:\/\/sionneau.com\/boutique\/#\/schema\/logo\/image\/"}}]}},"_links":{"self":[{"href":"https:\/\/sionneau.com\/boutique\/wp-json\/wp\/v3\/product\/143"}],"collection":[{"href":"https:\/\/sionneau.com\/boutique\/wp-json\/wp\/v3\/product"}],"about":[{"href":"https:\/\/sionneau.com\/boutique\/wp-json\/wp\/v2\/types\/product"}],"wp:featuredmedia":[{"embeddable":true,"href":"https:\/\/sionneau.com\/boutique\/wp-json\/wp\/v2\/media\/103"}],"wp:attachment":[{"href":"https:\/\/sionneau.com\/boutique\/wp-json\/wp\/v2\/media?parent=143"}],"wp:term":[{"taxonomy":"product_cat","embeddable":true,"href":"https:\/\/sionneau.com\/boutique\/wp-json\/wp\/v2\/product_cat?post=143"},{"taxonomy":"product_tag","embeddable":true,"href":"https:\/\/sionneau.com\/boutique\/wp-json\/wp\/v2\/product_tag?post=143"}],"curies":[{"name":"wp","href":"https:\/\/api.w.org\/{rel}","templated":true}]}}