{"id":142,"date":"2019-03-05T11:51:42","date_gmt":"2019-03-05T10:51:42","guid":{"rendered":"https:\/\/sionneau.com\/boutique\/?post_type=product&#038;p=142"},"modified":"2020-03-03T11:15:17","modified_gmt":"2020-03-03T10:15:17","slug":"troubles-psychiques-en-medecine-chinoise","status":"publish","type":"product","link":"https:\/\/sionneau.com\/boutique\/medecine--chinoise\/troubles-psychiques-en-medecine-chinoise\/","title":{"rendered":"Troubles psychiques en m\u00e9decine chinoise"},"content":{"rendered":"<p>Il s\u2019agit du seul ouvrage en langue fran\u00e7aise sp\u00e9cialement consacr\u00e9 aux troubles psychologiques et psychiatriques d\u2019apr\u00e8s la m\u00e9decine chinoise. Th\u00e9orique et pratique, il offre une synth\u00e8se compl\u00e8te d\u2019un sujet qui concerne beaucoup de patients. Pens\u00e9e, m\u00e9decine, acupuncture et phytoth\u00e9rapie chinoises sont \u00e0 l\u2019honneur\u2026 A d\u00e9couvrir !<\/p>\n<div>Dans la lign\u00e9e de ses pr\u00e9c\u00e9dents travaux, Philippe Sionneau nous offre une passionnante \u00e9tude sur la conception du psychisme selon la m\u00e9decine chinoise et les solutions th\u00e9rapeutiques qui s&#8217;y rapportent.<\/p>\n<p>Cet ouvrage propose :<\/p>\n<ul>\n<li>Une synth\u00e8se claire, concise et coh\u00e9rente avec de nombreuses informations in\u00e9dites sur les diff\u00e9rents aspects du psychisme selon la tradition chinoise : les Trois Tr\u00e9sors (Jing-Principe Vital, Qi-Energie, Shen-Conscience Organisatrice), les cinq esprits (Shen, Hun, Po, Yi, Zhi), les esprits d\u00e9moniaques (Gui), les cinq \u00e9motions et les sept sentiments, les r\u00eaves, la conception chinoise de la gu\u00e9rison, de la mort&#8230;<\/li>\n<li>Une pr\u00e9sentation pr\u00e9cise d&#8217;une trentaine de troubles psychologiques, psychiatriques ou neurologiques selon la m\u00e9thodologie de la M\u00e9decine Traditionnelle Chinoise.<\/li>\n<li>Des solutions th\u00e9rapeutiques concr\u00e8tes en acupuncture et en pharmacop\u00e9e en droite ligne avec la tradition chinoise.<\/li>\n<li>Des annexes captivantes : le point de vue contemporain des praticiens chinois, les substances m\u00e9dicinales pr\u00e9par\u00e9es&#8230;<\/li>\n<li>Une pr\u00e9face de Bob Flaws, l&#8217;un des auteurs les plus c\u00e9l\u00e8bres dans le cercle de la m\u00e9decine chinoise en occident.<\/li>\n<\/ul>\n<h4>Extrait de la table des mati\u00e8res :<\/h4>\n<ul>\n<li>El\u00e9ments th\u00e9oriques<\/li>\n<li>Les Trois Tr\u00e9sors 21<\/li>\n<li>Les cinq Esprits 45<\/li>\n<li>Les cinq \u00e9motions et les sept sentiments 67<\/li>\n<li>Les r\u00eaves 87<\/li>\n<\/ul>\n<h4><strong>Diagnostic et traitements des troubles psychiques<\/strong><\/h4>\n<ul>\n<li>Tendance \u00e0 \u00eatre en col\u00e8re 99<\/li>\n<li>Tendance \u00e0 \u00eatre exag\u00e9r\u00e9ment joyeux et \u00e0 rire excessivement 105<\/li>\n<li>Tendance \u00e0 \u00eatre anxieux 111<\/li>\n<li>Tendance \u00e0 \u00eatre triste 115<\/li>\n<li>Tendance \u00e0 avoir peur 120<\/li>\n<li>Tendance \u00e0 \u00eatre effray\u00e9 124<\/li>\n<li>Syndrome d\u00e9pressif 131<\/li>\n<li>Dysphorie &#8211; agitation 142<\/li>\n<li>Tendance \u00e0 \u00eatre facilement r\u00e9veill\u00e9 152<\/li>\n<li>Insomnie 157<\/li>\n<li>Somnolence \/ hypersomnie 170<\/li>\n<li>R\u00eaves abondants perturbant le sommeil 176<\/li>\n<li>Cauchemars 182<\/li>\n<li>R\u00eaves \u00e9rotiques 189<\/li>\n<li>R\u00eaves de chute 196<\/li>\n<li>R\u00eaves de vol 199<\/li>\n<li>Somnambulisme 203<\/li>\n<li>Somniloquisme 209<\/li>\n<li>Soupirs fr\u00e9quents 213<\/li>\n<li>Tics 216<\/li>\n<li>Pertes de m\u00e9moire \/ amn\u00e9sie 222<\/li>\n<li>Anorexie 231<\/li>\n<li>Boulimie 239<\/li>\n<li>Epilepsie 243<\/li>\n<li>Discours incoh\u00e9rent 254<\/li>\n<li>Psychose d\u00e9pressive 260<\/li>\n<li>Psychose \/ manie 265<\/li>\n<li>Hyst\u00e9rie 273<\/li>\n<li>Baisse des facult\u00e9s intellectuelles 281<\/li>\n<li>Maladie du bulbe de lis 288<\/li>\n<li>Syndrome du noyau de prune 293<\/li>\n<li>Annexes<\/li>\n<li>Les prescriptions modernes des troubles psychiques 305<\/li>\n<li>Prescrire les substances m\u00e9dicinales chinoises pr\u00e9par\u00e9es, pourquoi ? 323<\/li>\n<\/ul>\n<h5 style=\"text-align: center;\"><strong>Un des tr\u00e8s rares ouvrages consacr\u00e9s sp\u00e9cialement<br \/>\net de mani\u00e8re pratique aux d\u00e9sordres psychologiques,<br \/>\nselon la m\u00e9decine chinoise<\/strong><\/h5>\n<h5 style=\"text-align: center;\"><strong>Un livre fondamental dans son domaine<\/strong><\/h5>\n<p style=\"text-align: center;\"><strong>356 pages<br \/>\nformat 160 x 240<br \/>\nprix public : 29,90 \u20ac<br \/>\nISBN : <\/strong><strong>978-2-8132-0558-2<\/strong><\/p>\n<h3 style=\"text-align: center;\">COMMENT COMMANDER CE LIVRE ?<\/h3>\n<p><strong>Vous pouvez commander ce livre de trois mani\u00e8res :<\/strong><\/p>\n<ul>\n<li>soit par carte bancaire<\/li>\n<li>soit par virement bancaire<\/li>\n<li>soit par ch\u00e8que bancaire<\/li>\n<\/ul>\n<p>Veuillez suivre les indications pour chaque type de paiement.<\/p>\n<h3>Paiement par carte bancaire :<\/h3>\n<p>1- Ajouter ce livre \u00e0 votre panier (Bouton &#8220;Ajouter au Panier&#8221;).<br \/>\n2- Rendez vous sur la page de validation de commande (Bouton &#8220;Voir le panier&#8221; ou &#8220;Validation de la commande&#8221;).<br \/>\n3- S\u00e9lectionner l\u2019option de paiement par carte bancaire apr\u00e8s avoir entr\u00e9 vos informations de contact.<br \/>\n4- Vous serez guid\u00e9 \u00e0 travers un syst\u00e8me de paiement s\u00e9curis\u00e9 et automatique.<br \/>\n5- Les frais de port sont calcul\u00e9s automatiquement. <a href=\"https:\/\/sionneau.com\/boutique\/ tarifs-livraison\/\">Les tarifs sont expliqu\u00e9s en d\u00e9tail ici <\/a><br \/>\n6- Vous recevrez un email de confirmation de paiement ainsi que la facture. Le livre sera exp\u00e9di\u00e9 tr\u00e8s vite.<\/p>\n<p><script>\ndocument.write('<a class=\"storefront-sticky-add-to-cart__content-button button alt\" href=\"');\ndocument.write((window.location.href).split(\"?\")[0]);\ndocument.write('?add-to-cart=142');\ndocument.write('\"> Ajouter au panier <\/a>');\n<\/script> <a class=\"button checkout wc-forward\" href=\"https:\/\/sionneau.com\/boutique\/commande\/\">Validation de la commande<\/a><\/p>\n<h3>Paiement par virement bancaire<\/h3>\n<p>1- Ajouter ce livre \u00e0 votre panier (Bouton &#8220;Ajouter au Panier&#8221;).<br \/>\n2- Rendez vous sur la page de validation de commande (Bouton &#8220;Voir le panier&#8221; ou &#8220;Validation de la commande&#8221;).<br \/>\n3- S\u00e9lectionner l\u2019option de paiement par virement bancaire apr\u00e8s avoir entr\u00e9 vos informations de contact.<br \/>\n4- Les instructions de paiement vous seront communiqu\u00e9es au moment de l\u2019achat et par email.<br \/>\n5- Les frais de port sont calcul\u00e9s automatiquement. <a href=\"https:\/\/sionneau.com\/boutique\/ tarifs-livraison\/\">Les tarifs sont expliqu\u00e9s en d\u00e9tail ici <\/a><br \/>\n6- Les frais bancaires sont \u00e0 votre charge.<br \/>\n7- Lorsque votre virement bancaire sera re\u00e7u vous recevrez un email de confirmation de paiement avec la facture et le livre sera rapidement envoy\u00e9.<\/p>\n<p><script>\ndocument.write('<a class=\"storefront-sticky-add-to-cart__content-button button alt\" href=\"');\ndocument.write((window.location.href).split(\"?\")[0]);\ndocument.write('?add-to-cart=142');\ndocument.write('\"> Ajouter au panier <\/a>');\n<\/script> <a class=\"button checkout wc-forward\" href=\"https:\/\/sionneau.com\/boutique\/commande\/\">Validation de la commande<\/a><\/p>\n<h3>Paiement par ch\u00e8que bancaire\u00a0<strong><br \/>\n<\/strong><\/h3>\n<p>1- Ajouter ce livre \u00e0 votre panier (Bouton &#8220;Ajouter au Panier&#8221;).<br \/>\n2- Rendez vous sur la page de validation de commande (Bouton &#8220;Voir le panier&#8221; ou &#8220;Validation de la commande&#8221;).<br \/>\n3- S\u00e9lectionner l\u2019option de paiement par ch\u00e8que apr\u00e8s avoir entr\u00e9 vos informations de contact.<br \/>\n4- Les instructions de paiement vous seront communiqu\u00e9es au moment de l\u2019achat et par email.<br \/>\n5- Les frais de port sont calcul\u00e9s automatiquement. <a href=\"https:\/\/sionneau.com\/boutique\/ tarifs-livraison\/\">Les tarifs sont expliqu\u00e9s en d\u00e9tail ici <\/a><br \/>\n7- Lorsque votre ch\u00e8que sera re\u00e7u vous recevrez un email de confirmation de paiement avec la facture et le livre sera imm\u00e9diatement envoy\u00e9.<\/p>\n<p><script>\ndocument.write('<a class=\"storefront-sticky-add-to-cart__content-button button alt\" href=\"');\ndocument.write((window.location.href).split(\"?\")[0]);\ndocument.write('?add-to-cart=142');\ndocument.write('\"> Ajouter au panier <\/a>');\n<\/script> <a class=\"button checkout wc-forward\" href=\"https:\/\/sionneau.com\/boutique\/commande\/\">Validation de la commande<\/a><\/p>\n<h4><strong>Nos garanties :<\/strong><\/h4>\n<h5>a &#8211; Envoi de votre commande le plus rapidement possible<br \/>\nb &#8211; Colis livr\u00e9 \u00e0 domicile<br \/>\nc &#8211; Colis suivi et s\u00e9curis\u00e9<br \/>\nd &#8211; Bonne humeur et sourire garantis 100% fait maison<\/h5>\n<p>&nbsp;<\/p>\n","protected":false},"excerpt":{"rendered":"<h5><span style=\"color: #800000;\"> Un des tr\u00e8s rares ouvrages consacr\u00e9s sp\u00e9cialement<br \/>\net de mani\u00e8re pratique aux d\u00e9sordres psychologiques,<br \/>\nselon la m\u00e9decine chinoise<br \/>\nUn livre fondamental dans son domaine <\/span><\/h5>\n","protected":false},"featured_media":104,"template":"","meta":[],"product_cat":[20],"product_tag":[],"yoast_head":"<!-- This site is optimized with the Yoast SEO plugin v20.5 - https:\/\/yoast.com\/wordpress\/plugins\/seo\/ -->\n<title>Troubles psychiques en m\u00e9decine chinoise - Boutique de Sionneau.com<\/title>\n<meta name=\"robots\" content=\"index, follow, max-snippet:-1, max-image-preview:large, max-video-preview:-1\" \/>\n<link rel=\"canonical\" href=\"https:\/\/sionneau.com\/boutique\/medecine--chinoise\/troubles-psychiques-en-medecine-chinoise\/\" \/>\n<meta property=\"og:locale\" content=\"fr_FR\" \/>\n<meta property=\"og:type\" content=\"article\" \/>\n<meta property=\"og:title\" content=\"Troubles psychiques en m\u00e9decine chinoise - Boutique de Sionneau.com\" \/>\n<meta property=\"og:description\" content=\"Un des tr\u00e8s rares ouvrages consacr\u00e9s sp\u00e9cialement et de mani\u00e8re pratique aux d\u00e9sordres psychologiques, selon la m\u00e9decine chinoise Un livre fondamental dans son domaine\" \/>\n<meta property=\"og:url\" content=\"https:\/\/sionneau.com\/boutique\/medecine--chinoise\/troubles-psychiques-en-medecine-chinoise\/\" \/>\n<meta property=\"og:site_name\" content=\"Boutique de Sionneau.com\" \/>\n<meta property=\"article:modified_time\" content=\"2020-03-03T10:15:17+00:00\" \/>\n<meta property=\"og:image\" content=\"https:\/\/sionneau.com\/boutique\/wp-content\/uploads\/2018\/12\/troubles_psychiques_2.jpg\" \/>\n\t<meta property=\"og:image:width\" content=\"1888\" \/>\n\t<meta property=\"og:image:height\" content=\"2837\" \/>\n\t<meta property=\"og:image:type\" content=\"image\/jpeg\" \/>\n<meta name=\"twitter:card\" content=\"summary_large_image\" \/>\n<meta name=\"twitter:label1\" content=\"Dur\u00e9e de lecture estim\u00e9e\" \/>\n\t<meta name=\"twitter:data1\" content=\"4 minutes\" \/>\n<script type=\"application\/ld+json\" class=\"yoast-schema-graph\">{\"@context\":\"https:\/\/schema.org\",\"@graph\":[{\"@type\":\"WebPage\",\"@id\":\"https:\/\/sionneau.com\/boutique\/medecine--chinoise\/troubles-psychiques-en-medecine-chinoise\/\",\"url\":\"https:\/\/sionneau.com\/boutique\/medecine--chinoise\/troubles-psychiques-en-medecine-chinoise\/\",\"name\":\"Troubles psychiques en m\u00e9decine chinoise - Boutique de Sionneau.com\",\"isPartOf\":{\"@id\":\"https:\/\/sionneau.com\/boutique\/#website\"},\"datePublished\":\"2019-03-05T10:51:42+00:00\",\"dateModified\":\"2020-03-03T10:15:17+00:00\",\"breadcrumb\":{\"@id\":\"https:\/\/sionneau.com\/boutique\/medecine--chinoise\/troubles-psychiques-en-medecine-chinoise\/#breadcrumb\"},\"inLanguage\":\"fr-FR\",\"potentialAction\":[{\"@type\":\"ReadAction\",\"target\":[\"https:\/\/sionneau.com\/boutique\/medecine--chinoise\/troubles-psychiques-en-medecine-chinoise\/\"]}]},{\"@type\":\"BreadcrumbList\",\"@id\":\"https:\/\/sionneau.com\/boutique\/medecine--chinoise\/troubles-psychiques-en-medecine-chinoise\/#breadcrumb\",\"itemListElement\":[{\"@type\":\"ListItem\",\"position\":1,\"name\":\"Accueil\",\"item\":\"https:\/\/sionneau.com\/boutique\/\"},{\"@type\":\"ListItem\",\"position\":2,\"name\":\"Boutique\",\"item\":\"https:\/\/sionneau.com\/boutique\/\"},{\"@type\":\"ListItem\",\"position\":3,\"name\":\"Troubles psychiques en m\u00e9decine chinoise\"}]},{\"@type\":\"WebSite\",\"@id\":\"https:\/\/sionneau.com\/boutique\/#website\",\"url\":\"https:\/\/sionneau.com\/boutique\/\",\"name\":\"Boutique de Sionneau.com\",\"description\":\"Authenticit\u00e9 &amp; professionnalisme\",\"publisher\":{\"@id\":\"https:\/\/sionneau.com\/boutique\/#organization\"},\"potentialAction\":[{\"@type\":\"SearchAction\",\"target\":{\"@type\":\"EntryPoint\",\"urlTemplate\":\"https:\/\/sionneau.com\/boutique\/?s={search_term_string}\"},\"query-input\":\"required name=search_term_string\"}],\"inLanguage\":\"fr-FR\"},{\"@type\":\"Organization\",\"@id\":\"https:\/\/sionneau.com\/boutique\/#organization\",\"name\":\"Philippe Sionneau\",\"url\":\"https:\/\/sionneau.com\/boutique\/\",\"logo\":{\"@type\":\"ImageObject\",\"inLanguage\":\"fr-FR\",\"@id\":\"https:\/\/sionneau.com\/boutique\/#\/schema\/logo\/image\/\",\"url\":\"https:\/\/sionneau.com\/boutique\/wp-content\/uploads\/2019\/03\/Sionneau-logo-1.png\",\"contentUrl\":\"https:\/\/sionneau.com\/boutique\/wp-content\/uploads\/2019\/03\/Sionneau-logo-1.png\",\"width\":600,\"height\":488,\"caption\":\"Philippe Sionneau\"},\"image\":{\"@id\":\"https:\/\/sionneau.com\/boutique\/#\/schema\/logo\/image\/\"}}]}<\/script>\n<!-- \/ Yoast SEO plugin. -->","yoast_head_json":{"title":"Troubles psychiques en m\u00e9decine chinoise - Boutique de Sionneau.com","robots":{"index":"index","follow":"follow","max-snippet":"max-snippet:-1","max-image-preview":"max-image-preview:large","max-video-preview":"max-video-preview:-1"},"canonical":"https:\/\/sionneau.com\/boutique\/medecine--chinoise\/troubles-psychiques-en-medecine-chinoise\/","og_locale":"fr_FR","og_type":"article","og_title":"Troubles psychiques en m\u00e9decine chinoise - Boutique de Sionneau.com","og_description":"Un des tr\u00e8s rares ouvrages consacr\u00e9s sp\u00e9cialement et de mani\u00e8re pratique aux d\u00e9sordres psychologiques, selon la m\u00e9decine chinoise Un livre fondamental dans son domaine","og_url":"https:\/\/sionneau.com\/boutique\/medecine--chinoise\/troubles-psychiques-en-medecine-chinoise\/","og_site_name":"Boutique de Sionneau.com","article_modified_time":"2020-03-03T10:15:17+00:00","og_image":[{"width":1888,"height":2837,"url":"https:\/\/sionneau.com\/boutique\/wp-content\/uploads\/2018\/12\/troubles_psychiques_2.jpg","type":"image\/jpeg"}],"twitter_card":"summary_large_image","twitter_misc":{"Dur\u00e9e de lecture estim\u00e9e":"4 minutes"},"schema":{"@context":"https:\/\/schema.org","@graph":[{"@type":"WebPage","@id":"https:\/\/sionneau.com\/boutique\/medecine--chinoise\/troubles-psychiques-en-medecine-chinoise\/","url":"https:\/\/sionneau.com\/boutique\/medecine--chinoise\/troubles-psychiques-en-medecine-chinoise\/","name":"Troubles psychiques en m\u00e9decine chinoise - Boutique de Sionneau.com","isPartOf":{"@id":"https:\/\/sionneau.com\/boutique\/#website"},"datePublished":"2019-03-05T10:51:42+00:00","dateModified":"2020-03-03T10:15:17+00:00","breadcrumb":{"@id":"https:\/\/sionneau.com\/boutique\/medecine--chinoise\/troubles-psychiques-en-medecine-chinoise\/#breadcrumb"},"inLanguage":"fr-FR","potentialAction":[{"@type":"ReadAction","target":["https:\/\/sionneau.com\/boutique\/medecine--chinoise\/troubles-psychiques-en-medecine-chinoise\/"]}]},{"@type":"BreadcrumbList","@id":"https:\/\/sionneau.com\/boutique\/medecine--chinoise\/troubles-psychiques-en-medecine-chinoise\/#breadcrumb","itemListElement":[{"@type":"ListItem","position":1,"name":"Accueil","item":"https:\/\/sionneau.com\/boutique\/"},{"@type":"ListItem","position":2,"name":"Boutique","item":"https:\/\/sionneau.com\/boutique\/"},{"@type":"ListItem","position":3,"name":"Troubles psychiques en m\u00e9decine chinoise"}]},{"@type":"WebSite","@id":"https:\/\/sionneau.com\/boutique\/#website","url":"https:\/\/sionneau.com\/boutique\/","name":"Boutique de Sionneau.com","description":"Authenticit\u00e9 &amp; professionnalisme","publisher":{"@id":"https:\/\/sionneau.com\/boutique\/#organization"},"potentialAction":[{"@type":"SearchAction","target":{"@type":"EntryPoint","urlTemplate":"https:\/\/sionneau.com\/boutique\/?s={search_term_string}"},"query-input":"required name=search_term_string"}],"inLanguage":"fr-FR"},{"@type":"Organization","@id":"https:\/\/sionneau.com\/boutique\/#organization","name":"Philippe Sionneau","url":"https:\/\/sionneau.com\/boutique\/","logo":{"@type":"ImageObject","inLanguage":"fr-FR","@id":"https:\/\/sionneau.com\/boutique\/#\/schema\/logo\/image\/","url":"https:\/\/sionneau.com\/boutique\/wp-content\/uploads\/2019\/03\/Sionneau-logo-1.png","contentUrl":"https:\/\/sionneau.com\/boutique\/wp-content\/uploads\/2019\/03\/Sionneau-logo-1.png","width":600,"height":488,"caption":"Philippe Sionneau"},"image":{"@id":"https:\/\/sionneau.com\/boutique\/#\/schema\/logo\/image\/"}}]}},"_links":{"self":[{"href":"https:\/\/sionneau.com\/boutique\/wp-json\/wp\/v3\/product\/142"}],"collection":[{"href":"https:\/\/sionneau.com\/boutique\/wp-json\/wp\/v3\/product"}],"about":[{"href":"https:\/\/sionneau.com\/boutique\/wp-json\/wp\/v2\/types\/product"}],"wp:featuredmedia":[{"embeddable":true,"href":"https:\/\/sionneau.com\/boutique\/wp-json\/wp\/v2\/media\/104"}],"wp:attachment":[{"href":"https:\/\/sionneau.com\/boutique\/wp-json\/wp\/v2\/media?parent=142"}],"wp:term":[{"taxonomy":"product_cat","embeddable":true,"href":"https:\/\/sionneau.com\/boutique\/wp-json\/wp\/v2\/product_cat?post=142"},{"taxonomy":"product_tag","embeddable":true,"href":"https:\/\/sionneau.com\/boutique\/wp-json\/wp\/v2\/product_tag?post=142"}],"curies":[{"name":"wp","href":"https:\/\/api.w.org\/{rel}","templated":true}]}}