{"id":141,"date":"2019-03-05T11:50:45","date_gmt":"2019-03-05T10:50:45","guid":{"rendered":"https:\/\/sionneau.com\/boutique\/?post_type=product&#038;p=141"},"modified":"2020-03-03T11:15:56","modified_gmt":"2020-03-03T10:15:56","slug":"la-phytotherapie-chinoise-moderne","status":"publish","type":"product","link":"https:\/\/sionneau.com\/boutique\/medecine--chinoise\/la-phytotherapie-chinoise-moderne\/","title":{"rendered":"La phytoth\u00e9rapie chinoise moderne"},"content":{"rendered":"<p>Ce trait\u00e9 de phytoth\u00e9rapie chinoise moderne est fond\u00e9 sur l\u2019exp\u00e9rience clinique des meilleurs m\u00e9decins chinois de notre \u00e9poque. Plus qu\u2019un simple formulaire, cet ouvrage est un cours magistral sur l\u2019application des grands principes traditionnels dans l\u2019optique de la pratique actuelle. Il apporte notamment de nombreuses informations in\u00e9dites et concr\u00e8tes sur plus de quatre vingt maladies difficiles \u00e0 traiter comme par exemple : arthrose cervicale, acn\u00e9, an\u00e9mie, ad\u00e9nome de la prostate, cataracte, colopathie fonctionnelle, dysm\u00e9norrh\u00e9e, ecz\u00e9ma, fibrome ut\u00e9rin, kyste du sein, glaucome, h\u00e9patite chronique, hypercholest\u00e9rol\u00e9mie, H.T.A., leucop\u00e9nie, m\u00e9nopause, nodule thyro\u00efdien, ost\u00e9ophyte, psoriasis, st\u00e9rilit\u00e9, verrue, zona, sinusite chronique, diab\u00e8te, migraine, etc. Preuve que la m\u00e9decine chinoise, bien qu\u2019ancestrale, est aussi une m\u00e9decine de pointe, voici plus de 200 formules contemporaines dont la caract\u00e9ristique commune est l\u2019efficacit\u00e9.<\/p>\n<p>De plus, pour la premi\u00e8re fois en Occident, sont pr\u00e9sent\u00e9es de mani\u00e8re \u00e9tendue les applications des substances m\u00e9dicinales chinoises selon les recherches pharmacologiques modernes. Ainsi, par exemple, sont pr\u00e9sent\u00e9es les substances m\u00e9dicinales antivirales, hypoglyc\u00e9miantes, hypolipid\u00e9miantes &amp; antiath\u00e9rog\u00e8nes, r\u00e9gulatrices des transaminases et des gamma GT, analg\u00e9siques, s\u00e9datives, qui r\u00e9duisent l\u2019albumine, qui agissent sur la spermatogen\u00e8se, qui stimulent la production des globules rouges ou blancs, qui stimulent l\u2019immunit\u00e9 cellulaire ou humorale, les hypothenseurs, et de tr\u00e8s nombreux autres aspects (plus de 120 au total !).<\/p>\n<h4>Plus de d\u00e9tails sur le contenu :<\/h4>\n<p>L&#8217;introduction + L&#8217;index des maladies et des sympt\u00f4mes + Listes des formules modernes + la table des mati\u00e8res : <a href=\"https:\/\/sionneau.com\/files\/phytomod2.pdf\" target=\"_blank\" rel=\"noopener noreferrer\">cliquez ici (fichier pdf : n\u00e9cessite Adobe Reader)<\/a><\/p>\n<p>Les formules modernes dans la rubrique &#8220;Articles&#8221; sont tir\u00e9es de cet ouvrage : <a href=\"https:\/\/sionneau.com\/medecine-chinoise\/articles\">cliquez ici pour d\u00e9couvrir les articles<\/a><\/p>\n<h5 style=\"text-align: center;\"><strong>Un livre d\u2019une richesse exceptionnelle<br \/>\nL\u2019\u00e9tonnante \u00e9tendue des possibilit\u00e9s de la m\u00e9decine chinoise<br \/>\nUtile autant pour le phytoth\u00e9rapeute que pour l\u2019acupuncteur<\/strong><\/h5>\n<p style=\"text-align: center;\"><strong>500 pages<br \/>\nformat 160 x 240<br \/>\nprix public : 33,50 \u20ac<\/strong><br \/>\n<strong>ISBN : 2-84445-274-4<\/strong><\/p>\n<h3 style=\"text-align: center;\">COMMENT COMMANDER CE LIVRE ?<\/h3>\n<p><strong>Vous pouvez commander ce livre de trois mani\u00e8res :<\/strong><\/p>\n<ul>\n<li>soit par carte bancaire<\/li>\n<li>soit par virement bancaire<\/li>\n<li>soit par ch\u00e8que bancaire<\/li>\n<\/ul>\n<p>Veuillez suivre les indications pour chaque type de paiement.<\/p>\n<h3>Paiement par carte bancaire :<\/h3>\n<p>1- Ajouter ce livre \u00e0 votre panier (Bouton &#8220;Ajouter au Panier&#8221;).<br \/>\n2- Rendez vous sur la page de validation de commande (Bouton &#8220;Voir le panier&#8221; ou &#8220;Validation de la commande&#8221;).<br \/>\n3- S\u00e9lectionner l\u2019option de paiement par carte bancaire apr\u00e8s avoir entr\u00e9 vos informations de contact.<br \/>\n4- Vous serez guid\u00e9 \u00e0 travers un syst\u00e8me de paiement s\u00e9curis\u00e9 et automatique.<br \/>\n5- Les frais de port sont calcul\u00e9s automatiquement. <a href=\"https:\/\/sionneau.com\/boutique\/ tarifs-livraison\/\">Les tarifs sont expliqu\u00e9s en d\u00e9tail ici <\/a><br \/>\n6- Vous recevrez un email de confirmation de paiement ainsi que la facture. Le livre sera exp\u00e9di\u00e9 tr\u00e8s vite.<\/p>\n<p><script>\ndocument.write('<a class=\"storefront-sticky-add-to-cart__content-button button alt\" href=\"');\ndocument.write((window.location.href).split(\"?\")[0]);\ndocument.write('?add-to-cart=141');\ndocument.write('\"> Ajouter au panier <\/a>');\n<\/script> <a class=\"button checkout wc-forward\" href=\"https:\/\/sionneau.com\/boutique\/commande\/\">Validation de la commande<\/a><\/p>\n<h3>Paiement par virement bancaire<\/h3>\n<p>1- Ajouter ce livre \u00e0 votre panier (Bouton &#8220;Ajouter au Panier&#8221;).<br \/>\n2- Rendez vous sur la page de validation de commande (Bouton &#8220;Voir le panier&#8221; ou &#8220;Validation de la commande&#8221;).<br \/>\n3- S\u00e9lectionner l\u2019option de paiement par virement bancaire apr\u00e8s avoir entr\u00e9 vos informations de contact.<br \/>\n4- Les instructions de paiement vous seront communiqu\u00e9es au moment de l\u2019achat et par email.<br \/>\n5- Les frais de port sont calcul\u00e9s automatiquement. <a href=\"https:\/\/sionneau.com\/boutique\/ tarifs-livraison\/\">Les tarifs sont expliqu\u00e9s en d\u00e9tail ici <\/a><br \/>\n6- Les frais bancaires sont \u00e0 votre charge.<br \/>\n7- Lorsque votre virement bancaire sera re\u00e7u vous recevrez un email de confirmation de paiement avec la facture et le livre sera rapidement envoy\u00e9.<\/p>\n<p><script>\ndocument.write('<a class=\"storefront-sticky-add-to-cart__content-button button alt\" href=\"');\ndocument.write((window.location.href).split(\"?\")[0]);\ndocument.write('?add-to-cart=141');\ndocument.write('\"> Ajouter au panier <\/a>');\n<\/script> <a class=\"button checkout wc-forward\" href=\"https:\/\/sionneau.com\/boutique\/commande\/\">Validation de la commande<\/a><\/p>\n<h3>Paiement par ch\u00e8que bancaire\u00a0<strong><br \/>\n<\/strong><\/h3>\n<p>1- Ajouter ce livre \u00e0 votre panier (Bouton &#8220;Ajouter au Panier&#8221;).<br \/>\n2- Rendez vous sur la page de validation de commande (Bouton &#8220;Voir le panier&#8221; ou &#8220;Validation de la commande&#8221;).<br \/>\n3- S\u00e9lectionner l\u2019option de paiement par ch\u00e8que apr\u00e8s avoir entr\u00e9 vos informations de contact.<br \/>\n4- Les instructions de paiement vous seront communiqu\u00e9es au moment de l\u2019achat et par email.<br \/>\n5- Les frais de port sont calcul\u00e9s automatiquement. <a href=\"https:\/\/sionneau.com\/boutique\/ tarifs-livraison\/\">Les tarifs sont expliqu\u00e9s en d\u00e9tail ici <\/a><br \/>\n7- Lorsque votre ch\u00e8que sera re\u00e7u vous recevrez un email de confirmation de paiement avec la facture et le livre sera imm\u00e9diatement envoy\u00e9.<\/p>\n<p><script>\ndocument.write('<a class=\"storefront-sticky-add-to-cart__content-button button alt\" href=\"');\ndocument.write((window.location.href).split(\"?\")[0]);\ndocument.write('?add-to-cart=141');\ndocument.write('\"> Ajouter au panier <\/a>');\n<\/script> <a class=\"button checkout wc-forward\" href=\"https:\/\/sionneau.com\/boutique\/commande\/\">Validation de la commande<\/a><\/p>\n<h4><strong>Nos garanties :<\/strong><\/h4>\n<h5>a &#8211; Envoi de votre commande le plus rapidement possible<br \/>\nb &#8211; Colis livr\u00e9 \u00e0 domicile<br \/>\nc &#8211; Colis suivi et s\u00e9curis\u00e9<br \/>\nd &#8211; Bonne humeur et sourire garantis 100% fait maison<\/h5>\n<p>&nbsp;<\/p>\n","protected":false},"excerpt":{"rendered":"<h5><span style=\"color: #800000;\"> Un livre d\u2019une richesse exceptionnelle<br \/>\nL\u2019\u00e9tonnante \u00e9tendue des possibilit\u00e9s de la m\u00e9decine chinoise<br \/>\nUtile autant pour le phytoth\u00e9rapeute que pour l\u2019acupuncteur <\/span><\/h5>\n","protected":false},"featured_media":105,"template":"","meta":[],"product_cat":[20],"product_tag":[],"yoast_head":"<!-- This site is optimized with the Yoast SEO plugin v20.5 - https:\/\/yoast.com\/wordpress\/plugins\/seo\/ -->\n<title>La phytoth\u00e9rapie chinoise moderne - Boutique de Sionneau.com<\/title>\n<meta name=\"robots\" content=\"index, follow, max-snippet:-1, max-image-preview:large, max-video-preview:-1\" \/>\n<link rel=\"canonical\" href=\"https:\/\/sionneau.com\/boutique\/medecine--chinoise\/la-phytotherapie-chinoise-moderne\/\" \/>\n<meta property=\"og:locale\" content=\"fr_FR\" \/>\n<meta property=\"og:type\" content=\"article\" \/>\n<meta property=\"og:title\" content=\"La phytoth\u00e9rapie chinoise moderne - Boutique de Sionneau.com\" \/>\n<meta property=\"og:description\" content=\"Un livre d\u2019une richesse exceptionnelle L\u2019\u00e9tonnante \u00e9tendue des possibilit\u00e9s de la m\u00e9decine chinoise Utile autant pour le phytoth\u00e9rapeute que pour l\u2019acupuncteur\" \/>\n<meta property=\"og:url\" content=\"https:\/\/sionneau.com\/boutique\/medecine--chinoise\/la-phytotherapie-chinoise-moderne\/\" \/>\n<meta property=\"og:site_name\" content=\"Boutique de Sionneau.com\" \/>\n<meta property=\"article:modified_time\" content=\"2020-03-03T10:15:56+00:00\" \/>\n<meta property=\"og:image\" content=\"https:\/\/sionneau.com\/boutique\/wp-content\/uploads\/2018\/12\/xinfang.jpg\" \/>\n\t<meta property=\"og:image:width\" content=\"483\" \/>\n\t<meta property=\"og:image:height\" content=\"710\" \/>\n\t<meta property=\"og:image:type\" content=\"image\/jpeg\" \/>\n<meta name=\"twitter:card\" content=\"summary_large_image\" \/>\n<meta name=\"twitter:label1\" content=\"Dur\u00e9e de lecture estim\u00e9e\" \/>\n\t<meta name=\"twitter:data1\" content=\"4 minutes\" \/>\n<script type=\"application\/ld+json\" class=\"yoast-schema-graph\">{\"@context\":\"https:\/\/schema.org\",\"@graph\":[{\"@type\":\"WebPage\",\"@id\":\"https:\/\/sionneau.com\/boutique\/medecine--chinoise\/la-phytotherapie-chinoise-moderne\/\",\"url\":\"https:\/\/sionneau.com\/boutique\/medecine--chinoise\/la-phytotherapie-chinoise-moderne\/\",\"name\":\"La phytoth\u00e9rapie chinoise moderne - Boutique de Sionneau.com\",\"isPartOf\":{\"@id\":\"https:\/\/sionneau.com\/boutique\/#website\"},\"datePublished\":\"2019-03-05T10:50:45+00:00\",\"dateModified\":\"2020-03-03T10:15:56+00:00\",\"breadcrumb\":{\"@id\":\"https:\/\/sionneau.com\/boutique\/medecine--chinoise\/la-phytotherapie-chinoise-moderne\/#breadcrumb\"},\"inLanguage\":\"fr-FR\",\"potentialAction\":[{\"@type\":\"ReadAction\",\"target\":[\"https:\/\/sionneau.com\/boutique\/medecine--chinoise\/la-phytotherapie-chinoise-moderne\/\"]}]},{\"@type\":\"BreadcrumbList\",\"@id\":\"https:\/\/sionneau.com\/boutique\/medecine--chinoise\/la-phytotherapie-chinoise-moderne\/#breadcrumb\",\"itemListElement\":[{\"@type\":\"ListItem\",\"position\":1,\"name\":\"Accueil\",\"item\":\"https:\/\/sionneau.com\/boutique\/\"},{\"@type\":\"ListItem\",\"position\":2,\"name\":\"Boutique\",\"item\":\"https:\/\/sionneau.com\/boutique\/\"},{\"@type\":\"ListItem\",\"position\":3,\"name\":\"La phytoth\u00e9rapie chinoise moderne\"}]},{\"@type\":\"WebSite\",\"@id\":\"https:\/\/sionneau.com\/boutique\/#website\",\"url\":\"https:\/\/sionneau.com\/boutique\/\",\"name\":\"Boutique de Sionneau.com\",\"description\":\"Authenticit\u00e9 &amp; professionnalisme\",\"publisher\":{\"@id\":\"https:\/\/sionneau.com\/boutique\/#organization\"},\"potentialAction\":[{\"@type\":\"SearchAction\",\"target\":{\"@type\":\"EntryPoint\",\"urlTemplate\":\"https:\/\/sionneau.com\/boutique\/?s={search_term_string}\"},\"query-input\":\"required name=search_term_string\"}],\"inLanguage\":\"fr-FR\"},{\"@type\":\"Organization\",\"@id\":\"https:\/\/sionneau.com\/boutique\/#organization\",\"name\":\"Philippe Sionneau\",\"url\":\"https:\/\/sionneau.com\/boutique\/\",\"logo\":{\"@type\":\"ImageObject\",\"inLanguage\":\"fr-FR\",\"@id\":\"https:\/\/sionneau.com\/boutique\/#\/schema\/logo\/image\/\",\"url\":\"https:\/\/sionneau.com\/boutique\/wp-content\/uploads\/2019\/03\/Sionneau-logo-1.png\",\"contentUrl\":\"https:\/\/sionneau.com\/boutique\/wp-content\/uploads\/2019\/03\/Sionneau-logo-1.png\",\"width\":600,\"height\":488,\"caption\":\"Philippe Sionneau\"},\"image\":{\"@id\":\"https:\/\/sionneau.com\/boutique\/#\/schema\/logo\/image\/\"}}]}<\/script>\n<!-- \/ Yoast SEO plugin. -->","yoast_head_json":{"title":"La phytoth\u00e9rapie chinoise moderne - Boutique de Sionneau.com","robots":{"index":"index","follow":"follow","max-snippet":"max-snippet:-1","max-image-preview":"max-image-preview:large","max-video-preview":"max-video-preview:-1"},"canonical":"https:\/\/sionneau.com\/boutique\/medecine--chinoise\/la-phytotherapie-chinoise-moderne\/","og_locale":"fr_FR","og_type":"article","og_title":"La phytoth\u00e9rapie chinoise moderne - Boutique de Sionneau.com","og_description":"Un livre d\u2019une richesse exceptionnelle L\u2019\u00e9tonnante \u00e9tendue des possibilit\u00e9s de la m\u00e9decine chinoise Utile autant pour le phytoth\u00e9rapeute que pour l\u2019acupuncteur","og_url":"https:\/\/sionneau.com\/boutique\/medecine--chinoise\/la-phytotherapie-chinoise-moderne\/","og_site_name":"Boutique de Sionneau.com","article_modified_time":"2020-03-03T10:15:56+00:00","og_image":[{"width":483,"height":710,"url":"https:\/\/sionneau.com\/boutique\/wp-content\/uploads\/2018\/12\/xinfang.jpg","type":"image\/jpeg"}],"twitter_card":"summary_large_image","twitter_misc":{"Dur\u00e9e de lecture estim\u00e9e":"4 minutes"},"schema":{"@context":"https:\/\/schema.org","@graph":[{"@type":"WebPage","@id":"https:\/\/sionneau.com\/boutique\/medecine--chinoise\/la-phytotherapie-chinoise-moderne\/","url":"https:\/\/sionneau.com\/boutique\/medecine--chinoise\/la-phytotherapie-chinoise-moderne\/","name":"La phytoth\u00e9rapie chinoise moderne - Boutique de Sionneau.com","isPartOf":{"@id":"https:\/\/sionneau.com\/boutique\/#website"},"datePublished":"2019-03-05T10:50:45+00:00","dateModified":"2020-03-03T10:15:56+00:00","breadcrumb":{"@id":"https:\/\/sionneau.com\/boutique\/medecine--chinoise\/la-phytotherapie-chinoise-moderne\/#breadcrumb"},"inLanguage":"fr-FR","potentialAction":[{"@type":"ReadAction","target":["https:\/\/sionneau.com\/boutique\/medecine--chinoise\/la-phytotherapie-chinoise-moderne\/"]}]},{"@type":"BreadcrumbList","@id":"https:\/\/sionneau.com\/boutique\/medecine--chinoise\/la-phytotherapie-chinoise-moderne\/#breadcrumb","itemListElement":[{"@type":"ListItem","position":1,"name":"Accueil","item":"https:\/\/sionneau.com\/boutique\/"},{"@type":"ListItem","position":2,"name":"Boutique","item":"https:\/\/sionneau.com\/boutique\/"},{"@type":"ListItem","position":3,"name":"La phytoth\u00e9rapie chinoise moderne"}]},{"@type":"WebSite","@id":"https:\/\/sionneau.com\/boutique\/#website","url":"https:\/\/sionneau.com\/boutique\/","name":"Boutique de Sionneau.com","description":"Authenticit\u00e9 &amp; professionnalisme","publisher":{"@id":"https:\/\/sionneau.com\/boutique\/#organization"},"potentialAction":[{"@type":"SearchAction","target":{"@type":"EntryPoint","urlTemplate":"https:\/\/sionneau.com\/boutique\/?s={search_term_string}"},"query-input":"required name=search_term_string"}],"inLanguage":"fr-FR"},{"@type":"Organization","@id":"https:\/\/sionneau.com\/boutique\/#organization","name":"Philippe Sionneau","url":"https:\/\/sionneau.com\/boutique\/","logo":{"@type":"ImageObject","inLanguage":"fr-FR","@id":"https:\/\/sionneau.com\/boutique\/#\/schema\/logo\/image\/","url":"https:\/\/sionneau.com\/boutique\/wp-content\/uploads\/2019\/03\/Sionneau-logo-1.png","contentUrl":"https:\/\/sionneau.com\/boutique\/wp-content\/uploads\/2019\/03\/Sionneau-logo-1.png","width":600,"height":488,"caption":"Philippe Sionneau"},"image":{"@id":"https:\/\/sionneau.com\/boutique\/#\/schema\/logo\/image\/"}}]}},"_links":{"self":[{"href":"https:\/\/sionneau.com\/boutique\/wp-json\/wp\/v3\/product\/141"}],"collection":[{"href":"https:\/\/sionneau.com\/boutique\/wp-json\/wp\/v3\/product"}],"about":[{"href":"https:\/\/sionneau.com\/boutique\/wp-json\/wp\/v2\/types\/product"}],"wp:featuredmedia":[{"embeddable":true,"href":"https:\/\/sionneau.com\/boutique\/wp-json\/wp\/v2\/media\/105"}],"wp:attachment":[{"href":"https:\/\/sionneau.com\/boutique\/wp-json\/wp\/v2\/media?parent=141"}],"wp:term":[{"taxonomy":"product_cat","embeddable":true,"href":"https:\/\/sionneau.com\/boutique\/wp-json\/wp\/v2\/product_cat?post=141"},{"taxonomy":"product_tag","embeddable":true,"href":"https:\/\/sionneau.com\/boutique\/wp-json\/wp\/v2\/product_tag?post=141"}],"curies":[{"name":"wp","href":"https:\/\/api.w.org\/{rel}","templated":true}]}}