{"id":140,"date":"2019-03-05T11:49:42","date_gmt":"2019-03-05T10:49:42","guid":{"rendered":"https:\/\/sionneau.com\/boutique\/?post_type=product&#038;p=140"},"modified":"2020-03-03T11:17:44","modified_gmt":"2020-03-03T10:17:44","slug":"phytotherapie-chinoise-les-combinaisons-efficaces","status":"publish","type":"product","link":"https:\/\/sionneau.com\/boutique\/medecine--chinoise\/phytotherapie-chinoise-les-combinaisons-efficaces\/","title":{"rendered":"Phytoth\u00e9rapie chinoise : les combinaisons efficaces"},"content":{"rendered":"<p>Jamais un ouvrage n\u2019avait montr\u00e9 aussi brillamment la dimension subtile de la phytoth\u00e9rapie chinoise. Dans une approche dynamique, de mouvements, d\u2019\u00e9nergies, il pr\u00e9sente toutes les associations majeures des substances m\u00e9dicinales chinoises. En plus, une foule de pr\u00e9cisions cliniques et pratiques rend ce manuel aussi captivant pour l\u2019\u00e9tudiant que pour le praticien. C\u2019est un ouvrage de r\u00e9f\u00e9rence pour tous les amoureux de la m\u00e9decine chinoise. Fort appr\u00e9ci\u00e9 aux USA, il est utilis\u00e9 comme manuel de cours dans certaines universit\u00e9s.<\/p>\n<p>\u00ab Phytoth\u00e9rapie chinoise : les combinaisons efficaces \u00bb est un livre soign\u00e9, dense et convaincant qui met en \u00e9vidence les associations des substances m\u00e9dicinales chinoises les plus importantes. Il d\u00e9passe le cadre de l\u2019information standard en d\u00e9gageant des cl\u00e9s subtiles pouvant mener \u00e0 une importante augmentation de l\u2019efficacit\u00e9. L\u2019\u00e9tude et l\u2019utilisation de cet ouvrage permettront au praticien de d\u00e9velopper une familiarit\u00e9 toujours plus grande avec ces combinaisons, ce qui est une base indispensable pour une bonne pratique. C\u2019est un excellent livre qui devrait accompagner dans une large mesure toute pratique clinique \u00bb. <strong>Dan Bensky (Seattle Institute of Oriental Medicine).<\/strong><\/p>\n<h4>Plus de d\u00e9tails sur le contenu :<\/h4>\n<p>L&#8217;avant-propos + la pr\u00e9face de Dan Bensky + extrait int\u00e9gral de 3 couples Bai Shao Yao et Chai Hu, Ban Xia et Huang Qin, Bu Gu Zhi et Hu Tao Ren : <a href=\"https:\/\/sionneau.com\/files\/duiyaodebut2.pdf\" target=\"_blank\" rel=\"noopener noreferrer\">cliquez ici (fichier pdf : n\u00e9cessite Adobe Reader)<\/a><\/p>\n<p>L&#8217;index des couples + l&#8217;index des maladies et des sympt\u00f4mes + la bibliographie + la table des mati\u00e8res : <a href=\"https:\/\/sionneau.com\/files\/duiyaofin2.pdf\" target=\"_blank\" rel=\"noopener noreferrer\">cliquez ici (fichier pdf : n\u00e9cessite Adobe Reader)<\/a><\/p>\n<h5 style=\"text-align: center;\"><strong>Un livre cl\u00e9 pour d\u00e9couvrir la finesse de la phytoth\u00e9rapie chinoise<\/strong><br \/>\n<strong>Passionnant : il se lit comme un roman <\/strong><\/h5>\n<p style=\"text-align: center;\"><strong>328 pages<br \/>\nformat 190 x 250<br \/>\nprix public : 35 \u20ac<br \/>\nISBN : 2-84445-692-8<\/strong><\/p>\n<h3 style=\"text-align: center;\">COMMENT COMMANDER CE LIVRE ?<\/h3>\n<p><strong>Vous pouvez commander ce livre de trois mani\u00e8res :<\/strong><\/p>\n<ul>\n<li>soit par carte bancaire<\/li>\n<li>soit par virement bancaire<\/li>\n<li>soit par ch\u00e8que bancaire<\/li>\n<\/ul>\n<p>Veuillez suivre les indications pour chaque type de paiement.<\/p>\n<h3>Paiement par carte bancaire :<\/h3>\n<p>1- Ajouter ce livre \u00e0 votre panier (Bouton &#8220;Ajouter au Panier&#8221;).<br \/>\n2- Rendez vous sur la page de validation de commande (Bouton &#8220;Voir le panier&#8221; ou &#8220;Validation de la commande&#8221;).<br \/>\n3- S\u00e9lectionner l\u2019option de paiement par carte bancaire apr\u00e8s avoir entr\u00e9 vos informations de contact.<br \/>\n4- Vous serez guid\u00e9 \u00e0 travers un syst\u00e8me de paiement s\u00e9curis\u00e9 et automatique.<br \/>\n5- Les frais de port sont calcul\u00e9s automatiquement. <a href=\"https:\/\/sionneau.com\/boutique\/ tarifs-livraison\/\">Les tarifs sont expliqu\u00e9s en d\u00e9tail ici <\/a><br \/>\n6- Vous recevrez un email de confirmation de paiement ainsi que la facture. Le livre sera exp\u00e9di\u00e9 tr\u00e8s vite.<\/p>\n<p><script>\ndocument.write('<a class=\"storefront-sticky-add-to-cart__content-button button alt\" href=\"');\ndocument.write((window.location.href).split(\"?\")[0]);\ndocument.write('?add-to-cart=140');\ndocument.write('\"> Ajouter au panier <\/a>');\n<\/script> <a class=\"button checkout wc-forward\" href=\"https:\/\/sionneau.com\/boutique\/commande\/\">Validation de la commande<\/a><\/p>\n<h3>Paiement par virement bancaire<\/h3>\n<p>1- Ajouter ce livre \u00e0 votre panier (Bouton &#8220;Ajouter au Panier&#8221;).<br \/>\n2- Rendez vous sur la page de validation de commande (Bouton &#8220;Voir le panier&#8221; ou &#8220;Validation de la commande&#8221;).<br \/>\n3- S\u00e9lectionner l\u2019option de paiement par virement bancaire apr\u00e8s avoir entr\u00e9 vos informations de contact.<br \/>\n4- Les instructions de paiement vous seront communiqu\u00e9es au moment de l\u2019achat et par email.<br \/>\n5- Les frais de port sont calcul\u00e9s automatiquement. <a href=\"https:\/\/sionneau.com\/boutique\/ tarifs-livraison\/\">Les tarifs sont expliqu\u00e9s en d\u00e9tail ici <\/a><br \/>\n6- Les frais bancaires sont \u00e0 votre charge.<br \/>\n7- Lorsque votre virement bancaire sera re\u00e7u vous recevrez un email de confirmation de paiement avec la facture et le livre sera rapidement envoy\u00e9.<\/p>\n<p><script>\ndocument.write('<a class=\"storefront-sticky-add-to-cart__content-button button alt\" href=\"');\ndocument.write((window.location.href).split(\"?\")[0]);\ndocument.write('?add-to-cart=140');\ndocument.write('\"> Ajouter au panier <\/a>');\n<\/script> <a class=\"button checkout wc-forward\" href=\"https:\/\/sionneau.com\/boutique\/commande\/\">Validation de la commande<\/a><\/p>\n<h3>Paiement par ch\u00e8que bancaire\u00a0<strong><br \/>\n<\/strong><\/h3>\n<p>1- Ajouter ce livre \u00e0 votre panier (Bouton &#8220;Ajouter au Panier&#8221;).<br \/>\n2- Rendez vous sur la page de validation de commande (Bouton &#8220;Voir le panier&#8221; ou &#8220;Validation de la commande&#8221;).<br \/>\n3- S\u00e9lectionner l\u2019option de paiement par ch\u00e8que apr\u00e8s avoir entr\u00e9 vos informations de contact.<br \/>\n4- Les instructions de paiement vous seront communiqu\u00e9es au moment de l\u2019achat et par email.<br \/>\n5- Les frais de port sont calcul\u00e9s automatiquement. <a href=\"https:\/\/sionneau.com\/boutique\/ tarifs-livraison\/\">Les tarifs sont expliqu\u00e9s en d\u00e9tail ici <\/a><br \/>\n7- Lorsque votre ch\u00e8que sera re\u00e7u vous recevrez un email de confirmation de paiement avec la facture et le livre sera imm\u00e9diatement envoy\u00e9.<\/p>\n<p><script>\ndocument.write('<a class=\"storefront-sticky-add-to-cart__content-button button alt\" href=\"');\ndocument.write((window.location.href).split(\"?\")[0]);\ndocument.write('?add-to-cart=140');\ndocument.write('\"> Ajouter au panier <\/a>');\n<\/script> <a class=\"button checkout wc-forward\" href=\"https:\/\/sionneau.com\/boutique\/commande\/\">Validation de la commande<\/a><\/p>\n<h4><strong>Nos garanties :<\/strong><\/h4>\n<h5>a &#8211; Envoi de votre commande le plus rapidement possible<br \/>\nb &#8211; Colis livr\u00e9 \u00e0 domicile<br \/>\nc &#8211; Colis suivi et s\u00e9curis\u00e9<br \/>\nd &#8211; Bonne humeur et sourire garantis 100% fait maison<\/h5>\n<p>&nbsp;<\/p>\n","protected":false},"excerpt":{"rendered":"<h5><span style=\"color: #800000;\"> Un livre cl\u00e9 pour d\u00e9couvrir la finesse de la phytoth\u00e9rapie chinoise<br \/>\nPassionnant : il se lit comme un roman. <\/span><\/h5>\n","protected":false},"featured_media":106,"template":"","meta":[],"product_cat":[20],"product_tag":[],"yoast_head":"<!-- This site is optimized with the Yoast SEO plugin v20.5 - https:\/\/yoast.com\/wordpress\/plugins\/seo\/ -->\n<title>Phytoth\u00e9rapie chinoise : les combinaisons efficaces - Boutique de Sionneau.com<\/title>\n<meta name=\"robots\" content=\"index, follow, max-snippet:-1, max-image-preview:large, max-video-preview:-1\" \/>\n<link rel=\"canonical\" href=\"https:\/\/sionneau.com\/boutique\/medecine--chinoise\/phytotherapie-chinoise-les-combinaisons-efficaces\/\" \/>\n<meta property=\"og:locale\" content=\"fr_FR\" \/>\n<meta property=\"og:type\" content=\"article\" \/>\n<meta property=\"og:title\" content=\"Phytoth\u00e9rapie chinoise : les combinaisons efficaces - Boutique de Sionneau.com\" \/>\n<meta property=\"og:description\" content=\"Un livre cl\u00e9 pour d\u00e9couvrir la finesse de la phytoth\u00e9rapie chinoise Passionnant : il se lit comme un roman.\" \/>\n<meta property=\"og:url\" content=\"https:\/\/sionneau.com\/boutique\/medecine--chinoise\/phytotherapie-chinoise-les-combinaisons-efficaces\/\" \/>\n<meta property=\"og:site_name\" content=\"Boutique de Sionneau.com\" \/>\n<meta property=\"article:modified_time\" content=\"2020-03-03T10:17:44+00:00\" \/>\n<meta property=\"og:image\" content=\"https:\/\/sionneau.com\/boutique\/wp-content\/uploads\/2018\/12\/duiyao-2__medium.jpg\" \/>\n\t<meta property=\"og:image:width\" content=\"250\" \/>\n\t<meta property=\"og:image:height\" content=\"328\" \/>\n\t<meta property=\"og:image:type\" content=\"image\/jpeg\" \/>\n<meta name=\"twitter:card\" content=\"summary_large_image\" \/>\n<meta name=\"twitter:label1\" content=\"Dur\u00e9e de lecture estim\u00e9e\" \/>\n\t<meta name=\"twitter:data1\" content=\"4 minutes\" \/>\n<script type=\"application\/ld+json\" class=\"yoast-schema-graph\">{\"@context\":\"https:\/\/schema.org\",\"@graph\":[{\"@type\":\"WebPage\",\"@id\":\"https:\/\/sionneau.com\/boutique\/medecine--chinoise\/phytotherapie-chinoise-les-combinaisons-efficaces\/\",\"url\":\"https:\/\/sionneau.com\/boutique\/medecine--chinoise\/phytotherapie-chinoise-les-combinaisons-efficaces\/\",\"name\":\"Phytoth\u00e9rapie chinoise : les combinaisons efficaces - Boutique de Sionneau.com\",\"isPartOf\":{\"@id\":\"https:\/\/sionneau.com\/boutique\/#website\"},\"datePublished\":\"2019-03-05T10:49:42+00:00\",\"dateModified\":\"2020-03-03T10:17:44+00:00\",\"breadcrumb\":{\"@id\":\"https:\/\/sionneau.com\/boutique\/medecine--chinoise\/phytotherapie-chinoise-les-combinaisons-efficaces\/#breadcrumb\"},\"inLanguage\":\"fr-FR\",\"potentialAction\":[{\"@type\":\"ReadAction\",\"target\":[\"https:\/\/sionneau.com\/boutique\/medecine--chinoise\/phytotherapie-chinoise-les-combinaisons-efficaces\/\"]}]},{\"@type\":\"BreadcrumbList\",\"@id\":\"https:\/\/sionneau.com\/boutique\/medecine--chinoise\/phytotherapie-chinoise-les-combinaisons-efficaces\/#breadcrumb\",\"itemListElement\":[{\"@type\":\"ListItem\",\"position\":1,\"name\":\"Accueil\",\"item\":\"https:\/\/sionneau.com\/boutique\/\"},{\"@type\":\"ListItem\",\"position\":2,\"name\":\"Boutique\",\"item\":\"https:\/\/sionneau.com\/boutique\/\"},{\"@type\":\"ListItem\",\"position\":3,\"name\":\"Phytoth\u00e9rapie chinoise : les combinaisons efficaces\"}]},{\"@type\":\"WebSite\",\"@id\":\"https:\/\/sionneau.com\/boutique\/#website\",\"url\":\"https:\/\/sionneau.com\/boutique\/\",\"name\":\"Boutique de Sionneau.com\",\"description\":\"Authenticit\u00e9 &amp; professionnalisme\",\"publisher\":{\"@id\":\"https:\/\/sionneau.com\/boutique\/#organization\"},\"potentialAction\":[{\"@type\":\"SearchAction\",\"target\":{\"@type\":\"EntryPoint\",\"urlTemplate\":\"https:\/\/sionneau.com\/boutique\/?s={search_term_string}\"},\"query-input\":\"required name=search_term_string\"}],\"inLanguage\":\"fr-FR\"},{\"@type\":\"Organization\",\"@id\":\"https:\/\/sionneau.com\/boutique\/#organization\",\"name\":\"Philippe Sionneau\",\"url\":\"https:\/\/sionneau.com\/boutique\/\",\"logo\":{\"@type\":\"ImageObject\",\"inLanguage\":\"fr-FR\",\"@id\":\"https:\/\/sionneau.com\/boutique\/#\/schema\/logo\/image\/\",\"url\":\"https:\/\/sionneau.com\/boutique\/wp-content\/uploads\/2019\/03\/Sionneau-logo-1.png\",\"contentUrl\":\"https:\/\/sionneau.com\/boutique\/wp-content\/uploads\/2019\/03\/Sionneau-logo-1.png\",\"width\":600,\"height\":488,\"caption\":\"Philippe Sionneau\"},\"image\":{\"@id\":\"https:\/\/sionneau.com\/boutique\/#\/schema\/logo\/image\/\"}}]}<\/script>\n<!-- \/ Yoast SEO plugin. -->","yoast_head_json":{"title":"Phytoth\u00e9rapie chinoise : les combinaisons efficaces - Boutique de Sionneau.com","robots":{"index":"index","follow":"follow","max-snippet":"max-snippet:-1","max-image-preview":"max-image-preview:large","max-video-preview":"max-video-preview:-1"},"canonical":"https:\/\/sionneau.com\/boutique\/medecine--chinoise\/phytotherapie-chinoise-les-combinaisons-efficaces\/","og_locale":"fr_FR","og_type":"article","og_title":"Phytoth\u00e9rapie chinoise : les combinaisons efficaces - Boutique de Sionneau.com","og_description":"Un livre cl\u00e9 pour d\u00e9couvrir la finesse de la phytoth\u00e9rapie chinoise Passionnant : il se lit comme un roman.","og_url":"https:\/\/sionneau.com\/boutique\/medecine--chinoise\/phytotherapie-chinoise-les-combinaisons-efficaces\/","og_site_name":"Boutique de Sionneau.com","article_modified_time":"2020-03-03T10:17:44+00:00","og_image":[{"width":250,"height":328,"url":"https:\/\/sionneau.com\/boutique\/wp-content\/uploads\/2018\/12\/duiyao-2__medium.jpg","type":"image\/jpeg"}],"twitter_card":"summary_large_image","twitter_misc":{"Dur\u00e9e de lecture estim\u00e9e":"4 minutes"},"schema":{"@context":"https:\/\/schema.org","@graph":[{"@type":"WebPage","@id":"https:\/\/sionneau.com\/boutique\/medecine--chinoise\/phytotherapie-chinoise-les-combinaisons-efficaces\/","url":"https:\/\/sionneau.com\/boutique\/medecine--chinoise\/phytotherapie-chinoise-les-combinaisons-efficaces\/","name":"Phytoth\u00e9rapie chinoise : les combinaisons efficaces - Boutique de Sionneau.com","isPartOf":{"@id":"https:\/\/sionneau.com\/boutique\/#website"},"datePublished":"2019-03-05T10:49:42+00:00","dateModified":"2020-03-03T10:17:44+00:00","breadcrumb":{"@id":"https:\/\/sionneau.com\/boutique\/medecine--chinoise\/phytotherapie-chinoise-les-combinaisons-efficaces\/#breadcrumb"},"inLanguage":"fr-FR","potentialAction":[{"@type":"ReadAction","target":["https:\/\/sionneau.com\/boutique\/medecine--chinoise\/phytotherapie-chinoise-les-combinaisons-efficaces\/"]}]},{"@type":"BreadcrumbList","@id":"https:\/\/sionneau.com\/boutique\/medecine--chinoise\/phytotherapie-chinoise-les-combinaisons-efficaces\/#breadcrumb","itemListElement":[{"@type":"ListItem","position":1,"name":"Accueil","item":"https:\/\/sionneau.com\/boutique\/"},{"@type":"ListItem","position":2,"name":"Boutique","item":"https:\/\/sionneau.com\/boutique\/"},{"@type":"ListItem","position":3,"name":"Phytoth\u00e9rapie chinoise : les combinaisons efficaces"}]},{"@type":"WebSite","@id":"https:\/\/sionneau.com\/boutique\/#website","url":"https:\/\/sionneau.com\/boutique\/","name":"Boutique de Sionneau.com","description":"Authenticit\u00e9 &amp; professionnalisme","publisher":{"@id":"https:\/\/sionneau.com\/boutique\/#organization"},"potentialAction":[{"@type":"SearchAction","target":{"@type":"EntryPoint","urlTemplate":"https:\/\/sionneau.com\/boutique\/?s={search_term_string}"},"query-input":"required name=search_term_string"}],"inLanguage":"fr-FR"},{"@type":"Organization","@id":"https:\/\/sionneau.com\/boutique\/#organization","name":"Philippe Sionneau","url":"https:\/\/sionneau.com\/boutique\/","logo":{"@type":"ImageObject","inLanguage":"fr-FR","@id":"https:\/\/sionneau.com\/boutique\/#\/schema\/logo\/image\/","url":"https:\/\/sionneau.com\/boutique\/wp-content\/uploads\/2019\/03\/Sionneau-logo-1.png","contentUrl":"https:\/\/sionneau.com\/boutique\/wp-content\/uploads\/2019\/03\/Sionneau-logo-1.png","width":600,"height":488,"caption":"Philippe Sionneau"},"image":{"@id":"https:\/\/sionneau.com\/boutique\/#\/schema\/logo\/image\/"}}]}},"_links":{"self":[{"href":"https:\/\/sionneau.com\/boutique\/wp-json\/wp\/v3\/product\/140"}],"collection":[{"href":"https:\/\/sionneau.com\/boutique\/wp-json\/wp\/v3\/product"}],"about":[{"href":"https:\/\/sionneau.com\/boutique\/wp-json\/wp\/v2\/types\/product"}],"wp:featuredmedia":[{"embeddable":true,"href":"https:\/\/sionneau.com\/boutique\/wp-json\/wp\/v2\/media\/106"}],"wp:attachment":[{"href":"https:\/\/sionneau.com\/boutique\/wp-json\/wp\/v2\/media?parent=140"}],"wp:term":[{"taxonomy":"product_cat","embeddable":true,"href":"https:\/\/sionneau.com\/boutique\/wp-json\/wp\/v2\/product_cat?post=140"},{"taxonomy":"product_tag","embeddable":true,"href":"https:\/\/sionneau.com\/boutique\/wp-json\/wp\/v2\/product_tag?post=140"}],"curies":[{"name":"wp","href":"https:\/\/api.w.org\/{rel}","templated":true}]}}