{"id":139,"date":"2019-03-05T11:46:42","date_gmt":"2019-03-05T10:46:42","guid":{"rendered":"https:\/\/sionneau.com\/boutique\/?post_type=product&#038;p=139"},"modified":"2023-04-27T13:14:34","modified_gmt":"2023-04-27T11:14:34","slug":"lacupuncture-pratiquee-en-chine-tome-1-les-points-traditionnels","status":"publish","type":"product","link":"https:\/\/sionneau.com\/boutique\/medecine--chinoise\/lacupuncture-pratiquee-en-chine-tome-1-les-points-traditionnels\/","title":{"rendered":"L\u2019Acupuncture pratiqu\u00e9e en Chine 1 Tome 1 : Les points traditionnels"},"content":{"rendered":"<p>Gr\u00e2ce \u00e0 une pr\u00e9sentation extr\u00eamement didactique et innovante, cet ouvrage donne en un clin d\u2019\u0153il toute l\u2019information majeure de tous les points : nom, num\u00e9rotation, fonctions, indications, m\u00e9thode de puncture, profondeur d\u2019insertion, nombre de moxas, la sensation de Qi (De Qi), les particularit\u00e9s du point. Il propose \u00e9galement un glossaire d\u00e9taill\u00e9 des principes th\u00e9rapeutiques, ainsi qu\u2019un index d\u2019associations de points. C\u2019est \u00e0 la fois un livre d\u2019\u00e9tude et de pratique clinique. Comme \u00ab Acupuncture : les points essentiels \u00bb, dont il est le compl\u00e9ment, il fait partie des ouvrages de base de la nouvelle g\u00e9n\u00e9ration d&#8217;acupuncteurs\u2026<\/p>\n<p>Ce premier ouvrage a pour objectif de clarifier et pr\u00e9ciser les notions fondamentales des points d&#8217;acupuncture. De nombreux enseignements in\u00e9dits et pratiques viennent renforcer les connaissances des praticiens pour une plus grande efficacit\u00e9 en pratique quotidienne.<\/p>\n<p>Cet ouvrage avec le deuxi\u00e8me tome (les traitements efficaces) est le meilleur succ\u00e8s de ces douze derni\u00e8res ann\u00e9es en acupuncture dans les pays francophones. Une valeur s\u00fbre.<\/p>\n<p>Contenu :<\/p>\n<ol>\n<li>Un glossaire d\u00e9finit les principes th\u00e9rapeutiques et les termes de la M.T.C. qui sont indispensables \u00e0 une bonne compr\u00e9hension et application de l&#8217;acupuncture.<\/li>\n<li>L&#8217;\u00e9tude des points d&#8217;acupuncture introduit plusieurs nouveaut\u00e9s :<\/li>\n<\/ol>\n<ul>\n<li>\u00a0\u00a0\u00a0 Les fonctions des points : v\u00e9ritable r\u00e9sum\u00e9 \u00e9nerg\u00e9tique de leur action th\u00e9rapeutique.<\/li>\n<li>\u00a0\u00a0\u00a0 Les m\u00e9thodes de puncture et de moxibustion pour chaque point : directions, pr\u00e9cautions et conseils pour une acupuncture efficiente.<\/li>\n<li>\u00a0\u00a0\u00a0 Les sensations du Qi \u00e0 rechercher lors de la manipulation d&#8217;aiguille : seules indications fiables qui garantissent des effets th\u00e9rapeutiques r\u00e9els et durables.<\/li>\n<\/ul>\n<ol start=\"3\">\n<li>L&#8217;\u00e9tude des associations classiques de points. Au-del\u00e0 d&#8217;une simple vision symptomatique, ces prescriptions de points, dont l&#8217;action est remarquable et constante, ont pour origine l&#8217;exp\u00e9rience clinique des meilleurs acupuncteurs chinois accumul\u00e9e sur des si\u00e8cles de pratique.<\/li>\n<\/ol>\n<p>La pr\u00e9sentation est extr\u00eamement attrayante, claire et fonctionnelle afin d&#8217;offrir au praticien un &#8220;livre-outil&#8221; performant, notamment lors de la pratique en cabinet.<\/p>\n<p>Les donn\u00e9es de cet ouvrage sont bas\u00e9es sur l&#8217;enseignement traditionnel chinois, sur l&#8217;exp\u00e9rience clinique des meilleurs sp\u00e9cialistes ainsi que sur les grands classiques de la litt\u00e9rature acupuncturale chinoise.<\/p>\n<h5 style=\"text-align: center;\"><strong>Pratique &#8211; Clair &#8211; Innovant<br \/>\nId\u00e9al pour l&#8217;\u00e9tude ou la pratique quotidienne <\/strong><\/h5>\n<p style=\"text-align: center;\"><strong>382 pages<br \/>\nformat 160 x 240<br \/>\nprix public : 27,40 \u20ac<br \/>\nISBN : 2-85707-667-3<\/strong><\/p>\n<h3 style=\"text-align: center;\">COMMENT COMMANDER CE LIVRE ?<\/h3>\n<p><strong>Vous pouvez commander ce livre de trois mani\u00e8res :<\/strong><\/p>\n<ul>\n<li>soit par carte bancaire<\/li>\n<li>soit par virement bancaire<\/li>\n<li>soit par ch\u00e8que bancaire<\/li>\n<\/ul>\n<p>Veuillez suivre les indications pour chaque type de paiement.<\/p>\n<h3>Paiement par carte bancaire :<\/h3>\n<p>1- Ajouter ce livre \u00e0 votre panier (Bouton &#8220;Ajouter au Panier&#8221;).<br \/>\n2- Rendez vous sur la page de validation de commande (Bouton &#8220;Voir le panier&#8221; ou &#8220;Validation de la commande&#8221;).<br \/>\n3- S\u00e9lectionner l\u2019option de paiement par carte bancaire apr\u00e8s avoir entr\u00e9 vos informations de contact.<br \/>\n4- Vous serez guid\u00e9 \u00e0 travers un syst\u00e8me de paiement s\u00e9curis\u00e9 et automatique.<br \/>\n5- Les frais de port sont calcul\u00e9s automatiquement. <a href=\"https:\/\/sionneau.com\/boutique\/ tarifs-livraison\/\">Les tarifs sont expliqu\u00e9s en d\u00e9tail ici <\/a><br \/>\n6- Vous recevrez un email de confirmation de paiement ainsi que la facture. Le livre sera exp\u00e9di\u00e9 tr\u00e8s vite.<\/p>\n<p><script>\ndocument.write('<a class=\"storefront-sticky-add-to-cart__content-button button alt\" href=\"'); document.write((window.location.href).split(\"?\")[0]); document.write('?add-to-cart=139'); document.write('\"> Ajouter au panier <\/a>');\n<\/script> <a class=\"button checkout wc-forward\" href=\"https:\/\/sionneau.com\/boutique\/commande\/\">Validation de la commande<\/a><\/p>\n<h3>Paiement par virement bancaire<\/h3>\n<p>1- Ajouter ce livre \u00e0 votre panier (Bouton &#8220;Ajouter au Panier&#8221;).<br \/>\n2- Rendez vous sur la page de validation de commande (Bouton &#8220;Voir le panier&#8221; ou &#8220;Validation de la commande&#8221;).<br \/>\n3- S\u00e9lectionner l\u2019option de paiement par virement bancaire apr\u00e8s avoir entr\u00e9 vos informations de contact.<br \/>\n4- Les instructions de paiement vous seront communiqu\u00e9es au moment de l\u2019achat et par email.<br \/>\n5- Les frais de port sont calcul\u00e9s automatiquement. <a href=\"https:\/\/sionneau.com\/boutique\/ tarifs-livraison\/\">Les tarifs sont expliqu\u00e9s en d\u00e9tail ici <\/a><br \/>\n6- Les frais bancaires sont \u00e0 votre charge.<br \/>\n7- Lorsque votre virement bancaire sera re\u00e7u vous recevrez un email de confirmation de paiement avec la facture et le livre sera rapidement envoy\u00e9.<\/p>\n<p><script>\ndocument.write('<a class=\"storefront-sticky-add-to-cart__content-button button alt\" href=\"'); document.write((window.location.href).split(\"?\")[0]); document.write('?add-to-cart=139'); document.write('\"> Ajouter au panier <\/a>');\n<\/script> <a class=\"button checkout wc-forward\" href=\"https:\/\/sionneau.com\/boutique\/commande\/\">Validation de la commande<\/a><\/p>\n<h3>Paiement par ch\u00e8que bancaire\u00a0<strong><br \/>\n<\/strong><\/h3>\n<p>1- Ajouter ce livre \u00e0 votre panier (Bouton &#8220;Ajouter au Panier&#8221;).<br \/>\n2- Rendez vous sur la page de validation de commande (Bouton &#8220;Voir le panier&#8221; ou &#8220;Validation de la commande&#8221;).<br \/>\n3- S\u00e9lectionner l\u2019option de paiement par ch\u00e8que apr\u00e8s avoir entr\u00e9 vos informations de contact.<br \/>\n4- Les instructions de paiement vous seront communiqu\u00e9es au moment de l\u2019achat et par email.<br \/>\n5- Les frais de port sont calcul\u00e9s automatiquement. <a href=\"https:\/\/sionneau.com\/boutique\/ tarifs-livraison\/\">Les tarifs sont expliqu\u00e9s en d\u00e9tail ici <\/a><br \/>\n7- Lorsque votre ch\u00e8que sera re\u00e7u vous recevrez un email de confirmation de paiement avec la facture et le livre sera imm\u00e9diatement envoy\u00e9.<\/p>\n<p><script>\ndocument.write('<a class=\"storefront-sticky-add-to-cart__content-button button alt\" href=\"'); document.write((window.location.href).split(\"?\")[0]); document.write('?add-to-cart=139'); document.write('\"> Ajouter au panier <\/a>');\n<\/script> <a class=\"button checkout wc-forward\" href=\"https:\/\/sionneau.com\/boutique\/commande\/\">Validation de la commande<\/a><\/p>\n<h4><strong>Nos garanties :<\/strong><\/h4>\n<h5>a &#8211; Envoi de votre commande le plus rapidement possible<br \/>\nb &#8211; Colis livr\u00e9 \u00e0 domicile<br \/>\nc &#8211; Colis suivi et s\u00e9curis\u00e9<br \/>\nd &#8211; Bonne humeur et sourire garantis 100% fait maison<\/h5>\n<p>&nbsp;<\/p>\n","protected":false},"excerpt":{"rendered":"<h5><span style=\"color: #800000;\"> La pr\u00e9sentation est extr\u00eamement attrayante, claire et fonctionnelle afin d&#8217;offrir au praticien un &#8220;livre-outil&#8221; performant, notamment lors de la pratique en cabinet. <\/span><\/h5>\n","protected":false},"featured_media":107,"template":"","meta":[],"product_cat":[20],"product_tag":[],"yoast_head":"<!-- This site is optimized with the Yoast SEO plugin v20.5 - https:\/\/yoast.com\/wordpress\/plugins\/seo\/ -->\n<title>L\u2019Acupuncture pratiqu\u00e9e en Chine 1 Tome 1 : Les points traditionnels - Boutique de Sionneau.com<\/title>\n<meta name=\"robots\" content=\"index, follow, max-snippet:-1, max-image-preview:large, max-video-preview:-1\" \/>\n<link rel=\"canonical\" href=\"https:\/\/sionneau.com\/boutique\/medecine--chinoise\/lacupuncture-pratiquee-en-chine-tome-1-les-points-traditionnels\/\" \/>\n<meta property=\"og:locale\" content=\"fr_FR\" \/>\n<meta property=\"og:type\" content=\"article\" \/>\n<meta property=\"og:title\" content=\"L\u2019Acupuncture pratiqu\u00e9e en Chine 1 Tome 1 : Les points traditionnels - Boutique de Sionneau.com\" \/>\n<meta property=\"og:description\" content=\"La pr\u00e9sentation est extr\u00eamement attrayante, claire et fonctionnelle afin d&#039;offrir au praticien un &quot;livre-outil&quot; performant, notamment lors de la pratique en cabinet.\" \/>\n<meta property=\"og:url\" content=\"https:\/\/sionneau.com\/boutique\/medecine--chinoise\/lacupuncture-pratiquee-en-chine-tome-1-les-points-traditionnels\/\" \/>\n<meta property=\"og:site_name\" content=\"Boutique de Sionneau.com\" \/>\n<meta property=\"article:modified_time\" content=\"2023-04-27T11:14:34+00:00\" \/>\n<meta property=\"og:image\" content=\"https:\/\/sionneau.com\/boutique\/wp-content\/uploads\/2018\/12\/acupuncture-points-tradionnels.jpg\" \/>\n\t<meta property=\"og:image:width\" content=\"340\" \/>\n\t<meta property=\"og:image:height\" content=\"499\" \/>\n\t<meta property=\"og:image:type\" content=\"image\/jpeg\" \/>\n<meta name=\"twitter:card\" content=\"summary_large_image\" \/>\n<meta name=\"twitter:label1\" content=\"Dur\u00e9e de lecture estim\u00e9e\" \/>\n\t<meta name=\"twitter:data1\" content=\"4 minutes\" \/>\n<script type=\"application\/ld+json\" class=\"yoast-schema-graph\">{\"@context\":\"https:\/\/schema.org\",\"@graph\":[{\"@type\":\"WebPage\",\"@id\":\"https:\/\/sionneau.com\/boutique\/medecine--chinoise\/lacupuncture-pratiquee-en-chine-tome-1-les-points-traditionnels\/\",\"url\":\"https:\/\/sionneau.com\/boutique\/medecine--chinoise\/lacupuncture-pratiquee-en-chine-tome-1-les-points-traditionnels\/\",\"name\":\"L\u2019Acupuncture pratiqu\u00e9e en Chine 1 Tome 1 : Les points traditionnels - Boutique de Sionneau.com\",\"isPartOf\":{\"@id\":\"https:\/\/sionneau.com\/boutique\/#website\"},\"datePublished\":\"2019-03-05T10:46:42+00:00\",\"dateModified\":\"2023-04-27T11:14:34+00:00\",\"breadcrumb\":{\"@id\":\"https:\/\/sionneau.com\/boutique\/medecine--chinoise\/lacupuncture-pratiquee-en-chine-tome-1-les-points-traditionnels\/#breadcrumb\"},\"inLanguage\":\"fr-FR\",\"potentialAction\":[{\"@type\":\"ReadAction\",\"target\":[\"https:\/\/sionneau.com\/boutique\/medecine--chinoise\/lacupuncture-pratiquee-en-chine-tome-1-les-points-traditionnels\/\"]}]},{\"@type\":\"BreadcrumbList\",\"@id\":\"https:\/\/sionneau.com\/boutique\/medecine--chinoise\/lacupuncture-pratiquee-en-chine-tome-1-les-points-traditionnels\/#breadcrumb\",\"itemListElement\":[{\"@type\":\"ListItem\",\"position\":1,\"name\":\"Accueil\",\"item\":\"https:\/\/sionneau.com\/boutique\/\"},{\"@type\":\"ListItem\",\"position\":2,\"name\":\"Boutique\",\"item\":\"https:\/\/sionneau.com\/boutique\/\"},{\"@type\":\"ListItem\",\"position\":3,\"name\":\"L\u2019Acupuncture pratiqu\u00e9e en Chine 1 Tome 1 : Les points traditionnels\"}]},{\"@type\":\"WebSite\",\"@id\":\"https:\/\/sionneau.com\/boutique\/#website\",\"url\":\"https:\/\/sionneau.com\/boutique\/\",\"name\":\"Boutique de Sionneau.com\",\"description\":\"Authenticit\u00e9 &amp; professionnalisme\",\"publisher\":{\"@id\":\"https:\/\/sionneau.com\/boutique\/#organization\"},\"potentialAction\":[{\"@type\":\"SearchAction\",\"target\":{\"@type\":\"EntryPoint\",\"urlTemplate\":\"https:\/\/sionneau.com\/boutique\/?s={search_term_string}\"},\"query-input\":\"required name=search_term_string\"}],\"inLanguage\":\"fr-FR\"},{\"@type\":\"Organization\",\"@id\":\"https:\/\/sionneau.com\/boutique\/#organization\",\"name\":\"Philippe Sionneau\",\"url\":\"https:\/\/sionneau.com\/boutique\/\",\"logo\":{\"@type\":\"ImageObject\",\"inLanguage\":\"fr-FR\",\"@id\":\"https:\/\/sionneau.com\/boutique\/#\/schema\/logo\/image\/\",\"url\":\"https:\/\/sionneau.com\/boutique\/wp-content\/uploads\/2019\/03\/Sionneau-logo-1.png\",\"contentUrl\":\"https:\/\/sionneau.com\/boutique\/wp-content\/uploads\/2019\/03\/Sionneau-logo-1.png\",\"width\":600,\"height\":488,\"caption\":\"Philippe Sionneau\"},\"image\":{\"@id\":\"https:\/\/sionneau.com\/boutique\/#\/schema\/logo\/image\/\"}}]}<\/script>\n<!-- \/ Yoast SEO plugin. -->","yoast_head_json":{"title":"L\u2019Acupuncture pratiqu\u00e9e en Chine 1 Tome 1 : Les points traditionnels - Boutique de Sionneau.com","robots":{"index":"index","follow":"follow","max-snippet":"max-snippet:-1","max-image-preview":"max-image-preview:large","max-video-preview":"max-video-preview:-1"},"canonical":"https:\/\/sionneau.com\/boutique\/medecine--chinoise\/lacupuncture-pratiquee-en-chine-tome-1-les-points-traditionnels\/","og_locale":"fr_FR","og_type":"article","og_title":"L\u2019Acupuncture pratiqu\u00e9e en Chine 1 Tome 1 : Les points traditionnels - Boutique de Sionneau.com","og_description":"La pr\u00e9sentation est extr\u00eamement attrayante, claire et fonctionnelle afin d'offrir au praticien un \"livre-outil\" performant, notamment lors de la pratique en cabinet.","og_url":"https:\/\/sionneau.com\/boutique\/medecine--chinoise\/lacupuncture-pratiquee-en-chine-tome-1-les-points-traditionnels\/","og_site_name":"Boutique de Sionneau.com","article_modified_time":"2023-04-27T11:14:34+00:00","og_image":[{"width":340,"height":499,"url":"https:\/\/sionneau.com\/boutique\/wp-content\/uploads\/2018\/12\/acupuncture-points-tradionnels.jpg","type":"image\/jpeg"}],"twitter_card":"summary_large_image","twitter_misc":{"Dur\u00e9e de lecture estim\u00e9e":"4 minutes"},"schema":{"@context":"https:\/\/schema.org","@graph":[{"@type":"WebPage","@id":"https:\/\/sionneau.com\/boutique\/medecine--chinoise\/lacupuncture-pratiquee-en-chine-tome-1-les-points-traditionnels\/","url":"https:\/\/sionneau.com\/boutique\/medecine--chinoise\/lacupuncture-pratiquee-en-chine-tome-1-les-points-traditionnels\/","name":"L\u2019Acupuncture pratiqu\u00e9e en Chine 1 Tome 1 : Les points traditionnels - Boutique de Sionneau.com","isPartOf":{"@id":"https:\/\/sionneau.com\/boutique\/#website"},"datePublished":"2019-03-05T10:46:42+00:00","dateModified":"2023-04-27T11:14:34+00:00","breadcrumb":{"@id":"https:\/\/sionneau.com\/boutique\/medecine--chinoise\/lacupuncture-pratiquee-en-chine-tome-1-les-points-traditionnels\/#breadcrumb"},"inLanguage":"fr-FR","potentialAction":[{"@type":"ReadAction","target":["https:\/\/sionneau.com\/boutique\/medecine--chinoise\/lacupuncture-pratiquee-en-chine-tome-1-les-points-traditionnels\/"]}]},{"@type":"BreadcrumbList","@id":"https:\/\/sionneau.com\/boutique\/medecine--chinoise\/lacupuncture-pratiquee-en-chine-tome-1-les-points-traditionnels\/#breadcrumb","itemListElement":[{"@type":"ListItem","position":1,"name":"Accueil","item":"https:\/\/sionneau.com\/boutique\/"},{"@type":"ListItem","position":2,"name":"Boutique","item":"https:\/\/sionneau.com\/boutique\/"},{"@type":"ListItem","position":3,"name":"L\u2019Acupuncture pratiqu\u00e9e en Chine 1 Tome 1 : Les points traditionnels"}]},{"@type":"WebSite","@id":"https:\/\/sionneau.com\/boutique\/#website","url":"https:\/\/sionneau.com\/boutique\/","name":"Boutique de Sionneau.com","description":"Authenticit\u00e9 &amp; professionnalisme","publisher":{"@id":"https:\/\/sionneau.com\/boutique\/#organization"},"potentialAction":[{"@type":"SearchAction","target":{"@type":"EntryPoint","urlTemplate":"https:\/\/sionneau.com\/boutique\/?s={search_term_string}"},"query-input":"required name=search_term_string"}],"inLanguage":"fr-FR"},{"@type":"Organization","@id":"https:\/\/sionneau.com\/boutique\/#organization","name":"Philippe Sionneau","url":"https:\/\/sionneau.com\/boutique\/","logo":{"@type":"ImageObject","inLanguage":"fr-FR","@id":"https:\/\/sionneau.com\/boutique\/#\/schema\/logo\/image\/","url":"https:\/\/sionneau.com\/boutique\/wp-content\/uploads\/2019\/03\/Sionneau-logo-1.png","contentUrl":"https:\/\/sionneau.com\/boutique\/wp-content\/uploads\/2019\/03\/Sionneau-logo-1.png","width":600,"height":488,"caption":"Philippe Sionneau"},"image":{"@id":"https:\/\/sionneau.com\/boutique\/#\/schema\/logo\/image\/"}}]}},"_links":{"self":[{"href":"https:\/\/sionneau.com\/boutique\/wp-json\/wp\/v3\/product\/139"}],"collection":[{"href":"https:\/\/sionneau.com\/boutique\/wp-json\/wp\/v3\/product"}],"about":[{"href":"https:\/\/sionneau.com\/boutique\/wp-json\/wp\/v2\/types\/product"}],"wp:featuredmedia":[{"embeddable":true,"href":"https:\/\/sionneau.com\/boutique\/wp-json\/wp\/v2\/media\/107"}],"wp:attachment":[{"href":"https:\/\/sionneau.com\/boutique\/wp-json\/wp\/v2\/media?parent=139"}],"wp:term":[{"taxonomy":"product_cat","embeddable":true,"href":"https:\/\/sionneau.com\/boutique\/wp-json\/wp\/v2\/product_cat?post=139"},{"taxonomy":"product_tag","embeddable":true,"href":"https:\/\/sionneau.com\/boutique\/wp-json\/wp\/v2\/product_tag?post=139"}],"curies":[{"name":"wp","href":"https:\/\/api.w.org\/{rel}","templated":true}]}}