{"id":138,"date":"2019-03-05T11:44:32","date_gmt":"2019-03-05T10:44:32","guid":{"rendered":"https:\/\/sionneau.com\/boutique\/?post_type=product&#038;p=138"},"modified":"2020-03-03T11:19:14","modified_gmt":"2020-03-03T10:19:14","slug":"lacupuncture-pratiquee-en-chine-tome-2-les-traitements-efficaces","status":"publish","type":"product","link":"https:\/\/sionneau.com\/boutique\/medecine--chinoise\/lacupuncture-pratiquee-en-chine-tome-2-les-traitements-efficaces\/","title":{"rendered":"L\u2019Acupuncture pratiqu\u00e9e en Chine 2 Tome 2 : Les traitements efficaces"},"content":{"rendered":"<p>Cet ouvrage est probablement celui qui est le plus facile d\u2019emploi pour la pratique quotidienne. Gr\u00e2ce \u00e0 une pr\u00e9sentation innovante, en un seul regard, il donne pour chaque maladie le diagnostic diff\u00e9rentiel, la symptomatologie, les principes th\u00e9rapeutiques, la combinaison de points, les modifications du traitement, la m\u00e9thode de puncture et de moxibustion ainsi que le nombre, le rythme et la dur\u00e9e des traitements, etc. Comme \u00ab Acupuncture : les points essentiels \u00bb, dont il est le compl\u00e9ment, il fait partie des ouvrages de base de la nouvelle g\u00e9n\u00e9ration d&#8217;acupuncteurs\u2026<\/p>\n<p>Ce deuxi\u00e8me ouvrage est la suite logique et indispensable du premier tome : &#8220;Les points traditionnels&#8221;. Il a pour mission de proposer des enseignements pratiques et in\u00e9dits en langue fran\u00e7aise sur le traitement des maladies par l&#8217;acupuncture, ainsi que les strat\u00e9gies de s\u00e9lections des points. Le livre en fran\u00e7ais le plus vendus dans le domaine de l\u2019acupuncture ces cinq derni\u00e8res ann\u00e9es.<\/p>\n<p>Cet ouvrage avec le deuxi\u00e8me tome (les traitements efficaces) est le meilleur succ\u00e8s de ces douze derni\u00e8res ann\u00e9es en acupuncture dans les pays francophones. Une valeur s\u00fbre.<\/p>\n<h4><strong>Contenu :<\/strong><\/h4>\n<p><strong>Les strat\u00e9gies de s\u00e9lections des points d&#8217;acupuncture.<\/strong> S\u00e9lectionner les points ad\u00e9quats, formuler une prescription de points parfaitement adapt\u00e9e est souvent le moment le plus d\u00e9licat et d\u00e9terminant lors d&#8217;une consultation. Au fil des si\u00e8cles, les acupuncteurs chinois ont \u00e9labor\u00e9 des r\u00e8gles th\u00e9rapeutiques qui repr\u00e9sentent la strat\u00e9gie acupuncturale. Ce livre vient enfin d\u00e9velopper les tactiques traditionnelles les plus capitales.<\/p>\n<p><strong>Le traitement des maladies courantes.<\/strong> Les traitements sont bas\u00e9s sur l&#8217;analyse diff\u00e9rentielle des syndromes de la M.T.C. Chaque maladie est pr\u00e9sent\u00e9e avec ses diff\u00e9rentes typologies traditionnelles o\u00f9 sont d\u00e9crits les sympt\u00f4mes (avec langue et pouls), les principes th\u00e9rapeutiques (r\u00e9sum\u00e9s de la strat\u00e9gie th\u00e9rapeutique), la prescription acupuncturale (combinaison de points efficaces et adapt\u00e9s), la m\u00e9thode de puncture et de moxibustion (tonification, dispersion, manipulation sp\u00e9ciale d&#8217;aiguilles, pr\u00e9cautions particuli\u00e8res&#8230;), le nombre, le rythme et la dur\u00e9e des traitements, etc&#8230;<\/p>\n<p><strong>Le traitement des urgences et des \u00e9tats aigus<\/strong>. Bien qu\u2019assez peu connue pour cela, l\u2019acupuncture peut se montrer tr\u00e8s efficace dans certaines urgences m\u00e9dicales et compl\u00e9ter les soins modernes. Les meilleures associations de points sont pr\u00e9sent\u00e9es de mani\u00e8re pr\u00e9cise.<\/p>\n<p>La pr\u00e9sentation est extr\u00eamement attrayante, claire et fonctionnelle afin d&#8217;offrir au praticien un &#8220;livre-outil&#8221; performant, notamment lors de la pratique en cabinet.<\/p>\n<p>Les donn\u00e9es de cet ouvrage sont bas\u00e9es sur l&#8217;enseignement traditionnel chinois, sur l&#8217;exp\u00e9rience clinique des meilleurs sp\u00e9cialistes ainsi que sur les grands classiques de la litt\u00e9rature acupuncturale chinoise.<\/p>\n<h5 style=\"text-align: center;\"><strong>Pratique &#8211; Clair &#8211; Innovant<br \/>\nId\u00e9al pour l&#8217;\u00e9tude ou la pratique quotidienne <\/strong><\/h5>\n<p style=\"text-align: center;\"><strong>364 pages<br \/>\nformat 160 x 240<br \/>\nprix public : 27,40 \u20ac<br \/>\n2-85707-668-1<\/strong><\/p>\n<h3 style=\"text-align: center;\">COMMENT COMMANDER CE LIVRE ?<\/h3>\n<p><strong>Vous pouvez commander ce livre de trois mani\u00e8res :<\/strong><\/p>\n<ul>\n<li>soit par carte bancaire<\/li>\n<li>soit par virement bancaire<\/li>\n<li>soit par ch\u00e8que bancaire<\/li>\n<\/ul>\n<p>Veuillez suivre les indications pour chaque type de paiement.<\/p>\n<h3>Paiement par carte bancaire :<\/h3>\n<p>1- Ajouter ce livre \u00e0 votre panier (Bouton &#8220;Ajouter au Panier&#8221;).<br \/>\n2- Rendez vous sur la page de validation de commande (Bouton &#8220;Voir le panier&#8221; ou &#8220;Validation de la commande&#8221;).<br \/>\n3- S\u00e9lectionner l\u2019option de paiement par carte bancaire apr\u00e8s avoir entr\u00e9 vos informations de contact.<br \/>\n4- Vous serez guid\u00e9 \u00e0 travers un syst\u00e8me de paiement s\u00e9curis\u00e9 et automatique.<br \/>\n5- Les frais de port sont calcul\u00e9s automatiquement. <a href=\"https:\/\/sionneau.com\/boutique\/ tarifs-livraison\/\">Les tarifs sont expliqu\u00e9s en d\u00e9tail ici <\/a><br \/>\n6- Vous recevrez un email de confirmation de paiement ainsi que la facture. Le livre sera exp\u00e9di\u00e9 tr\u00e8s vite.<\/p>\n<p><script>\ndocument.write('<a class=\"storefront-sticky-add-to-cart__content-button button alt\" href=\"');\ndocument.write((window.location.href).split(\"?\")[0]);\ndocument.write('?add-to-cart=138');\ndocument.write('\"> Ajouter au panier <\/a>');\n<\/script> <a class=\"button checkout wc-forward\" href=\"https:\/\/sionneau.com\/boutique\/commande\/\">Validation de la commande<\/a><\/p>\n<h3>Paiement par virement bancaire<\/h3>\n<p>1- Ajouter ce livre \u00e0 votre panier (Bouton &#8220;Ajouter au Panier&#8221;).<br \/>\n2- Rendez vous sur la page de validation de commande (Bouton &#8220;Voir le panier&#8221; ou &#8220;Validation de la commande&#8221;).<br \/>\n3- S\u00e9lectionner l\u2019option de paiement par virement bancaire apr\u00e8s avoir entr\u00e9 vos informations de contact.<br \/>\n4- Les instructions de paiement vous seront communiqu\u00e9es au moment de l\u2019achat et par email.<br \/>\n5- Les frais de port sont calcul\u00e9s automatiquement. <a href=\"https:\/\/sionneau.com\/boutique\/ tarifs-livraison\/\">Les tarifs sont expliqu\u00e9s en d\u00e9tail ici <\/a><br \/>\n6- Les frais bancaires sont \u00e0 votre charge.<br \/>\n7- Lorsque votre virement bancaire sera re\u00e7u vous recevrez un email de confirmation de paiement avec la facture et le livre sera rapidement envoy\u00e9.<\/p>\n<p><script>\ndocument.write('<a class=\"storefront-sticky-add-to-cart__content-button button alt\" href=\"');\ndocument.write((window.location.href).split(\"?\")[0]);\ndocument.write('?add-to-cart=138');\ndocument.write('\"> Ajouter au panier <\/a>');\n<\/script> <a class=\"button checkout wc-forward\" href=\"https:\/\/sionneau.com\/boutique\/commande\/\">Validation de la commande<\/a><\/p>\n<h3>Paiement par ch\u00e8que bancaire\u00a0<strong><br \/>\n<\/strong><\/h3>\n<p>1- Ajouter ce livre \u00e0 votre panier (Bouton &#8220;Ajouter au Panier&#8221;).<br \/>\n2- Rendez vous sur la page de validation de commande (Bouton &#8220;Voir le panier&#8221; ou &#8220;Validation de la commande&#8221;).<br \/>\n3- S\u00e9lectionner l\u2019option de paiement par ch\u00e8que apr\u00e8s avoir entr\u00e9 vos informations de contact.<br \/>\n4- Les instructions de paiement vous seront communiqu\u00e9es au moment de l\u2019achat et par email.<br \/>\n5- Les frais de port sont calcul\u00e9s automatiquement. <a href=\"https:\/\/sionneau.com\/boutique\/ tarifs-livraison\/\">Les tarifs sont expliqu\u00e9s en d\u00e9tail ici <\/a><br \/>\n7- Lorsque votre ch\u00e8que sera re\u00e7u vous recevrez un email de confirmation de paiement avec la facture et le livre sera imm\u00e9diatement envoy\u00e9.<\/p>\n<p><script>\ndocument.write('<a class=\"storefront-sticky-add-to-cart__content-button button alt\" href=\"');\ndocument.write((window.location.href).split(\"?\")[0]);\ndocument.write('?add-to-cart=138');\ndocument.write('\"> Ajouter au panier <\/a>');\n<\/script> <a class=\"button checkout wc-forward\" href=\"https:\/\/sionneau.com\/boutique\/commande\/\">Validation de la commande<\/a><\/p>\n<h4><strong>Nos garanties :<\/strong><\/h4>\n<h5>a &#8211; Envoi de votre commande le plus rapidement possible<br \/>\nb &#8211; Colis livr\u00e9 \u00e0 domicile<br \/>\nc &#8211; Colis suivi et s\u00e9curis\u00e9<br \/>\nd &#8211; Bonne humeur et sourire garantis 100% fait maison<\/h5>\n<p>&nbsp;<\/p>\n","protected":false},"excerpt":{"rendered":"<h5><span style=\"color: #800000;\"> La pr\u00e9sentation est extr\u00eamement attrayante, claire et fonctionnelle afin d&#8217;offrir au praticien un &#8220;livre-outil&#8221; performant, notamment lors de la pratique en cabinet. <\/span><\/h5>\n","protected":false},"featured_media":108,"template":"","meta":[],"product_cat":[20],"product_tag":[],"yoast_head":"<!-- This site is optimized with the Yoast SEO plugin v20.5 - https:\/\/yoast.com\/wordpress\/plugins\/seo\/ -->\n<title>L\u2019Acupuncture pratiqu\u00e9e en Chine 2 Tome 2 : Les traitements efficaces - Boutique de Sionneau.com<\/title>\n<meta name=\"robots\" content=\"index, follow, max-snippet:-1, max-image-preview:large, max-video-preview:-1\" \/>\n<link rel=\"canonical\" href=\"https:\/\/sionneau.com\/boutique\/medecine--chinoise\/lacupuncture-pratiquee-en-chine-tome-2-les-traitements-efficaces\/\" \/>\n<meta property=\"og:locale\" content=\"fr_FR\" \/>\n<meta property=\"og:type\" content=\"article\" \/>\n<meta property=\"og:title\" content=\"L\u2019Acupuncture pratiqu\u00e9e en Chine 2 Tome 2 : Les traitements efficaces - Boutique de Sionneau.com\" \/>\n<meta property=\"og:description\" content=\"La pr\u00e9sentation est extr\u00eamement attrayante, claire et fonctionnelle afin d&#039;offrir au praticien un &quot;livre-outil&quot; performant, notamment lors de la pratique en cabinet.\" \/>\n<meta property=\"og:url\" content=\"https:\/\/sionneau.com\/boutique\/medecine--chinoise\/lacupuncture-pratiquee-en-chine-tome-2-les-traitements-efficaces\/\" \/>\n<meta property=\"og:site_name\" content=\"Boutique de Sionneau.com\" \/>\n<meta property=\"article:modified_time\" content=\"2020-03-03T10:19:14+00:00\" \/>\n<meta property=\"og:image\" content=\"https:\/\/sionneau.com\/boutique\/wp-content\/uploads\/2018\/12\/acupuncture-traitements-efficaces.jpg\" \/>\n\t<meta property=\"og:image:width\" content=\"313\" \/>\n\t<meta property=\"og:image:height\" content=\"475\" \/>\n\t<meta property=\"og:image:type\" content=\"image\/jpeg\" \/>\n<meta name=\"twitter:card\" content=\"summary_large_image\" \/>\n<meta name=\"twitter:label1\" content=\"Dur\u00e9e de lecture estim\u00e9e\" \/>\n\t<meta name=\"twitter:data1\" content=\"5 minutes\" \/>\n<script type=\"application\/ld+json\" class=\"yoast-schema-graph\">{\"@context\":\"https:\/\/schema.org\",\"@graph\":[{\"@type\":\"WebPage\",\"@id\":\"https:\/\/sionneau.com\/boutique\/medecine--chinoise\/lacupuncture-pratiquee-en-chine-tome-2-les-traitements-efficaces\/\",\"url\":\"https:\/\/sionneau.com\/boutique\/medecine--chinoise\/lacupuncture-pratiquee-en-chine-tome-2-les-traitements-efficaces\/\",\"name\":\"L\u2019Acupuncture pratiqu\u00e9e en Chine 2 Tome 2 : Les traitements efficaces - Boutique de Sionneau.com\",\"isPartOf\":{\"@id\":\"https:\/\/sionneau.com\/boutique\/#website\"},\"datePublished\":\"2019-03-05T10:44:32+00:00\",\"dateModified\":\"2020-03-03T10:19:14+00:00\",\"breadcrumb\":{\"@id\":\"https:\/\/sionneau.com\/boutique\/medecine--chinoise\/lacupuncture-pratiquee-en-chine-tome-2-les-traitements-efficaces\/#breadcrumb\"},\"inLanguage\":\"fr-FR\",\"potentialAction\":[{\"@type\":\"ReadAction\",\"target\":[\"https:\/\/sionneau.com\/boutique\/medecine--chinoise\/lacupuncture-pratiquee-en-chine-tome-2-les-traitements-efficaces\/\"]}]},{\"@type\":\"BreadcrumbList\",\"@id\":\"https:\/\/sionneau.com\/boutique\/medecine--chinoise\/lacupuncture-pratiquee-en-chine-tome-2-les-traitements-efficaces\/#breadcrumb\",\"itemListElement\":[{\"@type\":\"ListItem\",\"position\":1,\"name\":\"Accueil\",\"item\":\"https:\/\/sionneau.com\/boutique\/\"},{\"@type\":\"ListItem\",\"position\":2,\"name\":\"Boutique\",\"item\":\"https:\/\/sionneau.com\/boutique\/\"},{\"@type\":\"ListItem\",\"position\":3,\"name\":\"L\u2019Acupuncture pratiqu\u00e9e en Chine 2 Tome 2 : Les traitements efficaces\"}]},{\"@type\":\"WebSite\",\"@id\":\"https:\/\/sionneau.com\/boutique\/#website\",\"url\":\"https:\/\/sionneau.com\/boutique\/\",\"name\":\"Boutique de Sionneau.com\",\"description\":\"Authenticit\u00e9 &amp; professionnalisme\",\"publisher\":{\"@id\":\"https:\/\/sionneau.com\/boutique\/#organization\"},\"potentialAction\":[{\"@type\":\"SearchAction\",\"target\":{\"@type\":\"EntryPoint\",\"urlTemplate\":\"https:\/\/sionneau.com\/boutique\/?s={search_term_string}\"},\"query-input\":\"required name=search_term_string\"}],\"inLanguage\":\"fr-FR\"},{\"@type\":\"Organization\",\"@id\":\"https:\/\/sionneau.com\/boutique\/#organization\",\"name\":\"Philippe Sionneau\",\"url\":\"https:\/\/sionneau.com\/boutique\/\",\"logo\":{\"@type\":\"ImageObject\",\"inLanguage\":\"fr-FR\",\"@id\":\"https:\/\/sionneau.com\/boutique\/#\/schema\/logo\/image\/\",\"url\":\"https:\/\/sionneau.com\/boutique\/wp-content\/uploads\/2019\/03\/Sionneau-logo-1.png\",\"contentUrl\":\"https:\/\/sionneau.com\/boutique\/wp-content\/uploads\/2019\/03\/Sionneau-logo-1.png\",\"width\":600,\"height\":488,\"caption\":\"Philippe Sionneau\"},\"image\":{\"@id\":\"https:\/\/sionneau.com\/boutique\/#\/schema\/logo\/image\/\"}}]}<\/script>\n<!-- \/ Yoast SEO plugin. -->","yoast_head_json":{"title":"L\u2019Acupuncture pratiqu\u00e9e en Chine 2 Tome 2 : Les traitements efficaces - Boutique de Sionneau.com","robots":{"index":"index","follow":"follow","max-snippet":"max-snippet:-1","max-image-preview":"max-image-preview:large","max-video-preview":"max-video-preview:-1"},"canonical":"https:\/\/sionneau.com\/boutique\/medecine--chinoise\/lacupuncture-pratiquee-en-chine-tome-2-les-traitements-efficaces\/","og_locale":"fr_FR","og_type":"article","og_title":"L\u2019Acupuncture pratiqu\u00e9e en Chine 2 Tome 2 : Les traitements efficaces - Boutique de Sionneau.com","og_description":"La pr\u00e9sentation est extr\u00eamement attrayante, claire et fonctionnelle afin d'offrir au praticien un \"livre-outil\" performant, notamment lors de la pratique en cabinet.","og_url":"https:\/\/sionneau.com\/boutique\/medecine--chinoise\/lacupuncture-pratiquee-en-chine-tome-2-les-traitements-efficaces\/","og_site_name":"Boutique de Sionneau.com","article_modified_time":"2020-03-03T10:19:14+00:00","og_image":[{"width":313,"height":475,"url":"https:\/\/sionneau.com\/boutique\/wp-content\/uploads\/2018\/12\/acupuncture-traitements-efficaces.jpg","type":"image\/jpeg"}],"twitter_card":"summary_large_image","twitter_misc":{"Dur\u00e9e de lecture estim\u00e9e":"5 minutes"},"schema":{"@context":"https:\/\/schema.org","@graph":[{"@type":"WebPage","@id":"https:\/\/sionneau.com\/boutique\/medecine--chinoise\/lacupuncture-pratiquee-en-chine-tome-2-les-traitements-efficaces\/","url":"https:\/\/sionneau.com\/boutique\/medecine--chinoise\/lacupuncture-pratiquee-en-chine-tome-2-les-traitements-efficaces\/","name":"L\u2019Acupuncture pratiqu\u00e9e en Chine 2 Tome 2 : Les traitements efficaces - Boutique de Sionneau.com","isPartOf":{"@id":"https:\/\/sionneau.com\/boutique\/#website"},"datePublished":"2019-03-05T10:44:32+00:00","dateModified":"2020-03-03T10:19:14+00:00","breadcrumb":{"@id":"https:\/\/sionneau.com\/boutique\/medecine--chinoise\/lacupuncture-pratiquee-en-chine-tome-2-les-traitements-efficaces\/#breadcrumb"},"inLanguage":"fr-FR","potentialAction":[{"@type":"ReadAction","target":["https:\/\/sionneau.com\/boutique\/medecine--chinoise\/lacupuncture-pratiquee-en-chine-tome-2-les-traitements-efficaces\/"]}]},{"@type":"BreadcrumbList","@id":"https:\/\/sionneau.com\/boutique\/medecine--chinoise\/lacupuncture-pratiquee-en-chine-tome-2-les-traitements-efficaces\/#breadcrumb","itemListElement":[{"@type":"ListItem","position":1,"name":"Accueil","item":"https:\/\/sionneau.com\/boutique\/"},{"@type":"ListItem","position":2,"name":"Boutique","item":"https:\/\/sionneau.com\/boutique\/"},{"@type":"ListItem","position":3,"name":"L\u2019Acupuncture pratiqu\u00e9e en Chine 2 Tome 2 : Les traitements efficaces"}]},{"@type":"WebSite","@id":"https:\/\/sionneau.com\/boutique\/#website","url":"https:\/\/sionneau.com\/boutique\/","name":"Boutique de Sionneau.com","description":"Authenticit\u00e9 &amp; professionnalisme","publisher":{"@id":"https:\/\/sionneau.com\/boutique\/#organization"},"potentialAction":[{"@type":"SearchAction","target":{"@type":"EntryPoint","urlTemplate":"https:\/\/sionneau.com\/boutique\/?s={search_term_string}"},"query-input":"required name=search_term_string"}],"inLanguage":"fr-FR"},{"@type":"Organization","@id":"https:\/\/sionneau.com\/boutique\/#organization","name":"Philippe Sionneau","url":"https:\/\/sionneau.com\/boutique\/","logo":{"@type":"ImageObject","inLanguage":"fr-FR","@id":"https:\/\/sionneau.com\/boutique\/#\/schema\/logo\/image\/","url":"https:\/\/sionneau.com\/boutique\/wp-content\/uploads\/2019\/03\/Sionneau-logo-1.png","contentUrl":"https:\/\/sionneau.com\/boutique\/wp-content\/uploads\/2019\/03\/Sionneau-logo-1.png","width":600,"height":488,"caption":"Philippe Sionneau"},"image":{"@id":"https:\/\/sionneau.com\/boutique\/#\/schema\/logo\/image\/"}}]}},"_links":{"self":[{"href":"https:\/\/sionneau.com\/boutique\/wp-json\/wp\/v3\/product\/138"}],"collection":[{"href":"https:\/\/sionneau.com\/boutique\/wp-json\/wp\/v3\/product"}],"about":[{"href":"https:\/\/sionneau.com\/boutique\/wp-json\/wp\/v2\/types\/product"}],"wp:featuredmedia":[{"embeddable":true,"href":"https:\/\/sionneau.com\/boutique\/wp-json\/wp\/v2\/media\/108"}],"wp:attachment":[{"href":"https:\/\/sionneau.com\/boutique\/wp-json\/wp\/v2\/media?parent=138"}],"wp:term":[{"taxonomy":"product_cat","embeddable":true,"href":"https:\/\/sionneau.com\/boutique\/wp-json\/wp\/v2\/product_cat?post=138"},{"taxonomy":"product_tag","embeddable":true,"href":"https:\/\/sionneau.com\/boutique\/wp-json\/wp\/v2\/product_tag?post=138"}],"curies":[{"name":"wp","href":"https:\/\/api.w.org\/{rel}","templated":true}]}}