{"id":135,"date":"2019-03-04T18:58:54","date_gmt":"2019-03-04T17:58:54","guid":{"rendered":"https:\/\/sionneau.com\/boutique\/?post_type=product&#038;p=135"},"modified":"2020-03-03T11:20:49","modified_gmt":"2020-03-03T10:20:49","slug":"la-dietetique-du-tao","status":"publish","type":"product","link":"https:\/\/sionneau.com\/boutique\/medecine--chinoise\/la-dietetique-du-tao\/","title":{"rendered":"La Di\u00e9t\u00e9tique du Tao"},"content":{"rendered":"<p>Best-seller, la Di\u00e9t\u00e9tique du Tao est une explication claire et efficace de la di\u00e9t\u00e9tique chinoise. Il r\u00e9v\u00e8le les principes de sant\u00e9 qui ont fait leurs preuves depuis des si\u00e8cles en Orient. Adapt\u00e9s de fa\u00e7on r\u00e9aliste \u00e0 notre monde moderne, ils sont simples et applicables par tout le monde dans sa propre tradition culinaire.<\/p>\n<p>Malgr\u00e9 des conditions de vie bien plus pr\u00e9caires que les n\u00f4tres, les Chinois poss\u00e8dent une long\u00e9vit\u00e9 \u00e9quivalente \u00e0 celle des europ\u00e9ens. Des recherches men\u00e9es par l\u2019Universit\u00e9 d\u2019Oxford montrent clairement que leurs coutumes alimentaires en sont la cause primordiale. Ceci vient confirmer l\u2019adage hippocratique : \u00ab Que l\u2019aliment soit ton premier m\u00e9dicament ! \u00bb.<\/p>\n<p>\u00ab La Di\u00e9t\u00e9tique du Tao \u00bb vous r\u00e9v\u00e8le aujourd\u2019hui les principes de sant\u00e9 qui ont fait leurs preuves depuis des si\u00e8cles en Orient. Adapt\u00e9s de fa\u00e7on r\u00e9aliste \u00e0 notre monde moderne, ils sont simples et applicables par tout le monde dans sa propre tradition culinaire.<\/p>\n<p>Loin des modes qui ne durent que le temps d\u2019un clin d\u2019\u0153il m\u00e9diatique, les grandes r\u00e8gles de la di\u00e9t\u00e9tique chinoise issues d\u2019une sagesse mill\u00e9naire vous permettront d\u2019acqu\u00e9rir un meilleur \u00e9quilibre, une plus grande \u00e9nergie, le maintien d\u2019un poids id\u00e9al, la pr\u00e9vention des maladies de civilisation\u2026<\/p>\n<h3>Que propose ce livre ?<\/h3>\n<p>&nbsp;&nbsp;&nbsp; Il permet de faire de notre alimentation un outil essentiel pour notre sant\u00e9, sur le plan pr\u00e9ventif et curatif, avec des conseils pr\u00e9cis pour nos patients.<br \/>\n&nbsp;&nbsp;&nbsp; Il synth\u00e9tise les grands principes de la di\u00e9t\u00e9tique chinoise. Adapt\u00e9s \u00e0 notre monde occidental de fa\u00e7on r\u00e9aliste, ils sont rendus simples, faciles \u00e0 appliquer et accessibles \u00e0 tous.<br \/>\n&nbsp;&nbsp;&nbsp; Il r\u00e9pond aux principales questions que les patients posent aux th\u00e9rapeutes concernant l\u2019alimentation. Ainsi, sont abord\u00e9s :<\/p>\n<ul>\n<li>La physiologie de la digestion<\/li>\n<li>Les 10 r\u00e8gles de la di\u00e9t\u00e9tique chinoise<\/li>\n<li>Les 9 lois du \u201c savoir-manger \u201d<\/li>\n<li>Comment choisir ses aliments<\/li>\n<li>La pr\u00e9servation de la vitalit\u00e9 des aliments<\/li>\n<li>La coupe et la cuisson des aliments<\/li>\n<li>Les quantit\u00e9s alimentaires et des boissons<\/li>\n<li>L\u2019ob\u00e9sit\u00e9, les allergies, les produits laitiers<\/li>\n<li>L\u2019exc\u00e8s de cholest\u00e9rol, le th\u00e9, le caf\u00e9<\/li>\n<li>Le four micro-ondes, le sucre<\/li>\n<li>L\u2019alimentation bio ou pas bio ?<\/li>\n<li>L\u2019alimentation des enfants, etc&#8230;<\/li>\n<\/ul>\n<h5 style=\"text-align: center;\"><strong>Le livre sur la di\u00e9t\u00e9tique chinoise le plus clair et le plus pratique<br \/>\nDes applications concr\u00e8tes pour les th\u00e9rapeutes et les patients<\/strong><\/h5>\n<h3>Extrait de la table des mati\u00e8res :<\/h3>\n<p>AVANT\u2013PROPOS<\/p>\n<p>1) INTRODUCTION<br \/>\n1.1 Sommes nous \u00e0 la d\u00e9rive ?<br \/>\n1.2 Qu\u2019est-ce que la di\u00e9t\u00e9tique chinoise ?<br \/>\n1.3 Br\u00e8ve histoire de la di\u00e9t\u00e9tique chinoise<br \/>\n1.4 Qu\u2019est-ce qu\u2019\u00eatre en bonne sant\u00e9 ?<\/p>\n<p>2) LES BASES THEORIQUES<br \/>\n2.1 Le Yin\/Yang<br \/>\n2.2 Les cinq mouvements<br \/>\n2.3 Les substances vitales<br \/>\n2.3.1 Le Qi<br \/>\n2.3.2 Le sang<br \/>\n2.3.3 Les Liquides Organiques<br \/>\n2.3.4 Le Jing<br \/>\n2.4 Les organes \/ entrailles<br \/>\n2.5 Comment surviennent les maladies ?<\/p>\n<p>3) LA PHYSIOLOGIE DIGESTIVE SELON LA MEDECINE CHINOISE<br \/>\n3.1 Le Trois Foyers<br \/>\n3.2 Le r\u00f4le de la Rate<br \/>\n3.3 Le r\u00f4le de l\u2019Estomac<br \/>\n3.4 Les relations Rate-Estomac<br \/>\n3.5 Physiologie de la digestion<br \/>\n3.6 \u00c9l\u00e9ments de diagnostic<\/p>\n<p>4) LES ALIMENTS ET LEURS PROPRIETES<br \/>\n4.1 G\u00e9n\u00e9ralit\u00e9s<br \/>\n4.2 La vitalit\u00e9 de l\u2019aliment<br \/>\n4.3 La nature des aliments<br \/>\n4.4 Les saveurs des aliments<br \/>\n4.5 La \u00ab forme \u00bb des aliments<\/p>\n<p>5) UTILISER AU MIEUX LES PROPRIETES DES ALIMENTS<br \/>\n5.1 Introduction<br \/>\n5.2 La conservation des aliments<br \/>\n5.3 La coupe des aliments<br \/>\n5.4 La cuisson des aliments<br \/>\n5.5 Manger cru ou manger cuit ?<\/p>\n<p>6) QUE FAIRE ?<br \/>\n6.1 Introduction<br \/>\n6.2 Nos principales aberrations alimentaires<br \/>\n6.3 Le cadre du repas<br \/>\n6.4 Les grandes r\u00e8gles de la di\u00e9t\u00e9tique chinoise<br \/>\n6.5 Choisir ses aliments<br \/>\n6.6 Comment utiliser la nature des aliments ?<br \/>\n6.7 Comment utiliser les cinq saveurs ?<br \/>\n6.8 Les m\u00e9langes \u00e0 \u00e9viter<br \/>\n6.9 Les quantit\u00e9s alimentaires<br \/>\n6.10 S\u2019adapter \u00e0 l\u2019\u00e2ge<\/p>\n<p>7) AUTRES QUESTIONS SUR LA DIETETIQUE<br \/>\n7.1 Le je\u00fbne<br \/>\n7.2 Le v\u00e9g\u00e9tarisme<br \/>\n7.3 Les allergies<br \/>\n7.4 Le cholest\u00e9rol<br \/>\n7.5 L\u2019ob\u00e9sit\u00e9<br \/>\n7.6 Le four \u00e0 micro-ondes<br \/>\n7.7 Bio ou non bio ?<br \/>\n7.8 L\u2019alimentation des tout-petits<br \/>\n7.9 Boire des litres d\u2019eau ?<br \/>\n7.10 Les laitages<br \/>\n7.11 Le petit d\u00e9jeuner<br \/>\n7.12 Le caf\u00e9<br \/>\n7.13 Le th\u00e9<br \/>\n7.14 Le sucre<br \/>\n7.15 Le pain<\/p>\n<p style=\"text-align: justify;\">ANNEXES (classification des aliments)<br \/>\nBIBLIOGRAPHIE<\/p>\n<p style=\"text-align: center;\"><strong>228 pages<br \/>\nFormat (160&#215;240)<br \/>\nBicolore : noir et rouge<br \/>\nBelle pr\u00e9sentation<br \/>\nNombreuses illustrations, sch\u00e9mas<br \/>\nPrix public : 22 Euros<br \/>\nISBN: 2-84445-264-7<\/strong><\/p>\n<h3 style=\"text-align: center;\">COMMENT COMMANDER CE LIVRE ?<\/h3>\n<p><strong>Vous pouvez commander ce livre de trois mani\u00e8res :<\/strong><\/p>\n<ul>\n<li>soit par carte bancaire<\/li>\n<li>soit par virement bancaire<\/li>\n<li>soit par ch\u00e8que bancaire<\/li>\n<\/ul>\n<p>Veuillez suivre les indications pour chaque type de paiement.<\/p>\n<h3>Paiement par carte bancaire :<\/h3>\n<p>1- Ajouter ce livre \u00e0 votre panier (Bouton &#8220;Ajouter au Panier&#8221;).<br \/>\n2- Rendez vous sur la page de validation de commande (Bouton &#8220;Voir le panier&#8221; ou &#8220;Validation de la commande&#8221;).<br \/>\n3- S\u00e9lectionner l\u2019option de paiement par carte bancaire apr\u00e8s avoir entr\u00e9 vos informations de contact.<br \/>\n4- Vous serez guid\u00e9 \u00e0 travers un syst\u00e8me de paiement s\u00e9curis\u00e9 et automatique.<br \/>\n5- Les frais de port sont calcul\u00e9s automatiquement. <a href=\"https:\/\/sionneau.com\/boutique\/ tarifs-livraison\/\">Les tarifs sont expliqu\u00e9s en d\u00e9tail ici <\/a><br \/>\n6- Vous recevrez un email de confirmation de paiement ainsi que la facture. Le livre sera exp\u00e9di\u00e9 tr\u00e8s vite.<\/p>\n<p><script>\ndocument.write('<a class=\"storefront-sticky-add-to-cart__content-button button alt\" href=\"');\ndocument.write((window.location.href).split(\"?\")[0]);\ndocument.write('?add-to-cart=135');\ndocument.write('\"> Ajouter au panier <\/a>');\n<\/script> <a class=\"button checkout wc-forward\" href=\"https:\/\/sionneau.com\/boutique\/commande\/\">Validation de la commande<\/a><\/p>\n<h3>Paiement par virement bancaire<\/h3>\n<p>1- Ajouter ce livre \u00e0 votre panier (Bouton &#8220;Ajouter au Panier&#8221;).<br \/>\n2- Rendez vous sur la page de validation de commande (Bouton &#8220;Voir le panier&#8221; ou &#8220;Validation de la commande&#8221;).<br \/>\n3- S\u00e9lectionner l\u2019option de paiement par virement bancaire apr\u00e8s avoir entr\u00e9 vos informations de contact.<br \/>\n4- Les instructions de paiement vous seront communiqu\u00e9es au moment de l\u2019achat et par email.<br \/>\n5- Les frais de port sont calcul\u00e9s automatiquement. <a href=\"https:\/\/sionneau.com\/boutique\/ tarifs-livraison\/\">Les tarifs sont expliqu\u00e9s en d\u00e9tail ici <\/a><br \/>\n6- Les frais bancaires sont \u00e0 votre charge.<br \/>\n7- Lorsque votre virement bancaire sera re\u00e7u vous recevrez un email de confirmation de paiement avec la facture et le livre sera rapidement envoy\u00e9.<\/p>\n<p><script>\ndocument.write('<a class=\"storefront-sticky-add-to-cart__content-button button alt\" href=\"');\ndocument.write((window.location.href).split(\"?\")[0]);\ndocument.write('?add-to-cart=135');\ndocument.write('\"> Ajouter au panier <\/a>');\n<\/script> <a class=\"button checkout wc-forward\" href=\"https:\/\/sionneau.com\/boutique\/commande\/\">Validation de la commande<\/a><\/p>\n<h3>Paiement par ch\u00e8que bancaire\u00a0<strong><br \/>\n<\/strong><\/h3>\n<p>1- Ajouter ce livre \u00e0 votre panier (Bouton &#8220;Ajouter au Panier&#8221;).<br \/>\n2- Rendez vous sur la page de validation de commande (Bouton &#8220;Voir le panier&#8221; ou &#8220;Validation de la commande&#8221;).<br \/>\n3- S\u00e9lectionner l\u2019option de paiement par ch\u00e8que apr\u00e8s avoir entr\u00e9 vos informations de contact.<br \/>\n4- Les instructions de paiement vous seront communiqu\u00e9es au moment de l\u2019achat et par email.<br \/>\n5- Les frais de port sont calcul\u00e9s automatiquement. <a href=\"https:\/\/sionneau.com\/boutique\/ tarifs-livraison\/\">Les tarifs sont expliqu\u00e9s en d\u00e9tail ici <\/a><br \/>\n7- Lorsque votre ch\u00e8que sera re\u00e7u vous recevrez un email de confirmation de paiement avec la facture et le livre sera imm\u00e9diatement envoy\u00e9.<\/p>\n<p><script>\ndocument.write('<a class=\"storefront-sticky-add-to-cart__content-button button alt\" href=\"');\ndocument.write((window.location.href).split(\"?\")[0]);\ndocument.write('?add-to-cart=135');\ndocument.write('\"> Ajouter au panier <\/a>');\n<\/script> <a class=\"button checkout wc-forward\" href=\"https:\/\/sionneau.com\/boutique\/commande\/\">Validation de la commande<\/a><\/p>\n<h4><strong>Nos garanties :<\/strong><\/h4>\n<h5>a &#8211; Envoi de votre commande le plus rapidement possible<br \/>\nb &#8211; Colis livr\u00e9 \u00e0 domicile<br \/>\nc &#8211; Colis suivi et s\u00e9curis\u00e9<br \/>\nd &#8211; Bonne humeur et sourire garantis 100% fait maison<\/h5>\n<p>&nbsp;<\/p>\n","protected":false},"excerpt":{"rendered":"<h5><span style=\"color: #800000;\"> Le livre sur la di\u00e9t\u00e9tique chinoise le plus clair et le plus pratique en fran\u00e7ais. Des applications concr\u00e8tes pour les th\u00e9rapeutes et les patients. Best-seller, cet ouvrage est une r\u00e9f\u00e9rence dans le domaine de la di\u00e9t\u00e9tique chinoise.<\/span><\/h5>\n","protected":false},"featured_media":168,"template":"","meta":[],"product_cat":[20],"product_tag":[],"yoast_head":"<!-- This site is optimized with the Yoast SEO plugin v20.5 - https:\/\/yoast.com\/wordpress\/plugins\/seo\/ -->\n<title>La Di\u00e9t\u00e9tique du Tao - Boutique de Sionneau.com<\/title>\n<meta name=\"robots\" content=\"index, follow, max-snippet:-1, max-image-preview:large, max-video-preview:-1\" \/>\n<link rel=\"canonical\" href=\"https:\/\/sionneau.com\/boutique\/medecine--chinoise\/la-dietetique-du-tao\/\" \/>\n<meta property=\"og:locale\" content=\"fr_FR\" \/>\n<meta property=\"og:type\" content=\"article\" \/>\n<meta property=\"og:title\" content=\"La Di\u00e9t\u00e9tique du Tao - Boutique de Sionneau.com\" \/>\n<meta property=\"og:description\" content=\"Le livre sur la di\u00e9t\u00e9tique chinoise le plus clair et le plus pratique en fran\u00e7ais. Des applications concr\u00e8tes pour les th\u00e9rapeutes et les patients. Best-seller, cet ouvrage est une r\u00e9f\u00e9rence dans le domaine de la di\u00e9t\u00e9tique chinoise.\" \/>\n<meta property=\"og:url\" content=\"https:\/\/sionneau.com\/boutique\/medecine--chinoise\/la-dietetique-du-tao\/\" \/>\n<meta property=\"og:site_name\" content=\"Boutique de Sionneau.com\" \/>\n<meta property=\"article:modified_time\" content=\"2020-03-03T10:20:49+00:00\" \/>\n<meta property=\"og:image\" content=\"https:\/\/sionneau.com\/boutique\/wp-content\/uploads\/2019\/03\/couvdiet__listingimage.jpg\" \/>\n\t<meta property=\"og:image:width\" content=\"250\" \/>\n\t<meta property=\"og:image:height\" content=\"375\" \/>\n\t<meta property=\"og:image:type\" content=\"image\/jpeg\" \/>\n<meta name=\"twitter:card\" content=\"summary_large_image\" \/>\n<meta name=\"twitter:label1\" content=\"Dur\u00e9e de lecture estim\u00e9e\" \/>\n\t<meta name=\"twitter:data1\" content=\"6 minutes\" \/>\n<script type=\"application\/ld+json\" class=\"yoast-schema-graph\">{\"@context\":\"https:\/\/schema.org\",\"@graph\":[{\"@type\":\"WebPage\",\"@id\":\"https:\/\/sionneau.com\/boutique\/medecine--chinoise\/la-dietetique-du-tao\/\",\"url\":\"https:\/\/sionneau.com\/boutique\/medecine--chinoise\/la-dietetique-du-tao\/\",\"name\":\"La Di\u00e9t\u00e9tique du Tao - Boutique de Sionneau.com\",\"isPartOf\":{\"@id\":\"https:\/\/sionneau.com\/boutique\/#website\"},\"datePublished\":\"2019-03-04T17:58:54+00:00\",\"dateModified\":\"2020-03-03T10:20:49+00:00\",\"breadcrumb\":{\"@id\":\"https:\/\/sionneau.com\/boutique\/medecine--chinoise\/la-dietetique-du-tao\/#breadcrumb\"},\"inLanguage\":\"fr-FR\",\"potentialAction\":[{\"@type\":\"ReadAction\",\"target\":[\"https:\/\/sionneau.com\/boutique\/medecine--chinoise\/la-dietetique-du-tao\/\"]}]},{\"@type\":\"BreadcrumbList\",\"@id\":\"https:\/\/sionneau.com\/boutique\/medecine--chinoise\/la-dietetique-du-tao\/#breadcrumb\",\"itemListElement\":[{\"@type\":\"ListItem\",\"position\":1,\"name\":\"Accueil\",\"item\":\"https:\/\/sionneau.com\/boutique\/\"},{\"@type\":\"ListItem\",\"position\":2,\"name\":\"Boutique\",\"item\":\"https:\/\/sionneau.com\/boutique\/\"},{\"@type\":\"ListItem\",\"position\":3,\"name\":\"La Di\u00e9t\u00e9tique du Tao\"}]},{\"@type\":\"WebSite\",\"@id\":\"https:\/\/sionneau.com\/boutique\/#website\",\"url\":\"https:\/\/sionneau.com\/boutique\/\",\"name\":\"Boutique de Sionneau.com\",\"description\":\"Authenticit\u00e9 &amp; professionnalisme\",\"publisher\":{\"@id\":\"https:\/\/sionneau.com\/boutique\/#organization\"},\"potentialAction\":[{\"@type\":\"SearchAction\",\"target\":{\"@type\":\"EntryPoint\",\"urlTemplate\":\"https:\/\/sionneau.com\/boutique\/?s={search_term_string}\"},\"query-input\":\"required name=search_term_string\"}],\"inLanguage\":\"fr-FR\"},{\"@type\":\"Organization\",\"@id\":\"https:\/\/sionneau.com\/boutique\/#organization\",\"name\":\"Philippe Sionneau\",\"url\":\"https:\/\/sionneau.com\/boutique\/\",\"logo\":{\"@type\":\"ImageObject\",\"inLanguage\":\"fr-FR\",\"@id\":\"https:\/\/sionneau.com\/boutique\/#\/schema\/logo\/image\/\",\"url\":\"https:\/\/sionneau.com\/boutique\/wp-content\/uploads\/2019\/03\/Sionneau-logo-1.png\",\"contentUrl\":\"https:\/\/sionneau.com\/boutique\/wp-content\/uploads\/2019\/03\/Sionneau-logo-1.png\",\"width\":600,\"height\":488,\"caption\":\"Philippe Sionneau\"},\"image\":{\"@id\":\"https:\/\/sionneau.com\/boutique\/#\/schema\/logo\/image\/\"}}]}<\/script>\n<!-- \/ Yoast SEO plugin. -->","yoast_head_json":{"title":"La Di\u00e9t\u00e9tique du Tao - Boutique de Sionneau.com","robots":{"index":"index","follow":"follow","max-snippet":"max-snippet:-1","max-image-preview":"max-image-preview:large","max-video-preview":"max-video-preview:-1"},"canonical":"https:\/\/sionneau.com\/boutique\/medecine--chinoise\/la-dietetique-du-tao\/","og_locale":"fr_FR","og_type":"article","og_title":"La Di\u00e9t\u00e9tique du Tao - Boutique de Sionneau.com","og_description":"Le livre sur la di\u00e9t\u00e9tique chinoise le plus clair et le plus pratique en fran\u00e7ais. Des applications concr\u00e8tes pour les th\u00e9rapeutes et les patients. Best-seller, cet ouvrage est une r\u00e9f\u00e9rence dans le domaine de la di\u00e9t\u00e9tique chinoise.","og_url":"https:\/\/sionneau.com\/boutique\/medecine--chinoise\/la-dietetique-du-tao\/","og_site_name":"Boutique de Sionneau.com","article_modified_time":"2020-03-03T10:20:49+00:00","og_image":[{"width":250,"height":375,"url":"https:\/\/sionneau.com\/boutique\/wp-content\/uploads\/2019\/03\/couvdiet__listingimage.jpg","type":"image\/jpeg"}],"twitter_card":"summary_large_image","twitter_misc":{"Dur\u00e9e de lecture estim\u00e9e":"6 minutes"},"schema":{"@context":"https:\/\/schema.org","@graph":[{"@type":"WebPage","@id":"https:\/\/sionneau.com\/boutique\/medecine--chinoise\/la-dietetique-du-tao\/","url":"https:\/\/sionneau.com\/boutique\/medecine--chinoise\/la-dietetique-du-tao\/","name":"La Di\u00e9t\u00e9tique du Tao - Boutique de Sionneau.com","isPartOf":{"@id":"https:\/\/sionneau.com\/boutique\/#website"},"datePublished":"2019-03-04T17:58:54+00:00","dateModified":"2020-03-03T10:20:49+00:00","breadcrumb":{"@id":"https:\/\/sionneau.com\/boutique\/medecine--chinoise\/la-dietetique-du-tao\/#breadcrumb"},"inLanguage":"fr-FR","potentialAction":[{"@type":"ReadAction","target":["https:\/\/sionneau.com\/boutique\/medecine--chinoise\/la-dietetique-du-tao\/"]}]},{"@type":"BreadcrumbList","@id":"https:\/\/sionneau.com\/boutique\/medecine--chinoise\/la-dietetique-du-tao\/#breadcrumb","itemListElement":[{"@type":"ListItem","position":1,"name":"Accueil","item":"https:\/\/sionneau.com\/boutique\/"},{"@type":"ListItem","position":2,"name":"Boutique","item":"https:\/\/sionneau.com\/boutique\/"},{"@type":"ListItem","position":3,"name":"La Di\u00e9t\u00e9tique du Tao"}]},{"@type":"WebSite","@id":"https:\/\/sionneau.com\/boutique\/#website","url":"https:\/\/sionneau.com\/boutique\/","name":"Boutique de Sionneau.com","description":"Authenticit\u00e9 &amp; professionnalisme","publisher":{"@id":"https:\/\/sionneau.com\/boutique\/#organization"},"potentialAction":[{"@type":"SearchAction","target":{"@type":"EntryPoint","urlTemplate":"https:\/\/sionneau.com\/boutique\/?s={search_term_string}"},"query-input":"required name=search_term_string"}],"inLanguage":"fr-FR"},{"@type":"Organization","@id":"https:\/\/sionneau.com\/boutique\/#organization","name":"Philippe Sionneau","url":"https:\/\/sionneau.com\/boutique\/","logo":{"@type":"ImageObject","inLanguage":"fr-FR","@id":"https:\/\/sionneau.com\/boutique\/#\/schema\/logo\/image\/","url":"https:\/\/sionneau.com\/boutique\/wp-content\/uploads\/2019\/03\/Sionneau-logo-1.png","contentUrl":"https:\/\/sionneau.com\/boutique\/wp-content\/uploads\/2019\/03\/Sionneau-logo-1.png","width":600,"height":488,"caption":"Philippe Sionneau"},"image":{"@id":"https:\/\/sionneau.com\/boutique\/#\/schema\/logo\/image\/"}}]}},"_links":{"self":[{"href":"https:\/\/sionneau.com\/boutique\/wp-json\/wp\/v3\/product\/135"}],"collection":[{"href":"https:\/\/sionneau.com\/boutique\/wp-json\/wp\/v3\/product"}],"about":[{"href":"https:\/\/sionneau.com\/boutique\/wp-json\/wp\/v2\/types\/product"}],"wp:featuredmedia":[{"embeddable":true,"href":"https:\/\/sionneau.com\/boutique\/wp-json\/wp\/v2\/media\/168"}],"wp:attachment":[{"href":"https:\/\/sionneau.com\/boutique\/wp-json\/wp\/v2\/media?parent=135"}],"wp:term":[{"taxonomy":"product_cat","embeddable":true,"href":"https:\/\/sionneau.com\/boutique\/wp-json\/wp\/v2\/product_cat?post=135"},{"taxonomy":"product_tag","embeddable":true,"href":"https:\/\/sionneau.com\/boutique\/wp-json\/wp\/v2\/product_tag?post=135"}],"curies":[{"name":"wp","href":"https:\/\/api.w.org\/{rel}","templated":true}]}}