{"id":122,"date":"2018-12-12T20:19:17","date_gmt":"2018-12-12T19:19:17","guid":{"rendered":"https:\/\/sionneau.com\/boutique\/?post_type=product&#038;p=122"},"modified":"2020-03-03T11:21:31","modified_gmt":"2020-03-03T10:21:31","slug":"acupuncture-les-points-essentiels","status":"publish","type":"product","link":"https:\/\/sionneau.com\/boutique\/medecine--chinoise\/acupuncture-les-points-essentiels\/","title":{"rendered":"Acupuncture : les points essentiels"},"content":{"rendered":"<p>Jamais un livre n\u2019avait pr\u00e9sent\u00e9 un tel approfondissement sur les points d\u2019acupuncture. V\u00e9ritable concentr\u00e9 de donn\u00e9es pragmatiques et concr\u00e8tes, ce trait\u00e9 examine les points sous de nombreuses facettes. Ce livre est la r\u00e9f\u00e9rence de toute une g\u00e9n\u00e9ration\u2026<\/p>\n<p>La th\u00e8se de cet ouvrage est simple : aucun acupuncteur au monde n\u2019utilise plus de 50 points. Ceci n\u2019est pas d\u00fb au hasard. Sur les 365 points existants, certains sont plus fiables que d\u2019autres. Ainsi, Philippe Sionneau a d\u00e9velopp\u00e9 les 70 \u201c points essentiels \u201d et les 85 \u201c petits points aux grands effets \u201d qui constituent l\u2019essence m\u00eame de la pratique clinique. Jamais un livre n\u2019avait pr\u00e9sent\u00e9 un tel approfondissement sur les points. V\u00e9ritable concentr\u00e9 de donn\u00e9es pragmatiques et concr\u00e8tes, ce trait\u00e9 examine les points sous diff\u00e9rentes facettes :<\/p>\n<ul>\n<li>Une localisation tr\u00e8s pr\u00e9cise : une illustration et une description claire pour chaque point.<\/li>\n<li>L\u2019esprit du point : synth\u00e8se p\u00e9n\u00e9trante sur le m\u00e9canisme des points, sur le sens profond de leurs actions et de leurs dynamiques.<\/li>\n<li>Des protocoles th\u00e9rapeutiques concrets : d\u00e9veloppement sans pr\u00e9c\u00e9dent des applications cliniques majeures des points. Etude de nombreuses maladies selon la nosologie chinoise, exemple : Shan Qi, strangurie-Lin Zheng, syndrome d\u2019atrophie-Wei Zheng, Bi de la poitrine-Xiong Bi, syndrome du Shao Yang, \u00e9puisement-Xu Lao, etc., ou occidentale, exemple : h\u00e9patite, zona, baisse de la libido, azoospermie, HTA, kyste du sein, glaucome, strabisme, syndrome du canal carpien, asthme, etc.<\/li>\n<li>L\u2019art d\u2019associer les points : approfondissement des associations traditionnelles les plus c\u00e9l\u00e8bres, ainsi que la pr\u00e9sentation de plus de 1000 combinaisons de points efficaces.<\/li>\n<li>L\u2019art de diff\u00e9rencier les points : pr\u00e9sentation didactique des diff\u00e9rences entre les points qui sont proches pour une meilleure s\u00e9lection.<\/li>\n<li>Les particularit\u00e9s cliniques des points : un ensemble d\u2019informations qui \u00e9voque le savoir-faire, le \u201c savoir-prescrire \u201d des meilleurs sp\u00e9cialistes, ainsi que les subtilit\u00e9s cliniques pour une meilleure utilisation des points.<\/li>\n<li>La m\u00e9thode du point unique : \u201c une maladie : un point \u201d, m\u00e9thode qui utilise un seul point efficace pour traiter un d\u00e9sordre pr\u00e9cis.<\/li>\n<\/ul>\n<h4>Plus de d\u00e9tails sur le contenu :<\/h4>\n<p>L&#8217;index complet + la bibliographie : <a href=\"https:\/\/sionneau.com\/files\/indexpoint.pdf\" target=\"_blank\" rel=\"noopener noreferrer\">cliquez ici (fichier pdf : n\u00e9cessite Adobe Reader)<\/a><\/p>\n<h5 style=\"text-align: center;\"><strong>Le livre le plus complet et le plus pratique sur les points<br \/>\nLe livre de r\u00e9f\u00e9rence de la nouvelle g\u00e9n\u00e9ration<\/strong><\/h5>\n<p style=\"text-align: center;\"><strong>850 pages<br \/>\nGrand format (190&#215;260)<br \/>\nNombreuses illustrations<br \/>\nPrix public: 45 \u20ac<\/strong><br \/>\n<strong>ISBN: 284445-194-2<\/strong><\/p>\n<h3 style=\"text-align: center;\">COMMENT COMMANDER CE LIVRE ?<\/h3>\n<p><strong>Vous pouvez commander ce livre de trois mani\u00e8res :<\/strong><\/p>\n<ul>\n<li>soit par carte bancaire<\/li>\n<li>soit par virement bancaire<\/li>\n<li>soit par ch\u00e8que bancaire<\/li>\n<\/ul>\n<p>Veuillez suivre les indications pour chaque type de paiement.<\/p>\n<h3>Paiement par carte bancaire :<\/h3>\n<p>1- Ajouter ce livre \u00e0 votre panier (Bouton &#8220;Ajouter au Panier&#8221;).<br \/>\n2- Rendez vous sur la page de validation de commande (Bouton &#8220;Voir le panier&#8221; ou &#8220;Validation de la commande&#8221;).<br \/>\n3- S\u00e9lectionner l\u2019option de paiement par carte bancaire apr\u00e8s avoir entr\u00e9 vos informations de contact.<br \/>\n4- Vous serez guid\u00e9 \u00e0 travers un syst\u00e8me de paiement s\u00e9curis\u00e9 et automatique.<br \/>\n5- Les frais de port sont calcul\u00e9s automatiquement. <a href=\"https:\/\/sionneau.com\/boutique\/ tarifs-livraison\/\">Les tarifs sont expliqu\u00e9s en d\u00e9tail ici <\/a><br \/>\n6- Vous recevrez un email de confirmation de paiement ainsi que la facture. Le livre sera exp\u00e9di\u00e9 tr\u00e8s vite.<\/p>\n<p><script>\ndocument.write('<a class=\"storefront-sticky-add-to-cart__content-button button alt\" href=\"');\ndocument.write((window.location.href).split(\"?\")[0]);\ndocument.write('?add-to-cart=122');\ndocument.write('\"> Ajouter au panier <\/a>');\n<\/script> <a class=\"button checkout wc-forward\" href=\"https:\/\/sionneau.com\/boutique\/commande\/\">Validation de la commande<\/a><\/p>\n<h3>Paiement par virement bancaire<\/h3>\n<p>1- Ajouter ce livre \u00e0 votre panier (Bouton &#8220;Ajouter au Panier&#8221;).<br \/>\n2- Rendez vous sur la page de validation de commande (Bouton &#8220;Voir le panier&#8221; ou &#8220;Validation de la commande&#8221;).<br \/>\n3- S\u00e9lectionner l\u2019option de paiement par virement bancaire apr\u00e8s avoir entr\u00e9 vos informations de contact.<br \/>\n4- Les instructions de paiement vous seront communiqu\u00e9es au moment de l\u2019achat et par email.<br \/>\n5- Les frais de port sont calcul\u00e9s automatiquement. <a href=\"https:\/\/sionneau.com\/boutique\/ tarifs-livraison\/\">Les tarifs sont expliqu\u00e9s en d\u00e9tail ici <\/a><br \/>\n6- Les frais bancaires sont \u00e0 votre charge.<br \/>\n7- Lorsque votre virement bancaire sera re\u00e7u vous recevrez un email de confirmation de paiement avec la facture et le livre sera rapidement envoy\u00e9.<\/p>\n<p><script>\ndocument.write('<a class=\"storefront-sticky-add-to-cart__content-button button alt\" href=\"');\ndocument.write((window.location.href).split(\"?\")[0]);\ndocument.write('?add-to-cart=122');\ndocument.write('\"> Ajouter au panier <\/a>');\n<\/script> <a class=\"button checkout wc-forward\" href=\"https:\/\/sionneau.com\/boutique\/commande\/\">Validation de la commande<\/a><\/p>\n<h3>Paiement par ch\u00e8que bancaire\u00a0<strong><br \/>\n<\/strong><\/h3>\n<p>1- Ajouter ce livre \u00e0 votre panier (Bouton &#8220;Ajouter au Panier&#8221;).<br \/>\n2- Rendez vous sur la page de validation de commande (Bouton &#8220;Voir le panier&#8221; ou &#8220;Validation de la commande&#8221;).<br \/>\n3- S\u00e9lectionner l\u2019option de paiement par ch\u00e8que apr\u00e8s avoir entr\u00e9 vos informations de contact.<br \/>\n4- Les instructions de paiement vous seront communiqu\u00e9es au moment de l\u2019achat et par email.<br \/>\n5- Les frais de port sont calcul\u00e9s automatiquement. <a href=\"https:\/\/sionneau.com\/boutique\/ tarifs-livraison\/\">Les tarifs sont expliqu\u00e9s en d\u00e9tail ici <\/a><br \/>\n7- Lorsque votre ch\u00e8que sera re\u00e7u vous recevrez un email de confirmation de paiement avec la facture et le livre sera imm\u00e9diatement envoy\u00e9.<\/p>\n<p><script>\ndocument.write('<a class=\"storefront-sticky-add-to-cart__content-button button alt\" href=\"');\ndocument.write((window.location.href).split(\"?\")[0]);\ndocument.write('?add-to-cart=122');\ndocument.write('\"> Ajouter au panier <\/a>');\n<\/script> <a class=\"button checkout wc-forward\" href=\"https:\/\/sionneau.com\/boutique\/commande\/\">Validation de la commande<\/a><\/p>\n<h4><strong>Nos garanties :<\/strong><\/h4>\n<h5>a &#8211; Envoi de votre commande le plus rapidement possible<br \/>\nb &#8211; Colis livr\u00e9 \u00e0 domicile<br \/>\nc &#8211; Colis suivi et s\u00e9curis\u00e9<br \/>\nd &#8211; Bonne humeur et sourire garantis 100% fait maison<\/h5>\n<p>&nbsp;<\/p>\n","protected":false},"excerpt":{"rendered":"<h5><span style=\"color: #800000;\"> Le livre le plus complet et le plus pratique sur les points<br \/>\nLe livre de r\u00e9f\u00e9rence de la nouvelle g\u00e9n\u00e9ration <\/span><\/h5>\n","protected":false},"featured_media":111,"template":"","meta":[],"product_cat":[20],"product_tag":[],"yoast_head":"<!-- This site is optimized with the Yoast SEO plugin v20.5 - https:\/\/yoast.com\/wordpress\/plugins\/seo\/ -->\n<title>Acupuncture : les points essentiels - Boutique de Sionneau.com<\/title>\n<meta name=\"robots\" content=\"index, follow, max-snippet:-1, max-image-preview:large, max-video-preview:-1\" \/>\n<link rel=\"canonical\" href=\"https:\/\/sionneau.com\/boutique\/medecine--chinoise\/acupuncture-les-points-essentiels\/\" \/>\n<meta property=\"og:locale\" content=\"fr_FR\" \/>\n<meta property=\"og:type\" content=\"article\" \/>\n<meta property=\"og:title\" content=\"Acupuncture : les points essentiels - Boutique de Sionneau.com\" \/>\n<meta property=\"og:description\" content=\"Le livre le plus complet et le plus pratique sur les points Le livre de r\u00e9f\u00e9rence de la nouvelle g\u00e9n\u00e9ration\" \/>\n<meta property=\"og:url\" content=\"https:\/\/sionneau.com\/boutique\/medecine--chinoise\/acupuncture-les-points-essentiels\/\" \/>\n<meta property=\"og:site_name\" content=\"Boutique de Sionneau.com\" \/>\n<meta property=\"article:modified_time\" content=\"2020-03-03T10:21:31+00:00\" \/>\n<meta property=\"og:image\" content=\"https:\/\/sionneau.com\/boutique\/wp-content\/uploads\/2018\/12\/points2.jpg\" \/>\n\t<meta property=\"og:image:width\" content=\"346\" \/>\n\t<meta property=\"og:image:height\" content=\"489\" \/>\n\t<meta property=\"og:image:type\" content=\"image\/jpeg\" \/>\n<meta name=\"twitter:card\" content=\"summary_large_image\" \/>\n<meta name=\"twitter:label1\" content=\"Dur\u00e9e de lecture estim\u00e9e\" \/>\n\t<meta name=\"twitter:data1\" content=\"4 minutes\" \/>\n<script type=\"application\/ld+json\" class=\"yoast-schema-graph\">{\"@context\":\"https:\/\/schema.org\",\"@graph\":[{\"@type\":\"WebPage\",\"@id\":\"https:\/\/sionneau.com\/boutique\/medecine--chinoise\/acupuncture-les-points-essentiels\/\",\"url\":\"https:\/\/sionneau.com\/boutique\/medecine--chinoise\/acupuncture-les-points-essentiels\/\",\"name\":\"Acupuncture : les points essentiels - Boutique de Sionneau.com\",\"isPartOf\":{\"@id\":\"https:\/\/sionneau.com\/boutique\/#website\"},\"datePublished\":\"2018-12-12T19:19:17+00:00\",\"dateModified\":\"2020-03-03T10:21:31+00:00\",\"breadcrumb\":{\"@id\":\"https:\/\/sionneau.com\/boutique\/medecine--chinoise\/acupuncture-les-points-essentiels\/#breadcrumb\"},\"inLanguage\":\"fr-FR\",\"potentialAction\":[{\"@type\":\"ReadAction\",\"target\":[\"https:\/\/sionneau.com\/boutique\/medecine--chinoise\/acupuncture-les-points-essentiels\/\"]}]},{\"@type\":\"BreadcrumbList\",\"@id\":\"https:\/\/sionneau.com\/boutique\/medecine--chinoise\/acupuncture-les-points-essentiels\/#breadcrumb\",\"itemListElement\":[{\"@type\":\"ListItem\",\"position\":1,\"name\":\"Accueil\",\"item\":\"https:\/\/sionneau.com\/boutique\/\"},{\"@type\":\"ListItem\",\"position\":2,\"name\":\"Boutique\",\"item\":\"https:\/\/sionneau.com\/boutique\/\"},{\"@type\":\"ListItem\",\"position\":3,\"name\":\"Acupuncture : les points essentiels\"}]},{\"@type\":\"WebSite\",\"@id\":\"https:\/\/sionneau.com\/boutique\/#website\",\"url\":\"https:\/\/sionneau.com\/boutique\/\",\"name\":\"Boutique de Sionneau.com\",\"description\":\"Authenticit\u00e9 &amp; professionnalisme\",\"publisher\":{\"@id\":\"https:\/\/sionneau.com\/boutique\/#organization\"},\"potentialAction\":[{\"@type\":\"SearchAction\",\"target\":{\"@type\":\"EntryPoint\",\"urlTemplate\":\"https:\/\/sionneau.com\/boutique\/?s={search_term_string}\"},\"query-input\":\"required name=search_term_string\"}],\"inLanguage\":\"fr-FR\"},{\"@type\":\"Organization\",\"@id\":\"https:\/\/sionneau.com\/boutique\/#organization\",\"name\":\"Philippe Sionneau\",\"url\":\"https:\/\/sionneau.com\/boutique\/\",\"logo\":{\"@type\":\"ImageObject\",\"inLanguage\":\"fr-FR\",\"@id\":\"https:\/\/sionneau.com\/boutique\/#\/schema\/logo\/image\/\",\"url\":\"https:\/\/sionneau.com\/boutique\/wp-content\/uploads\/2019\/03\/Sionneau-logo-1.png\",\"contentUrl\":\"https:\/\/sionneau.com\/boutique\/wp-content\/uploads\/2019\/03\/Sionneau-logo-1.png\",\"width\":600,\"height\":488,\"caption\":\"Philippe Sionneau\"},\"image\":{\"@id\":\"https:\/\/sionneau.com\/boutique\/#\/schema\/logo\/image\/\"}}]}<\/script>\n<!-- \/ Yoast SEO plugin. -->","yoast_head_json":{"title":"Acupuncture : les points essentiels - Boutique de Sionneau.com","robots":{"index":"index","follow":"follow","max-snippet":"max-snippet:-1","max-image-preview":"max-image-preview:large","max-video-preview":"max-video-preview:-1"},"canonical":"https:\/\/sionneau.com\/boutique\/medecine--chinoise\/acupuncture-les-points-essentiels\/","og_locale":"fr_FR","og_type":"article","og_title":"Acupuncture : les points essentiels - Boutique de Sionneau.com","og_description":"Le livre le plus complet et le plus pratique sur les points Le livre de r\u00e9f\u00e9rence de la nouvelle g\u00e9n\u00e9ration","og_url":"https:\/\/sionneau.com\/boutique\/medecine--chinoise\/acupuncture-les-points-essentiels\/","og_site_name":"Boutique de Sionneau.com","article_modified_time":"2020-03-03T10:21:31+00:00","og_image":[{"width":346,"height":489,"url":"https:\/\/sionneau.com\/boutique\/wp-content\/uploads\/2018\/12\/points2.jpg","type":"image\/jpeg"}],"twitter_card":"summary_large_image","twitter_misc":{"Dur\u00e9e de lecture estim\u00e9e":"4 minutes"},"schema":{"@context":"https:\/\/schema.org","@graph":[{"@type":"WebPage","@id":"https:\/\/sionneau.com\/boutique\/medecine--chinoise\/acupuncture-les-points-essentiels\/","url":"https:\/\/sionneau.com\/boutique\/medecine--chinoise\/acupuncture-les-points-essentiels\/","name":"Acupuncture : les points essentiels - Boutique de Sionneau.com","isPartOf":{"@id":"https:\/\/sionneau.com\/boutique\/#website"},"datePublished":"2018-12-12T19:19:17+00:00","dateModified":"2020-03-03T10:21:31+00:00","breadcrumb":{"@id":"https:\/\/sionneau.com\/boutique\/medecine--chinoise\/acupuncture-les-points-essentiels\/#breadcrumb"},"inLanguage":"fr-FR","potentialAction":[{"@type":"ReadAction","target":["https:\/\/sionneau.com\/boutique\/medecine--chinoise\/acupuncture-les-points-essentiels\/"]}]},{"@type":"BreadcrumbList","@id":"https:\/\/sionneau.com\/boutique\/medecine--chinoise\/acupuncture-les-points-essentiels\/#breadcrumb","itemListElement":[{"@type":"ListItem","position":1,"name":"Accueil","item":"https:\/\/sionneau.com\/boutique\/"},{"@type":"ListItem","position":2,"name":"Boutique","item":"https:\/\/sionneau.com\/boutique\/"},{"@type":"ListItem","position":3,"name":"Acupuncture : les points essentiels"}]},{"@type":"WebSite","@id":"https:\/\/sionneau.com\/boutique\/#website","url":"https:\/\/sionneau.com\/boutique\/","name":"Boutique de Sionneau.com","description":"Authenticit\u00e9 &amp; professionnalisme","publisher":{"@id":"https:\/\/sionneau.com\/boutique\/#organization"},"potentialAction":[{"@type":"SearchAction","target":{"@type":"EntryPoint","urlTemplate":"https:\/\/sionneau.com\/boutique\/?s={search_term_string}"},"query-input":"required name=search_term_string"}],"inLanguage":"fr-FR"},{"@type":"Organization","@id":"https:\/\/sionneau.com\/boutique\/#organization","name":"Philippe Sionneau","url":"https:\/\/sionneau.com\/boutique\/","logo":{"@type":"ImageObject","inLanguage":"fr-FR","@id":"https:\/\/sionneau.com\/boutique\/#\/schema\/logo\/image\/","url":"https:\/\/sionneau.com\/boutique\/wp-content\/uploads\/2019\/03\/Sionneau-logo-1.png","contentUrl":"https:\/\/sionneau.com\/boutique\/wp-content\/uploads\/2019\/03\/Sionneau-logo-1.png","width":600,"height":488,"caption":"Philippe Sionneau"},"image":{"@id":"https:\/\/sionneau.com\/boutique\/#\/schema\/logo\/image\/"}}]}},"_links":{"self":[{"href":"https:\/\/sionneau.com\/boutique\/wp-json\/wp\/v3\/product\/122"}],"collection":[{"href":"https:\/\/sionneau.com\/boutique\/wp-json\/wp\/v3\/product"}],"about":[{"href":"https:\/\/sionneau.com\/boutique\/wp-json\/wp\/v2\/types\/product"}],"wp:featuredmedia":[{"embeddable":true,"href":"https:\/\/sionneau.com\/boutique\/wp-json\/wp\/v2\/media\/111"}],"wp:attachment":[{"href":"https:\/\/sionneau.com\/boutique\/wp-json\/wp\/v2\/media?parent=122"}],"wp:term":[{"taxonomy":"product_cat","embeddable":true,"href":"https:\/\/sionneau.com\/boutique\/wp-json\/wp\/v2\/product_cat?post=122"},{"taxonomy":"product_tag","embeddable":true,"href":"https:\/\/sionneau.com\/boutique\/wp-json\/wp\/v2\/product_tag?post=122"}],"curies":[{"name":"wp","href":"https:\/\/api.w.org\/{rel}","templated":true}]}}