{"id":121,"date":"2018-12-12T20:17:54","date_gmt":"2018-12-12T19:17:54","guid":{"rendered":"https:\/\/sionneau.com\/boutique\/?post_type=product&#038;p=121"},"modified":"2020-03-03T11:22:19","modified_gmt":"2020-03-03T10:22:19","slug":"vaincre-la-douleur-par-acupuncture","status":"publish","type":"product","link":"https:\/\/sionneau.com\/boutique\/medecine--chinoise\/vaincre-la-douleur-par-acupuncture\/","title":{"rendered":"Vaincre la douleur par l\u2019acupuncture"},"content":{"rendered":"<p>Dans cet ouvrage unique, Philippe Sionneau nous donne acc\u00e8s au savoir des Anciens concernant le traitement de la douleur par l\u2019acupuncture. Il nous pr\u00e9sente, nous explique, nous \u00e9claire sur deux mill\u00e9naires d\u2019expertise clinique dans l\u2019art de soigner la souffrance du corps. V\u00e9ritable hommage \u00e0 l\u2019authentique m\u00e9decine chinoise classique, cet ouvrage nous d\u00e9voile les secrets des plus grands ma\u00eetres de l\u2019histoire de l\u2019acupuncture traditionnelle.<\/p>\n<p>Gr\u00e2ce \u00e0 ce livre vous allez plonger dans l\u2019acupuncture la plus originelle, la plus ancienne, celle qui domina pendant dix-huit si\u00e8cles. T\u00e9moignage remarquable sur l\u2019exp\u00e9rience des Anciens, ce trait\u00e9 pratique regorge d\u2019informations d\u00e9taill\u00e9es et passionnantes, de traductions in\u00e9dites de textes anciens, de discussions p\u00e9dagogiques sur le fonctionnement th\u00e9rapeutique des points, de plus de\u00a0 340 sch\u00e9mas pour comprendre l\u2019int\u00e9r\u00eat de chaque point pour chaque type de douleurs.<\/p>\n<p>En clair cet ouvrage vous offre\u00a0:<\/p>\n<ul>\n<li>Une masse d\u2019informations in\u00e9dites et passionnantes<\/li>\n<li>Une multitude de traductions in\u00e9dites de textes anciens<\/li>\n<li>Des explications \u00e9clairantes sur les m\u00e9canismes pathologiques<\/li>\n<li>Des discussions p\u00e9dagogiques sur le fonctionnement th\u00e9rapeutique des points<\/li>\n<li>Des centaines d\u2019associations de points tir\u00e9es des plus importants classiques de l\u2019acupuncture.<\/li>\n<li>Plus de 340 sch\u00e9mas pour capter en un clin d\u2019\u0153il l\u2019int\u00e9r\u00eat de chaque point pour la douleur.<\/li>\n<li>Un index extr\u00eamement d\u00e9taill\u00e9 et pratique qui facilite les recherches et la s\u00e9lection des points.<\/li>\n<\/ul>\n<p>Clair et tr\u00e8s didactique, ce texte est une source d\u2019inspiration, une mine d\u2019informations uniques, un outil pratique, un moyen d\u2019apprentissage hors norme sur le traitement de la douleur et l\u2019acupuncture en g\u00e9n\u00e9ral.<\/p>\n<p>L\u2019auteur, <strong>Philippe Sionneau<\/strong> \u00e9tudie, pratique et enseigne l\u2019acupuncture et la moxibustion depuis 25 ans. Auteur du best-seller \u00ab\u00a0Acupuncture\u00a0: les points essentiels\u00a0\u00bb, il nous offre une nouvelle pi\u00e8ce ma\u00eetresse pour une meilleure compr\u00e9hension et application de cet art m\u00e9dical majeur.<\/p>\n<p><strong><span style=\"background-color: #ffff00;\">Lire l&#8217;avant-propos et le premier point d\u00e9velopp\u00e9<\/span><\/strong> [P 1 (zh\u014dng f\u01d4 \u4e2d\u5e9c)] : <a href=\"https:\/\/sionneau.com\/files\/Vaincre_la_douleur_par_Acupuncture_Philippe_Sionneau.pdf\" target=\"_blank\" rel=\"noopener noreferrer\">cliquez sur ce lien pour lire ou t\u00e9l\u00e9charger<\/a><\/p>\n<h5 style=\"text-align: center;\"><strong>Le livre le plus complet concernant la douleur<br \/>\nLe livre le plus pr\u00e9cis concernant l&#8217;acupuncture ancestrale<\/strong><\/h5>\n<p style=\"text-align: center;\"><strong>1072 pages<br \/>\nGrand format (190&#215;240)<br \/>\nNombreux sch\u00e9mas<br \/>\nPrix public: 52 \u20ac seulement<\/strong><br \/>\n<strong>ISBN: 978-2-8132-1695-3<\/strong><\/p>\n<h3 style=\"text-align: center;\">COMMENT COMMANDER CE LIVRE ?<\/h3>\n<p><strong>Vous pouvez commander ce livre de trois mani\u00e8res :<\/strong><\/p>\n<ul>\n<li>soit par carte bancaire<\/li>\n<li>soit par virement bancaire<\/li>\n<li>soit par ch\u00e8que bancaire<\/li>\n<\/ul>\n<p>Veuillez suivre les indications pour chaque type de paiement.<\/p>\n<h3>Paiement par carte bancaire :<\/h3>\n<p>1- Ajouter ce livre \u00e0 votre panier (Bouton &#8220;Ajouter au Panier&#8221;).<br \/>\n2- Rendez vous sur la page de validation de commande (Bouton &#8220;Voir le panier&#8221; ou &#8220;Validation de la commande&#8221;).<br \/>\n3- S\u00e9lectionner l\u2019option de paiement par carte bancaire apr\u00e8s avoir entr\u00e9 vos informations de contact.<br \/>\n4- Vous serez guid\u00e9 \u00e0 travers un syst\u00e8me de paiement s\u00e9curis\u00e9 et automatique.<br \/>\n5- Les frais de port sont calcul\u00e9s automatiquement. <a href=\"https:\/\/sionneau.com\/boutique\/ tarifs-livraison\/\">Les tarifs sont expliqu\u00e9s en d\u00e9tail ici <\/a><br \/>\n6- Vous recevrez un email de confirmation de paiement ainsi que la facture. Le livre sera exp\u00e9di\u00e9 tr\u00e8s vite.<\/p>\n<p><script>\ndocument.write('<a class=\"storefront-sticky-add-to-cart__content-button button alt\" href=\"');\ndocument.write((window.location.href).split(\"?\")[0]);\ndocument.write('?add-to-cart=121');\ndocument.write('\"> Ajouter au panier <\/a>');\n<\/script> <a class=\"button checkout wc-forward\" href=\"https:\/\/sionneau.com\/boutique\/commande\/\">Validation de la commande<\/a><\/p>\n<h3>Paiement par virement bancaire<\/h3>\n<p>1- Ajouter ce livre \u00e0 votre panier (Bouton &#8220;Ajouter au Panier&#8221;).<br \/>\n2- Rendez vous sur la page de validation de commande (Bouton &#8220;Voir le panier&#8221; ou &#8220;Validation de la commande&#8221;).<br \/>\n3- S\u00e9lectionner l\u2019option de paiement par virement bancaire apr\u00e8s avoir entr\u00e9 vos informations de contact.<br \/>\n4- Les instructions de paiement vous seront communiqu\u00e9es au moment de l\u2019achat et par email.<br \/>\n5- Les frais de port sont calcul\u00e9s automatiquement. <a href=\"https:\/\/sionneau.com\/boutique\/ tarifs-livraison\/\">Les tarifs sont expliqu\u00e9s en d\u00e9tail ici <\/a><br \/>\n6- Les frais bancaires sont \u00e0 votre charge.<br \/>\n7- Lorsque votre virement bancaire sera re\u00e7u vous recevrez un email de confirmation de paiement avec la facture et le livre sera rapidement envoy\u00e9.<\/p>\n<p><script>\ndocument.write('<a class=\"storefront-sticky-add-to-cart__content-button button alt\" href=\"');\ndocument.write((window.location.href).split(\"?\")[0]);\ndocument.write('?add-to-cart=121');\ndocument.write('\"> Ajouter au panier <\/a>');\n<\/script> <a class=\"button checkout wc-forward\" href=\"https:\/\/sionneau.com\/boutique\/commande\/\">Validation de la commande<\/a><\/p>\n<h3>Paiement par ch\u00e8que bancaire\u00a0<strong><br \/>\n<\/strong><\/h3>\n<p>1- Ajouter ce livre \u00e0 votre panier (Bouton &#8220;Ajouter au Panier&#8221;).<br \/>\n2- Rendez vous sur la page de validation de commande (Bouton &#8220;Voir le panier&#8221; ou &#8220;Validation de la commande&#8221;).<br \/>\n3- S\u00e9lectionner l\u2019option de paiement par ch\u00e8que apr\u00e8s avoir entr\u00e9 vos informations de contact.<br \/>\n4- Les instructions de paiement vous seront communiqu\u00e9es au moment de l\u2019achat et par email.<br \/>\n5- Les frais de port sont calcul\u00e9s automatiquement. <a href=\"https:\/\/sionneau.com\/boutique\/ tarifs-livraison\/\">Les tarifs sont expliqu\u00e9s en d\u00e9tail ici <\/a><br \/>\n7- Lorsque votre ch\u00e8que sera re\u00e7u vous recevrez un email de confirmation de paiement avec la facture et le livre sera imm\u00e9diatement envoy\u00e9.<\/p>\n<p><script>\ndocument.write('<a class=\"storefront-sticky-add-to-cart__content-button button alt\" href=\"');\ndocument.write((window.location.href).split(\"?\")[0]);\ndocument.write('?add-to-cart=121');\ndocument.write('\"> Ajouter au panier <\/a>');\n<\/script> <a class=\"button checkout wc-forward\" href=\"https:\/\/sionneau.com\/boutique\/commande\/\">Validation de la commande<\/a><\/p>\n<h4><strong>Nos garanties :<\/strong><\/h4>\n<h5>a &#8211; Envoi de votre commande le plus rapidement possible<br \/>\nb &#8211; Colis livr\u00e9 \u00e0 domicile<br \/>\nc &#8211; Colis suivi et s\u00e9curis\u00e9<br \/>\nd &#8211; Bonne humeur et sourire garantis 100% fait maison<\/h5>\n<p>&nbsp;<\/p>\n","protected":false},"excerpt":{"rendered":"<h5><span style=\"color: #800000;\"> Clair et tr\u00e8s didactique, ce texte est une source d\u2019inspiration, une mine d\u2019informations uniques, un outil pratique, un moyen d\u2019apprentissage hors norme sur le traitement de la douleur et l\u2019acupuncture en g\u00e9n\u00e9ral. <\/span><\/h5>\n","protected":false},"featured_media":112,"template":"","meta":[],"product_cat":[20],"product_tag":[],"yoast_head":"<!-- This site is optimized with the Yoast SEO plugin v20.5 - https:\/\/yoast.com\/wordpress\/plugins\/seo\/ -->\n<title>Vaincre la douleur par l\u2019acupuncture - Boutique de Sionneau.com<\/title>\n<meta name=\"robots\" content=\"index, follow, max-snippet:-1, max-image-preview:large, max-video-preview:-1\" \/>\n<link rel=\"canonical\" href=\"https:\/\/sionneau.com\/boutique\/medecine--chinoise\/vaincre-la-douleur-par-acupuncture\/\" \/>\n<meta property=\"og:locale\" content=\"fr_FR\" \/>\n<meta property=\"og:type\" content=\"article\" \/>\n<meta property=\"og:title\" content=\"Vaincre la douleur par l\u2019acupuncture - Boutique de Sionneau.com\" \/>\n<meta property=\"og:description\" content=\"Clair et tr\u00e8s didactique, ce texte est une source d\u2019inspiration, une mine d\u2019informations uniques, un outil pratique, un moyen d\u2019apprentissage hors norme sur le traitement de la douleur et l\u2019acupuncture en g\u00e9n\u00e9ral.\" \/>\n<meta property=\"og:url\" content=\"https:\/\/sionneau.com\/boutique\/medecine--chinoise\/vaincre-la-douleur-par-acupuncture\/\" \/>\n<meta property=\"og:site_name\" content=\"Boutique de Sionneau.com\" \/>\n<meta property=\"article:modified_time\" content=\"2020-03-03T10:22:19+00:00\" \/>\n<meta property=\"og:image\" content=\"https:\/\/sionneau.com\/boutique\/wp-content\/uploads\/2018\/12\/vaincre_la_douleur_acupuncture_sionneau-72res.jpg\" \/>\n\t<meta property=\"og:image:width\" content=\"541\" \/>\n\t<meta property=\"og:image:height\" content=\"679\" \/>\n\t<meta property=\"og:image:type\" content=\"image\/jpeg\" \/>\n<meta name=\"twitter:card\" content=\"summary_large_image\" \/>\n<meta name=\"twitter:label1\" content=\"Dur\u00e9e de lecture estim\u00e9e\" \/>\n\t<meta name=\"twitter:data1\" content=\"4 minutes\" \/>\n<script type=\"application\/ld+json\" class=\"yoast-schema-graph\">{\"@context\":\"https:\/\/schema.org\",\"@graph\":[{\"@type\":\"WebPage\",\"@id\":\"https:\/\/sionneau.com\/boutique\/medecine--chinoise\/vaincre-la-douleur-par-acupuncture\/\",\"url\":\"https:\/\/sionneau.com\/boutique\/medecine--chinoise\/vaincre-la-douleur-par-acupuncture\/\",\"name\":\"Vaincre la douleur par l\u2019acupuncture - Boutique de Sionneau.com\",\"isPartOf\":{\"@id\":\"https:\/\/sionneau.com\/boutique\/#website\"},\"datePublished\":\"2018-12-12T19:17:54+00:00\",\"dateModified\":\"2020-03-03T10:22:19+00:00\",\"breadcrumb\":{\"@id\":\"https:\/\/sionneau.com\/boutique\/medecine--chinoise\/vaincre-la-douleur-par-acupuncture\/#breadcrumb\"},\"inLanguage\":\"fr-FR\",\"potentialAction\":[{\"@type\":\"ReadAction\",\"target\":[\"https:\/\/sionneau.com\/boutique\/medecine--chinoise\/vaincre-la-douleur-par-acupuncture\/\"]}]},{\"@type\":\"BreadcrumbList\",\"@id\":\"https:\/\/sionneau.com\/boutique\/medecine--chinoise\/vaincre-la-douleur-par-acupuncture\/#breadcrumb\",\"itemListElement\":[{\"@type\":\"ListItem\",\"position\":1,\"name\":\"Accueil\",\"item\":\"https:\/\/sionneau.com\/boutique\/\"},{\"@type\":\"ListItem\",\"position\":2,\"name\":\"Boutique\",\"item\":\"https:\/\/sionneau.com\/boutique\/\"},{\"@type\":\"ListItem\",\"position\":3,\"name\":\"Vaincre la douleur par l\u2019acupuncture\"}]},{\"@type\":\"WebSite\",\"@id\":\"https:\/\/sionneau.com\/boutique\/#website\",\"url\":\"https:\/\/sionneau.com\/boutique\/\",\"name\":\"Boutique de Sionneau.com\",\"description\":\"Authenticit\u00e9 &amp; professionnalisme\",\"publisher\":{\"@id\":\"https:\/\/sionneau.com\/boutique\/#organization\"},\"potentialAction\":[{\"@type\":\"SearchAction\",\"target\":{\"@type\":\"EntryPoint\",\"urlTemplate\":\"https:\/\/sionneau.com\/boutique\/?s={search_term_string}\"},\"query-input\":\"required name=search_term_string\"}],\"inLanguage\":\"fr-FR\"},{\"@type\":\"Organization\",\"@id\":\"https:\/\/sionneau.com\/boutique\/#organization\",\"name\":\"Philippe Sionneau\",\"url\":\"https:\/\/sionneau.com\/boutique\/\",\"logo\":{\"@type\":\"ImageObject\",\"inLanguage\":\"fr-FR\",\"@id\":\"https:\/\/sionneau.com\/boutique\/#\/schema\/logo\/image\/\",\"url\":\"https:\/\/sionneau.com\/boutique\/wp-content\/uploads\/2019\/03\/Sionneau-logo-1.png\",\"contentUrl\":\"https:\/\/sionneau.com\/boutique\/wp-content\/uploads\/2019\/03\/Sionneau-logo-1.png\",\"width\":600,\"height\":488,\"caption\":\"Philippe Sionneau\"},\"image\":{\"@id\":\"https:\/\/sionneau.com\/boutique\/#\/schema\/logo\/image\/\"}}]}<\/script>\n<!-- \/ Yoast SEO plugin. -->","yoast_head_json":{"title":"Vaincre la douleur par l\u2019acupuncture - Boutique de Sionneau.com","robots":{"index":"index","follow":"follow","max-snippet":"max-snippet:-1","max-image-preview":"max-image-preview:large","max-video-preview":"max-video-preview:-1"},"canonical":"https:\/\/sionneau.com\/boutique\/medecine--chinoise\/vaincre-la-douleur-par-acupuncture\/","og_locale":"fr_FR","og_type":"article","og_title":"Vaincre la douleur par l\u2019acupuncture - Boutique de Sionneau.com","og_description":"Clair et tr\u00e8s didactique, ce texte est une source d\u2019inspiration, une mine d\u2019informations uniques, un outil pratique, un moyen d\u2019apprentissage hors norme sur le traitement de la douleur et l\u2019acupuncture en g\u00e9n\u00e9ral.","og_url":"https:\/\/sionneau.com\/boutique\/medecine--chinoise\/vaincre-la-douleur-par-acupuncture\/","og_site_name":"Boutique de Sionneau.com","article_modified_time":"2020-03-03T10:22:19+00:00","og_image":[{"width":541,"height":679,"url":"https:\/\/sionneau.com\/boutique\/wp-content\/uploads\/2018\/12\/vaincre_la_douleur_acupuncture_sionneau-72res.jpg","type":"image\/jpeg"}],"twitter_card":"summary_large_image","twitter_misc":{"Dur\u00e9e de lecture estim\u00e9e":"4 minutes"},"schema":{"@context":"https:\/\/schema.org","@graph":[{"@type":"WebPage","@id":"https:\/\/sionneau.com\/boutique\/medecine--chinoise\/vaincre-la-douleur-par-acupuncture\/","url":"https:\/\/sionneau.com\/boutique\/medecine--chinoise\/vaincre-la-douleur-par-acupuncture\/","name":"Vaincre la douleur par l\u2019acupuncture - Boutique de Sionneau.com","isPartOf":{"@id":"https:\/\/sionneau.com\/boutique\/#website"},"datePublished":"2018-12-12T19:17:54+00:00","dateModified":"2020-03-03T10:22:19+00:00","breadcrumb":{"@id":"https:\/\/sionneau.com\/boutique\/medecine--chinoise\/vaincre-la-douleur-par-acupuncture\/#breadcrumb"},"inLanguage":"fr-FR","potentialAction":[{"@type":"ReadAction","target":["https:\/\/sionneau.com\/boutique\/medecine--chinoise\/vaincre-la-douleur-par-acupuncture\/"]}]},{"@type":"BreadcrumbList","@id":"https:\/\/sionneau.com\/boutique\/medecine--chinoise\/vaincre-la-douleur-par-acupuncture\/#breadcrumb","itemListElement":[{"@type":"ListItem","position":1,"name":"Accueil","item":"https:\/\/sionneau.com\/boutique\/"},{"@type":"ListItem","position":2,"name":"Boutique","item":"https:\/\/sionneau.com\/boutique\/"},{"@type":"ListItem","position":3,"name":"Vaincre la douleur par l\u2019acupuncture"}]},{"@type":"WebSite","@id":"https:\/\/sionneau.com\/boutique\/#website","url":"https:\/\/sionneau.com\/boutique\/","name":"Boutique de Sionneau.com","description":"Authenticit\u00e9 &amp; professionnalisme","publisher":{"@id":"https:\/\/sionneau.com\/boutique\/#organization"},"potentialAction":[{"@type":"SearchAction","target":{"@type":"EntryPoint","urlTemplate":"https:\/\/sionneau.com\/boutique\/?s={search_term_string}"},"query-input":"required name=search_term_string"}],"inLanguage":"fr-FR"},{"@type":"Organization","@id":"https:\/\/sionneau.com\/boutique\/#organization","name":"Philippe Sionneau","url":"https:\/\/sionneau.com\/boutique\/","logo":{"@type":"ImageObject","inLanguage":"fr-FR","@id":"https:\/\/sionneau.com\/boutique\/#\/schema\/logo\/image\/","url":"https:\/\/sionneau.com\/boutique\/wp-content\/uploads\/2019\/03\/Sionneau-logo-1.png","contentUrl":"https:\/\/sionneau.com\/boutique\/wp-content\/uploads\/2019\/03\/Sionneau-logo-1.png","width":600,"height":488,"caption":"Philippe Sionneau"},"image":{"@id":"https:\/\/sionneau.com\/boutique\/#\/schema\/logo\/image\/"}}]}},"_links":{"self":[{"href":"https:\/\/sionneau.com\/boutique\/wp-json\/wp\/v3\/product\/121"}],"collection":[{"href":"https:\/\/sionneau.com\/boutique\/wp-json\/wp\/v3\/product"}],"about":[{"href":"https:\/\/sionneau.com\/boutique\/wp-json\/wp\/v2\/types\/product"}],"wp:featuredmedia":[{"embeddable":true,"href":"https:\/\/sionneau.com\/boutique\/wp-json\/wp\/v2\/media\/112"}],"wp:attachment":[{"href":"https:\/\/sionneau.com\/boutique\/wp-json\/wp\/v2\/media?parent=121"}],"wp:term":[{"taxonomy":"product_cat","embeddable":true,"href":"https:\/\/sionneau.com\/boutique\/wp-json\/wp\/v2\/product_cat?post=121"},{"taxonomy":"product_tag","embeddable":true,"href":"https:\/\/sionneau.com\/boutique\/wp-json\/wp\/v2\/product_tag?post=121"}],"curies":[{"name":"wp","href":"https:\/\/api.w.org\/{rel}","templated":true}]}}