{"id":115,"date":"2018-12-11T20:11:42","date_gmt":"2018-12-11T19:11:42","guid":{"rendered":"https:\/\/sionneau.com\/boutique\/?post_type=product&#038;p=115"},"modified":"2020-03-03T11:23:01","modified_gmt":"2020-03-03T10:23:01","slug":"ces-aliments-qui-nous-soignent","status":"publish","type":"product","link":"https:\/\/sionneau.com\/boutique\/medecine--chinoise\/ces-aliments-qui-nous-soignent\/","title":{"rendered":"Ces aliments qui nous soignent"},"content":{"rendered":"<p>Cet ouvrage a \u00e9t\u00e9 pl\u00e9biscit\u00e9 tant par le grand public que les professionnels. Concret, pratique, clair, il apporte une foule d\u2019informations sur les propri\u00e9t\u00e9s m\u00e9dicinales des aliments. Un must \u00e0 d\u00e9couvrir absolument.<\/p>\n<p>Saviez-vous que selon la di\u00e9t\u00e9tique chinoise le concombre traite la r\u00e9tention d\u2019eau, le c\u00e9leri soulage l\u2019hypertension art\u00e9rielle, la pomme de terre soigne les ulc\u00e8res de l\u2019estomac, la carotte fait baisser le taux de cholest\u00e9rol, le c\u00e8pe traite la fatigue, le kiwi fait dig\u00e9rer, la p\u00eache soigne la constipation, la mangue emp\u00eache les vomissements, le crabe facilite l\u2019accouchement, la carpe favorise la production de lait chez la maman qui allaite, la viande de mouton combat la frilosit\u00e9, la viande de lapin fait descendre le taux de sucre dans le sang, la viande de caille traite les rhumatismes, l\u2019\u0153uf de caille est anti-allergique, le gingembre pr\u00e9vient les intoxications alimentaires ?<\/p>\n<h4>Cet ouvrage vous propose de tr\u00e8s nombreuses informations de ce type et plus encore :<\/h4>\n<p>&#8211; Une pr\u00e9sentation pragmatique des grands principes alimentaires chinois dans des termes simples et compr\u00e9hensibles par tous.<br \/>\n&#8211; Une pr\u00e9sentation des grandes familles d\u2019aliments selon le syst\u00e8me chinois.<br \/>\n&#8211; Un guide pour appliquer la sagesse alimentaire chinoise dans la vie courante : mode de cuisson, menus, recettes, suggestions, conseils. Cette partie rend applicable l\u2019ensemble des informations de cet ouvrage.<br \/>\n&#8211; Une \u00e9tude unique des propri\u00e9t\u00e9s m\u00e9dicinales de 170 aliments selon la m\u00e9decine chinoise.<br \/>\n&#8211; Des informations d\u00e9taill\u00e9es sur l\u2019apport nutritionnel des aliments selon la science moderne.<\/p>\n<p>Pratique, passionnant, riche et compr\u00e9hensible par tous ce livre sera utile \u00e0 toutes les personnes qui s\u2019int\u00e9ressent \u00e0 leur \u00e9quilibre alimentaire.<\/p>\n<h4>Plus de d\u00e9tails sur le contenu :<\/h4>\n<p>La table des mati\u00e8res : <a href=\"https:\/\/sionneau.com\/files\/tablalim.pdf\" target=\"_blank\" rel=\"noopener noreferrer\">cliquez ici (fichier pdf : n\u00e9cessite Adobe Reader)<\/a><\/p>\n<p>La liste des questions cl\u00e9s trait\u00e9es dans le livre + l&#8217;index complet : <a href=\"https:\/\/sionneau.com\/files\/indexalim.pdf\" target=\"_blank\" rel=\"noopener noreferrer\">cliquez ici (fichier pdf : n\u00e9cessite Adobe Reader)<\/a><\/p>\n<h5 style=\"text-align: center;\"><strong>Un guide pratique pour les patients<br \/>\nUne source indispensable pour les praticiens<br \/>\nLa r\u00e9f\u00e9rence en di\u00e9t\u00e9tique chinoise<\/strong><\/h5>\n<p style=\"text-align: center;\"><strong>600 pages<br \/>\nFormat (190&#215;260)<br \/>\nBicolore : noir et rouge<br \/>\nBelle pr\u00e9sentation<br \/>\nNombreuses illustrations, sch\u00e9mas<br \/>\nPrix public: 39 Euro<br \/>\nISBN: 2-84445-526-3 <\/strong><\/p>\n<h3 style=\"text-align: center;\">COMMENT COMMANDER CE LIVRE ?<\/h3>\n<p><strong>Vous pouvez commander ce livre de trois mani\u00e8res :<\/strong><\/p>\n<ul>\n<li>soit par carte bancaire<\/li>\n<li>soit par virement bancaire<\/li>\n<li>soit par ch\u00e8que bancaire<\/li>\n<\/ul>\n<p>Veuillez suivre les indications pour chaque type de paiement.<\/p>\n<h3>Paiement par carte bancaire :<\/h3>\n<p>1- Ajouter ce livre \u00e0 votre panier (Bouton &#8220;Ajouter au Panier&#8221;).<br \/>\n2- Rendez vous sur la page de validation de commande (Bouton &#8220;Voir le panier&#8221; ou &#8220;Validation de la commande&#8221;).<br \/>\n3- S\u00e9lectionner l\u2019option de paiement par carte bancaire apr\u00e8s avoir entr\u00e9 vos informations de contact.<br \/>\n4- Vous serez guid\u00e9 \u00e0 travers un syst\u00e8me de paiement s\u00e9curis\u00e9 et automatique.<br \/>\n5- Les frais de port sont calcul\u00e9s automatiquement. <a href=\"https:\/\/sionneau.com\/boutique\/ tarifs-livraison\/\">Les tarifs sont expliqu\u00e9s en d\u00e9tail ici <\/a><br \/>\n6- Vous recevrez un email de confirmation de paiement ainsi que la facture. Le livre sera exp\u00e9di\u00e9 tr\u00e8s vite.<\/p>\n<p><script>\ndocument.write('<a class=\"storefront-sticky-add-to-cart__content-button button alt\" href=\"');\ndocument.write((window.location.href).split(\"?\")[0]);\ndocument.write('?add-to-cart=115');\ndocument.write('\"> Ajouter au panier <\/a>');\n<\/script> <a class=\"button checkout wc-forward\" href=\"https:\/\/sionneau.com\/boutique\/commande\/\">Validation de la commande<\/a><\/p>\n<h3>Paiement par virement bancaire<\/h3>\n<p>1- Ajouter ce livre \u00e0 votre panier (Bouton &#8220;Ajouter au Panier&#8221;).<br \/>\n2- Rendez vous sur la page de validation de commande (Bouton &#8220;Voir le panier&#8221; ou &#8220;Validation de la commande&#8221;).<br \/>\n3- S\u00e9lectionner l\u2019option de paiement par virement bancaire apr\u00e8s avoir entr\u00e9 vos informations de contact.<br \/>\n4- Les instructions de paiement vous seront communiqu\u00e9es au moment de l\u2019achat et par email.<br \/>\n5- Les frais de port sont calcul\u00e9s automatiquement. <a href=\"https:\/\/sionneau.com\/boutique\/ tarifs-livraison\/\">Les tarifs sont expliqu\u00e9s en d\u00e9tail ici <\/a><br \/>\n6- Les frais bancaires sont \u00e0 votre charge.<br \/>\n7- Lorsque votre virement bancaire sera re\u00e7u vous recevrez un email de confirmation de paiement avec la facture et le livre sera rapidement envoy\u00e9.<\/p>\n<p><script>\ndocument.write('<a class=\"storefront-sticky-add-to-cart__content-button button alt\" href=\"');\ndocument.write((window.location.href).split(\"?\")[0]);\ndocument.write('?add-to-cart=115');\ndocument.write('\"> Ajouter au panier <\/a>');\n<\/script> <a class=\"button checkout wc-forward\" href=\"https:\/\/sionneau.com\/boutique\/commande\/\">Validation de la commande<\/a><\/p>\n<h3>Paiement par ch\u00e8que bancaire\u00a0<strong><br \/>\n<\/strong><\/h3>\n<p>1- Ajouter ce livre \u00e0 votre panier (Bouton &#8220;Ajouter au Panier&#8221;).<br \/>\n2- Rendez vous sur la page de validation de commande (Bouton &#8220;Voir le panier&#8221; ou &#8220;Validation de la commande&#8221;).<br \/>\n3- S\u00e9lectionner l\u2019option de paiement par ch\u00e8que apr\u00e8s avoir entr\u00e9 vos informations de contact.<br \/>\n4- Les instructions de paiement vous seront communiqu\u00e9es au moment de l\u2019achat et par email.<br \/>\n5- Les frais de port sont calcul\u00e9s automatiquement. <a href=\"https:\/\/sionneau.com\/boutique\/ tarifs-livraison\/\">Les tarifs sont expliqu\u00e9s en d\u00e9tail ici <\/a><br \/>\n7- Lorsque votre ch\u00e8que sera re\u00e7u vous recevrez un email de confirmation de paiement avec la facture et le livre sera imm\u00e9diatement envoy\u00e9.<\/p>\n<p><script>\ndocument.write('<a class=\"storefront-sticky-add-to-cart__content-button button alt\" href=\"');\ndocument.write((window.location.href).split(\"?\")[0]);\ndocument.write('?add-to-cart=115');\ndocument.write('\"> Ajouter au panier <\/a>');\n<\/script> <a class=\"button checkout wc-forward\" href=\"https:\/\/sionneau.com\/boutique\/commande\/\">Validation de la commande<\/a><\/p>\n<h4><strong>Nos garanties :<\/strong><\/h4>\n<h5>a &#8211; Envoi de votre commande le plus rapidement possible<br \/>\nb &#8211; Colis livr\u00e9 \u00e0 domicile<br \/>\nc &#8211; Colis suivi et s\u00e9curis\u00e9<br \/>\nd &#8211; Bonne humeur et sourire garantis 100% fait maison<\/h5>\n<p>&nbsp;<\/p>\n","protected":false},"excerpt":{"rendered":"<h5><span style=\"color: #800000;\"> Pratique, passionnant, riche et compr\u00e9hensible par tous ce livre sera utile \u00e0 toutes les personnes qui s\u2019int\u00e9ressent \u00e0 leur \u00e9quilibre alimentaire. Best-seller, cet ouvrage est une r\u00e9f\u00e9rence dans le domaine de la di\u00e9t\u00e9tique chinoise. <\/span><\/h5>\n","protected":false},"featured_media":113,"template":"","meta":[],"product_cat":[20],"product_tag":[],"yoast_head":"<!-- This site is optimized with the Yoast SEO plugin v20.5 - https:\/\/yoast.com\/wordpress\/plugins\/seo\/ -->\n<title>Ces aliments qui nous soignent - Boutique de Sionneau.com<\/title>\n<meta name=\"robots\" content=\"index, follow, max-snippet:-1, max-image-preview:large, max-video-preview:-1\" \/>\n<link rel=\"canonical\" href=\"https:\/\/sionneau.com\/boutique\/medecine--chinoise\/ces-aliments-qui-nous-soignent\/\" \/>\n<meta property=\"og:locale\" content=\"fr_FR\" \/>\n<meta property=\"og:type\" content=\"article\" \/>\n<meta property=\"og:title\" content=\"Ces aliments qui nous soignent - Boutique de Sionneau.com\" \/>\n<meta property=\"og:description\" content=\"Pratique, passionnant, riche et compr\u00e9hensible par tous ce livre sera utile \u00e0 toutes les personnes qui s\u2019int\u00e9ressent \u00e0 leur \u00e9quilibre alimentaire. Best-seller, cet ouvrage est une r\u00e9f\u00e9rence dans le domaine de la di\u00e9t\u00e9tique chinoise.\" \/>\n<meta property=\"og:url\" content=\"https:\/\/sionneau.com\/boutique\/medecine--chinoise\/ces-aliments-qui-nous-soignent\/\" \/>\n<meta property=\"og:site_name\" content=\"Boutique de Sionneau.com\" \/>\n<meta property=\"article:modified_time\" content=\"2020-03-03T10:23:01+00:00\" \/>\n<meta property=\"og:image\" content=\"https:\/\/sionneau.com\/boutique\/wp-content\/uploads\/2018\/12\/aliments2-2__medium.jpg\" \/>\n\t<meta property=\"og:image:width\" content=\"250\" \/>\n\t<meta property=\"og:image:height\" content=\"344\" \/>\n\t<meta property=\"og:image:type\" content=\"image\/jpeg\" \/>\n<meta name=\"twitter:card\" content=\"summary_large_image\" \/>\n<meta name=\"twitter:label1\" content=\"Dur\u00e9e de lecture estim\u00e9e\" \/>\n\t<meta name=\"twitter:data1\" content=\"4 minutes\" \/>\n<script type=\"application\/ld+json\" class=\"yoast-schema-graph\">{\"@context\":\"https:\/\/schema.org\",\"@graph\":[{\"@type\":\"WebPage\",\"@id\":\"https:\/\/sionneau.com\/boutique\/medecine--chinoise\/ces-aliments-qui-nous-soignent\/\",\"url\":\"https:\/\/sionneau.com\/boutique\/medecine--chinoise\/ces-aliments-qui-nous-soignent\/\",\"name\":\"Ces aliments qui nous soignent - Boutique de Sionneau.com\",\"isPartOf\":{\"@id\":\"https:\/\/sionneau.com\/boutique\/#website\"},\"datePublished\":\"2018-12-11T19:11:42+00:00\",\"dateModified\":\"2020-03-03T10:23:01+00:00\",\"breadcrumb\":{\"@id\":\"https:\/\/sionneau.com\/boutique\/medecine--chinoise\/ces-aliments-qui-nous-soignent\/#breadcrumb\"},\"inLanguage\":\"fr-FR\",\"potentialAction\":[{\"@type\":\"ReadAction\",\"target\":[\"https:\/\/sionneau.com\/boutique\/medecine--chinoise\/ces-aliments-qui-nous-soignent\/\"]}]},{\"@type\":\"BreadcrumbList\",\"@id\":\"https:\/\/sionneau.com\/boutique\/medecine--chinoise\/ces-aliments-qui-nous-soignent\/#breadcrumb\",\"itemListElement\":[{\"@type\":\"ListItem\",\"position\":1,\"name\":\"Accueil\",\"item\":\"https:\/\/sionneau.com\/boutique\/\"},{\"@type\":\"ListItem\",\"position\":2,\"name\":\"Boutique\",\"item\":\"https:\/\/sionneau.com\/boutique\/\"},{\"@type\":\"ListItem\",\"position\":3,\"name\":\"Ces aliments qui nous soignent\"}]},{\"@type\":\"WebSite\",\"@id\":\"https:\/\/sionneau.com\/boutique\/#website\",\"url\":\"https:\/\/sionneau.com\/boutique\/\",\"name\":\"Boutique de Sionneau.com\",\"description\":\"Authenticit\u00e9 &amp; professionnalisme\",\"publisher\":{\"@id\":\"https:\/\/sionneau.com\/boutique\/#organization\"},\"potentialAction\":[{\"@type\":\"SearchAction\",\"target\":{\"@type\":\"EntryPoint\",\"urlTemplate\":\"https:\/\/sionneau.com\/boutique\/?s={search_term_string}\"},\"query-input\":\"required name=search_term_string\"}],\"inLanguage\":\"fr-FR\"},{\"@type\":\"Organization\",\"@id\":\"https:\/\/sionneau.com\/boutique\/#organization\",\"name\":\"Philippe Sionneau\",\"url\":\"https:\/\/sionneau.com\/boutique\/\",\"logo\":{\"@type\":\"ImageObject\",\"inLanguage\":\"fr-FR\",\"@id\":\"https:\/\/sionneau.com\/boutique\/#\/schema\/logo\/image\/\",\"url\":\"https:\/\/sionneau.com\/boutique\/wp-content\/uploads\/2019\/03\/Sionneau-logo-1.png\",\"contentUrl\":\"https:\/\/sionneau.com\/boutique\/wp-content\/uploads\/2019\/03\/Sionneau-logo-1.png\",\"width\":600,\"height\":488,\"caption\":\"Philippe Sionneau\"},\"image\":{\"@id\":\"https:\/\/sionneau.com\/boutique\/#\/schema\/logo\/image\/\"}}]}<\/script>\n<!-- \/ Yoast SEO plugin. -->","yoast_head_json":{"title":"Ces aliments qui nous soignent - Boutique de Sionneau.com","robots":{"index":"index","follow":"follow","max-snippet":"max-snippet:-1","max-image-preview":"max-image-preview:large","max-video-preview":"max-video-preview:-1"},"canonical":"https:\/\/sionneau.com\/boutique\/medecine--chinoise\/ces-aliments-qui-nous-soignent\/","og_locale":"fr_FR","og_type":"article","og_title":"Ces aliments qui nous soignent - Boutique de Sionneau.com","og_description":"Pratique, passionnant, riche et compr\u00e9hensible par tous ce livre sera utile \u00e0 toutes les personnes qui s\u2019int\u00e9ressent \u00e0 leur \u00e9quilibre alimentaire. Best-seller, cet ouvrage est une r\u00e9f\u00e9rence dans le domaine de la di\u00e9t\u00e9tique chinoise.","og_url":"https:\/\/sionneau.com\/boutique\/medecine--chinoise\/ces-aliments-qui-nous-soignent\/","og_site_name":"Boutique de Sionneau.com","article_modified_time":"2020-03-03T10:23:01+00:00","og_image":[{"width":250,"height":344,"url":"https:\/\/sionneau.com\/boutique\/wp-content\/uploads\/2018\/12\/aliments2-2__medium.jpg","type":"image\/jpeg"}],"twitter_card":"summary_large_image","twitter_misc":{"Dur\u00e9e de lecture estim\u00e9e":"4 minutes"},"schema":{"@context":"https:\/\/schema.org","@graph":[{"@type":"WebPage","@id":"https:\/\/sionneau.com\/boutique\/medecine--chinoise\/ces-aliments-qui-nous-soignent\/","url":"https:\/\/sionneau.com\/boutique\/medecine--chinoise\/ces-aliments-qui-nous-soignent\/","name":"Ces aliments qui nous soignent - Boutique de Sionneau.com","isPartOf":{"@id":"https:\/\/sionneau.com\/boutique\/#website"},"datePublished":"2018-12-11T19:11:42+00:00","dateModified":"2020-03-03T10:23:01+00:00","breadcrumb":{"@id":"https:\/\/sionneau.com\/boutique\/medecine--chinoise\/ces-aliments-qui-nous-soignent\/#breadcrumb"},"inLanguage":"fr-FR","potentialAction":[{"@type":"ReadAction","target":["https:\/\/sionneau.com\/boutique\/medecine--chinoise\/ces-aliments-qui-nous-soignent\/"]}]},{"@type":"BreadcrumbList","@id":"https:\/\/sionneau.com\/boutique\/medecine--chinoise\/ces-aliments-qui-nous-soignent\/#breadcrumb","itemListElement":[{"@type":"ListItem","position":1,"name":"Accueil","item":"https:\/\/sionneau.com\/boutique\/"},{"@type":"ListItem","position":2,"name":"Boutique","item":"https:\/\/sionneau.com\/boutique\/"},{"@type":"ListItem","position":3,"name":"Ces aliments qui nous soignent"}]},{"@type":"WebSite","@id":"https:\/\/sionneau.com\/boutique\/#website","url":"https:\/\/sionneau.com\/boutique\/","name":"Boutique de Sionneau.com","description":"Authenticit\u00e9 &amp; professionnalisme","publisher":{"@id":"https:\/\/sionneau.com\/boutique\/#organization"},"potentialAction":[{"@type":"SearchAction","target":{"@type":"EntryPoint","urlTemplate":"https:\/\/sionneau.com\/boutique\/?s={search_term_string}"},"query-input":"required name=search_term_string"}],"inLanguage":"fr-FR"},{"@type":"Organization","@id":"https:\/\/sionneau.com\/boutique\/#organization","name":"Philippe Sionneau","url":"https:\/\/sionneau.com\/boutique\/","logo":{"@type":"ImageObject","inLanguage":"fr-FR","@id":"https:\/\/sionneau.com\/boutique\/#\/schema\/logo\/image\/","url":"https:\/\/sionneau.com\/boutique\/wp-content\/uploads\/2019\/03\/Sionneau-logo-1.png","contentUrl":"https:\/\/sionneau.com\/boutique\/wp-content\/uploads\/2019\/03\/Sionneau-logo-1.png","width":600,"height":488,"caption":"Philippe Sionneau"},"image":{"@id":"https:\/\/sionneau.com\/boutique\/#\/schema\/logo\/image\/"}}]}},"_links":{"self":[{"href":"https:\/\/sionneau.com\/boutique\/wp-json\/wp\/v3\/product\/115"}],"collection":[{"href":"https:\/\/sionneau.com\/boutique\/wp-json\/wp\/v3\/product"}],"about":[{"href":"https:\/\/sionneau.com\/boutique\/wp-json\/wp\/v2\/types\/product"}],"wp:featuredmedia":[{"embeddable":true,"href":"https:\/\/sionneau.com\/boutique\/wp-json\/wp\/v2\/media\/113"}],"wp:attachment":[{"href":"https:\/\/sionneau.com\/boutique\/wp-json\/wp\/v2\/media?parent=115"}],"wp:term":[{"taxonomy":"product_cat","embeddable":true,"href":"https:\/\/sionneau.com\/boutique\/wp-json\/wp\/v2\/product_cat?post=115"},{"taxonomy":"product_tag","embeddable":true,"href":"https:\/\/sionneau.com\/boutique\/wp-json\/wp\/v2\/product_tag?post=115"}],"curies":[{"name":"wp","href":"https:\/\/api.w.org\/{rel}","templated":true}]}}