{"id":195,"date":"2019-03-08T11:40:12","date_gmt":"2019-03-08T10:40:12","guid":{"rendered":"https:\/\/sionneau.com\/boutique\/?page_id=195"},"modified":"2019-03-13T17:48:40","modified_gmt":"2019-03-13T16:48:40","slug":"tarifs-livraison","status":"publish","type":"page","link":"https:\/\/sionneau.com\/boutique\/tarifs-livraison\/","title":{"rendered":"Fonctionnement de la Livraison"},"content":{"rendered":"\n<h3 class=\"wp-block-heading\"><strong>Pour les exp\u00e9ditions hors France m\u00e9tropolitaine :<\/strong><\/h3>\n\n\n\n<p>Veuillez nous contacter pour conna\u00eetre le co\u00fbt pr\u00e9cis des frais de port :\u00a0<a href=\"mailto:organisation@sionneau.com\">organisation@sionneau.com<\/a><\/p>\n\n\n\n<hr class=\"wp-block-separator is-style-wide\"\/>\n\n\n\n<h3 class=\"wp-block-heading\"><strong>Pour la France m\u00e9tropolitaine :<\/strong><\/h3>\n\n\n\n<p>Tarif des frais de port et emballage :<\/p>\n\n\n\n<p><strong>Cat\u00e9gorie A&nbsp;<\/strong>( = Tous les livres sauf ceux de la cat\u00e9gorie B)<br>1 ou 2 livres : <strong>10,65 \u20ac<\/strong><br>3 ou 4 livres : <strong>15,15 \u20ac<\/strong><br>5 livres et plus : <strong>19,20 \u20ac<\/strong><\/p>\n\n\n\n<p style=\"text-align:left\"><strong>Cat\u00e9gorie B =\u00a015,15 \u20ac par livre<\/strong> <br>&#8211; Acupuncture : les points essentiels <br>&#8211; Ces aliments qui nous soignent<br>&#8211; Vaincre la douleur par l&#8217;acupuncture<br>&#8211; Trait\u00e9 de phytoth\u00e9rapie chinoise<br>&#8211; Pao Zhi \u2013 Prescrire les substances m\u00e9dicinales chinoises pr\u00e9par\u00e9e<\/p>\n\n\n\n<p><strong>Attention si vous commandez 1 ou plusieurs livres de la cat\u00e9gorie A et 1 de la cat\u00e9gorie B, les frais s\u2019additionnent.<\/strong><br>Par exemple, si vous achetez 2 livres cat\u00e9gorie A et 1 livre cat\u00e9gorie B, le total est de 10,65 \u20ac + 15,15 \u20ac = 25,80 \u20ac.<\/p>\n\n\n\n<p><strong>Les frais de port et d&#8217;emballage sont des frais r\u00e9els qui d\u00e9pendent des tarifs de la poste fran\u00e7aise.<\/strong><\/p>\n","protected":false},"excerpt":{"rendered":"<p>Pour les exp\u00e9ditions hors France m\u00e9tropolitaine : Veuillez nous contacter pour conna\u00eetre le co\u00fbt pr\u00e9cis des frais de port :\u00a0organisation@sionneau.com Pour la France m\u00e9tropolitaine : Tarif des frais de port et emballage : Cat\u00e9gorie A&nbsp;( = Tous les livres sauf ceux de la cat\u00e9gorie B)1 ou 2 livres : 10,65 \u20ac3 ou 4 livres : [&hellip;]<\/p>\n","protected":false},"author":1,"featured_media":0,"parent":0,"menu_order":0,"comment_status":"closed","ping_status":"closed","template":"","meta":[],"yoast_head":"<!-- This site is optimized with the Yoast SEO plugin v20.5 - https:\/\/yoast.com\/wordpress\/plugins\/seo\/ -->\n<title>Fonctionnement de la Livraison - Boutique de Sionneau.com<\/title>\n<meta name=\"robots\" content=\"noindex, follow\" \/>\n<meta property=\"og:locale\" content=\"fr_FR\" \/>\n<meta property=\"og:type\" content=\"article\" \/>\n<meta property=\"og:title\" content=\"Fonctionnement de la Livraison - Boutique de Sionneau.com\" \/>\n<meta property=\"og:description\" content=\"Pour les exp\u00e9ditions hors France m\u00e9tropolitaine : Veuillez nous contacter pour conna\u00eetre le co\u00fbt pr\u00e9cis des frais de port :\u00a0organisation@sionneau.com Pour la France m\u00e9tropolitaine : Tarif des frais de port et emballage : Cat\u00e9gorie A&nbsp;( = Tous les livres sauf ceux de la cat\u00e9gorie B)1 ou 2 livres : 10,65 \u20ac3 ou 4 livres : [&hellip;]\" \/>\n<meta property=\"og:url\" content=\"https:\/\/sionneau.com\/boutique\/tarifs-livraison\/\" \/>\n<meta property=\"og:site_name\" content=\"Boutique de Sionneau.com\" \/>\n<meta property=\"article:modified_time\" content=\"2019-03-13T16:48:40+00:00\" \/>\n<meta name=\"twitter:card\" content=\"summary_large_image\" \/>\n<meta name=\"twitter:label1\" content=\"Dur\u00e9e de lecture estim\u00e9e\" \/>\n\t<meta name=\"twitter:data1\" content=\"1 minute\" \/>\n<script type=\"application\/ld+json\" class=\"yoast-schema-graph\">{\"@context\":\"https:\/\/schema.org\",\"@graph\":[{\"@type\":\"WebPage\",\"@id\":\"https:\/\/sionneau.com\/boutique\/tarifs-livraison\/\",\"url\":\"https:\/\/sionneau.com\/boutique\/tarifs-livraison\/\",\"name\":\"Fonctionnement de la Livraison - Boutique de Sionneau.com\",\"isPartOf\":{\"@id\":\"https:\/\/sionneau.com\/boutique\/#website\"},\"datePublished\":\"2019-03-08T10:40:12+00:00\",\"dateModified\":\"2019-03-13T16:48:40+00:00\",\"breadcrumb\":{\"@id\":\"https:\/\/sionneau.com\/boutique\/tarifs-livraison\/#breadcrumb\"},\"inLanguage\":\"fr-FR\",\"potentialAction\":[{\"@type\":\"ReadAction\",\"target\":[\"https:\/\/sionneau.com\/boutique\/tarifs-livraison\/\"]}]},{\"@type\":\"BreadcrumbList\",\"@id\":\"https:\/\/sionneau.com\/boutique\/tarifs-livraison\/#breadcrumb\",\"itemListElement\":[{\"@type\":\"ListItem\",\"position\":1,\"name\":\"Accueil\",\"item\":\"https:\/\/sionneau.com\/boutique\/\"},{\"@type\":\"ListItem\",\"position\":2,\"name\":\"Fonctionnement de la Livraison\"}]},{\"@type\":\"WebSite\",\"@id\":\"https:\/\/sionneau.com\/boutique\/#website\",\"url\":\"https:\/\/sionneau.com\/boutique\/\",\"name\":\"Boutique de Sionneau.com\",\"description\":\"Authenticit\u00e9 &amp; professionnalisme\",\"publisher\":{\"@id\":\"https:\/\/sionneau.com\/boutique\/#organization\"},\"potentialAction\":[{\"@type\":\"SearchAction\",\"target\":{\"@type\":\"EntryPoint\",\"urlTemplate\":\"https:\/\/sionneau.com\/boutique\/?s={search_term_string}\"},\"query-input\":\"required name=search_term_string\"}],\"inLanguage\":\"fr-FR\"},{\"@type\":\"Organization\",\"@id\":\"https:\/\/sionneau.com\/boutique\/#organization\",\"name\":\"Philippe Sionneau\",\"url\":\"https:\/\/sionneau.com\/boutique\/\",\"logo\":{\"@type\":\"ImageObject\",\"inLanguage\":\"fr-FR\",\"@id\":\"https:\/\/sionneau.com\/boutique\/#\/schema\/logo\/image\/\",\"url\":\"https:\/\/sionneau.com\/boutique\/wp-content\/uploads\/2019\/03\/Sionneau-logo-1.png\",\"contentUrl\":\"https:\/\/sionneau.com\/boutique\/wp-content\/uploads\/2019\/03\/Sionneau-logo-1.png\",\"width\":600,\"height\":488,\"caption\":\"Philippe Sionneau\"},\"image\":{\"@id\":\"https:\/\/sionneau.com\/boutique\/#\/schema\/logo\/image\/\"}}]}<\/script>\n<!-- \/ Yoast SEO plugin. -->","yoast_head_json":{"title":"Fonctionnement de la Livraison - Boutique de Sionneau.com","robots":{"index":"noindex","follow":"follow"},"og_locale":"fr_FR","og_type":"article","og_title":"Fonctionnement de la Livraison - Boutique de Sionneau.com","og_description":"Pour les exp\u00e9ditions hors France m\u00e9tropolitaine : Veuillez nous contacter pour conna\u00eetre le co\u00fbt pr\u00e9cis des frais de port :\u00a0organisation@sionneau.com Pour la France m\u00e9tropolitaine : Tarif des frais de port et emballage : Cat\u00e9gorie A&nbsp;( = Tous les livres sauf ceux de la cat\u00e9gorie B)1 ou 2 livres : 10,65 \u20ac3 ou 4 livres : [&hellip;]","og_url":"https:\/\/sionneau.com\/boutique\/tarifs-livraison\/","og_site_name":"Boutique de Sionneau.com","article_modified_time":"2019-03-13T16:48:40+00:00","twitter_card":"summary_large_image","twitter_misc":{"Dur\u00e9e de lecture estim\u00e9e":"1 minute"},"schema":{"@context":"https:\/\/schema.org","@graph":[{"@type":"WebPage","@id":"https:\/\/sionneau.com\/boutique\/tarifs-livraison\/","url":"https:\/\/sionneau.com\/boutique\/tarifs-livraison\/","name":"Fonctionnement de la Livraison - Boutique de Sionneau.com","isPartOf":{"@id":"https:\/\/sionneau.com\/boutique\/#website"},"datePublished":"2019-03-08T10:40:12+00:00","dateModified":"2019-03-13T16:48:40+00:00","breadcrumb":{"@id":"https:\/\/sionneau.com\/boutique\/tarifs-livraison\/#breadcrumb"},"inLanguage":"fr-FR","potentialAction":[{"@type":"ReadAction","target":["https:\/\/sionneau.com\/boutique\/tarifs-livraison\/"]}]},{"@type":"BreadcrumbList","@id":"https:\/\/sionneau.com\/boutique\/tarifs-livraison\/#breadcrumb","itemListElement":[{"@type":"ListItem","position":1,"name":"Accueil","item":"https:\/\/sionneau.com\/boutique\/"},{"@type":"ListItem","position":2,"name":"Fonctionnement de la Livraison"}]},{"@type":"WebSite","@id":"https:\/\/sionneau.com\/boutique\/#website","url":"https:\/\/sionneau.com\/boutique\/","name":"Boutique de Sionneau.com","description":"Authenticit\u00e9 &amp; professionnalisme","publisher":{"@id":"https:\/\/sionneau.com\/boutique\/#organization"},"potentialAction":[{"@type":"SearchAction","target":{"@type":"EntryPoint","urlTemplate":"https:\/\/sionneau.com\/boutique\/?s={search_term_string}"},"query-input":"required name=search_term_string"}],"inLanguage":"fr-FR"},{"@type":"Organization","@id":"https:\/\/sionneau.com\/boutique\/#organization","name":"Philippe Sionneau","url":"https:\/\/sionneau.com\/boutique\/","logo":{"@type":"ImageObject","inLanguage":"fr-FR","@id":"https:\/\/sionneau.com\/boutique\/#\/schema\/logo\/image\/","url":"https:\/\/sionneau.com\/boutique\/wp-content\/uploads\/2019\/03\/Sionneau-logo-1.png","contentUrl":"https:\/\/sionneau.com\/boutique\/wp-content\/uploads\/2019\/03\/Sionneau-logo-1.png","width":600,"height":488,"caption":"Philippe Sionneau"},"image":{"@id":"https:\/\/sionneau.com\/boutique\/#\/schema\/logo\/image\/"}}]}},"_links":{"self":[{"href":"https:\/\/sionneau.com\/boutique\/wp-json\/wp\/v2\/pages\/195"}],"collection":[{"href":"https:\/\/sionneau.com\/boutique\/wp-json\/wp\/v2\/pages"}],"about":[{"href":"https:\/\/sionneau.com\/boutique\/wp-json\/wp\/v2\/types\/page"}],"author":[{"embeddable":true,"href":"https:\/\/sionneau.com\/boutique\/wp-json\/wp\/v2\/users\/1"}],"replies":[{"embeddable":true,"href":"https:\/\/sionneau.com\/boutique\/wp-json\/wp\/v2\/comments?post=195"}],"version-history":[{"count":15,"href":"https:\/\/sionneau.com\/boutique\/wp-json\/wp\/v2\/pages\/195\/revisions"}],"predecessor-version":[{"id":366,"href":"https:\/\/sionneau.com\/boutique\/wp-json\/wp\/v2\/pages\/195\/revisions\/366"}],"wp:attachment":[{"href":"https:\/\/sionneau.com\/boutique\/wp-json\/wp\/v2\/media?parent=195"}],"curies":[{"name":"wp","href":"https:\/\/api.w.org\/{rel}","templated":true}]}}